{"id":14606,"date":"2017-10-26T07:45:33","date_gmt":"2017-10-26T07:45:33","guid":{"rendered":"https:\/\/temp.kansleri.fi\/?page_id=14606\/"},"modified":"2024-12-22T19:41:16","modified_gmt":"2024-12-22T19:41:16","slug":"testimonials","status":"publish","type":"page","link":"https:\/\/temp.kansleri.fi\/da\/testimonials\/","title":{"rendered":"Testimonials"},"content":{"rendered":"<div id='av_section_1'  class='avia-section main_color avia-section-default avia-no-shadow  av-parallax-section av-section-color-overlay-active avia-bg-style-parallax  avia-builder-el-0  el_before_av_portfolio  avia-builder-el-first   av-minimum-height av-minimum-height-50  container_wrap sidebar_right' style=' '  data-section-bg-repeat='no-repeat' data-av_minimum_height_pc='50'><div class='av-parallax' data-avia-parallax-ratio='0.3' ><div class='av-parallax-inner main_color  avia-full-stretch' style = 'background-repeat: no-repeat; background-image: url(https:\/\/temp.kansleri.fi\/wp-content\/uploads\/2017\/10\/Aeropole2017_all_2-1.jpg);background-attachment: scroll; background-position: center center; ' ><\/div><\/div><div class='av-section-color-overlay-wrap'><div class='av-section-color-overlay' style='opacity: 0.7; background-color: #000000; '><\/div><div class='container' ><main  role=\"main\" itemprop=\"mainContentOfPage\"  class='template-page content  av-content-small alpha units'><div class='post-entry post-entry-type-page post-entry-14606'><div class='entry-content-wrapper clearfix'>\n<div  style='padding-bottom:10px; color:#ffffff;' class='av-special-heading av-special-heading-h1 custom-color-heading   avia-builder-el-1  el_before_av_textblock  avia-builder-el-first  '><h1 class='av-special-heading-tag '  itemprop=\"headline\"  >Vores favorit piloter<\/h1><div class='special-heading-border'><div class='special-heading-inner-border' style='border-color:#ffffff'><\/div><\/div><\/div>\n<section class=\"av_textblock_section \"  itemscope=\"itemscope\" itemtype=\"https:\/\/schema.org\/CreativeWork\" ><div class='avia_textblock  av_inherit_color '  style='font-size:21px; color:#ffffff; '  itemprop=\"text\" ><p style=\"text-align: center;\">Vi er stolte af vores elever! Vi er ogs\u00e5 stolte p\u00e5 vegne af vores uddannede piloter, som er arbejder som pilot i deres dr\u00f8mmejob. Her er nogle af de luftfartsselskaber vores uddannede piloter arbejder.\u00a0 Mange arbejder ogs\u00e5 som deltidsinstrukt\u00f8rer for Aeropole, s\u00e5 de kan dele deres evner med dig.<\/p>\n<p style=\"text-align: center;\">Aeropole\u00a0har uddannet mere end 200 piloter gennem \u00e5rene.<\/p>\n<\/div><\/section>\n\n<div  id=\"av-sc-portfolio-1\"  class=\"av-portfolio-grid-sorting-container\"><div class='sort_width_container  av-sort-yes' data-portfolio-id='1' ><div id='js_sort_items' ><div class='sort_by_cat hidden '><a href=\"#\" data-filter=\"all_sort\" class=\"all_sort_button active_sort\"><span class=\"inner_sort_button\"><span>Alle<\/span><small class=\"av-cat-count\"> 11 <\/small><\/span><\/a><span class='text-sep testimonials-da_sort_sep'>\/<\/span><a href=\"#\" data-filter=\"testimonials-da_sort\" class=\"testimonials-da_sort_button\" ><span class=\"inner_sort_button\"><span>Testimonials DA<\/span><small class='av-cat-count'> 11 <\/small><\/span><\/a><\/div><\/div><\/div><div  class=' grid-sort-container isotope   no_margin-container with-excerpt-container grid-total-odd grid-col-4 grid-links-' data-portfolio-id='1'><div data-ajax-id='24481' class=' grid-entry flex_column isotope-item all_sort no_margin post-entry post-entry-24481 grid-entry-overview grid-loop-1 grid-parity-odd  testimonials-da_sort  av_one_fourth first default_av_fullwidth '><article class='main_color inner-entry'  itemscope=\"itemscope\" itemtype=\"https:\/\/schema.org\/CreativeWork\" ><a href='https:\/\/temp.kansleri.fi\/da\/items\/waltteri-harkonen\/' title='Waltteri H\u00e4rk\u00f6nen'  data-rel='grid-1' class='grid-image avia-hover-fx'><img decoding=\"async\" width=\"260\" height=\"185\" src=\"https:\/\/temp.kansleri.fi\/wp-content\/uploads\/2022\/06\/image0-2-260x185.jpeg\" class=\"attachment-portfolio_small size-portfolio_small wp-post-image\" alt=\"\" \/><\/a><div class='grid-content'><div class='avia-arrow'><\/div><header class=\"entry-content-header\"><h3 class='grid-entry-title entry-title '  itemprop=\"headline\" ><a href='https:\/\/temp.kansleri.fi\/da\/items\/waltteri-harkonen\/' title='Waltteri H\u00e4rk\u00f6nen'>Waltteri H\u00e4rk\u00f6nen<\/a><\/h3><\/header><\/div><footer class=\"entry-footer\"><\/footer><\/article><\/div><div data-ajax-id='24015' class=' grid-entry flex_column isotope-item all_sort no_margin post-entry post-entry-24015 grid-entry-overview grid-loop-2 grid-parity-even  testimonials-da_sort  av_one_fourth  default_av_fullwidth '><article class='main_color inner-entry'  itemscope=\"itemscope\" itemtype=\"https:\/\/schema.org\/CreativeWork\" ><a href='https:\/\/temp.kansleri.fi\/da\/items\/riku-olenius\/' title='Riku Olenius'  data-rel='grid-1' class='grid-image avia-hover-fx'><img decoding=\"async\" width=\"260\" height=\"185\" src=\"https:\/\/temp.kansleri.fi\/wp-content\/uploads\/2022\/04\/Zadar-approach-4Riku-Olenius-260x185.jpg\" class=\"attachment-portfolio_small size-portfolio_small wp-post-image\" alt=\"\" \/><\/a><div class='grid-content'><div class='avia-arrow'><\/div><header class=\"entry-content-header\"><h3 class='grid-entry-title entry-title '  itemprop=\"headline\" ><a href='https:\/\/temp.kansleri.fi\/da\/items\/riku-olenius\/' title='Riku Olenius'>Riku Olenius<\/a><\/h3><\/header><\/div><footer class=\"entry-footer\"><\/footer><\/article><\/div><div data-ajax-id='23574' class=' grid-entry flex_column isotope-item all_sort no_margin post-entry post-entry-23574 grid-entry-overview grid-loop-3 grid-parity-odd  testimonials-da_sort  av_one_fourth  default_av_fullwidth '><article class='main_color inner-entry'  itemscope=\"itemscope\" itemtype=\"https:\/\/schema.org\/CreativeWork\" ><a href='https:\/\/temp.kansleri.fi\/da\/items\/alexey-tikhomirov\/' title='Alexey Tikhomirov'  data-rel='grid-1' class='grid-image avia-hover-fx'><img decoding=\"async\" width=\"260\" height=\"185\" src=\"https:\/\/temp.kansleri.fi\/wp-content\/uploads\/2021\/12\/unnamed-1-e1639069706991-260x185.jpg\" class=\"attachment-portfolio_small size-portfolio_small wp-post-image\" alt=\"\" \/><\/a><div class='grid-content'><div class='avia-arrow'><\/div><header class=\"entry-content-header\"><h3 class='grid-entry-title entry-title '  itemprop=\"headline\" ><a href='https:\/\/temp.kansleri.fi\/da\/items\/alexey-tikhomirov\/' title='Alexey Tikhomirov'>Alexey Tikhomirov<\/a><\/h3><\/header><\/div><footer class=\"entry-footer\"><\/footer><\/article><\/div><div data-ajax-id='23531' class=' grid-entry flex_column isotope-item all_sort no_margin post-entry post-entry-23531 grid-entry-overview grid-loop-4 grid-parity-even  testimonials-da_sort  av_one_fourth  default_av_fullwidth '><article class='main_color inner-entry'  itemscope=\"itemscope\" itemtype=\"https:\/\/schema.org\/CreativeWork\" ><a href='https:\/\/temp.kansleri.fi\/da\/items\/leandro-di-vincenzo\/' title='Leandro Di Vincenzo'  data-rel='grid-1' class='grid-image avia-hover-fx'><img decoding=\"async\" width=\"260\" height=\"185\" src=\"https:\/\/temp.kansleri.fi\/wp-content\/uploads\/2021\/12\/1-260x185.jpeg\" class=\"attachment-portfolio_small size-portfolio_small wp-post-image\" alt=\"\" \/><\/a><div class='grid-content'><div class='avia-arrow'><\/div><header class=\"entry-content-header\"><h3 class='grid-entry-title entry-title '  itemprop=\"headline\" ><a href='https:\/\/temp.kansleri.fi\/da\/items\/leandro-di-vincenzo\/' title='Leandro Di Vincenzo'>Leandro Di Vincenzo<\/a><\/h3><\/header><\/div><footer class=\"entry-footer\"><\/footer><\/article><\/div><div data-ajax-id='23272' class=' grid-entry flex_column isotope-item all_sort no_margin post-entry post-entry-23272 grid-entry-overview grid-loop-5 grid-parity-odd  testimonials-da_sort  av_one_fourth first default_av_fullwidth '><article class='main_color inner-entry'  itemscope=\"itemscope\" itemtype=\"https:\/\/schema.org\/CreativeWork\" ><a href='https:\/\/temp.kansleri.fi\/da\/items\/peter-ekholm\/' title='Peter Ekholm'  data-rel='grid-1' class='grid-image avia-hover-fx'><img decoding=\"async\" width=\"260\" height=\"185\" src=\"https:\/\/temp.kansleri.fi\/wp-content\/uploads\/2016\/06\/PeterEkholm-square-260x185.jpg\" class=\"attachment-portfolio_small size-portfolio_small wp-post-image\" alt=\"\" \/><\/a><div class='grid-content'><div class='avia-arrow'><\/div><header class=\"entry-content-header\"><h3 class='grid-entry-title entry-title '  itemprop=\"headline\" ><a href='https:\/\/temp.kansleri.fi\/da\/items\/peter-ekholm\/' title='Peter Ekholm'>Peter Ekholm<\/a><\/h3><\/header><\/div><footer class=\"entry-footer\"><\/footer><\/article><\/div><div data-ajax-id='23269' class=' grid-entry flex_column isotope-item all_sort no_margin post-entry post-entry-23269 grid-entry-overview grid-loop-6 grid-parity-even  testimonials-da_sort  av_one_fourth  default_av_fullwidth '><article class='main_color inner-entry'  itemscope=\"itemscope\" itemtype=\"https:\/\/schema.org\/CreativeWork\" ><a href='https:\/\/temp.kansleri.fi\/da\/items\/mikko-autio\/' title='Mikko Autio'  data-rel='grid-1' class='grid-image avia-hover-fx'><img decoding=\"async\" width=\"260\" height=\"185\" src=\"https:\/\/temp.kansleri.fi\/wp-content\/uploads\/2016\/06\/Mikko-Autio-260x185.png\" class=\"attachment-portfolio_small size-portfolio_small wp-post-image\" alt=\"\" \/><\/a><div class='grid-content'><div class='avia-arrow'><\/div><header class=\"entry-content-header\"><h3 class='grid-entry-title entry-title '  itemprop=\"headline\" ><a href='https:\/\/temp.kansleri.fi\/da\/items\/mikko-autio\/' title='Mikko Autio'>Mikko Autio<\/a><\/h3><\/header><\/div><footer class=\"entry-footer\"><\/footer><\/article><\/div><div data-ajax-id='23266' class=' grid-entry flex_column isotope-item all_sort no_margin post-entry post-entry-23266 grid-entry-overview grid-loop-7 grid-parity-odd  testimonials-da_sort  av_one_fourth  default_av_fullwidth '><article class='main_color inner-entry'  itemscope=\"itemscope\" itemtype=\"https:\/\/schema.org\/CreativeWork\" ><a href='https:\/\/temp.kansleri.fi\/da\/items\/miikka-vesamaeki\/' title='Miikka Vesam\u00e4ki'  data-rel='grid-1' class='grid-image avia-hover-fx'><img decoding=\"async\" width=\"260\" height=\"185\" src=\"https:\/\/temp.kansleri.fi\/wp-content\/uploads\/2020\/11\/f49725b9-c727-4978-a123-e8faed53d79f-260x185.jpg\" class=\"attachment-portfolio_small size-portfolio_small wp-post-image\" alt=\"\" \/><\/a><div class='grid-content'><div class='avia-arrow'><\/div><header class=\"entry-content-header\"><h3 class='grid-entry-title entry-title '  itemprop=\"headline\" ><a href='https:\/\/temp.kansleri.fi\/da\/items\/miikka-vesamaeki\/' title='Miikka Vesam\u00e4ki'>Miikka Vesam\u00e4ki<\/a><\/h3><\/header><\/div><footer class=\"entry-footer\"><\/footer><\/article><\/div><div data-ajax-id='23263' class=' grid-entry flex_column isotope-item all_sort no_margin post-entry post-entry-23263 grid-entry-overview grid-loop-8 grid-parity-even  testimonials-da_sort  av_one_fourth  default_av_fullwidth '><article class='main_color inner-entry'  itemscope=\"itemscope\" itemtype=\"https:\/\/schema.org\/CreativeWork\" ><a href='https:\/\/temp.kansleri.fi\/da\/items\/gabriel-archanjo\/' title='Gabriel Archanjo'  data-rel='grid-1' class='grid-image avia-hover-fx'><img decoding=\"async\" width=\"260\" height=\"185\" src=\"https:\/\/temp.kansleri.fi\/wp-content\/uploads\/2020\/12\/dcb64fcc-4b47-4b99-8681-746b3224f755-2-260x185.jpg\" class=\"attachment-portfolio_small size-portfolio_small wp-post-image\" alt=\"\" \/><\/a><div class='grid-content'><div class='avia-arrow'><\/div><header class=\"entry-content-header\"><h3 class='grid-entry-title entry-title '  itemprop=\"headline\" ><a href='https:\/\/temp.kansleri.fi\/da\/items\/gabriel-archanjo\/' title='Gabriel Archanjo'>Gabriel Archanjo<\/a><\/h3><\/header><\/div><footer class=\"entry-footer\"><\/footer><\/article><\/div><div data-ajax-id='23257' class=' grid-entry flex_column isotope-item all_sort no_margin post-entry post-entry-23257 grid-entry-overview grid-loop-9 grid-parity-odd  testimonials-da_sort  av_one_fourth first default_av_fullwidth '><article class='main_color inner-entry'  itemscope=\"itemscope\" itemtype=\"https:\/\/schema.org\/CreativeWork\" ><a href='https:\/\/temp.kansleri.fi\/da\/items\/bart-kulach\/' title='Bart Kulach'  data-rel='grid-1' class='grid-image avia-hover-fx'><img decoding=\"async\" width=\"260\" height=\"185\" src=\"https:\/\/temp.kansleri.fi\/wp-content\/uploads\/2021\/09\/image0-2-260x185.jpeg\" class=\"attachment-portfolio_small size-portfolio_small wp-post-image\" alt=\"\" \/><\/a><div class='grid-content'><div class='avia-arrow'><\/div><header class=\"entry-content-header\"><h3 class='grid-entry-title entry-title '  itemprop=\"headline\" ><a href='https:\/\/temp.kansleri.fi\/da\/items\/bart-kulach\/' title='Bart Kulach'>Bart Kulach<\/a><\/h3><\/header><\/div><footer class=\"entry-footer\"><\/footer><\/article><\/div><div data-ajax-id='23275' class=' grid-entry flex_column isotope-item all_sort no_margin post-entry post-entry-23275 grid-entry-overview grid-loop-10 grid-parity-even  testimonials-da_sort  av_one_fourth  default_av_fullwidth '><article class='main_color inner-entry'  itemscope=\"itemscope\" itemtype=\"https:\/\/schema.org\/CreativeWork\" ><a href='https:\/\/temp.kansleri.fi\/da\/items\/olli-talso\/' title='Olli Talso'  data-rel='grid-1' class='grid-image avia-hover-fx'><img decoding=\"async\" width=\"260\" height=\"185\" src=\"https:\/\/temp.kansleri.fi\/wp-content\/uploads\/2016\/06\/Olli-Talso21-260x185.jpg\" class=\"attachment-portfolio_small size-portfolio_small wp-post-image\" alt=\"\" \/><\/a><div class='grid-content'><div class='avia-arrow'><\/div><header class=\"entry-content-header\"><h3 class='grid-entry-title entry-title '  itemprop=\"headline\" ><a href='https:\/\/temp.kansleri.fi\/da\/items\/olli-talso\/' title='Olli Talso'>Olli Talso<\/a><\/h3><\/header><\/div><footer class=\"entry-footer\"><\/footer><\/article><\/div><div data-ajax-id='23278' class=' grid-entry flex_column isotope-item all_sort no_margin post-entry post-entry-23278 grid-entry-overview grid-loop-11 grid-parity-odd  post-entry-last  testimonials-da_sort  av_one_fourth  default_av_fullwidth '><article class='main_color inner-entry'  itemscope=\"itemscope\" itemtype=\"https:\/\/schema.org\/CreativeWork\" ><a href='https:\/\/temp.kansleri.fi\/da\/items\/tomi-jaaskelainen\/' title='Tomi J\u00e4\u00e4skel\u00e4inen'  data-rel='grid-1' class='grid-image avia-hover-fx'><img decoding=\"async\" width=\"260\" height=\"185\" src=\"https:\/\/temp.kansleri.fi\/wp-content\/uploads\/2016\/06\/TomiJaaskelainen-square-260x185.jpg\" class=\"attachment-portfolio_small size-portfolio_small wp-post-image\" alt=\"\" \/><\/a><div class='grid-content'><div class='avia-arrow'><\/div><header class=\"entry-content-header\"><h3 class='grid-entry-title entry-title '  itemprop=\"headline\" ><a href='https:\/\/temp.kansleri.fi\/da\/items\/tomi-jaaskelainen\/' title='Tomi J\u00e4\u00e4skel\u00e4inen'>Tomi J\u00e4\u00e4skel\u00e4inen<\/a><\/h3><\/header><\/div><footer class=\"entry-footer\"><\/footer><\/article><\/div><\/div><\/div>   <!--   class=\"av-portfolio-grid-sorting-container\"  -->\n<div   data-autoplay='true'  data-interval='3'  data-animation='slide'  class='avia-logo-element-container av-border-deactivate avia-logo-slider avia-content-slider avia-smallarrow-slider avia-content-slider-active noHover avia-content-slider1 avia-content-slider-odd  avia-builder-el-4  el_after_av_portfolio  avia-builder-el-no-sibling  ' ><div class='avia-smallarrow-slider-heading  no-logo-slider-navigation  no-logo-slider-heading '><\/div><div class='avia-content-slider-inner'><div class='slide-entry-wrap' ><div data-avia-tooltip=\"Finnair\" class='slide-entry flex_column no_margin post-entry slide-entry-overview slide-loop-1 slide-parity-odd  av_one_third first real-thumbnail'><a href='http:\/\/www.finnair.com' data-rel='slide-1' class='slide-image' title='' target=\"_blank\" rel=\"noopener\"><span class='av-partner-fake-img' style='padding-bottom:14.69387755102%; background-image:url(https:\/\/temp.kansleri.fi\/wp-content\/uploads\/2022\/02\/Finnair1.png);'><\/span><\/a><\/div><div data-avia-tooltip=\"Nordic Regional Airlines\" class='slide-entry flex_column no_margin post-entry slide-entry-overview slide-loop-2 slide-parity-even  av_one_third  real-thumbnail'><a href='http:\/\/flynorra.fi' data-rel='slide-1' class='slide-image' title='' target=\"_blank\" rel=\"noopener\"><span class='av-partner-fake-img' style='padding-bottom:14.69387755102%; background-image:url(https:\/\/temp.kansleri.fi\/wp-content\/uploads\/2022\/02\/Norra1.png);'><\/span><\/a><\/div><div data-avia-tooltip=\"Cityjet\" class='slide-entry flex_column no_margin post-entry slide-entry-overview slide-loop-3 slide-parity-odd  av_one_third  real-thumbnail'><a href='http:\/\/cityjet.com' data-rel='slide-1' class='slide-image' title='' target=\"_blank\" rel=\"noopener\"><span class='av-partner-fake-img' style='padding-bottom:14.69387755102%; background-image:url(https:\/\/temp.kansleri.fi\/wp-content\/uploads\/2022\/02\/Cityjet1.png);'><\/span><\/a><\/div><\/div><div class='slide-entry-wrap' ><div data-avia-tooltip=\"Ryanair\" class='slide-entry flex_column no_margin post-entry slide-entry-overview slide-loop-4 slide-parity-odd  av_one_third first real-thumbnail'><a href='http:\/\/careers.ryanair.com' data-rel='slide-1' class='slide-image' title='' target=\"_blank\" rel=\"noopener\"><span class='av-partner-fake-img' style='padding-bottom:14.69387755102%; background-image:url(https:\/\/temp.kansleri.fi\/wp-content\/uploads\/2022\/02\/Ryanair1.png);'><\/span><\/a><\/div><div data-avia-tooltip=\"Norwegian\" class='slide-entry flex_column no_margin post-entry slide-entry-overview slide-loop-5 slide-parity-even  av_one_third  real-thumbnail'><a href='http:\/\/carees.norwegian.com' data-rel='slide-1' class='slide-image' title='' target=\"_blank\" rel=\"noopener\"><span class='av-partner-fake-img' style='padding-bottom:14.69387755102%; background-image:url(https:\/\/temp.kansleri.fi\/wp-content\/uploads\/2022\/02\/Norwegian1.png);'><\/span><\/a><\/div><div data-avia-tooltip=\"Aeropole\" class='slide-entry flex_column no_margin post-entry slide-entry-overview slide-loop-6 slide-parity-odd  post-entry-last  av_one_third  real-thumbnail'><a href='\/?page_id=224' data-rel='slide-1' class='slide-image' title=''  ><span class='av-partner-fake-img' style='padding-bottom:14.69387755102%; background-image:url(https:\/\/temp.kansleri.fi\/wp-content\/uploads\/2022\/02\/Aeropole2.png);'><\/span><\/a><\/div><\/div><\/div><\/div>\n","protected":false},"excerpt":{"rendered":"","protected":false},"author":2,"featured_media":0,"parent":0,"menu_order":0,"comment_status":"closed","ping_status":"closed","template":"","meta":{"footnotes":""},"class_list":["post-14606","page","type-page","status-publish","hentry"],"yoast_head":"<!-- This site is optimized with the Yoast SEO plugin v27.1.1 - https:\/\/yoast.com\/product\/yoast-seo-wordpress\/ -->\n<title>Testimonials - Aeropole<\/title>\n<meta name=\"robots\" content=\"index, follow, max-snippet:-1, max-image-preview:large, max-video-preview:-1\" \/>\n<link rel=\"canonical\" href=\"https:\/\/temp.kansleri.fi\/da\/testimonials\/\" \/>\n<meta property=\"og:locale\" content=\"da_DK\" \/>\n<meta property=\"og:type\" content=\"article\" \/>\n<meta property=\"og:title\" content=\"Testimonials - Aeropole\" \/>\n<meta property=\"og:url\" content=\"https:\/\/temp.kansleri.fi\/da\/testimonials\/\" \/>\n<meta property=\"og:site_name\" content=\"Aeropole\" \/>\n<meta property=\"article:modified_time\" content=\"2024-12-22T19:41:16+00:00\" \/>\n<meta name=\"twitter:card\" content=\"summary_large_image\" \/>\n<meta name=\"twitter:label1\" content=\"Estimeret l\u00e6setid\" \/>\n\t<meta name=\"twitter:data1\" content=\"1 minut\" \/>\n<script type=\"application\/ld+json\" class=\"yoast-schema-graph\">{\"@context\":\"https:\/\/schema.org\",\"@graph\":[{\"@type\":\"WebPage\",\"@id\":\"https:\/\/temp.kansleri.fi\/da\/testimonials\/\",\"url\":\"https:\/\/temp.kansleri.fi\/da\/testimonials\/\",\"name\":\"Testimonials - Aeropole\",\"isPartOf\":{\"@id\":\"https:\/\/temp.kansleri.fi\/#website\"},\"datePublished\":\"2017-10-26T07:45:33+00:00\",\"dateModified\":\"2024-12-22T19:41:16+00:00\",\"breadcrumb\":{\"@id\":\"https:\/\/temp.kansleri.fi\/da\/testimonials\/#breadcrumb\"},\"inLanguage\":\"da-DK\",\"potentialAction\":[{\"@type\":\"ReadAction\",\"target\":[\"https:\/\/temp.kansleri.fi\/da\/testimonials\/\"]}]},{\"@type\":\"BreadcrumbList\",\"@id\":\"https:\/\/temp.kansleri.fi\/da\/testimonials\/#breadcrumb\",\"itemListElement\":[{\"@type\":\"ListItem\",\"position\":1,\"name\":\"Home\",\"item\":\"https:\/\/temp.kansleri.fi\/da\/\"},{\"@type\":\"ListItem\",\"position\":2,\"name\":\"Testimonials\"}]},{\"@type\":\"WebSite\",\"@id\":\"https:\/\/temp.kansleri.fi\/#website\",\"url\":\"https:\/\/temp.kansleri.fi\/\",\"name\":\"Aeropole\",\"description\":\"Aviation Academy, Aircraft Sales and Maintenance\",\"potentialAction\":[{\"@type\":\"SearchAction\",\"target\":{\"@type\":\"EntryPoint\",\"urlTemplate\":\"https:\/\/temp.kansleri.fi\/?s={search_term_string}\"},\"query-input\":{\"@type\":\"PropertyValueSpecification\",\"valueRequired\":true,\"valueName\":\"search_term_string\"}}],\"inLanguage\":\"da-DK\"}]}<\/script>\n<!-- \/ Yoast SEO plugin. -->","yoast_head_json":{"title":"Testimonials - Aeropole","robots":{"index":"index","follow":"follow","max-snippet":"max-snippet:-1","max-image-preview":"max-image-preview:large","max-video-preview":"max-video-preview:-1"},"canonical":"https:\/\/temp.kansleri.fi\/da\/testimonials\/","og_locale":"da_DK","og_type":"article","og_title":"Testimonials - Aeropole","og_url":"https:\/\/temp.kansleri.fi\/da\/testimonials\/","og_site_name":"Aeropole","article_modified_time":"2024-12-22T19:41:16+00:00","twitter_card":"summary_large_image","twitter_misc":{"Estimeret l\u00e6setid":"1 minut"},"schema":{"@context":"https:\/\/schema.org","@graph":[{"@type":"WebPage","@id":"https:\/\/temp.kansleri.fi\/da\/testimonials\/","url":"https:\/\/temp.kansleri.fi\/da\/testimonials\/","name":"Testimonials - Aeropole","isPartOf":{"@id":"https:\/\/temp.kansleri.fi\/#website"},"datePublished":"2017-10-26T07:45:33+00:00","dateModified":"2024-12-22T19:41:16+00:00","breadcrumb":{"@id":"https:\/\/temp.kansleri.fi\/da\/testimonials\/#breadcrumb"},"inLanguage":"da-DK","potentialAction":[{"@type":"ReadAction","target":["https:\/\/temp.kansleri.fi\/da\/testimonials\/"]}]},{"@type":"BreadcrumbList","@id":"https:\/\/temp.kansleri.fi\/da\/testimonials\/#breadcrumb","itemListElement":[{"@type":"ListItem","position":1,"name":"Home","item":"https:\/\/temp.kansleri.fi\/da\/"},{"@type":"ListItem","position":2,"name":"Testimonials"}]},{"@type":"WebSite","@id":"https:\/\/temp.kansleri.fi\/#website","url":"https:\/\/temp.kansleri.fi\/","name":"Aeropole","description":"Aviation Academy, Aircraft Sales and Maintenance","potentialAction":[{"@type":"SearchAction","target":{"@type":"EntryPoint","urlTemplate":"https:\/\/temp.kansleri.fi\/?s={search_term_string}"},"query-input":{"@type":"PropertyValueSpecification","valueRequired":true,"valueName":"search_term_string"}}],"inLanguage":"da-DK"}]}},"_links":{"self":[{"href":"https:\/\/temp.kansleri.fi\/da\/wp-json\/wp\/v2\/pages\/14606","targetHints":{"allow":["GET"]}}],"collection":[{"href":"https:\/\/temp.kansleri.fi\/da\/wp-json\/wp\/v2\/pages"}],"about":[{"href":"https:\/\/temp.kansleri.fi\/da\/wp-json\/wp\/v2\/types\/page"}],"author":[{"embeddable":true,"href":"https:\/\/temp.kansleri.fi\/da\/wp-json\/wp\/v2\/users\/2"}],"replies":[{"embeddable":true,"href":"https:\/\/temp.kansleri.fi\/da\/wp-json\/wp\/v2\/comments?post=14606"}],"version-history":[{"count":30,"href":"https:\/\/temp.kansleri.fi\/da\/wp-json\/wp\/v2\/pages\/14606\/revisions"}],"predecessor-version":[{"id":28206,"href":"https:\/\/temp.kansleri.fi\/da\/wp-json\/wp\/v2\/pages\/14606\/revisions\/28206"}],"wp:attachment":[{"href":"https:\/\/temp.kansleri.fi\/da\/wp-json\/wp\/v2\/media?parent=14606"}],"curies":[{"name":"wp","href":"https:\/\/api.w.org\/{rel}","templated":true}]}}