{"id":14783,"date":"2017-11-07T14:47:10","date_gmt":"2017-11-07T14:47:10","guid":{"rendered":"https:\/\/temp.kansleri.fi\/?page_id=14783\/"},"modified":"2024-08-02T12:31:54","modified_gmt":"2024-08-02T12:31:54","slug":"private-pilot-school","status":"publish","type":"page","link":"https:\/\/temp.kansleri.fi\/da\/private-pilot-school\/","title":{"rendered":"Privatpilotskole"},"content":{"rendered":"<div id='fullscreen_slider_1'  class='avia-fullscreen-slider main_color   avia-builder-el-0  el_before_av_codeblock  avia-builder-el-first   container_wrap sidebar_right' style=' '  ><div   data-size='extra_large'  data-lightbox_size='large'  data-animation='slide'  data-conditional_play=''  data-ids='22453'  data-video_counter='0'  data-autoplay='false'  data-bg_slider='true'  data-slide_height='100'  data-handle='av_fullscreen'  data-interval='5'  data-class=' '  data-el_id=''  data-css_id='fullscreen_slider_1'  data-scroll_down=''  data-control_layout='av-control-default'  data-custom_markup=''  data-perma_caption=''  data-autoplay_stopper=''  data-image_attachment=''  data-min_height='0px'  data-stretch=''  data-default-height='100'  class='avia-slideshow avia-slideshow-1  av-control-default av-default-height-applied avia-slideshow-extra_large av_fullscreen   avia-slide-slider '  itemprop=\"image\" itemscope=\"itemscope\" itemtype=\"https:\/\/schema.org\/ImageObject\" ><ul class='avia-slideshow-inner ' style='padding-bottom: 46.333333333333%;' ><li style='background-position:center center;' data-img-url='https:\/\/temp.kansleri.fi\/wp-content\/uploads\/2021\/05\/KAU-1-1500x695.jpeg' class=' av-single-slide slide-1 ' ><div data-rel='slideshow-1' class='avia-slide-wrap '   ><div class = \"caption_fullwidth av-slideshow-caption caption_center\"><div class = \"container caption_container\"><div class = \"slideshow_caption\"><div class = \"slideshow_inner_caption\"><div class = \"slideshow_align_caption\"><h2  class='avia-caption-title  '  itemprop=\"name\" >Velkommen til en verden med flyvning!<\/h2><\/div><\/div><\/div><\/div><\/div><div class='av-section-color-overlay' style='opacity: 0.3; background-color: #000000; '><\/div><\/div><\/li><\/ul><\/div><\/div><div id='after_full_slider_1'  class='main_color av_default_container_wrap container_wrap sidebar_right' style=' '  ><div class='container' ><div class='template-page content  av-content-small alpha units'><div class='post-entry post-entry-type-page post-entry-14783'><div class='entry-content-wrapper clearfix'>\n\n<section class=\"av_textblock_section \"  itemscope=\"itemscope\" itemtype=\"https:\/\/schema.org\/CreativeWork\" ><div class='avia_textblock  '   itemprop=\"text\" ><div id=\"tts_button\"><object id=\"tts\" data=\"\/\/ssl.gstatic.com\/translate\/sound_player2.swf\" type=\"application\/x-shockwave-flash\" width=\"18\" height=\"18\"><\/object><\/div>\n<p><span id=\"result_box\" class=\"\" lang=\"da\"><span title=\"The Private Pilot Licence for Aeroplanes is your aircraft driver's licence.\">Privatpilotcertifikatet, eller forkortet til <\/span><span title=\"Typically referred to as the PPL or PPL(A), it is the first step in every professional pilot\u2019s path to the skies.\">PPL(A) for &#8220;Private Pilot Licence (Aeroplanes)&#8221;<\/span><span title=\"It is also the first module in our professional airline pilot course.\"> er ogs\u00e5 den f\u00f8rste del af\u00a0 vores professionelle flyselskabs pilotkursus. <\/span><span title=\"The private pilot licence is the course that any leisure pilot or someone flying their own business trips needs.\">Dit PPL er det kursus, som opfylder enhver fritidspilot eller f.eks. nogen der flyver deres egne forretningsrejser. <\/span><span title=\"It is your licence to fly for fun.\">Det er dit licens at flyve til sjov. <\/span><span title=\"No special skills, knowledge or physical fitness are required to become a private pilot\u2014the medical requirements are similar to those for getting a driver\u2019s licence. \">Der kr\u00e6ves ingen specielle f\u00e6rdigheder, viden eller fysisk egnethed til at blive en privat pilot &#8212;\u00a0de medicinske krav er ikke meget h\u00f8jere end dem, der g\u00e6lder for at f\u00e5 et k\u00f8rekort.<\/span><\/span><\/p>\n<p><span title=\"We will teach you from the very basics to the final skill test, both in theoretical knowledge and practical flight training.\">Vi vil l\u00e6re dig fra det meget grundl\u00e6ggende til den endelige f\u00e6rdighedspr\u00f8ve, b\u00e5de i teoretisk viden og praktisk flyvetr\u00e6ning. <\/span><span title=\"We train all our customers to the same standards, whether their final goal is professional or leisure flying.\">Vi tr\u00e6ner alle vores kunder til de samme standarder, uanset om deres endelige m\u00e5l er professionel eller fritidsflyvning. <\/span><span title=\"Your first licence will allow you to fly single-engine aircraft in fair weather according to visual flight rules (VFR)\u2014also at night if you choose to do the short Night Flying (NF) add-on during or after your PPL training\u2014to\">Din f\u00f8rste licens giver dig mulighed for at flyve enmotores fly i godt vejr i henhold til VFR-reglerne. \u00d8nsker du at flyve om natten, kan du tage en kort udvidelses kursus i natflyvning efter din PPL-uddannelse. \u00a0<\/span><span title=\"take on passengers and to fly abroad.\"><br \/>\n<\/span><\/p>\n<\/div><\/section>\n<div  style='padding-bottom:10px; ' class='av-special-heading av-special-heading-h3    avia-builder-el-3  el_after_av_textblock  el_before_av_one_half  '><h3 class='av-special-heading-tag '  itemprop=\"headline\"  >Din tr\u00e6ning er vores lidenskab<\/h3><div class='special-heading-border'><div class='special-heading-inner-border' ><\/div><\/div><\/div>\n<div class=\"flex_column av_one_half  flex_column_div av-zero-column-padding first  avia-builder-el-4  el_after_av_heading  el_before_av_one_half  \" style='border-radius:0px; '><section class=\"av_textblock_section \"  itemscope=\"itemscope\" itemtype=\"https:\/\/schema.org\/CreativeWork\" ><div class='avia_textblock  '   itemprop=\"text\" ><ul>\n<li>Proffesionel tr\u00e6ning for private klienter<\/li>\n<li>Meget kompetente instrukt\u00f8rer<\/li>\n<li>Teoretisk tr\u00e6ning som Distance Learning (l\u00e6s hjemme eller hvor det passer dig)<\/li>\n<li>Klasse undervisning online \u2013 studere over alt!<\/li>\n<li>En fl\u00e5de af &#8220;state of the art&#8221; Diamond fly lavet I \u00d8strig<\/li>\n<li>Instrukt\u00f8r hj\u00e6lp<\/li>\n<\/ul>\n<\/div><\/section><\/div>\n<div class=\"flex_column av_one_half  flex_column_div av-zero-column-padding   avia-builder-el-6  el_after_av_one_half  el_before_av_section  avia-builder-el-last  \" style='border-radius:0px; '><section class=\"av_textblock_section \"  itemscope=\"itemscope\" itemtype=\"https:\/\/schema.org\/CreativeWork\" ><div class='avia_textblock  '   itemprop=\"text\" ><ul>\n<li>Vi bestr\u00e6ber os p\u00e5 at lave et program s\u00e5 det passer dig<\/li>\n<li>Start n\u00e5r du vil<\/li>\n<li>Vi underviser 7 dage om ugen \/ 365 dage om \u00e5ret<\/li>\n<li>L\u00e6r det p\u00e5 deltid medens du passer et job<\/li>\n<\/ul>\n<\/div><\/section><\/div>\n<\/div><\/div><\/div><!-- close content main div --><\/div><\/div><div id='av_section_1'  class='avia-section footer_color avia-section-default avia-no-shadow  avia-bg-style-scroll  avia-builder-el-8  el_after_av_one_half  el_before_av_section   container_wrap sidebar_right' style=' '  ><div class='container' ><div class='template-page content  av-content-small alpha units'><div class='post-entry post-entry-type-page post-entry-14783'><div class='entry-content-wrapper clearfix'>\n<section class=\"av_textblock_section \"  itemscope=\"itemscope\" itemtype=\"https:\/\/schema.org\/CreativeWork\" ><div class='avia_textblock featured-price '   itemprop=\"text\" ><p style=\"text-align: center;\">Vil du vide mere om pilotuddannelsen?<\/p>\n<h1 style=\"text-align: center; margin-top: 0;\">RING TIL OS<\/h1>\n<p style=\"text-align: center;\">(inkluderet 25 % Moms)<\/p>\n<\/div><\/section>\n<div  class='avia-button-wrap avia-button-center  avia-builder-el-10  el_after_av_textblock  avia-builder-el-last ' ><a href='https:\/\/temp.kansleri.fi\/da\/contact-us\/?src=ppl'  class='avia-button   avia-icon_select-yes-right-icon avia-color-light avia-size-medium avia-position-center '   ><span class='avia_iconbox_title' >Kontakt os idag, og l\u00e6r at flyve i morgen <\/span><span class='avia_button_icon avia_button_icon_right' aria-hidden='true' data-av_icon='\ue8b6' data-av_iconfont='entypo-fontello'><\/span><\/a><\/div>\n\n<\/div><\/div><\/div><!-- close content main div --><\/div><\/div><div id='av_section_2'  class='avia-section footer_color avia-section-default avia-no-shadow  avia-full-stretch av-parallax-section av-section-color-overlay-active avia-bg-style-parallax  avia-builder-el-11  el_after_av_section  el_before_av_section   av-minimum-height av-minimum-height-50  container_wrap sidebar_right' style=' '  data-section-bg-repeat='stretch' data-av_minimum_height_pc='50'><div class='av-parallax' data-avia-parallax-ratio='0.3' ><div class='av-parallax-inner footer_color  avia-full-stretch' style = 'background-repeat: no-repeat; background-image: url(https:\/\/temp.kansleri.fi\/wp-content\/uploads\/2016\/06\/ohkat_a2a_130409-37-1024x680.jpg);background-attachment: scroll; background-position: top center; ' ><\/div><\/div><div class='av-section-color-overlay-wrap'><div class='av-section-color-overlay' style='opacity: 0.5; background-color: #000000; '><\/div><div class='container' ><div class='template-page content  av-content-small alpha units'><div class='post-entry post-entry-type-page post-entry-14783'><div class='entry-content-wrapper clearfix'>\n<div class=\"flex_column av_one_third  flex_column_div av-zero-column-padding first  avia-builder-el-12  el_before_av_one_third  avia-builder-el-first  \" style='border-radius:0px; '><section class=\"av_textblock_section \"  itemscope=\"itemscope\" itemtype=\"https:\/\/schema.org\/CreativeWork\" ><div class='avia_textblock  '   itemprop=\"text\" ><p><strong>Vore priser er inkl dette.<\/strong><\/p>\n<ul>\n<li>Taske med diverse materialer: plotter, plastic drejecomputer, flyvekort<\/li>\n<li>Adgang til online materiale<\/li>\n<li>Studieguide\/hj\u00e6lp og support<\/li>\n<li>Klasseundervisning med teori<\/li>\n<\/ul>\n<\/div><\/section><\/div><div class=\"flex_column av_one_third  flex_column_div av-zero-column-padding   avia-builder-el-14  el_after_av_one_third  el_before_av_one_third  \" style='border-radius:0px; '><section class=\"av_textblock_section \"  itemscope=\"itemscope\" itemtype=\"https:\/\/schema.org\/CreativeWork\" ><div class='avia_textblock  '   itemprop=\"text\" ><p>Fordele ved Distance Learning.<\/p>\n<ul>\n<li>Begr\u00e6nset m\u00f8deaktivitet p\u00e5 skolen.<\/li>\n<li>Du kan studere i dit eget tempo og tid\/sted.<\/li>\n<li>Du kan selv afs\u00e6tte n\u00f8dvendig tid og fokusere p\u00e5 omr\u00e5der p\u00e5 den m\u00e5de det passer til dig.<\/li>\n<\/ul>\n<\/div><\/section><\/div><div class=\"flex_column av_one_third  flex_column_div av-zero-column-padding   avia-builder-el-16  el_after_av_one_third  avia-builder-el-last  \" style='border-radius:0px; '><section class=\"av_textblock_section \"  itemscope=\"itemscope\" itemtype=\"https:\/\/schema.org\/CreativeWork\" ><div class='avia_textblock  '   itemprop=\"text\" ><div id=\"gt-res-content\">\n<ul>\n<li><span class=\"\" lang=\"da\"><span class=\"\" lang=\"da\"><strong><span class=\"\">K\u00f8b teoripakke <\/span><\/strong><span class=\"\">Hvis du s<\/span><\/span><\/span><span class=\"\">tadig er usikker p\u00e5 investeringen som helhed, kan du starte med teorien som et separat produkt. <\/span><span id=\"result_box\" class=\"\" lang=\"da\"><span class=\"\">Ring til os for pris!<br \/>\n<\/span><\/span><\/li>\n<li><span id=\"result_box\" class=\"\" lang=\"da\">PPL teoripakken <span class=\"\">kan klares ved online deltagelse<\/span><\/span><\/li>\n<li><span id=\"result_box\" class=\"\" lang=\"da\"><span class=\"\">Du skal best\u00e5 de endelige teoripr\u00f8ver overfor Trafikstyrelsen<\/span><\/span><span id=\"result_box\" class=\"\" lang=\"da\"><span class=\"\">.<br \/>\n<\/span><\/span><\/li>\n<\/ul>\n<\/div>\n<div id=\"gt-res-tools\"><\/div>\n<\/div><\/section><\/div>\n\n<\/div><\/div><\/div><!-- close content main div --><\/div><\/div><\/div><div id='ppl-medical'  class='avia-section alternate_color avia-section-default avia-no-shadow  avia-bg-style-scroll  avia-builder-el-18  el_after_av_section  el_before_av_section   container_wrap sidebar_right' style=' '  ><div class='container' ><div class='template-page content  av-content-small alpha units'><div class='post-entry post-entry-type-page post-entry-14783'><div class='entry-content-wrapper clearfix'>\n<div class=\"flex_column av_two_third  flex_column_div av-zero-column-padding first  avia-builder-el-19  el_before_av_one_third  avia-builder-el-first  \" style='border-radius:0px; '><p><div  style='padding-bottom:10px; ' class='av-special-heading av-special-heading-h3    avia-builder-el-20  el_before_av_textblock  avia-builder-el-first  '><h3 class='av-special-heading-tag '  itemprop=\"headline\"  >Praktisk flyve tr\u00e6ning<\/h3><div class='special-heading-border'><div class='special-heading-inner-border' ><\/div><\/div><\/div><br \/>\n<section class=\"av_textblock_section \"  itemscope=\"itemscope\" itemtype=\"https:\/\/schema.org\/CreativeWork\" ><div class='avia_textblock  '   itemprop=\"text\" ><p>Den praktiske flyvetr\u00e6ning kan efter aftale p\u00e5begyndes ved dit f\u00f8rste bes\u00f8g. Tr\u00e6ning foreg\u00e5r i en af vores 2 s\u00e6dede Diamond DA20, eller mod merpris i en 4 s\u00e6det DA40 med glas cockpit med Garmin 1000.<\/p>\n<ul>\n<li>Prisen inkluderer 47 flyvetimer p\u00e5 rigtige (nyere) fly.<\/li>\n<li>Instruktion af professionelle instrukt\u00f8rer<\/li>\n<li>Flyvekort og tilbeh\u00f8r<\/li>\n<li>Start \/ landingsafgifter, og du flyver p\u00e5 forsikrede fly.<\/li>\n<li>Grundl\u00e6ggende er der taget h\u00e5nd om alle regler og vilk\u00e5r.<\/li>\n<\/ul>\n<\/div><\/section><br \/>\n<div  style='padding-bottom:10px; ' class='av-special-heading av-special-heading-h3    avia-builder-el-22  el_after_av_textblock  el_before_av_textblock  '><h3 class='av-special-heading-tag '  itemprop=\"headline\"  >Teoretisk tr\u00e6ning<\/h3><div class='special-heading-border'><div class='special-heading-inner-border' ><\/div><\/div><\/div><br \/>\n<section class=\"av_textblock_section \"  itemscope=\"itemscope\" itemtype=\"https:\/\/schema.org\/CreativeWork\" ><div class='avia_textblock  '   itemprop=\"text\" ><p>Teorien er lavet som Distance Learning, med b\u00e5de online v\u00e6rkt\u00f8jer og online b\u00f8ger. Du l\u00e6ser op p\u00e5 dette materiale, og m\u00f8der s\u00e5 op til klassetimer p\u00e5 skolen i ca. 15-20 timer efter n\u00e6rmere aftalte tidspunkter.<\/p>\n<p>Dette betyder ikke at du har en underviser for dig selv, tilpasset til dit niveau og behov! Vores instrukt\u00f8rer vil v\u00e6re der for dig, og vil besvare sp\u00f8rgsm\u00e5l og give den forn\u00f8dne hj\u00e6lp og feed back.<\/p>\n<\/div><\/section><br \/>\n<div  style='padding-bottom:10px; ' class='av-special-heading av-special-heading-h3    avia-builder-el-24  el_after_av_textblock  el_before_av_textblock  '><h3 class='av-special-heading-tag '  itemprop=\"headline\"  >Fly n\u00f8glerne i h\u00e5nden<\/h3><div class='special-heading-border'><div class='special-heading-inner-border' ><\/div><\/div><\/div><br \/>\n<section class=\"av_textblock_section \"  itemscope=\"itemscope\" itemtype=\"https:\/\/schema.org\/CreativeWork\" ><div class='avia_textblock  '   itemprop=\"text\" ><p><span id=\"result_box\" class=\"\" lang=\"da\"><span class=\"\">Det er virkelig alt hvad du beh\u00f8ver for, at blive en selvsikker og sikker pilot.<\/span> Vi tager dig til himlen og tilbage igen! <span class=\"\">Du vil blive instrueret af de bedste instrukt\u00f8rer og tr\u00e6ningsprogrammer i Aeropole.<\/span><\/span><\/p>\n<\/div><\/section><\/p><\/div><div class=\"flex_column av_one_third  flex_column_div   avia-builder-el-26  el_after_av_two_third  avia-builder-el-last  \" style='padding:32px; background-color:#ffffff; border-radius:0px; '><p><div  style='padding-bottom:10px; ' class='av-special-heading av-special-heading-h2    avia-builder-el-27  el_before_av_textblock  avia-builder-el-first  '><h2 class='av-special-heading-tag '  itemprop=\"headline\"  >Helbreds godkendelse &#8211; Medical<\/h2><div class='special-heading-border'><div class='special-heading-inner-border' ><\/div><\/div><\/div><br \/>\n<section class=\"av_textblock_section \"  itemscope=\"itemscope\" itemtype=\"https:\/\/schema.org\/CreativeWork\" ><div class='avia_textblock  '   itemprop=\"text\" ><div id=\"tts_button\"><object id=\"tts\" data=\"\/\/ssl.gstatic.com\/translate\/sound_player2.swf\" type=\"application\/x-shockwave-flash\" width=\"18\" height=\"18\" data-mce-fragment=\"1\"><\/object><\/div>\n<p><span id=\"result_box\" class=\"\" lang=\"da\"><span class=\"\">Som en tommelfingerregel, hvis du er egnet til at have et k\u00f8rekort, s\u00e5 er du sikkert ogs\u00e5 fit til at kunne tage et PPL certifikat.<\/span> <span class=\"\">F\u00f8r solofasen af din praktiske flyveundervisning, dvs.<\/span> <span class=\"\">at flyve alene uden instrukt\u00f8r, skal du have en klasse 2 helbredsgodkendelse p\u00e5 plads, som skal v\u00e6re udstedt af en godkendt flyvel\u00e6ge.<br \/>\n<\/span><\/span><\/p>\n<\/div><\/section><\/p><\/div>\n\n<\/div><\/div><\/div><!-- close content main div --><\/div><\/div><div id='av_section_4'  class='avia-section main_color avia-section-default avia-no-shadow  avia-bg-style-scroll  avia-builder-el-29  el_after_av_section  avia-builder-el-last   container_wrap sidebar_right' style=' '  ><div class='container' ><div class='template-page content  av-content-small alpha units'><div class='post-entry post-entry-type-page post-entry-14783'><div class='entry-content-wrapper clearfix'>\n<section class=\"av_textblock_section \"  itemscope=\"itemscope\" itemtype=\"https:\/\/schema.org\/CreativeWork\" ><div class='avia_textblock featured-price '   itemprop=\"text\" ><p style=\"text-align: center;\">Kontakt os og h\u00f8re n\u00e6rmere om PPL uddannelsen<\/p>\n<h1 style=\"text-align: center; margin-top: 0;\">Ring til os<\/h1>\n<p style=\"text-align: center;\">(inkluderet 25 % Moms)<\/p>\n<\/div><\/section>\n<div  class='avia-button-wrap avia-button-center  avia-builder-el-31  el_after_av_textblock  avia-builder-el-last ' ><a href='https:\/\/temp.kansleri.fi\/da\/contact-us\/?src=ppl'  class='avia-button   avia-icon_select-yes-right-icon avia-color-dark avia-size-medium avia-position-center '   ><span class='avia_iconbox_title' >Kontakt os idag, og l\u00e6r at flyve i morgen <\/span><span class='avia_button_icon avia_button_icon_right' aria-hidden='true' data-av_icon='\ue8b6' data-av_iconfont='entypo-fontello'><\/span><\/a><\/div>\n<\/div><\/div><\/div><!-- close content main div --><\/div><\/div><div id='after_section_4'  class='main_color av_default_container_wrap container_wrap sidebar_right' style=' '  ><div class='container' ><div class='template-page content  av-content-small alpha units'><div class='post-entry post-entry-type-page post-entry-14783'><div class='entry-content-wrapper clearfix'>\n","protected":false},"excerpt":{"rendered":"","protected":false},"author":1,"featured_media":0,"parent":0,"menu_order":18,"comment_status":"closed","ping_status":"closed","template":"","meta":{"footnotes":""},"class_list":["post-14783","page","type-page","status-publish","hentry"],"yoast_head":"<!-- This site is optimized with the Yoast SEO plugin v27.1.1 - https:\/\/yoast.com\/product\/yoast-seo-wordpress\/ -->\n<title>Privatpilotskole - Aeropole<\/title>\n<meta name=\"robots\" content=\"index, follow, max-snippet:-1, max-image-preview:large, max-video-preview:-1\" \/>\n<link rel=\"canonical\" href=\"https:\/\/temp.kansleri.fi\/da\/private-pilot-school\/\" \/>\n<meta property=\"og:locale\" content=\"da_DK\" \/>\n<meta property=\"og:type\" content=\"article\" \/>\n<meta property=\"og:title\" content=\"Privatpilotskole - Aeropole\" \/>\n<meta property=\"og:url\" content=\"https:\/\/temp.kansleri.fi\/da\/private-pilot-school\/\" \/>\n<meta property=\"og:site_name\" content=\"Aeropole\" \/>\n<meta property=\"article:modified_time\" content=\"2024-08-02T12:31:54+00:00\" \/>\n<meta name=\"twitter:card\" content=\"summary_large_image\" \/>\n<meta name=\"twitter:label1\" content=\"Estimeret l\u00e6setid\" \/>\n\t<meta name=\"twitter:data1\" content=\"6 minutter\" \/>\n<script type=\"application\/ld+json\" class=\"yoast-schema-graph\">{\"@context\":\"https:\/\/schema.org\",\"@graph\":[{\"@type\":\"WebPage\",\"@id\":\"https:\/\/temp.kansleri.fi\/da\/private-pilot-school\/\",\"url\":\"https:\/\/temp.kansleri.fi\/da\/private-pilot-school\/\",\"name\":\"Privatpilotskole - Aeropole\",\"isPartOf\":{\"@id\":\"https:\/\/temp.kansleri.fi\/#website\"},\"datePublished\":\"2017-11-07T14:47:10+00:00\",\"dateModified\":\"2024-08-02T12:31:54+00:00\",\"breadcrumb\":{\"@id\":\"https:\/\/temp.kansleri.fi\/da\/private-pilot-school\/#breadcrumb\"},\"inLanguage\":\"da-DK\",\"potentialAction\":[{\"@type\":\"ReadAction\",\"target\":[\"https:\/\/temp.kansleri.fi\/da\/private-pilot-school\/\"]}]},{\"@type\":\"BreadcrumbList\",\"@id\":\"https:\/\/temp.kansleri.fi\/da\/private-pilot-school\/#breadcrumb\",\"itemListElement\":[{\"@type\":\"ListItem\",\"position\":1,\"name\":\"Home\",\"item\":\"https:\/\/temp.kansleri.fi\/da\/\"},{\"@type\":\"ListItem\",\"position\":2,\"name\":\"Privatpilotskole\"}]},{\"@type\":\"WebSite\",\"@id\":\"https:\/\/temp.kansleri.fi\/#website\",\"url\":\"https:\/\/temp.kansleri.fi\/\",\"name\":\"Aeropole\",\"description\":\"Aviation Academy, Aircraft Sales and Maintenance\",\"potentialAction\":[{\"@type\":\"SearchAction\",\"target\":{\"@type\":\"EntryPoint\",\"urlTemplate\":\"https:\/\/temp.kansleri.fi\/?s={search_term_string}\"},\"query-input\":{\"@type\":\"PropertyValueSpecification\",\"valueRequired\":true,\"valueName\":\"search_term_string\"}}],\"inLanguage\":\"da-DK\"}]}<\/script>\n<!-- \/ Yoast SEO plugin. -->","yoast_head_json":{"title":"Privatpilotskole - Aeropole","robots":{"index":"index","follow":"follow","max-snippet":"max-snippet:-1","max-image-preview":"max-image-preview:large","max-video-preview":"max-video-preview:-1"},"canonical":"https:\/\/temp.kansleri.fi\/da\/private-pilot-school\/","og_locale":"da_DK","og_type":"article","og_title":"Privatpilotskole - Aeropole","og_url":"https:\/\/temp.kansleri.fi\/da\/private-pilot-school\/","og_site_name":"Aeropole","article_modified_time":"2024-08-02T12:31:54+00:00","twitter_card":"summary_large_image","twitter_misc":{"Estimeret l\u00e6setid":"6 minutter"},"schema":{"@context":"https:\/\/schema.org","@graph":[{"@type":"WebPage","@id":"https:\/\/temp.kansleri.fi\/da\/private-pilot-school\/","url":"https:\/\/temp.kansleri.fi\/da\/private-pilot-school\/","name":"Privatpilotskole - Aeropole","isPartOf":{"@id":"https:\/\/temp.kansleri.fi\/#website"},"datePublished":"2017-11-07T14:47:10+00:00","dateModified":"2024-08-02T12:31:54+00:00","breadcrumb":{"@id":"https:\/\/temp.kansleri.fi\/da\/private-pilot-school\/#breadcrumb"},"inLanguage":"da-DK","potentialAction":[{"@type":"ReadAction","target":["https:\/\/temp.kansleri.fi\/da\/private-pilot-school\/"]}]},{"@type":"BreadcrumbList","@id":"https:\/\/temp.kansleri.fi\/da\/private-pilot-school\/#breadcrumb","itemListElement":[{"@type":"ListItem","position":1,"name":"Home","item":"https:\/\/temp.kansleri.fi\/da\/"},{"@type":"ListItem","position":2,"name":"Privatpilotskole"}]},{"@type":"WebSite","@id":"https:\/\/temp.kansleri.fi\/#website","url":"https:\/\/temp.kansleri.fi\/","name":"Aeropole","description":"Aviation Academy, Aircraft Sales and Maintenance","potentialAction":[{"@type":"SearchAction","target":{"@type":"EntryPoint","urlTemplate":"https:\/\/temp.kansleri.fi\/?s={search_term_string}"},"query-input":{"@type":"PropertyValueSpecification","valueRequired":true,"valueName":"search_term_string"}}],"inLanguage":"da-DK"}]}},"_links":{"self":[{"href":"https:\/\/temp.kansleri.fi\/da\/wp-json\/wp\/v2\/pages\/14783","targetHints":{"allow":["GET"]}}],"collection":[{"href":"https:\/\/temp.kansleri.fi\/da\/wp-json\/wp\/v2\/pages"}],"about":[{"href":"https:\/\/temp.kansleri.fi\/da\/wp-json\/wp\/v2\/types\/page"}],"author":[{"embeddable":true,"href":"https:\/\/temp.kansleri.fi\/da\/wp-json\/wp\/v2\/users\/1"}],"replies":[{"embeddable":true,"href":"https:\/\/temp.kansleri.fi\/da\/wp-json\/wp\/v2\/comments?post=14783"}],"version-history":[{"count":96,"href":"https:\/\/temp.kansleri.fi\/da\/wp-json\/wp\/v2\/pages\/14783\/revisions"}],"predecessor-version":[{"id":27213,"href":"https:\/\/temp.kansleri.fi\/da\/wp-json\/wp\/v2\/pages\/14783\/revisions\/27213"}],"wp:attachment":[{"href":"https:\/\/temp.kansleri.fi\/da\/wp-json\/wp\/v2\/media?parent=14783"}],"curies":[{"name":"wp","href":"https:\/\/api.w.org\/{rel}","templated":true}]}}