{"id":14793,"date":"2017-11-07T14:47:51","date_gmt":"2017-11-07T14:47:51","guid":{"rendered":"https:\/\/temp.kansleri.fi\/?page_id=14793\/"},"modified":"2025-09-14T20:02:17","modified_gmt":"2025-09-14T20:02:17","slug":"contact-us","status":"publish","type":"page","link":"https:\/\/temp.kansleri.fi\/da\/contact-us\/","title":{"rendered":"Kontakt os"},"content":{"rendered":"<div id='contact-header'  class='avia-section alternate_color avia-section-default avia-no-shadow  avia-bg-style-scroll  avia-builder-el-0  el_before_av_section  avia-builder-el-first   container_wrap sidebar_right' style=' '  ><div class='container' ><main  role=\"main\" itemprop=\"mainContentOfPage\"  class='template-page content  av-content-small alpha units'><div class='post-entry post-entry-type-page post-entry-14793'><div class='entry-content-wrapper clearfix'>\n<div  style='padding-bottom:20px; ' class='av-special-heading av-special-heading-h1  blockquote modern-quote modern-centered  avia-builder-el-1  el_before_av_codeblock  avia-builder-el-first  '><h1 class='av-special-heading-tag '  itemprop=\"headline\"  >Kontakt os<\/h1><div class='special-heading-border'><div class='special-heading-inner-border' ><\/div><\/div><\/div>\n\n<div class=\"flex_column av_one_third  flex_column_div av-zero-column-padding first  avia-builder-el-3  el_after_av_codeblock  el_before_av_one_third  \" style='border-radius:0px; '><p><span  class=\"av_font_icon avia_animate_when_visible avia-icon-animate  av-icon-style-  av-no-color avia-icon-pos-center \" style=\"\"><span class='av-icon-char' style='font-size:40px;line-height:40px;' aria-hidden='true' data-av_icon='\ue844' data-av_iconfont='entypo-fontello' ><\/span><\/span><br \/>\n<div  style='padding-bottom:10px; ' class='av-special-heading av-special-heading-h3  blockquote modern-quote modern-centered  avia-builder-el-5  el_after_av_font_icon  el_before_av_button  '><h3 class='av-special-heading-tag '  itemprop=\"headline\"  >Efterlad en besked <\/h3><div class='special-heading-border'><div class='special-heading-inner-border' ><\/div><\/div><\/div><br \/>\n<div  class='avia-button-wrap avia-button-center  avia-builder-el-6  el_after_av_heading  avia-builder-el-last  expandable-form-open' ><a href='#expandable-form'  class='avia-button   avia-icon_select-no avia-color-dark avia-size-small avia-position-center '   ><span class='avia_iconbox_title' >Skriv til os<\/span><\/a><\/div><\/p><\/div><div class=\"flex_column av_one_third  flex_column_div av-zero-column-padding   avia-builder-el-7  el_after_av_one_third  el_before_av_one_third  \" style='border-radius:0px; '><p><span  class=\"av_font_icon avia_animate_when_visible avia-icon-animate  av-icon-style-  av-no-color avia-icon-pos-center \" style=\"\"><span class='av-icon-char' style='font-size:40px;line-height:40px;' aria-hidden='true' data-av_icon='\ue8ac' data-av_iconfont='entypo-fontello' ><\/span><\/span><br \/>\n<div  style='padding-bottom:10px; ' class='av-special-heading av-special-heading-h3  blockquote modern-quote modern-centered  avia-builder-el-9  el_after_av_font_icon  el_before_av_textblock  '><h3 class='av-special-heading-tag '  itemprop=\"headline\"  >Ring til os<\/h3><div class='special-heading-border'><div class='special-heading-inner-border' ><\/div><\/div><\/div><br \/>\n<section class=\"av_textblock_section \"  itemscope=\"itemscope\" itemtype=\"https:\/\/schema.org\/CreativeWork\" ><div class='avia_textblock  '   itemprop=\"text\" ><h3 style=\"text-align: center;\">+45 69 88 44 88<\/h3>\n<p style=\"text-align: center;\">Tr\u00e6ffes i kontortiden p\u00e5 hverdage.<\/p>\n<\/div><\/section><\/p><\/div><div class=\"flex_column av_one_third  flex_column_div av-zero-column-padding   avia-builder-el-11  el_after_av_one_third  el_before_av_hr  \" style='border-radius:0px; '><p><span  class=\"av_font_icon avia_animate_when_visible avia-icon-animate  av-icon-style-  av-no-color avia-icon-pos-center \" style=\"\"><span class='av-icon-char' style='font-size:40px;line-height:40px;' aria-hidden='true' data-av_icon='\ue805' data-av_iconfont='entypo-fontello' ><\/span><\/span><br \/>\n<div  style='padding-bottom:10px; ' class='av-special-heading av-special-heading-h3  blockquote modern-quote modern-centered  avia-builder-el-13  el_after_av_font_icon  el_before_av_textblock  '><h3 class='av-special-heading-tag '  itemprop=\"headline\"  >Skriv til os<\/h3><div class='special-heading-border'><div class='special-heading-inner-border' ><\/div><\/div><\/div><br \/>\n<section class=\"av_textblock_section \"  itemscope=\"itemscope\" itemtype=\"https:\/\/schema.org\/CreativeWork\" ><div class='avia_textblock  '   itemprop=\"text\" ><p style=\"text-align: center;\">info@aeropole.dk<\/p>\n<\/div><\/section><\/p><\/div><div   class='hr hr-default   avia-builder-el-15  el_after_av_one_third  el_before_av_one_third '><span class='hr-inner ' ><span class='hr-inner-style'><\/span><\/span><\/div>\n<div class=\"flex_column av_one_third  flex_column_div av-zero-column-padding first  avia-builder-el-16  el_after_av_hr  el_before_av_one_third  \" style='border-radius:0px; '><section class=\"av_textblock_section \"  itemscope=\"itemscope\" itemtype=\"https:\/\/schema.org\/CreativeWork\" ><div class='avia_textblock  '   itemprop=\"text\" ><h4>Postadresse<\/h4>\n<p>Aeropole Denmark ApS<br \/>\nHangarvej E 14<br \/>\n4000 Roskilde<br \/>\nDanmark<\/p>\n<\/div><\/section><\/div><div class=\"flex_column av_one_third  flex_column_div av-zero-column-padding   avia-builder-el-18  el_after_av_one_third  el_before_av_one_third  \" style='border-radius:0px; '><section class=\"av_textblock_section \"  itemscope=\"itemscope\" itemtype=\"https:\/\/schema.org\/CreativeWork\" ><div class='avia_textblock  '   itemprop=\"text\" ><h4>Faktureringsoplysninger<\/h4>\n<table class=\"table-noborder\">\n<tbody>\n<tr>\n<td>Selskab<\/td>\n<td>Aeropole Denmark ApS<\/td>\n<\/tr>\n<tr>\n<td>CVR<\/td>\n<td>26376890<\/td>\n<\/tr>\n<tr>\n<td>EU VAT ID<\/td>\n<td>DK26376890<\/td>\n<\/tr>\n<\/tbody>\n<\/table>\n<\/div><\/section><\/div><div class=\"flex_column av_one_third  flex_column_div av-zero-column-padding   avia-builder-el-20  el_after_av_one_third  el_before_av_one_full  \" style='border-radius:0px; '><section class=\"av_textblock_section \"  itemscope=\"itemscope\" itemtype=\"https:\/\/schema.org\/CreativeWork\" ><div class='avia_textblock  '   itemprop=\"text\" ><h4>Bankoplysninger for kunder<\/h4>\n<table class=\"table-noborder\">\n<tbody>\n<tr>\n<td><strong>Company<\/strong><\/td>\n<td><strong>Aeropole Denmark ApS<\/strong><\/td>\n<\/tr>\n<tr>\n<td>Bank<\/td>\n<td>Nykredit<\/td>\n<\/tr>\n<tr>\n<td>IBAN<\/td>\n<td>DK76 8117 0009 6046 39 <em>(kun EUR)<\/em><\/td>\n<\/tr>\n<tr>\n<td>BIC<\/td>\n<td>NYKBDKKK<\/td>\n<\/tr>\n<tr>\n<td>IBAN<\/td>\n<td>DK38 8117 0000 1065 98 <em>(kun DKK)<\/em><\/td>\n<\/tr>\n<tr>\n<td>BIC<\/td>\n<td>NYKBDKKK<\/td>\n<\/tr>\n<tr>\n<td><\/td>\n<td><\/td>\n<\/tr>\n<tr>\n<td><\/td>\n<td><\/td>\n<\/tr>\n<tr>\n<td><\/td>\n<td><\/td>\n<\/tr>\n<\/tbody>\n<\/table>\n<\/div><\/section><\/div><div class=\"flex_column av_one_full  flex_column_div av-zero-column-padding first  avia-builder-el-22  el_after_av_one_third  avia-builder-el-last  column-top-margin\" style='border-radius:0px; '><p><section class=\"av_textblock_section \"  itemscope=\"itemscope\" itemtype=\"https:\/\/schema.org\/CreativeWork\" ><div class='avia_textblock  '   itemprop=\"text\" ><p>Brug formularen herunder til at give os en besked nu<\/p>\n<\/div><\/section><br \/>\n<\/p><\/div>\n\n<\/div><\/div><\/main><!-- close content main element --><\/div><\/div><div id='av_section_2'  class='avia-section main_color avia-section-default avia-no-shadow  avia-bg-style-scroll  avia-builder-el-25  el_after_av_section  avia-builder-el-last   container_wrap sidebar_right' style=' '  ><div class='container' ><div class='template-page content  av-content-small alpha units'><div class='post-entry post-entry-type-page post-entry-14793'><div class='entry-content-wrapper clearfix'>\n<div class=\"flex_column av_one_full  flex_column_div av-zero-column-padding first  avia-builder-el-26  el_before_av_one_third  avia-builder-el-first  \" style='margin-top:50px; margin-bottom:50px; border-radius:0px; '><p><div  style='padding-bottom:0px; ' class='av-special-heading av-special-heading-h1  blockquote modern-quote modern-centered  avia-builder-el-27  el_before_av_button  avia-builder-el-first  '><h1 class='av-special-heading-tag '  itemprop=\"headline\"  >Placeringer<\/h1><div class='special-heading-border'><div class='special-heading-inner-border' ><\/div><\/div><\/div><br \/>\n<div  class='avia-button-wrap avia-button-center  avia-builder-el-28  el_after_av_heading  el_before_av_textblock ' ><a href='https:\/\/temp.kansleri.fi\/da\/locations\/'  class='avia-button   avia-icon_select-no avia-color-dark avia-size-small avia-position-center '   ><span class='avia_iconbox_title' >L\u00e6r mere om vores placeringer<\/span><\/a><\/div><br \/>\n<section class=\"av_textblock_section \"  itemscope=\"itemscope\" itemtype=\"https:\/\/schema.org\/CreativeWork\" ><div class='avia_textblock intro-text '   itemprop=\"text\" ><p>Vi beder dig lave en aftale f\u00f8r du kommer. Du er velkommen til at m\u00f8de os p\u00e5 et af vores tr\u00e6ningscentre &#8211; bare <a href=\"#expandable-form\">kontakt os<\/a>!<\/p>\n<\/div><\/section><br \/>\n<section class=\"av_textblock_section \"  itemscope=\"itemscope\" itemtype=\"https:\/\/schema.org\/CreativeWork\" ><div class='avia_textblock intro-text '  style='font-size:15px; '  itemprop=\"text\" ><p style=\"text-align: center;\">Vi anbefaler, at du kontakter os p\u00e5 forh\u00e5nd for at give dig den bedste hj\u00e6lp til r\u00e5dighed.<\/p>\n<\/div><\/section><\/p><\/div><div class=\"flex_column av_one_third  flex_column_div av-zero-column-padding   avia-builder-el-31  el_after_av_one_full  el_before_av_one_third  \" style='margin-top:50px; margin-bottom:50px; border-radius:0px; '><p><div  style='padding-bottom:0px; ' class='av-special-heading av-special-heading-h4    avia-builder-el-32  el_before_av_textblock  avia-builder-el-first  '><h4 class='av-special-heading-tag '  itemprop=\"headline\"  >Roskilde (EKRK) tr\u00e6ningsecenter <\/h4><div class='special-heading-border'><div class='special-heading-inner-border' ><\/div><\/div><\/div><br \/>\n<section class=\"av_textblock_section \"  itemscope=\"itemscope\" itemtype=\"https:\/\/schema.org\/CreativeWork\" ><div class='avia_textblock location-maplink '   itemprop=\"text\" ><p><a href=\"https:\/\/www.google.dk\/maps\/place\/Aeropole+Denmark+ApS+at+Copenhagen-Roskilde\/@55.5933227,12.1281858,17z\/data=!3m1!4b1!4m5!3m4!1s0x4652f52f072d5619:0x1f22994e4527d9f3!8m2!3d55.5933227!4d12.1303745\">Roskilde Lufthavn<br \/>\nHangarvej E 14<br \/>\n4000 Roskilde<br \/>\nDanmark<br \/>\n<\/a><\/p>\n<\/div><\/section><br \/>\n<section class=\"av_textblock_section \"  itemscope=\"itemscope\" itemtype=\"https:\/\/schema.org\/CreativeWork\" ><div class='avia_textblock  '   itemprop=\"text\" ><p>\u00c5ben normalt til bes\u00f8g i arbejdstiden mandag-fredag \u200b\u200b9-17. For andre tidspunkter, med aftale.<br \/>\nFor at give dig vores bedste hj\u00e6lp og vores medarbejdere kan v\u00e6re ude p\u00e5 flyvepladsen eller eller optaget med en anden kunde anbefaler vi st\u00e6rkt at arrangere en aftale ved at ringe eller sende os en mail f\u00f8rst.<\/p>\n<\/div><\/section><\/p><\/div><div class=\"flex_column av_one_third  flex_column_div av-zero-column-padding   avia-builder-el-35  el_after_av_one_third  el_before_av_one_third  \" style='margin-top:50px; margin-bottom:50px; border-radius:0px; '><p><div  style='padding-bottom:0px; ' class='av-special-heading av-special-heading-h4    avia-builder-el-36  el_before_av_textblock  avia-builder-el-first  '><h4 class='av-special-heading-tag '  itemprop=\"headline\"  >Aviapolis, Helsinki-Vantaa (EFHK) Tr\u00e6ningscenter<\/h4><div class='special-heading-border'><div class='special-heading-inner-border' ><\/div><\/div><\/div><br \/>\n<section class=\"av_textblock_section \"  itemscope=\"itemscope\" itemtype=\"https:\/\/schema.org\/CreativeWork\" ><div class='avia_textblock location-maplink '   itemprop=\"text\" ><p><a href=\"https:\/\/www.google.com\/maps\/place\/Aeropole+Oy+(Flight+Training)+at+Helsinki-Vantaa+(EFHK)\/@60.3047379,24.9591055,103a,35y,90h,39.53t\/data=!3m1!1e3!4m5!3m4!1s0x468df9f59680c86b:0x2688b383254138ea!8m2!3d60.305411!4d24.960104\">Karhum\u00e4entie 12<br \/>\n01530 Vantaa<br \/>\nFinland<\/a><\/p>\n<\/div><\/section><br \/>\n<section class=\"av_textblock_section \"  itemscope=\"itemscope\" itemtype=\"https:\/\/schema.org\/CreativeWork\" ><div class='avia_textblock  '   itemprop=\"text\" ><p>Simulator tr\u00e6ningscenter. Bes\u00f8g kun\u00a0med aftale.<\/p>\n<p>Bem\u00e6rk: Den samme bygning og adresse var tidligere kendt som Tietotie 3, 01530 Vantaa, men p\u00e5 grund af oml\u00e6gning af veje rundt er den officielle adresse \u00e6ndret.<\/p>\n<\/div><\/section><\/p><\/div><div class=\"flex_column av_one_third  flex_column_div av-zero-column-padding first  avia-builder-el-39  el_after_av_one_third  el_before_av_one_third  column-top-margin\" style='border-radius:0px; '><p><div  style='padding-bottom:0px; ' class='av-special-heading av-special-heading-h4    avia-builder-el-40  el_before_av_textblock  avia-builder-el-first  '><h4 class='av-special-heading-tag '  itemprop=\"headline\"  >Tampere-Pirkkala (EFTP) tr\u00e6nings- og vedligeholdelsecenter <\/h4><div class='special-heading-border'><div class='special-heading-inner-border' ><\/div><\/div><\/div><br \/>\n<section class=\"av_textblock_section \"  itemscope=\"itemscope\" itemtype=\"https:\/\/schema.org\/CreativeWork\" ><div class='avia_textblock location-maplink '   itemprop=\"text\" ><p><a href=\"https:\/\/www.google.fi\/maps\/place\/Varikontie+14,+33960+Pirkkala\/@61.4216478,23.6161581,17z\/data=!3m1!4b1!4m5!3m4!1s0x468edbd06e11d08f:0x482969e9da238e7!8m2!3d61.4216478!4d23.6183521\">Tampere-Pirkkala\u00a0Lufthavn<br \/>\nTerminal 2<br \/>\nVarikontie 14<br \/>\n33960 Pirkkala<br \/>\nFinland<\/a><\/p>\n<\/div><\/section><br \/>\n<section class=\"av_textblock_section \"  itemscope=\"itemscope\" itemtype=\"https:\/\/schema.org\/CreativeWork\" ><div class='avia_textblock  '   itemprop=\"text\" ><p>\u00c5ben normalt til bes\u00f8g i arbejdstiden mandag-fredag \u200b\u200b9-17. For andre tidspunkter og weekender, med aftale.<br \/>\nFor at give dig vores bedste hj\u00e6lp og vores medarbejdere kan v\u00e6re ude p\u00e5 flyvepladsen eller eller optaget med en anden kunde anbefaler vi st\u00e6rkt at arrangere en aftale ved at ringe eller sende os en mail f\u00f8rst.<\/p>\n<\/div><\/section><\/p><\/div><div class=\"flex_column av_one_third  flex_column_div av-zero-column-padding   avia-builder-el-43  el_after_av_one_third  el_before_av_one_third  column-top-margin\" style='border-radius:0px; '><p><div  style='padding-bottom:0px; ' class='av-special-heading av-special-heading-h4    avia-builder-el-44  el_before_av_textblock  avia-builder-el-first  '><h4 class='av-special-heading-tag '  itemprop=\"headline\"  >Lahti-Vesivehmaa (EFLA) tr\u00e6nings- og vedligeholdelsecenter <\/h4><div class='special-heading-border'><div class='special-heading-inner-border' ><\/div><\/div><\/div><br \/>\n<section class=\"av_textblock_section \"  itemscope=\"itemscope\" itemtype=\"https:\/\/schema.org\/CreativeWork\" ><div class='avia_textblock location-maplink '   itemprop=\"text\" ><p><a href=\"https:\/\/goo.gl\/maps\/pYoZJg8BFphDgF779\">Lahti-Vesivehmaa Lufthavn<br \/>\nLentotie 170<br \/>\nVesivehmaa<br \/>\nFinland<\/a><\/p>\n<\/div><\/section><br \/>\n<section class=\"av_textblock_section \"  itemscope=\"itemscope\" itemtype=\"https:\/\/schema.org\/CreativeWork\" ><div class='avia_textblock  '   itemprop=\"text\" ><p>\u00c5ben normalt til bes\u00f8g i arbejdstiden mandag-fredag \u200b\u200b8-16:15. For andre tidspunkter, med aftale.<br \/>\nFor at give dig vores bedste hj\u00e6lp og vores medarbejdere kan v\u00e6re ude p\u00e5 flyvepladsen eller eller optaget med en anden kunde anbefaler vi st\u00e6rkt at arrangere en aftale ved at ringe eller sende os en mail f\u00f8rst.<\/p>\n<\/div><\/section><\/p><\/div><div class=\"flex_column av_one_third  flex_column_div av-zero-column-padding   avia-builder-el-47  el_after_av_one_third  avia-builder-el-last  column-top-margin\" style='border-radius:0px; '><p><div  style='padding-bottom:10px; ' class='av-special-heading av-special-heading-h4    avia-builder-el-48  el_before_av_textblock  avia-builder-el-first  '><h4 class='av-special-heading-tag '  itemprop=\"headline\"  >Jyv\u00e4skyl\u00e4 (EFJY) tr\u00e6ningscenter <\/h4><div class='special-heading-border'><div class='special-heading-inner-border' ><\/div><\/div><\/div><br \/>\n<section class=\"av_textblock_section \"  itemscope=\"itemscope\" itemtype=\"https:\/\/schema.org\/CreativeWork\" ><div class='avia_textblock location-maplink '   itemprop=\"text\" ><p><a href=\"https:\/\/www.google.fi\/maps\/place\/Aeropole+Oy+(Flight+Training)+at+Jyv\u00e4skyl\u00e4-Tikkakoski,+EFJY\/@62.4037626,25.6780302,505m\/data=!3m2!1e3!4b1!4m5!3m4!1s0x4685a0e32ee595b7:0x8ccabc4cb123d19a!8m2!3d62.4037601!4d25.6802189\">Jyv\u00e4skyl\u00e4\u00a0Lufthavn<br \/>\nLentoasemantie 70<br \/>\n41160 Tikkakoski<br \/>\nFinland<\/a><\/p>\n<\/div><\/section><br \/>\n<section class=\"av_textblock_section \"  itemscope=\"itemscope\" itemtype=\"https:\/\/schema.org\/CreativeWork\" ><div class='avia_textblock  '   itemprop=\"text\" ><p>Bes\u00f8g kun med aftale. Find os i den administrative bygning 50 m til h\u00f8jre fra hovedpassagerterminalen.<\/p>\n<\/div><\/section><\/p><\/div><\/div><\/div><\/div><!-- close content main div --><\/div><\/div><div id='after_section_2'  class='main_color av_default_container_wrap container_wrap sidebar_right' style=' '  ><div class='container' ><div class='template-page content  av-content-small alpha units'><div class='post-entry post-entry-type-page post-entry-14793'><div class='entry-content-wrapper clearfix'>\n","protected":false},"excerpt":{"rendered":"","protected":false},"author":2,"featured_media":0,"parent":0,"menu_order":8,"comment_status":"closed","ping_status":"closed","template":"","meta":{"footnotes":""},"class_list":["post-14793","page","type-page","status-publish","hentry"],"yoast_head":"<!-- This site is optimized with the Yoast SEO plugin v27.1.1 - https:\/\/yoast.com\/product\/yoast-seo-wordpress\/ -->\n<title>Kontakt os - Aeropole<\/title>\n<meta name=\"robots\" content=\"index, follow, max-snippet:-1, max-image-preview:large, max-video-preview:-1\" \/>\n<link rel=\"canonical\" href=\"https:\/\/temp.kansleri.fi\/da\/contact-us\/\" \/>\n<meta property=\"og:locale\" content=\"da_DK\" \/>\n<meta property=\"og:type\" content=\"article\" \/>\n<meta property=\"og:title\" content=\"Kontakt os - Aeropole\" \/>\n<meta property=\"og:url\" content=\"https:\/\/temp.kansleri.fi\/da\/contact-us\/\" \/>\n<meta property=\"og:site_name\" content=\"Aeropole\" \/>\n<meta property=\"article:modified_time\" content=\"2025-09-14T20:02:17+00:00\" \/>\n<meta name=\"twitter:card\" content=\"summary_large_image\" \/>\n<meta name=\"twitter:label1\" content=\"Estimeret l\u00e6setid\" \/>\n\t<meta name=\"twitter:data1\" content=\"6 minutter\" \/>\n<script type=\"application\/ld+json\" class=\"yoast-schema-graph\">{\"@context\":\"https:\/\/schema.org\",\"@graph\":[{\"@type\":\"WebPage\",\"@id\":\"https:\/\/temp.kansleri.fi\/da\/contact-us\/\",\"url\":\"https:\/\/temp.kansleri.fi\/da\/contact-us\/\",\"name\":\"Kontakt os - Aeropole\",\"isPartOf\":{\"@id\":\"https:\/\/temp.kansleri.fi\/#website\"},\"datePublished\":\"2017-11-07T14:47:51+00:00\",\"dateModified\":\"2025-09-14T20:02:17+00:00\",\"breadcrumb\":{\"@id\":\"https:\/\/temp.kansleri.fi\/da\/contact-us\/#breadcrumb\"},\"inLanguage\":\"da-DK\",\"potentialAction\":[{\"@type\":\"ReadAction\",\"target\":[\"https:\/\/temp.kansleri.fi\/da\/contact-us\/\"]}]},{\"@type\":\"BreadcrumbList\",\"@id\":\"https:\/\/temp.kansleri.fi\/da\/contact-us\/#breadcrumb\",\"itemListElement\":[{\"@type\":\"ListItem\",\"position\":1,\"name\":\"Home\",\"item\":\"https:\/\/temp.kansleri.fi\/da\/\"},{\"@type\":\"ListItem\",\"position\":2,\"name\":\"Kontakt os\"}]},{\"@type\":\"WebSite\",\"@id\":\"https:\/\/temp.kansleri.fi\/#website\",\"url\":\"https:\/\/temp.kansleri.fi\/\",\"name\":\"Aeropole\",\"description\":\"Aviation Academy, Aircraft Sales and Maintenance\",\"potentialAction\":[{\"@type\":\"SearchAction\",\"target\":{\"@type\":\"EntryPoint\",\"urlTemplate\":\"https:\/\/temp.kansleri.fi\/?s={search_term_string}\"},\"query-input\":{\"@type\":\"PropertyValueSpecification\",\"valueRequired\":true,\"valueName\":\"search_term_string\"}}],\"inLanguage\":\"da-DK\"}]}<\/script>\n<!-- \/ Yoast SEO plugin. -->","yoast_head_json":{"title":"Kontakt os - Aeropole","robots":{"index":"index","follow":"follow","max-snippet":"max-snippet:-1","max-image-preview":"max-image-preview:large","max-video-preview":"max-video-preview:-1"},"canonical":"https:\/\/temp.kansleri.fi\/da\/contact-us\/","og_locale":"da_DK","og_type":"article","og_title":"Kontakt os - Aeropole","og_url":"https:\/\/temp.kansleri.fi\/da\/contact-us\/","og_site_name":"Aeropole","article_modified_time":"2025-09-14T20:02:17+00:00","twitter_card":"summary_large_image","twitter_misc":{"Estimeret l\u00e6setid":"6 minutter"},"schema":{"@context":"https:\/\/schema.org","@graph":[{"@type":"WebPage","@id":"https:\/\/temp.kansleri.fi\/da\/contact-us\/","url":"https:\/\/temp.kansleri.fi\/da\/contact-us\/","name":"Kontakt os - Aeropole","isPartOf":{"@id":"https:\/\/temp.kansleri.fi\/#website"},"datePublished":"2017-11-07T14:47:51+00:00","dateModified":"2025-09-14T20:02:17+00:00","breadcrumb":{"@id":"https:\/\/temp.kansleri.fi\/da\/contact-us\/#breadcrumb"},"inLanguage":"da-DK","potentialAction":[{"@type":"ReadAction","target":["https:\/\/temp.kansleri.fi\/da\/contact-us\/"]}]},{"@type":"BreadcrumbList","@id":"https:\/\/temp.kansleri.fi\/da\/contact-us\/#breadcrumb","itemListElement":[{"@type":"ListItem","position":1,"name":"Home","item":"https:\/\/temp.kansleri.fi\/da\/"},{"@type":"ListItem","position":2,"name":"Kontakt os"}]},{"@type":"WebSite","@id":"https:\/\/temp.kansleri.fi\/#website","url":"https:\/\/temp.kansleri.fi\/","name":"Aeropole","description":"Aviation Academy, Aircraft Sales and Maintenance","potentialAction":[{"@type":"SearchAction","target":{"@type":"EntryPoint","urlTemplate":"https:\/\/temp.kansleri.fi\/?s={search_term_string}"},"query-input":{"@type":"PropertyValueSpecification","valueRequired":true,"valueName":"search_term_string"}}],"inLanguage":"da-DK"}]}},"_links":{"self":[{"href":"https:\/\/temp.kansleri.fi\/da\/wp-json\/wp\/v2\/pages\/14793","targetHints":{"allow":["GET"]}}],"collection":[{"href":"https:\/\/temp.kansleri.fi\/da\/wp-json\/wp\/v2\/pages"}],"about":[{"href":"https:\/\/temp.kansleri.fi\/da\/wp-json\/wp\/v2\/types\/page"}],"author":[{"embeddable":true,"href":"https:\/\/temp.kansleri.fi\/da\/wp-json\/wp\/v2\/users\/2"}],"replies":[{"embeddable":true,"href":"https:\/\/temp.kansleri.fi\/da\/wp-json\/wp\/v2\/comments?post=14793"}],"version-history":[{"count":35,"href":"https:\/\/temp.kansleri.fi\/da\/wp-json\/wp\/v2\/pages\/14793\/revisions"}],"predecessor-version":[{"id":29813,"href":"https:\/\/temp.kansleri.fi\/da\/wp-json\/wp\/v2\/pages\/14793\/revisions\/29813"}],"wp:attachment":[{"href":"https:\/\/temp.kansleri.fi\/da\/wp-json\/wp\/v2\/media?parent=14793"}],"curies":[{"name":"wp","href":"https:\/\/api.w.org\/{rel}","templated":true}]}}