{"id":16643,"date":"2019-01-23T13:24:46","date_gmt":"2019-01-23T13:24:46","guid":{"rendered":"https:\/\/temp.kansleri.fi\/brugte-fly-til-salg\/"},"modified":"2025-11-19T13:27:26","modified_gmt":"2025-11-19T13:27:26","slug":"brugte-fly-til-salg","status":"publish","type":"page","link":"https:\/\/temp.kansleri.fi\/da\/brugte-fly-til-salg\/","title":{"rendered":"Brugte fly til salg"},"content":{"rendered":"<div id='av_section_1'  class='avia-section footer_color avia-section-default avia-no-shadow  av-parallax-section av-section-color-overlay-active avia-bg-style-parallax  avia-builder-el-0  el_before_av_textblock  avia-builder-el-first   av-minimum-height av-minimum-height-25  container_wrap sidebar_right' style=' '  data-section-bg-repeat='no-repeat' data-av_minimum_height_pc='25'><div class='av-parallax' data-avia-parallax-ratio='0.3' ><div class='av-parallax-inner footer_color  avia-full-stretch' style = 'background-repeat: no-repeat; background-image: url(https:\/\/temp.kansleri.fi\/wp-content\/uploads\/2016\/11\/down_4512_3808_2480_100_300_06-small-952x430.jpg);background-attachment: scroll; background-position: center center; ' ><\/div><\/div><div class='av-section-color-overlay-wrap'><div class='av-section-color-overlay' style='opacity: 0.5; background-color: black; '><\/div><div class='container' ><main  role=\"main\" itemprop=\"mainContentOfPage\"  class='template-page content  av-content-small alpha units'><div class='post-entry post-entry-type-page post-entry-16643'><div class='entry-content-wrapper clearfix'>\n<div class='flex_column_table av-equal-height-column-flextable -flextable' ><div class=\"flex_column av_three_fourth  flex_column_table_cell av-equal-height-column av-align-middle av-zero-column-padding first  avia-builder-el-1  el_before_av_one_third  avia-builder-el-first  \" style='border-radius:0px; '><div  style='padding-bottom:10px; ' class='av-special-heading av-special-heading-h2  blockquote modern-quote  avia-builder-el-2  avia-builder-el-no-sibling  '><h2 class='av-special-heading-tag '  itemprop=\"headline\"  >Til salg i \u00f8jeblikket<\/h2><div class='special-heading-border'><div class='special-heading-inner-border' ><\/div><\/div><\/div><\/div><\/div><!--close column table wrapper. Autoclose: 1 --><div class=\"flex_column av_one_third  flex_column_div av-zero-column-padding first  avia-builder-el-3  el_after_av_three_fourth  avia-builder-el-last  column-top-margin\" style='border-radius:0px; '><div  class='avia-button-wrap avia-button-center  avia-builder-el-4  avia-builder-el-no-sibling ' ><a href='https:\/\/temp.kansleri.fi\/da\/contact-us\/'  class='avia-button   avia-icon_select-yes-left-icon avia-color-light avia-size-small avia-position-center '   ><span class='avia_button_icon avia_button_icon_left ' aria-hidden='true' data-av_icon='\ue812' data-av_iconfont='entypo-fontello'><\/span><span class='avia_iconbox_title' >Kontakt vores flysalg!<\/span><\/a><\/div><\/div>\n<\/div><\/div><\/main><!-- close content main element --><\/div><\/div><\/div><div id='after_section_1'  class='main_color av_default_container_wrap container_wrap sidebar_right' style=' '  ><div class='container' ><div class='template-page content  av-content-small alpha units'><div class='post-entry post-entry-type-page post-entry-16643'><div class='entry-content-wrapper clearfix'>\n<section class=\"av_textblock_section \"  itemscope=\"itemscope\" itemtype=\"https:\/\/schema.org\/CreativeWork\" ><div class='avia_textblock  '   itemprop=\"text\" ><p>Vi har et skiftende udvalg af brugte fly til salg.<\/p>\n<p>Vi opererer gennem vores partner netv\u00e6rk, s\u00e5 du kan se, at nogle af de samme fly bliver tilbudt gennem vores partnere ogs\u00e5. P\u00e5 denne side s\u00e6tter vi kun fly p\u00e5, der fysisk vises p\u00e5 et af vores baser, enten ejet af Aeropole eller fly, hvis ejere har betroet Aeropole til at s\u00e6lge deres fly.<\/p>\n<p>Hvis du har en specifik anmodning om en bestemt type fly, der ikke er tilg\u00e6ngelig her, skal du kontakte os, da vi har et omfattende kontakt netv\u00e6rk, hvor nogen sandsynligvis har denne type fly til salg.<\/p>\n<p><a href=\"https:\/\/temp.kansleri.fi\/da\/contact-us\/\">Kontakt os<\/a> nu for at blive luftfart\u00f8jsejer!<\/p>\n<\/div><\/section>\n<div id='av-masonry-1' class='av-masonry courses-masonry noHover av-fixed-size av-1px-gap av-hover-overlay-active av-masonry-animation-active av-masonry-col-flexible av-caption-always av-caption-style-    '  ><div class='av-masonry-container isotope av-js-disabled ' ><div class='av-masonry-entry isotope-item av-masonry-item-no-image all_sort pre-owned-da_sort  deal-pending-pre-owned-da_sort  sold-pre-owned-da_sort '><\/div><a href=\"https:\/\/temp.kansleri.fi\/da\/items\/62-187\/\" id='av-masonry-1-item-30389' data-av-masonry-item='30389' class='av-masonry-entry isotope-item post-30389 portfolio type-portfolio status-publish has-post-thumbnail hentry tag-da62-da portfolio_entries-pre-owned-da all_sort pre-owned-da_sort  av-masonry-item-with-image av-grid-img' title=\"IMG_6804\"  itemscope=\"itemscope\" itemtype=\"https:\/\/schema.org\/CreativeWork\" ><div class='av-inner-masonry-sizer'><\/div><figure class='av-inner-masonry main_color'><div class=\"av-masonry-outerimage-container\"><div class=\"av-masonry-image-container\" style=\"background-image: url(https:\/\/temp.kansleri.fi\/wp-content\/uploads\/2026\/02\/IMG_6804-705x529.jpeg);\" title=\"IMG_6804\" ><\/div><\/div><figcaption class='av-inner-masonry-content site-background'><div class='av-inner-masonry-content-pos'><div class='av-inner-masonry-content-pos-content'><div class='avia-arrow'><\/div><h3 class='av-masonry-entry-title entry-title '  itemprop=\"headline\" >DA62 year 2022, 62.187, 5 seats with Aircon. Price Lowered!<\/h3><\/div><\/div><\/figcaption><\/figure><\/a><!--end av-masonry entry--><a href=\"https:\/\/temp.kansleri.fi\/da\/items\/40-n576\/\" id='av-masonry-1-item-29908' data-av-masonry-item='29908' class='av-masonry-entry isotope-item post-29908 portfolio type-portfolio status-publish has-post-thumbnail hentry tag-da40-da tag-g1000-nxi tag-gfc700-da portfolio_entries-deal-pending-pre-owned-da portfolio_entries-pre-owned-da all_sort deal-pending-pre-owned-da_sort  pre-owned-da_sort  av-masonry-item-with-image av-grid-img' title=\"IMG_6295\"  itemscope=\"itemscope\" itemtype=\"https:\/\/schema.org\/CreativeWork\" ><div class='av-inner-masonry-sizer'><\/div><figure class='av-inner-masonry main_color'><div class=\"av-masonry-outerimage-container\"><div class=\"av-masonry-image-container\" style=\"background-image: url(https:\/\/temp.kansleri.fi\/wp-content\/uploads\/2025\/10\/IMG_6295-705x529.jpeg);\" title=\"IMG_6295\" ><\/div><\/div><figcaption class='av-inner-masonry-content site-background'><div class='av-inner-masonry-content-pos'><div class='av-inner-masonry-content-pos-content'><div class='avia-arrow'><\/div><h3 class='av-masonry-entry-title entry-title '  itemprop=\"headline\" >DA40NG year 2022 40.N576 (NXi)<\/h3><\/div><\/div><\/figcaption><\/figure><\/a><!--end av-masonry entry--><a href=\"https:\/\/temp.kansleri.fi\/da\/items\/c0334\/\" id='av-masonry-1-item-29165' data-av-masonry-item='29165' class='av-masonry-entry isotope-item post-29165 portfolio type-portfolio status-publish has-post-thumbnail hentry tag-da20-da tag-da20-c1-da portfolio_entries-deal-pending-pre-owned-da portfolio_entries-pre-owned-da all_sort deal-pending-pre-owned-da_sort  pre-owned-da_sort  av-masonry-item-with-image av-grid-img' title=\"IMG_5902\"  itemscope=\"itemscope\" itemtype=\"https:\/\/schema.org\/CreativeWork\" ><div class='av-inner-masonry-sizer'><\/div><figure class='av-inner-masonry main_color'><div class=\"av-masonry-outerimage-container\"><div class=\"av-masonry-image-container\" style=\"background-image: url(https:\/\/temp.kansleri.fi\/wp-content\/uploads\/2025\/05\/IMG_5902-705x529.jpg);\" title=\"IMG_5902\" ><\/div><\/div><figcaption class='av-inner-masonry-content site-background'><div class='av-inner-masonry-content-pos'><div class='av-inner-masonry-content-pos-content'><div class='avia-arrow'><\/div><h3 class='av-masonry-entry-title entry-title '  itemprop=\"headline\" >DA20-C1 year 2005, C0334, traditional panel<\/h3><\/div><\/div><\/figcaption><\/figure><\/a><!--end av-masonry entry--><a href=\"https:\/\/temp.kansleri.fi\/da\/items\/42-n423\/\" id='av-masonry-1-item-28314' data-av-masonry-item='28314' class='av-masonry-entry isotope-item post-28314 portfolio type-portfolio status-publish has-post-thumbnail hentry tag-da42-da tag-da42ng-da portfolio_entries-deal-pending-pre-owned-da portfolio_entries-pre-owned-da all_sort deal-pending-pre-owned-da_sort  pre-owned-da_sort  av-masonry-item-with-image av-grid-img' title=\"IMG_4620\"  itemscope=\"itemscope\" itemtype=\"https:\/\/schema.org\/CreativeWork\" ><div class='av-inner-masonry-sizer'><\/div><figure class='av-inner-masonry main_color'><div class=\"av-masonry-outerimage-container\"><div class=\"av-masonry-image-container\" style=\"background-image: url(https:\/\/temp.kansleri.fi\/wp-content\/uploads\/2025\/01\/IMG_4620-705x529.jpg);\" title=\"IMG_4620\" ><\/div><\/div><figcaption class='av-inner-masonry-content site-background'><div class='av-inner-masonry-content-pos'><div class='av-inner-masonry-content-pos-content'><div class='avia-arrow'><\/div><h3 class='av-masonry-entry-title entry-title '  itemprop=\"headline\" >DA42-VI year 2021, 42.N423. Clean sheet!<\/h3><\/div><\/div><\/figcaption><\/figure><\/a><!--end av-masonry entry--><a href=\"https:\/\/temp.kansleri.fi\/da\/items\/42-n384\/\" id='av-masonry-1-item-27473' data-av-masonry-item='27473' class='av-masonry-entry isotope-item post-27473 portfolio type-portfolio status-publish has-post-thumbnail hentry tag-da42-da tag-da42ng-da portfolio_entries-deal-pending-pre-owned-da portfolio_entries-pre-owned-da all_sort deal-pending-pre-owned-da_sort  pre-owned-da_sort  av-masonry-item-with-image av-grid-img' title=\"IMG_4074\"  itemscope=\"itemscope\" itemtype=\"https:\/\/schema.org\/CreativeWork\" ><div class='av-inner-masonry-sizer'><\/div><figure class='av-inner-masonry main_color'><div class=\"av-masonry-outerimage-container\"><div class=\"av-masonry-image-container\" style=\"background-image: url(https:\/\/temp.kansleri.fi\/wp-content\/uploads\/2024\/10\/IMG_4074-705x529.jpg);\" title=\"IMG_4074\" ><\/div><\/div><figcaption class='av-inner-masonry-content site-background'><div class='av-inner-masonry-content-pos'><div class='av-inner-masonry-content-pos-content'><div class='avia-arrow'><\/div><h3 class='av-masonry-entry-title entry-title '  itemprop=\"headline\" >DA42-VI year 2019, 42.N384. Clean sheet!<\/h3><\/div><\/div><\/figcaption><\/figure><\/a><!--end av-masonry entry--><a href=\"https:\/\/temp.kansleri.fi\/da\/items\/62-281\/\" id='av-masonry-1-item-28709' data-av-masonry-item='28709' class='av-masonry-entry isotope-item post-28709 portfolio type-portfolio status-publish has-post-thumbnail hentry tag-da62-da portfolio_entries-pre-owned-da portfolio_entries-sold-pre-owned-da all_sort pre-owned-da_sort  sold-pre-owned-da_sort  av-masonry-item-with-image av-grid-img' title=\"IMG_9595\"  itemscope=\"itemscope\" itemtype=\"https:\/\/schema.org\/CreativeWork\" ><div class='av-inner-masonry-sizer'><\/div><figure class='av-inner-masonry main_color'><div class=\"av-masonry-outerimage-container\"><div class=\"av-masonry-image-container\" style=\"background-image: url(https:\/\/temp.kansleri.fi\/wp-content\/uploads\/2025\/04\/IMG_9595-705x529.jpg);\" title=\"IMG_9595\" ><\/div><\/div><figcaption class='av-inner-masonry-content site-background'><div class='av-inner-masonry-content-pos'><div class='av-inner-masonry-content-pos-content'><div class='avia-arrow'><\/div><h3 class='av-masonry-entry-title entry-title '  itemprop=\"headline\" >DA62 year 2024, 62.281. Full Options, Better Than New?<\/h3><\/div><\/div><\/figcaption><\/figure><\/a><!--end av-masonry entry--><a href=\"https:\/\/temp.kansleri.fi\/da\/items\/da20-c1-c0597\/\" id='av-masonry-1-item-27457' data-av-masonry-item='27457' class='av-masonry-entry isotope-item post-27457 portfolio type-portfolio status-publish has-post-thumbnail hentry tag-da20-da tag-da20-c1-da tag-g500 portfolio_entries-pre-owned-da portfolio_entries-sold-pre-owned-da all_sort pre-owned-da_sort  sold-pre-owned-da_sort  av-masonry-item-with-image av-grid-img' title=\"KAW exterior front\"  itemscope=\"itemscope\" itemtype=\"https:\/\/schema.org\/CreativeWork\" ><div class='av-inner-masonry-sizer'><\/div><figure class='av-inner-masonry main_color'><div class=\"av-masonry-outerimage-container\"><div class=\"av-masonry-image-container\" style=\"background-image: url(https:\/\/temp.kansleri.fi\/wp-content\/uploads\/2024\/10\/KAW-exterior-front-705x529.jpg);\" title=\"KAW exterior front\" ><\/div><\/div><figcaption class='av-inner-masonry-content site-background'><div class='av-inner-masonry-content-pos'><div class='av-inner-masonry-content-pos-content'><div class='avia-arrow'><\/div><h3 class='av-masonry-entry-title entry-title '  itemprop=\"headline\" >DA20-C1 &#8220;Eclipse&#8221; year 2011: G500 w\/ SVT, WAAS<\/h3><\/div><\/div><\/figcaption><\/figure><\/a><!--end av-masonry entry--><a href=\"https:\/\/temp.kansleri.fi\/da\/items\/da40ng-2018-40-n371\/\" id='av-masonry-1-item-26630' data-av-masonry-item='26630' class='av-masonry-entry isotope-item post-26630 portfolio type-portfolio status-publish has-post-thumbnail hentry tag-da40-da tag-g1000-da tag-gfc700-da portfolio_entries-pre-owned-da portfolio_entries-sold-pre-owned-da all_sort pre-owned-da_sort  sold-pre-owned-da_sort  av-masonry-item-with-image av-grid-img' title=\"Interior TF-KFJ\"  itemscope=\"itemscope\" itemtype=\"https:\/\/schema.org\/CreativeWork\" ><div class='av-inner-masonry-sizer'><\/div><figure class='av-inner-masonry main_color'><div class=\"av-masonry-outerimage-container\"><div class=\"av-masonry-image-container\" style=\"background-image: url(https:\/\/temp.kansleri.fi\/wp-content\/uploads\/2024\/02\/Interior-TF-KFJ-578x705.jpg);\" title=\"Interior TF-KFJ\" ><\/div><\/div><figcaption class='av-inner-masonry-content site-background'><div class='av-inner-masonry-content-pos'><div class='av-inner-masonry-content-pos-content'><div class='avia-arrow'><\/div><h3 class='av-masonry-entry-title entry-title '  itemprop=\"headline\" >DA40NG year 2018, 40.N371 (NXi)<\/h3><\/div><\/div><\/figcaption><\/figure><\/a><!--end av-masonry entry--><a href=\"https:\/\/temp.kansleri.fi\/da\/items\/da20-c1-c0561\/\" id='av-masonry-1-item-26507' data-av-masonry-item='26507' class='av-masonry-entry isotope-item post-26507 portfolio type-portfolio status-publish has-post-thumbnail hentry tag-da20-da tag-da20-c1-da tag-g500 portfolio_entries-pre-owned-da portfolio_entries-sold-pre-owned-da all_sort pre-owned-da_sort  sold-pre-owned-da_sort  av-masonry-item-with-image av-grid-img' title=\"IMG_0730\"  itemscope=\"itemscope\" itemtype=\"https:\/\/schema.org\/CreativeWork\" ><div class='av-inner-masonry-sizer'><\/div><figure class='av-inner-masonry main_color'><div class=\"av-masonry-outerimage-container\"><div class=\"av-masonry-image-container\" style=\"background-image: url(https:\/\/temp.kansleri.fi\/wp-content\/uploads\/2024\/02\/IMG_0730-2-705x529.jpg);\" title=\"IMG_0730\" ><\/div><\/div><figcaption class='av-inner-masonry-content site-background'><div class='av-inner-masonry-content-pos'><div class='av-inner-masonry-content-pos-content'><div class='avia-arrow'><\/div><h3 class='av-masonry-entry-title entry-title '  itemprop=\"headline\" >DA20-C1 &#8220;Eclipse&#8221; year 2010: G500 w\/ SVT, WAAS<\/h3><\/div><\/div><\/figcaption><\/figure><\/a><!--end av-masonry entry--><a href=\"https:\/\/temp.kansleri.fi\/da\/items\/da42ng-42-047\/\" id='av-masonry-1-item-26302' data-av-masonry-item='26302' class='av-masonry-entry isotope-item post-26302 portfolio type-portfolio status-publish has-post-thumbnail hentry tag-da42-da tag-da42ng-da portfolio_entries-pre-owned-da portfolio_entries-sold-pre-owned-da all_sort pre-owned-da_sort  sold-pre-owned-da_sort  av-masonry-item-with-image av-grid-img' title=\"IMG_1496\"  itemscope=\"itemscope\" itemtype=\"https:\/\/schema.org\/CreativeWork\" ><div class='av-inner-masonry-sizer'><\/div><figure class='av-inner-masonry main_color'><div class=\"av-masonry-outerimage-container\"><div class=\"av-masonry-image-container\" style=\"background-image: url(https:\/\/temp.kansleri.fi\/wp-content\/uploads\/2024\/01\/IMG_1496-705x529.jpg);\" title=\"IMG_1496\" ><\/div><\/div><figcaption class='av-inner-masonry-content site-background'><div class='av-inner-masonry-content-pos'><div class='av-inner-masonry-content-pos-content'><div class='avia-arrow'><\/div><h3 class='av-masonry-entry-title entry-title '  itemprop=\"headline\" >DA42NG year 2005, 42.047, well-equipped!<\/h3><\/div><\/div><\/figcaption><\/figure><\/a><!--end av-masonry entry--><a href=\"https:\/\/temp.kansleri.fi\/da\/items\/da42ng-42-n018\/\" id='av-masonry-1-item-25036' data-av-masonry-item='25036' class='av-masonry-entry isotope-item post-25036 portfolio type-portfolio status-publish has-post-thumbnail hentry tag-da42-da tag-da42ng-da portfolio_entries-pre-owned-da portfolio_entries-sold-pre-owned-da all_sort pre-owned-da_sort  sold-pre-owned-da_sort  av-masonry-item-with-image av-grid-img' title=\"IMG_1965\"  itemscope=\"itemscope\" itemtype=\"https:\/\/schema.org\/CreativeWork\" ><div class='av-inner-masonry-sizer'><\/div><figure class='av-inner-masonry main_color'><div class=\"av-masonry-outerimage-container\"><div class=\"av-masonry-image-container\" style=\"background-image: url(https:\/\/temp.kansleri.fi\/wp-content\/uploads\/2022\/04\/IMG_1965-705x529.jpg);\" title=\"IMG_1965\" ><\/div><\/div><figcaption class='av-inner-masonry-content site-background'><div class='av-inner-masonry-content-pos'><div class='av-inner-masonry-content-pos-content'><div class='avia-arrow'><\/div><h3 class='av-masonry-entry-title entry-title '  itemprop=\"headline\" >DA42NG year 2009, 42.N018. Genuine NG!<\/h3><\/div><\/div><\/figcaption><\/figure><\/a><!--end av-masonry entry--><a href=\"https:\/\/temp.kansleri.fi\/da\/items\/da40ng-40-n004\/\" id='av-masonry-1-item-25043' data-av-masonry-item='25043' class='av-masonry-entry isotope-item post-25043 portfolio type-portfolio status-publish has-post-thumbnail hentry tag-da40-da tag-g1000-da tag-gfc700-da portfolio_entries-pre-owned-da portfolio_entries-sold-pre-owned-da all_sort pre-owned-da_sort  sold-pre-owned-da_sort  av-masonry-item-with-image av-grid-img' title=\"IMG_2615\"  itemscope=\"itemscope\" itemtype=\"https:\/\/schema.org\/CreativeWork\" ><div class='av-inner-masonry-sizer'><\/div><figure class='av-inner-masonry main_color'><div class=\"av-masonry-outerimage-container\"><div class=\"av-masonry-image-container\" style=\"background-image: url(https:\/\/temp.kansleri.fi\/wp-content\/uploads\/2022\/07\/IMG_2615-705x529.jpg);\" title=\"IMG_2615\" ><\/div><\/div><figcaption class='av-inner-masonry-content site-background'><div class='av-inner-masonry-content-pos'><div class='av-inner-masonry-content-pos-content'><div class='avia-arrow'><\/div><h3 class='av-masonry-entry-title entry-title '  itemprop=\"headline\" >DA40NG, year 2010, 40.N004<\/h3><\/div><\/div><\/figcaption><\/figure><\/a><!--end av-masonry entry--><\/div><div class='av-masonry-pagination av-masonry-pagination-pagination'><nav class='pagination'><span class='pagination-meta'>Side 1 af 2<\/span><span class='current'>1<\/span><a href='https:\/\/temp.kansleri.fi\/da\/wp-json\/wp\/v2\/pages\/16643\/page\/2\/' class='inactive next_page' >2<\/a><\/nav>\n<\/div><\/div>\n","protected":false},"excerpt":{"rendered":"","protected":false},"author":3,"featured_media":0,"parent":0,"menu_order":0,"comment_status":"closed","ping_status":"closed","template":"","meta":{"footnotes":""},"class_list":["post-16643","page","type-page","status-publish","hentry"],"yoast_head":"<!-- This site is optimized with the Yoast SEO plugin v27.1.1 - https:\/\/yoast.com\/product\/yoast-seo-wordpress\/ -->\n<title>Brugte fly til salg - Aeropole<\/title>\n<meta name=\"robots\" content=\"index, follow, max-snippet:-1, max-image-preview:large, max-video-preview:-1\" \/>\n<link rel=\"canonical\" href=\"https:\/\/temp.kansleri.fi\/da\/brugte-fly-til-salg\/\" \/>\n<meta property=\"og:locale\" content=\"da_DK\" \/>\n<meta property=\"og:type\" content=\"article\" \/>\n<meta property=\"og:title\" content=\"Brugte fly til salg - Aeropole\" \/>\n<meta property=\"og:url\" content=\"https:\/\/temp.kansleri.fi\/da\/brugte-fly-til-salg\/\" \/>\n<meta property=\"og:site_name\" content=\"Aeropole\" \/>\n<meta property=\"article:modified_time\" content=\"2025-11-19T13:27:26+00:00\" \/>\n<meta name=\"twitter:card\" content=\"summary_large_image\" \/>\n<meta name=\"twitter:label1\" content=\"Estimeret l\u00e6setid\" \/>\n\t<meta name=\"twitter:data1\" content=\"2 minutter\" \/>\n<script type=\"application\/ld+json\" class=\"yoast-schema-graph\">{\"@context\":\"https:\/\/schema.org\",\"@graph\":[{\"@type\":\"WebPage\",\"@id\":\"https:\/\/temp.kansleri.fi\/da\/brugte-fly-til-salg\/\",\"url\":\"https:\/\/temp.kansleri.fi\/da\/brugte-fly-til-salg\/\",\"name\":\"Brugte fly til salg - Aeropole\",\"isPartOf\":{\"@id\":\"https:\/\/temp.kansleri.fi\/#website\"},\"datePublished\":\"2019-01-23T13:24:46+00:00\",\"dateModified\":\"2025-11-19T13:27:26+00:00\",\"breadcrumb\":{\"@id\":\"https:\/\/temp.kansleri.fi\/da\/brugte-fly-til-salg\/#breadcrumb\"},\"inLanguage\":\"da-DK\",\"potentialAction\":[{\"@type\":\"ReadAction\",\"target\":[\"https:\/\/temp.kansleri.fi\/da\/brugte-fly-til-salg\/\"]}]},{\"@type\":\"BreadcrumbList\",\"@id\":\"https:\/\/temp.kansleri.fi\/da\/brugte-fly-til-salg\/#breadcrumb\",\"itemListElement\":[{\"@type\":\"ListItem\",\"position\":1,\"name\":\"Home\",\"item\":\"https:\/\/temp.kansleri.fi\/da\/\"},{\"@type\":\"ListItem\",\"position\":2,\"name\":\"Brugte fly til salg\"}]},{\"@type\":\"WebSite\",\"@id\":\"https:\/\/temp.kansleri.fi\/#website\",\"url\":\"https:\/\/temp.kansleri.fi\/\",\"name\":\"Aeropole\",\"description\":\"Aviation Academy, Aircraft Sales and Maintenance\",\"potentialAction\":[{\"@type\":\"SearchAction\",\"target\":{\"@type\":\"EntryPoint\",\"urlTemplate\":\"https:\/\/temp.kansleri.fi\/?s={search_term_string}\"},\"query-input\":{\"@type\":\"PropertyValueSpecification\",\"valueRequired\":true,\"valueName\":\"search_term_string\"}}],\"inLanguage\":\"da-DK\"}]}<\/script>\n<!-- \/ Yoast SEO plugin. -->","yoast_head_json":{"title":"Brugte fly til salg - Aeropole","robots":{"index":"index","follow":"follow","max-snippet":"max-snippet:-1","max-image-preview":"max-image-preview:large","max-video-preview":"max-video-preview:-1"},"canonical":"https:\/\/temp.kansleri.fi\/da\/brugte-fly-til-salg\/","og_locale":"da_DK","og_type":"article","og_title":"Brugte fly til salg - Aeropole","og_url":"https:\/\/temp.kansleri.fi\/da\/brugte-fly-til-salg\/","og_site_name":"Aeropole","article_modified_time":"2025-11-19T13:27:26+00:00","twitter_card":"summary_large_image","twitter_misc":{"Estimeret l\u00e6setid":"2 minutter"},"schema":{"@context":"https:\/\/schema.org","@graph":[{"@type":"WebPage","@id":"https:\/\/temp.kansleri.fi\/da\/brugte-fly-til-salg\/","url":"https:\/\/temp.kansleri.fi\/da\/brugte-fly-til-salg\/","name":"Brugte fly til salg - Aeropole","isPartOf":{"@id":"https:\/\/temp.kansleri.fi\/#website"},"datePublished":"2019-01-23T13:24:46+00:00","dateModified":"2025-11-19T13:27:26+00:00","breadcrumb":{"@id":"https:\/\/temp.kansleri.fi\/da\/brugte-fly-til-salg\/#breadcrumb"},"inLanguage":"da-DK","potentialAction":[{"@type":"ReadAction","target":["https:\/\/temp.kansleri.fi\/da\/brugte-fly-til-salg\/"]}]},{"@type":"BreadcrumbList","@id":"https:\/\/temp.kansleri.fi\/da\/brugte-fly-til-salg\/#breadcrumb","itemListElement":[{"@type":"ListItem","position":1,"name":"Home","item":"https:\/\/temp.kansleri.fi\/da\/"},{"@type":"ListItem","position":2,"name":"Brugte fly til salg"}]},{"@type":"WebSite","@id":"https:\/\/temp.kansleri.fi\/#website","url":"https:\/\/temp.kansleri.fi\/","name":"Aeropole","description":"Aviation Academy, Aircraft Sales and Maintenance","potentialAction":[{"@type":"SearchAction","target":{"@type":"EntryPoint","urlTemplate":"https:\/\/temp.kansleri.fi\/?s={search_term_string}"},"query-input":{"@type":"PropertyValueSpecification","valueRequired":true,"valueName":"search_term_string"}}],"inLanguage":"da-DK"}]}},"_links":{"self":[{"href":"https:\/\/temp.kansleri.fi\/da\/wp-json\/wp\/v2\/pages\/16643","targetHints":{"allow":["GET"]}}],"collection":[{"href":"https:\/\/temp.kansleri.fi\/da\/wp-json\/wp\/v2\/pages"}],"about":[{"href":"https:\/\/temp.kansleri.fi\/da\/wp-json\/wp\/v2\/types\/page"}],"author":[{"embeddable":true,"href":"https:\/\/temp.kansleri.fi\/da\/wp-json\/wp\/v2\/users\/3"}],"replies":[{"embeddable":true,"href":"https:\/\/temp.kansleri.fi\/da\/wp-json\/wp\/v2\/comments?post=16643"}],"version-history":[{"count":11,"href":"https:\/\/temp.kansleri.fi\/da\/wp-json\/wp\/v2\/pages\/16643\/revisions"}],"predecessor-version":[{"id":30115,"href":"https:\/\/temp.kansleri.fi\/da\/wp-json\/wp\/v2\/pages\/16643\/revisions\/30115"}],"wp:attachment":[{"href":"https:\/\/temp.kansleri.fi\/da\/wp-json\/wp\/v2\/media?parent=16643"}],"curies":[{"name":"wp","href":"https:\/\/api.w.org\/{rel}","templated":true}]}}