{"id":16714,"date":"2019-01-31T10:39:32","date_gmt":"2019-01-31T10:39:32","guid":{"rendered":"https:\/\/temp.kansleri.fi\/firmaet\/"},"modified":"2025-11-12T13:15:05","modified_gmt":"2025-11-12T13:15:05","slug":"firmaet","status":"publish","type":"page","link":"https:\/\/temp.kansleri.fi\/da\/firmaet\/","title":{"rendered":"Firmaet"},"content":{"rendered":"<div  style='padding-bottom:10px; ' class='av-special-heading av-special-heading-h1    avia-builder-el-0  el_before_av_textblock  avia-builder-el-first  '><h1 class='av-special-heading-tag '  itemprop=\"headline\"  >Om Aeropole<\/h1><div class='special-heading-border'><div class='special-heading-inner-border' ><\/div><\/div><\/div>\n<section class=\"av_textblock_section \"  itemscope=\"itemscope\" itemtype=\"https:\/\/schema.org\/CreativeWork\" ><div class='avia_textblock intro-text '   itemprop=\"text\" ><p><span class=\"tlid-translation translation\"><span class=\"\" title=\"\">Vi p\u00e5 Aeropole er lidenskabelige med at give dig en fremragende flyvetr\u00e6ning.<\/span> <span class=\"\" title=\"\">Vores m\u00e5l er at v\u00e6re Europas f\u00f8rende flyveskole med hensyn til kvalitet og sikkerhed.<\/span> <span class=\"\" title=\"\">Vores l\u00f8fte til dig er, at levere overlegen kvalitet i kundeservice, tr\u00e6ning, udstyr og personale.<\/span><\/span><\/p>\n<\/div><\/section>\n<div class=\"flex_column av_one_fourth  flex_column_div av-zero-column-padding first  avia-builder-el-2  el_after_av_textblock  el_before_av_one_fourth  column-top-margin\" style='border-radius:0px; '><section class=\"av_textblock_section \"  itemscope=\"itemscope\" itemtype=\"https:\/\/schema.org\/CreativeWork\" ><div class='avia_textblock  '   itemprop=\"text\" ><p><strong>Fremragende kundeservice<\/strong><\/p>\n<p>Vi vil kun give dig l\u00f8fter, som vi kan holde. Det betyder at vi tilbyder dig rimelige aftaler, let forst\u00e5elig prisfasts\u00e6ttelse og \u00e5ben kommunikation, n\u00e5r tingene \u00e6ndrer sig. Tr\u00e6ningsprogrammerne er individuelt tilpasset dine behov, hvad enten det sker under almindelig arbejdstid eller aftener og weekender.<\/p>\n<\/div><\/section><\/div>\n<div class=\"flex_column av_one_fourth  flex_column_div av-zero-column-padding   avia-builder-el-4  el_after_av_one_fourth  el_before_av_one_fourth  column-top-margin\" style='border-radius:0px; '><section class=\"av_textblock_section \"  itemscope=\"itemscope\" itemtype=\"https:\/\/schema.org\/CreativeWork\" ><div class='avia_textblock  '   itemprop=\"text\" ><p><strong>Kvalitet i tr\u00e6ning<\/strong><\/p>\n<p>Vi har en meget p\u00e6dagogisk tilgang til tr\u00e6ning. Vi er her ikke for at vise vores egne flyvef\u00e6rdigheder, men for at tr\u00e6ne vores elever til at v\u00e6re sikre og dygtige piloter, uanset om m\u00e5let er at flyve professionelt eller i fritiden. Vi har en opdateret tilgang med tr\u00e6nings- og kvalitetssystemer. Vores undervisningsmetoder er veltestede systemer i verdensklasse, som vi har tilpasset og yderligere forbedret til det lokale nordiske milj\u00f8 &#8211; og alt tr\u00e6ning overholder naturligvis de europ\u00e6iske luftfartsforskrifter (EASA).<\/p>\n<\/div><\/section><\/div>\n<div class=\"flex_column av_one_fourth  flex_column_div av-zero-column-padding   avia-builder-el-6  el_after_av_one_fourth  el_before_av_one_fourth  column-top-margin\" style='border-radius:0px; '><section class=\"av_textblock_section \"  itemscope=\"itemscope\" itemtype=\"https:\/\/schema.org\/CreativeWork\" ><div class='avia_textblock  '   itemprop=\"text\" ><p><strong>Moderne fly<\/strong><\/p>\n<p>Vores fly er state-of-the-art, perfekt til tr\u00e6ning og er yderst sikre (faktisk blandt den bedste sikkerhed i branchen.) Vi t\u00f8r p\u00e5st\u00e5, at vi driver en af de nyeste og mest moderne tr\u00e6ningsfl\u00e5de i Danmark i vores priskategori. Alle vores elever opfordres til at tr\u00e6ne p\u00e5 glascockpit, men vi tr\u00e6ner ogs\u00e5 p\u00e5 traditionelle instrumenter, for at give vores studerende alle de f\u00e6rdigheder, de har brug for.<\/p>\n<\/div><\/section><\/div>\n<div class=\"flex_column av_one_fourth  flex_column_div av-zero-column-padding   avia-builder-el-8  el_after_av_one_fourth  el_before_av_section  avia-builder-el-last  column-top-margin\" style='border-radius:0px; '><section class=\"av_textblock_section \"  itemscope=\"itemscope\" itemtype=\"https:\/\/schema.org\/CreativeWork\" ><div class='avia_textblock  '   itemprop=\"text\" ><p><strong>Professionelle og dygtige instrukt\u00f8rer<\/strong><\/p>\n<p>Vores instrukt\u00f8rer har hundredvis, hvis ikke tusindvis af timers erfaring som piloter og \u00a0instrukt\u00f8rer, og de fleste har fl\u00f8jet i et luftfartsselskab eller i et charterselskab. De er hos os, fordi de er glade for at undervise og g\u00e5r op i at levere undervisning af \u00a0h\u00f8j kvalitet. De er her ikke bare for at f\u00e5 flere flyvetimer. N\u00e5r det er sagt, hviler kvaliteten af undervisning ikke kun p\u00e5 de enkelte instrukt\u00f8rers skuldre, men er underst\u00f8ttet af Aeropoles metodiske tilgang til kvalitet og l\u00e6ring i hele organisationen.<\/p>\n<\/div><\/section><\/div>\n<\/div><\/div><\/div><!-- close content main div --><\/div><\/div><div id='av_section_1'  class='avia-section footer_color avia-section-default avia-no-shadow  avia-full-stretch av-parallax-section av-section-color-overlay-active avia-bg-style-parallax  avia-builder-el-10  el_after_av_one_fourth  el_before_av_heading   av-minimum-height av-minimum-height-50  container_wrap sidebar_right' style=' '  data-section-bg-repeat='stretch' data-av_minimum_height_pc='50'><div class='av-parallax' data-avia-parallax-ratio='0.3' ><div class='av-parallax-inner footer_color  avia-full-stretch' style = 'background-repeat: no-repeat; background-image: url(https:\/\/temp.kansleri.fi\/wp-content\/uploads\/2016\/06\/20150731_Aeropole_kuvat_42-1500x1000.jpg);background-attachment: scroll; background-position: top center; ' ><\/div><\/div><div class='av-section-color-overlay-wrap'><div class='av-section-color-overlay' style='opacity: 0.5; background-color: black; '><\/div><div class='container' ><div class='template-page content  av-content-small alpha units'><div class='post-entry post-entry-type-page post-entry-16714'><div class='entry-content-wrapper clearfix'>\n<div  style='padding-bottom:10px; ' class='av-special-heading av-special-heading-h1    avia-builder-el-11  el_before_av_textblock  avia-builder-el-first  '><h1 class='av-special-heading-tag '  itemprop=\"headline\"  >Vi er Aeropole<\/h1><div class='special-heading-border'><div class='special-heading-inner-border' ><\/div><\/div><\/div>\n<section class=\"av_textblock_section \"  itemscope=\"itemscope\" itemtype=\"https:\/\/schema.org\/CreativeWork\" ><div class='avia_textblock  '  style='font-size:21px; '  itemprop=\"text\" ><p>Vi er luftfarts- og forretningsfolk med forskellige baggrunde: luftfatsselskaber og charterpiloter, karriereinstrukt\u00f8rer, flyingeni\u00f8rer, forretningschefer og iv\u00e6rks\u00e6ttere. Vi savnede en flyveskole, der virkelig var interesseret i elevernes l\u00e6ring og kundeservice, s\u00e5 vi grundlagde selv en flyveskole. Vi er m\u00e5ske ikke den billigste flyveskole, men vi str\u00e6ber efter at v\u00e6re den bedste.<\/p>\n<p>Vores team er her for dig og alle er eksperter i deres erhverv og lidenskabelig omkring undervisning. Vores instrukt\u00f8rer er professionelle piloter med tusindvis af flyvetimer, og de ved virkelig hvad flyvning handler om. Hver af os deler en stor k\u00e6rlighed til flyvning og undervisning. For os er godt ikke nok. Vi er der for dig, hele vejen til du f\u00e5r dine egne vinger<\/p>\n<\/div><\/section>\n<\/div><\/div><\/div><!-- close content main div --><\/div><\/div><\/div><div id='after_section_1'  class='main_color av_default_container_wrap container_wrap sidebar_right' style=' '  ><div class='container' ><div class='template-page content  av-content-small alpha units'><div class='post-entry post-entry-type-page post-entry-16714'><div class='entry-content-wrapper clearfix'>\n<div  style='padding-bottom:10px; ' class='av-special-heading av-special-heading-h1    avia-builder-el-13  el_after_av_section  el_before_av_textblock  avia-builder-el-first  '><h1 class='av-special-heading-tag '  itemprop=\"headline\"  >Stiftere<\/h1><div class='special-heading-border'><div class='special-heading-inner-border' ><\/div><\/div><\/div>\n<section class=\"av_textblock_section \"  itemscope=\"itemscope\" itemtype=\"https:\/\/schema.org\/CreativeWork\" ><div class='avia_textblock intro-text '   itemprop=\"text\" ><p><span class=\"tlid-translation translation\"><span class=\"\" title=\"\">Vores overbevisning er, at den eneste m\u00e5de at forblive dygtige er at erkende at vi alle er p\u00e5 en endel\u00f8s l\u00e6ringsrejse, og at ekspertise kommer gennem udholdenhed og l\u00f8bende forbedringer.<\/span>\u00a0N\u00e5r det er sagt, s\u00e5 er det vigtigt samtidig at nyde at flyvningen og huske at\u00a0<span class=\"\" title=\"\">sp\u00e6nding og sjov er en uadskillelig del oplevelsen.<\/span><\/span><\/p>\n<\/div><\/section>\n<section class=\"av_textblock_section \"  itemscope=\"itemscope\" itemtype=\"https:\/\/schema.org\/CreativeWork\" ><div class='avia_textblock  '   itemprop=\"text\" ><p>Aeropole blev grundlagt i 2010 af to luftfartsfagfolk, Mikko Riepula og Tuukka Takala. De to oplevede at tilbudene til ambiti\u00f8se piloter simpelthen ikke var godt nok. Hvor tr\u00e6ningen var god, var der mangler i kundeservicen. Hvor servicen var god, var flyvning og undervisning uprofessionel. Aeropole blev startet, og vi vil nu levere f\u00f8rsteklasses service, kombineret med branchens f\u00f8rende tr\u00e6ningskvalitet. Aeropole er ikke bare en flyveskole, det er intet mindre end det bedste sted at blive pilot.<\/p>\n<\/div><\/section>\n<\/div><\/div><\/div><!-- close content main div --><\/div><\/div><div id='av_section_2'  class='avia-section alternate_color avia-section-default avia-no-shadow  avia-bg-style-scroll  avia-builder-el-16  el_after_av_textblock  el_before_av_section   container_wrap sidebar_right' style=' '  ><div class='container' ><div class='template-page content  av-content-small alpha units'><div class='post-entry post-entry-type-page post-entry-16714'><div class='entry-content-wrapper clearfix'>\n<div class=\"flex_column av_one_fourth  flex_column_div first  avia-builder-el-17  el_before_av_one_fourth  avia-builder-el-first  \" style='padding:0.85em 0px 0px 0px ; border-radius:0px; '><div  class='avia-image-container  av-styling-no-styling    avia-builder-el-18  avia-builder-el-no-sibling  avia-align-center '  itemprop=\"image\" itemscope=\"itemscope\" itemtype=\"https:\/\/schema.org\/ImageObject\"  ><div class='avia-image-container-inner'><div class='avia-image-overlay-wrap'><img class='avia_image' src='https:\/\/temp.kansleri.fi\/wp-content\/uploads\/2016\/06\/Mikko-300x200.jpg' alt='' title='mikko' height=\"200\" width=\"300\"  itemprop=\"thumbnailUrl\"  \/><\/div><\/div><\/div><\/div><div class=\"flex_column av_one_fourth  avia-full-contain flex_column_div av-zero-column-padding   avia-builder-el-19  el_after_av_one_fourth  el_before_av_one_fourth  \" style='border-radius:0px; '><section class=\"av_textblock_section \"  itemscope=\"itemscope\" itemtype=\"https:\/\/schema.org\/CreativeWork\" ><div class='avia_textblock  '   itemprop=\"text\" ><p><strong>Mikko Riepula<\/strong> har en lang og st\u00e6rk baggrund i iv\u00e6rks\u00e6tteri og har en ph.d. i \u00f8konomi. En lang og \u00a0ivrig luftfartsinteresse og er professionel flyveinstrukt\u00f8r. Han er administrerende direkt\u00f8r for Aeropole, aktiv underviser og flyver for Aeropole Helsinki. Opm\u00e6rksomhed p\u00e5 detaljer, og en st\u00e6rk flair for erhvervslivet, g\u00f8r Mikko til en god mand at have ved roret p\u00e5 vores mission for at s\u00f8rge for bedre flyvetr\u00e6ning.<\/p>\n<\/div><\/section><\/div><div class=\"flex_column av_one_fourth  flex_column_div   avia-builder-el-21  el_after_av_one_fourth  el_before_av_one_fourth  \" style='padding:0.85em 0px 0px 0px ; border-radius:0px; '><div  class='avia-image-container  av-styling-no-styling    avia-builder-el-22  avia-builder-el-no-sibling  avia-align-center '  itemprop=\"image\" itemscope=\"itemscope\" itemtype=\"https:\/\/schema.org\/ImageObject\"  ><div class='avia-image-container-inner'><div class='avia-image-overlay-wrap'><img class='avia_image' src='https:\/\/temp.kansleri.fi\/wp-content\/uploads\/2017\/04\/r015-d924-aeropole-MR7_1809-300x200.jpg' alt='' title='r015-d924-aeropole-MR7_1809' height=\"200\" width=\"300\"  itemprop=\"thumbnailUrl\"  \/><\/div><\/div><\/div><\/div><div class=\"flex_column av_one_fourth  flex_column_div av-zero-column-padding   avia-builder-el-23  el_after_av_one_fourth  avia-builder-el-last  \" style='border-radius:0px; '><section class=\"av_textblock_section \"  itemscope=\"itemscope\" itemtype=\"https:\/\/schema.org\/CreativeWork\" ><div class='avia_textblock  '   itemprop=\"text\" ><p><strong>Tuukka Takala<\/strong> er professionel flyveinstrukt\u00f8r og er pilot i et stort luftfartsselskab. Tuukka har fl\u00f8jet jetfly p\u00e5 5 kontinenter og har har en baggrund i forretningsflyvning og i store luftfartsselskaber. Han har derudover stor erfaring med tr\u00e6ning og flydesign. Han inds\u00e5 tidligt at flyvning og undervisning var lige hans omr\u00e5de. Hans ekspertise ligger i flyvesikkerhed, flyveinstruktion og luftfartsorganisationsledelse.<\/p>\n<\/div><\/section><\/div>\n\n<\/div><\/div><\/div><!-- close content main div --><\/div><\/div><div id='approvals'  class='avia-section main_color avia-section-default avia-no-shadow  avia-bg-style-scroll  avia-builder-el-25  el_after_av_section  avia-builder-el-last   container_wrap sidebar_right' style=' '  ><div class='container' ><div class='template-page content  av-content-small alpha units'><div class='post-entry post-entry-type-page post-entry-16714'><div class='entry-content-wrapper clearfix'>\n<div class=\"flex_column av_one_half  flex_column_div av-zero-column-padding first  avia-builder-el-26  el_before_av_one_half  avia-builder-el-first  \" style='border-radius:0px; '><article  class=\"iconbox iconbox_left    avia-builder-el-27  avia-builder-el-no-sibling  \"  itemscope=\"itemscope\" itemtype=\"https:\/\/schema.org\/CreativeWork\" ><div class=\"iconbox_content\"><header class=\"entry-content-header\"><div class=\"iconbox_icon heading-color \" aria-hidden='true' data-av_icon='\ue84d' data-av_iconfont='entypo-fontello'  style='background-color:#e8e8e8; ' ><\/div><h3 class='iconbox_content_title  '  itemprop=\"headline\"  >Godkendelser<\/h3><\/header><div class='iconbox_content_container  '  itemprop=\"text\"  ><p><a href=\"http:\/\/temp.kansleri.fi\/wp-content\/uploads\/2025\/11\/Aeropole-FI.ATO_.2016-Training-Course-Approval-703802-071125.pdf\">EASA ATO Certificate FI.ATO.2016<\/a>\u00a0\u2013 Godkendelsescertifikat for den godkendte tr\u00e6ningsorganisation (EASA ATO).<\/p>\n<p><a href=\"http:\/\/temp.kansleri.fi\/wp-content\/uploads\/2025\/05\/FI-3A-343-FSTD-qualification-certificate-and-specification-2025-05-23.pdf\">FI-3A-343 Qualification Certificate<\/a> \u2013 Godkendelsescertifikat for DA42-flysimulator (FNPT II) i Roskilde.<\/p>\n<p><a href=\"http:\/\/temp.kansleri.fi\/wp-content\/uploads\/2017\/04\/FI3A342-approval.pdf\">FI-3A-342 Qualification Certificate<\/a> \u2013 Godkendelsescertifikat for DA42-flysimulator (FNPT II) i Vantaa, Finland.<\/p>\n<\/div><\/div><footer class=\"entry-footer\"><\/footer><\/article><\/div><div class=\"flex_column av_one_half  flex_column_div av-zero-column-padding   avia-builder-el-28  el_after_av_one_half  avia-builder-el-last  \" style='border-radius:0px; '><article  class=\"iconbox iconbox_left    avia-builder-el-29  avia-builder-el-no-sibling  \"  itemscope=\"itemscope\" itemtype=\"https:\/\/schema.org\/CreativeWork\" ><div class=\"iconbox_content\"><header class=\"entry-content-header\"><div class=\"iconbox_icon heading-color \" aria-hidden='true' data-av_icon='\ue84d' data-av_iconfont='entypo-fontello'  style='background-color:#e8e8e8; ' ><\/div><h3 class='iconbox_content_title  '  itemprop=\"headline\"  >G\u00e6ldende vedr. GDPR<\/h3><\/header><div class='iconbox_content_container  '  itemprop=\"text\"  ><p><a href=\"http:\/\/temp.kansleri.fi\/wp-content\/uploads\/2011\/10\/Rekisteriseloste-Aeropole-Oy.pdf\">Data protection description<\/a> (&#8220;rekisteriseloste&#8221;, in Finnish) dette er kun p\u00e5 Finsk , men vil komme p\u00e5 Dansk.<\/p>\n<\/div><\/div><footer class=\"entry-footer\"><\/footer><\/article><\/div><\/div><\/div><\/div><!-- close content main div --><\/div><\/div><div id='after_section_3'  class='main_color av_default_container_wrap container_wrap sidebar_right' style=' '  ><div class='container' ><div class='template-page content  av-content-small alpha units'><div class='post-entry post-entry-type-page post-entry-16714'><div class='entry-content-wrapper clearfix'>\n","protected":false},"excerpt":{"rendered":"","protected":false},"author":1,"featured_media":0,"parent":0,"menu_order":7,"comment_status":"closed","ping_status":"closed","template":"","meta":{"footnotes":""},"class_list":["post-16714","page","type-page","status-publish","hentry"],"yoast_head":"<!-- This site is optimized with the Yoast SEO plugin v27.1.1 - https:\/\/yoast.com\/product\/yoast-seo-wordpress\/ -->\n<title>Firmaet - Aeropole<\/title>\n<meta name=\"robots\" content=\"index, follow, max-snippet:-1, max-image-preview:large, max-video-preview:-1\" \/>\n<link rel=\"canonical\" href=\"https:\/\/temp.kansleri.fi\/da\/firmaet\/\" \/>\n<meta property=\"og:locale\" content=\"da_DK\" \/>\n<meta property=\"og:type\" content=\"article\" \/>\n<meta property=\"og:title\" content=\"Firmaet - Aeropole\" \/>\n<meta property=\"og:url\" content=\"https:\/\/temp.kansleri.fi\/da\/firmaet\/\" \/>\n<meta property=\"og:site_name\" content=\"Aeropole\" \/>\n<meta property=\"article:modified_time\" content=\"2025-11-12T13:15:05+00:00\" \/>\n<meta name=\"twitter:card\" content=\"summary_large_image\" \/>\n<meta name=\"twitter:label1\" content=\"Estimeret l\u00e6setid\" \/>\n\t<meta name=\"twitter:data1\" content=\"6 minutter\" \/>\n<script type=\"application\/ld+json\" class=\"yoast-schema-graph\">{\"@context\":\"https:\/\/schema.org\",\"@graph\":[{\"@type\":\"WebPage\",\"@id\":\"https:\/\/temp.kansleri.fi\/da\/firmaet\/\",\"url\":\"https:\/\/temp.kansleri.fi\/da\/firmaet\/\",\"name\":\"Firmaet - Aeropole\",\"isPartOf\":{\"@id\":\"https:\/\/temp.kansleri.fi\/#website\"},\"datePublished\":\"2019-01-31T10:39:32+00:00\",\"dateModified\":\"2025-11-12T13:15:05+00:00\",\"breadcrumb\":{\"@id\":\"https:\/\/temp.kansleri.fi\/da\/firmaet\/#breadcrumb\"},\"inLanguage\":\"da-DK\",\"potentialAction\":[{\"@type\":\"ReadAction\",\"target\":[\"https:\/\/temp.kansleri.fi\/da\/firmaet\/\"]}]},{\"@type\":\"BreadcrumbList\",\"@id\":\"https:\/\/temp.kansleri.fi\/da\/firmaet\/#breadcrumb\",\"itemListElement\":[{\"@type\":\"ListItem\",\"position\":1,\"name\":\"Home\",\"item\":\"https:\/\/temp.kansleri.fi\/da\/\"},{\"@type\":\"ListItem\",\"position\":2,\"name\":\"Firmaet\"}]},{\"@type\":\"WebSite\",\"@id\":\"https:\/\/temp.kansleri.fi\/#website\",\"url\":\"https:\/\/temp.kansleri.fi\/\",\"name\":\"Aeropole\",\"description\":\"Aviation Academy, Aircraft Sales and Maintenance\",\"potentialAction\":[{\"@type\":\"SearchAction\",\"target\":{\"@type\":\"EntryPoint\",\"urlTemplate\":\"https:\/\/temp.kansleri.fi\/?s={search_term_string}\"},\"query-input\":{\"@type\":\"PropertyValueSpecification\",\"valueRequired\":true,\"valueName\":\"search_term_string\"}}],\"inLanguage\":\"da-DK\"}]}<\/script>\n<!-- \/ Yoast SEO plugin. -->","yoast_head_json":{"title":"Firmaet - Aeropole","robots":{"index":"index","follow":"follow","max-snippet":"max-snippet:-1","max-image-preview":"max-image-preview:large","max-video-preview":"max-video-preview:-1"},"canonical":"https:\/\/temp.kansleri.fi\/da\/firmaet\/","og_locale":"da_DK","og_type":"article","og_title":"Firmaet - Aeropole","og_url":"https:\/\/temp.kansleri.fi\/da\/firmaet\/","og_site_name":"Aeropole","article_modified_time":"2025-11-12T13:15:05+00:00","twitter_card":"summary_large_image","twitter_misc":{"Estimeret l\u00e6setid":"6 minutter"},"schema":{"@context":"https:\/\/schema.org","@graph":[{"@type":"WebPage","@id":"https:\/\/temp.kansleri.fi\/da\/firmaet\/","url":"https:\/\/temp.kansleri.fi\/da\/firmaet\/","name":"Firmaet - Aeropole","isPartOf":{"@id":"https:\/\/temp.kansleri.fi\/#website"},"datePublished":"2019-01-31T10:39:32+00:00","dateModified":"2025-11-12T13:15:05+00:00","breadcrumb":{"@id":"https:\/\/temp.kansleri.fi\/da\/firmaet\/#breadcrumb"},"inLanguage":"da-DK","potentialAction":[{"@type":"ReadAction","target":["https:\/\/temp.kansleri.fi\/da\/firmaet\/"]}]},{"@type":"BreadcrumbList","@id":"https:\/\/temp.kansleri.fi\/da\/firmaet\/#breadcrumb","itemListElement":[{"@type":"ListItem","position":1,"name":"Home","item":"https:\/\/temp.kansleri.fi\/da\/"},{"@type":"ListItem","position":2,"name":"Firmaet"}]},{"@type":"WebSite","@id":"https:\/\/temp.kansleri.fi\/#website","url":"https:\/\/temp.kansleri.fi\/","name":"Aeropole","description":"Aviation Academy, Aircraft Sales and Maintenance","potentialAction":[{"@type":"SearchAction","target":{"@type":"EntryPoint","urlTemplate":"https:\/\/temp.kansleri.fi\/?s={search_term_string}"},"query-input":{"@type":"PropertyValueSpecification","valueRequired":true,"valueName":"search_term_string"}}],"inLanguage":"da-DK"}]}},"_links":{"self":[{"href":"https:\/\/temp.kansleri.fi\/da\/wp-json\/wp\/v2\/pages\/16714","targetHints":{"allow":["GET"]}}],"collection":[{"href":"https:\/\/temp.kansleri.fi\/da\/wp-json\/wp\/v2\/pages"}],"about":[{"href":"https:\/\/temp.kansleri.fi\/da\/wp-json\/wp\/v2\/types\/page"}],"author":[{"embeddable":true,"href":"https:\/\/temp.kansleri.fi\/da\/wp-json\/wp\/v2\/users\/1"}],"replies":[{"embeddable":true,"href":"https:\/\/temp.kansleri.fi\/da\/wp-json\/wp\/v2\/comments?post=16714"}],"version-history":[{"count":18,"href":"https:\/\/temp.kansleri.fi\/da\/wp-json\/wp\/v2\/pages\/16714\/revisions"}],"predecessor-version":[{"id":30102,"href":"https:\/\/temp.kansleri.fi\/da\/wp-json\/wp\/v2\/pages\/16714\/revisions\/30102"}],"wp:attachment":[{"href":"https:\/\/temp.kansleri.fi\/da\/wp-json\/wp\/v2\/media?parent=16714"}],"curies":[{"name":"wp","href":"https:\/\/api.w.org\/{rel}","templated":true}]}}