{"id":17059,"date":"2016-10-28T14:46:39","date_gmt":"2016-10-28T14:46:39","guid":{"rendered":"https:\/\/temp.kansleri.fi\/professional-training-modules\/"},"modified":"2021-11-16T11:15:32","modified_gmt":"2021-11-16T11:15:32","slug":"professional-training-modules","status":"publish","type":"page","link":"https:\/\/temp.kansleri.fi\/da\/professional-training-modules\/","title":{"rendered":"Professional Training Modules"},"content":{"rendered":"<div  style='padding-bottom:10px; ' class='av-special-heading av-special-heading-h1    avia-builder-el-0  el_before_av_textblock  avia-builder-el-first  '><h1 class='av-special-heading-tag '  itemprop=\"headline\"  >PROFESSIONEL PILOTUDDANNELSE<\/h1><div class='special-heading-border'><div class='special-heading-inner-border' ><\/div><\/div><\/div>\n<section class=\"av_textblock_section \"  itemscope=\"itemscope\" itemtype=\"https:\/\/schema.org\/CreativeWork\" ><div class='avia_textblock intro-text '   itemprop=\"text\" ><p>Uddannelsen til professional pilot, er delt op i moduler.<\/p>\n<\/div><\/section>\n<section class=\"av_textblock_section \"  itemscope=\"itemscope\" itemtype=\"https:\/\/schema.org\/CreativeWork\" ><div class='avia_textblock  '   itemprop=\"text\" ><p>Uddannelsen kan tilpasses din personlige situation, enten som enkelt kurser eller et fuldt program til en komplet professionel pilot uddannelse.\u00a0Den fulde pilotuddannelse kalder vi i Aeropole, Diamond Cadet, idet vores flyfl\u00e5de best\u00e5r af nyere Diamond DA20, DA40 og DA42 fly.\u00a0Den teoretiske uddannelse foreg\u00e5r som fjernundervisning, hvor du selv studerer via vores online programmer.\u00a0Klasseundervisningen foreg\u00e5r som videokonference p\u00e5 fastsatte tider, derudover er vores dygtige instrukt\u00f8rer altid til r\u00e5dighed med gode r\u00e5d og vejledning.<\/p>\n<\/div><\/section>\n<div  class='avia-icon-list-container   avia-builder-el-3  el_after_av_textblock  avia-builder-el-last '><ul class='avia-icon-list avia-icon-list-left av-iconlist-big avia_animate_when_almost_visible avia-iconlist-animate'>\n<li><a href='https:\/\/temp.kansleri.fi\/da\/professional-pilot-training\/#atpl-course-contents' title='ATPL Modul indhold'   class='iconlist_icon  avia-font-entypo-fontello'><span class='iconlist-char ' aria-hidden='true' data-av_icon='\ue8a5' data-av_iconfont='entypo-fontello'><\/span><\/a><article class=\"article-icon-entry \"  itemscope=\"itemscope\" itemtype=\"https:\/\/schema.org\/CreativeWork\" ><div class='iconlist_content_wrap'><header class=\"entry-content-header\"><h4 class='av_iconlist_title iconlist_title   '  itemprop=\"headline\"  ><a href='https:\/\/temp.kansleri.fi\/da\/professional-pilot-training\/#atpl-course-contents' title='ATPL Modul indhold'>ATPL Modul indhold<\/a><\/h4><\/header><div class='iconlist_content  '  itemprop=\"text\"  ><p>Diamond Cadet uddannelsen for dig der ikke har nogen tidligere erfaring med flyvning.<\/p>\n<\/div><\/div><footer class=\"entry-footer\"><\/footer><\/article><div class='iconlist-timeline'><\/div><\/li>\n<li><a href='https:\/\/temp.kansleri.fi\/da\/items\/ircplatpl-theories\/' title='IR\/CPL\/ATPL Teori'   class='iconlist_icon  avia-font-entypo-fontello'><span class='iconlist-char ' aria-hidden='true' data-av_icon='\ue84f' data-av_iconfont='entypo-fontello'><\/span><\/a><article class=\"article-icon-entry \"  itemscope=\"itemscope\" itemtype=\"https:\/\/schema.org\/CreativeWork\" ><div class='iconlist_content_wrap'><header class=\"entry-content-header\"><h4 class='av_iconlist_title iconlist_title   '  itemprop=\"headline\"  ><a href='https:\/\/temp.kansleri.fi\/da\/items\/ircplatpl-theories\/' title='IR\/CPL\/ATPL Teori'>IR\/CPL\/ATPL Teori<\/a><\/h4><\/header><div class='iconlist_content  '  itemprop=\"text\"  ><p>Her kan du se mere vedr\u00f8rende fjernundervisning.<\/p>\n<\/div><\/div><footer class=\"entry-footer\"><\/footer><\/article><div class='iconlist-timeline'><\/div><\/li>\n<li><a href='https:\/\/temp.kansleri.fi\/da\/ir-cpl-atpl-mep-ground-school-schedule\/' title='IR\/CPL\/ATPL Klasseundervisnings plan'   class='iconlist_icon  avia-font-entypo-fontello'><span class='iconlist-char ' aria-hidden='true' data-av_icon='\ue85b' data-av_iconfont='entypo-fontello'><\/span><\/a><article class=\"article-icon-entry \"  itemscope=\"itemscope\" itemtype=\"https:\/\/schema.org\/CreativeWork\" ><div class='iconlist_content_wrap'><header class=\"entry-content-header\"><h4 class='av_iconlist_title iconlist_title   '  itemprop=\"headline\"  ><a href='https:\/\/temp.kansleri.fi\/da\/ir-cpl-atpl-mep-ground-school-schedule\/' title='IR\/CPL\/ATPL Klasseundervisnings plan'>IR\/CPL\/ATPL Klasseundervisnings plan<\/a><\/h4><\/header><div class='iconlist_content  '  itemprop=\"text\"  ><p>Plan for fastlagte klasseundervisning som videokonferencer.<\/p>\n<\/div><\/div><footer class=\"entry-footer\"><\/footer><\/article><div class='iconlist-timeline'><\/div><\/li>\n<li><a href='https:\/\/temp.kansleri.fi\/da\/atpl-prerequisites\/' title='Foruds\u00e6tning for IR, CPL og MCC'   class='iconlist_icon  avia-font-entypo-fontello'><span class='iconlist-char ' aria-hidden='true' data-av_icon='\ue812' data-av_iconfont='entypo-fontello'><\/span><\/a><article class=\"article-icon-entry \"  itemscope=\"itemscope\" itemtype=\"https:\/\/schema.org\/CreativeWork\" ><div class='iconlist_content_wrap'><header class=\"entry-content-header\"><h4 class='av_iconlist_title iconlist_title   '  itemprop=\"headline\"  ><a href='https:\/\/temp.kansleri.fi\/da\/atpl-prerequisites\/' title='Foruds\u00e6tning for IR, CPL og MCC'>Foruds\u00e6tning for IR, CPL og MCC<\/a><\/h4><\/header><div class='iconlist_content  '  itemprop=\"text\"  ><p>Foruds\u00e6tning for at kunne deltage i de forskellige moduler.<\/p>\n<\/div><\/div><footer class=\"entry-footer\"><\/footer><\/article><div class='iconlist-timeline'><\/div><\/li>\n<li><a href='https:\/\/temp.kansleri.fi\/da\/prices\/' title='Modul prisliste'   class='iconlist_icon  avia-font-entypo-fontello'><span class='iconlist-char ' aria-hidden='true' data-av_icon='\ue859' data-av_iconfont='entypo-fontello'><\/span><\/a><article class=\"article-icon-entry \"  itemscope=\"itemscope\" itemtype=\"https:\/\/schema.org\/CreativeWork\" ><div class='iconlist_content_wrap'><header class=\"entry-content-header\"><h4 class='av_iconlist_title iconlist_title   '  itemprop=\"headline\"  ><a href='https:\/\/temp.kansleri.fi\/da\/prices\/' title='Modul prisliste'>Modul prisliste<\/a><\/h4><\/header><div class='iconlist_content  '  itemprop=\"text\"  ><p>Se alle priser.<\/p>\n<\/div><\/div><footer class=\"entry-footer\"><\/footer><\/article><div class='iconlist-timeline'><\/div><\/li>\n<\/ul><\/div>\n","protected":false},"excerpt":{"rendered":"","protected":false},"author":1,"featured_media":0,"parent":0,"menu_order":20,"comment_status":"closed","ping_status":"closed","template":"","meta":{"footnotes":""},"class_list":["post-17059","page","type-page","status-publish","hentry"],"yoast_head":"<!-- This site is optimized with the Yoast SEO plugin v27.1.1 - https:\/\/yoast.com\/product\/yoast-seo-wordpress\/ -->\n<title>Professional Training Modules - Aeropole<\/title>\n<meta name=\"robots\" content=\"index, follow, max-snippet:-1, max-image-preview:large, max-video-preview:-1\" \/>\n<link rel=\"canonical\" href=\"https:\/\/temp.kansleri.fi\/da\/professional-training-modules\/\" \/>\n<meta property=\"og:locale\" content=\"da_DK\" \/>\n<meta property=\"og:type\" content=\"article\" \/>\n<meta property=\"og:title\" content=\"Professional Training Modules - Aeropole\" \/>\n<meta property=\"og:url\" content=\"https:\/\/temp.kansleri.fi\/da\/professional-training-modules\/\" \/>\n<meta property=\"og:site_name\" content=\"Aeropole\" \/>\n<meta property=\"article:modified_time\" content=\"2021-11-16T11:15:32+00:00\" \/>\n<meta name=\"twitter:card\" content=\"summary_large_image\" \/>\n<meta name=\"twitter:label1\" content=\"Estimeret l\u00e6setid\" \/>\n\t<meta name=\"twitter:data1\" content=\"2 minutter\" \/>\n<script type=\"application\/ld+json\" class=\"yoast-schema-graph\">{\"@context\":\"https:\/\/schema.org\",\"@graph\":[{\"@type\":\"WebPage\",\"@id\":\"https:\/\/temp.kansleri.fi\/da\/professional-training-modules\/\",\"url\":\"https:\/\/temp.kansleri.fi\/da\/professional-training-modules\/\",\"name\":\"Professional Training Modules - Aeropole\",\"isPartOf\":{\"@id\":\"https:\/\/temp.kansleri.fi\/#website\"},\"datePublished\":\"2016-10-28T14:46:39+00:00\",\"dateModified\":\"2021-11-16T11:15:32+00:00\",\"breadcrumb\":{\"@id\":\"https:\/\/temp.kansleri.fi\/da\/professional-training-modules\/#breadcrumb\"},\"inLanguage\":\"da-DK\",\"potentialAction\":[{\"@type\":\"ReadAction\",\"target\":[\"https:\/\/temp.kansleri.fi\/da\/professional-training-modules\/\"]}]},{\"@type\":\"BreadcrumbList\",\"@id\":\"https:\/\/temp.kansleri.fi\/da\/professional-training-modules\/#breadcrumb\",\"itemListElement\":[{\"@type\":\"ListItem\",\"position\":1,\"name\":\"Home\",\"item\":\"https:\/\/temp.kansleri.fi\/da\/\"},{\"@type\":\"ListItem\",\"position\":2,\"name\":\"Professional Training Modules\"}]},{\"@type\":\"WebSite\",\"@id\":\"https:\/\/temp.kansleri.fi\/#website\",\"url\":\"https:\/\/temp.kansleri.fi\/\",\"name\":\"Aeropole\",\"description\":\"Aviation Academy, Aircraft Sales and Maintenance\",\"potentialAction\":[{\"@type\":\"SearchAction\",\"target\":{\"@type\":\"EntryPoint\",\"urlTemplate\":\"https:\/\/temp.kansleri.fi\/?s={search_term_string}\"},\"query-input\":{\"@type\":\"PropertyValueSpecification\",\"valueRequired\":true,\"valueName\":\"search_term_string\"}}],\"inLanguage\":\"da-DK\"}]}<\/script>\n<!-- \/ Yoast SEO plugin. -->","yoast_head_json":{"title":"Professional Training Modules - Aeropole","robots":{"index":"index","follow":"follow","max-snippet":"max-snippet:-1","max-image-preview":"max-image-preview:large","max-video-preview":"max-video-preview:-1"},"canonical":"https:\/\/temp.kansleri.fi\/da\/professional-training-modules\/","og_locale":"da_DK","og_type":"article","og_title":"Professional Training Modules - Aeropole","og_url":"https:\/\/temp.kansleri.fi\/da\/professional-training-modules\/","og_site_name":"Aeropole","article_modified_time":"2021-11-16T11:15:32+00:00","twitter_card":"summary_large_image","twitter_misc":{"Estimeret l\u00e6setid":"2 minutter"},"schema":{"@context":"https:\/\/schema.org","@graph":[{"@type":"WebPage","@id":"https:\/\/temp.kansleri.fi\/da\/professional-training-modules\/","url":"https:\/\/temp.kansleri.fi\/da\/professional-training-modules\/","name":"Professional Training Modules - Aeropole","isPartOf":{"@id":"https:\/\/temp.kansleri.fi\/#website"},"datePublished":"2016-10-28T14:46:39+00:00","dateModified":"2021-11-16T11:15:32+00:00","breadcrumb":{"@id":"https:\/\/temp.kansleri.fi\/da\/professional-training-modules\/#breadcrumb"},"inLanguage":"da-DK","potentialAction":[{"@type":"ReadAction","target":["https:\/\/temp.kansleri.fi\/da\/professional-training-modules\/"]}]},{"@type":"BreadcrumbList","@id":"https:\/\/temp.kansleri.fi\/da\/professional-training-modules\/#breadcrumb","itemListElement":[{"@type":"ListItem","position":1,"name":"Home","item":"https:\/\/temp.kansleri.fi\/da\/"},{"@type":"ListItem","position":2,"name":"Professional Training Modules"}]},{"@type":"WebSite","@id":"https:\/\/temp.kansleri.fi\/#website","url":"https:\/\/temp.kansleri.fi\/","name":"Aeropole","description":"Aviation Academy, Aircraft Sales and Maintenance","potentialAction":[{"@type":"SearchAction","target":{"@type":"EntryPoint","urlTemplate":"https:\/\/temp.kansleri.fi\/?s={search_term_string}"},"query-input":{"@type":"PropertyValueSpecification","valueRequired":true,"valueName":"search_term_string"}}],"inLanguage":"da-DK"}]}},"_links":{"self":[{"href":"https:\/\/temp.kansleri.fi\/da\/wp-json\/wp\/v2\/pages\/17059","targetHints":{"allow":["GET"]}}],"collection":[{"href":"https:\/\/temp.kansleri.fi\/da\/wp-json\/wp\/v2\/pages"}],"about":[{"href":"https:\/\/temp.kansleri.fi\/da\/wp-json\/wp\/v2\/types\/page"}],"author":[{"embeddable":true,"href":"https:\/\/temp.kansleri.fi\/da\/wp-json\/wp\/v2\/users\/1"}],"replies":[{"embeddable":true,"href":"https:\/\/temp.kansleri.fi\/da\/wp-json\/wp\/v2\/comments?post=17059"}],"version-history":[{"count":6,"href":"https:\/\/temp.kansleri.fi\/da\/wp-json\/wp\/v2\/pages\/17059\/revisions"}],"predecessor-version":[{"id":23464,"href":"https:\/\/temp.kansleri.fi\/da\/wp-json\/wp\/v2\/pages\/17059\/revisions\/23464"}],"wp:attachment":[{"href":"https:\/\/temp.kansleri.fi\/da\/wp-json\/wp\/v2\/media?parent=17059"}],"curies":[{"name":"wp","href":"https:\/\/api.w.org\/{rel}","templated":true}]}}