{"id":17215,"date":"2016-06-25T11:39:26","date_gmt":"2016-06-25T11:39:26","guid":{"rendered":"https:\/\/temp.kansleri.fi\/locations\/"},"modified":"2025-09-14T20:02:49","modified_gmt":"2025-09-14T20:02:49","slug":"locations","status":"publish","type":"page","link":"https:\/\/temp.kansleri.fi\/da\/locations\/","title":{"rendered":"Afdelinger"},"content":{"rendered":"<div class=\"flex_column av_one_full  flex_column_div av-zero-column-padding first  avia-builder-el-0  el_before_av_submenu  avia-builder-el-no-sibling  \" style='margin-top:50px; margin-bottom:0px; border-radius:0px; '><p><div  style='padding-bottom:0px; ' class='av-special-heading av-special-heading-h1    avia-builder-el-1  el_before_av_textblock  avia-builder-el-first  '><h1 class='av-special-heading-tag '  itemprop=\"headline\"  >Vore afdelinger<\/h1><div class='special-heading-border'><div class='special-heading-inner-border' ><\/div><\/div><\/div><br \/>\n<section class=\"av_textblock_section \"  itemscope=\"itemscope\" itemtype=\"https:\/\/schema.org\/CreativeWork\" ><div class='avia_textblock intro-text '   itemprop=\"text\" ><p>Aeropoles historie startede i Helsinki, i Finlands arktiske vinde. Endnu tidligere havde Learn to Fly ApS etableret sig som den f\u00f8rende modul\u00e6re flygskole i Jylland med snesevis hvis ikke hundredvis af professionelle piloter uddannet over to \u00e5rtier. Learn to Fly\u00a0blev en del af Aeropole i 2017 og skiftede navn til Aeropole Denmark ApS. Vi er fast besluttede p\u00e5 at bringe vores passion for flyvning, flyvesikkerhed og h\u00f8j tr\u00e6ningskvalitet til hele Europa, s\u00e5 du kan nyde Aeropoles kvalitetsuddannelse i en lufthavn t\u00e6t p\u00e5 dig.<\/p>\n<p>Siden da er vi ogs\u00e5 blevet flydistribut\u00f8r\/m\u00e6gler i Finland, Danmark og senest Sverige.<\/p>\n<p>Se vores afdelinger her for at finde dit n\u00e6rmeste Aeropole team.<\/p>\n<\/div><\/section><br \/>\n<div  class='avia-button-wrap avia-button-center  avia-builder-el-3  el_after_av_textblock  el_before_av_textblock ' ><a href='https:\/\/temp.kansleri.fi\/da\/contact\/?src=locations'  class='avia-button   avia-icon_select-yes-left-icon avia-color-dark avia-size-small avia-position-center '   ><span class='avia_button_icon avia_button_icon_left ' aria-hidden='true' data-av_icon='\ue844' data-av_iconfont='entypo-fontello'><\/span><span class='avia_iconbox_title' >Bes\u00f8g os, send en besked<\/span><\/a><\/div><br \/>\n<section class=\"av_textblock_section \"  itemscope=\"itemscope\" itemtype=\"https:\/\/schema.org\/CreativeWork\" ><div class='avia_textblock  '   itemprop=\"text\" ><p style=\"text-align: center;\">Vores fl\u00e5de af moderne Diamond fly er til r\u00e5dighed for udlejning i alle vores lokationer, efter anmodning. <a href=\"https:\/\/temp.kansleri.fi\/da\/aircraft\/\">L\u00e6r\u00a0 mere om vor fl\u00e5de.<\/a><\/p>\n<\/div><\/section><\/p><\/div>\n<\/div><\/div><\/div><!-- close content main div --><\/div><\/div><div class='clear'><\/div><div id='sub_menu1'  class='av-submenu-container main_color  avia-builder-el-5  el_after_av_one_full  el_before_av_section  av-sticky-submenu  submenu-not-first container_wrap sidebar_right' style='  z-index:301' ><div class='container av-menu-mobile-disabled '><ul id='av-custom-submenu-1' class='av-subnav-menu av-submenu-pos-center'>\n<li class='menu-item menu-item-top-level  menu-item-top-level-1'><a href='#aalborg' ><span class='avia-bullet'><\/span><span class='avia-menu-text'>Aalborg<\/span><\/a><\/li>\n<li class='menu-item menu-item-top-level  menu-item-top-level-2'><a href='#roskilde' ><span class='avia-bullet'><\/span><span class='avia-menu-text'>Roskilde<\/span><\/a><\/li>\n<li class='menu-item menu-item-top-level  menu-item-top-level-3'><a href='#simulator' ><span class='avia-bullet'><\/span><span class='avia-menu-text'>Helsinki-Vantaa<\/span><\/a><\/li>\n<li class='menu-item menu-item-top-level  menu-item-top-level-4'><a href='#tampere' ><span class='avia-bullet'><\/span><span class='avia-menu-text'>Tampere<\/span><\/a><\/li>\n<li class='menu-item menu-item-top-level  menu-item-top-level-5'><a href='#jyvaskyla' ><span class='avia-bullet'><\/span><span class='avia-menu-text'>Jyv\u00e4skyl\u00e4<\/span><\/a><\/li>\n<\/ul><\/div><\/div><div class='sticky_placeholder'><\/div>\n<div id='roskilde'  class='avia-section main_color avia-section-default avia-no-shadow  avia-bg-style-scroll  avia-builder-el-6  el_after_av_submenu  el_before_av_section   container_wrap sidebar_right' style=' '  ><div class='container' ><div class='template-page content  av-content-small alpha units'><div class='post-entry post-entry-type-page post-entry-17215'><div class='entry-content-wrapper clearfix'>\n<div class=\"flex_column av_one_third  flex_column_div av-zero-column-padding first  avia-builder-el-7  el_before_av_two_third  avia-builder-el-first  \" style='border-radius:0px; '><p><div  style='padding-bottom:10px; ' class='av-special-heading av-special-heading-h3    avia-builder-el-8  el_before_av_image  avia-builder-el-first  '><h3 class='av-special-heading-tag '  itemprop=\"headline\"  >Roskilde<\/h3><div class='special-heading-border'><div class='special-heading-inner-border' ><\/div><\/div><\/div><br \/>\n<div  class='avia-image-container  av-styling-no-styling    avia-builder-el-9  el_after_av_heading  avia-builder-el-last  avia-align-left '  itemprop=\"image\" itemscope=\"itemscope\" itemtype=\"https:\/\/schema.org\/ImageObject\"  ><div class='avia-image-container-inner'><div class='avia-image-overlay-wrap'><img class='avia_image' src='https:\/\/temp.kansleri.fi\/wp-content\/uploads\/2019\/08\/IMG_5831-Hangar-1-300x225.jpg' alt='' title='IMG_5831 Hangar 1' height=\"225\" width=\"300\"  itemprop=\"thumbnailUrl\"  \/><\/div><\/div><\/div><\/p><\/div><div class=\"flex_column av_two_third  flex_column_div av-zero-column-padding   avia-builder-el-10  el_after_av_one_third  avia-builder-el-last  \" style='border-radius:0px; '><section class=\"av_textblock_section \"  itemscope=\"itemscope\" itemtype=\"https:\/\/schema.org\/CreativeWork\" ><div class='avia_textblock  '   itemprop=\"text\" ><p>Aeropole Denmark ApS, tr\u00e6ningscentret p\u00e5 Roskilde (EKRK) lufthaven, tilbyder et komplet udbud af kurser til private og professionelle piloter. Uddannelse til flyveinstrukt\u00f8rer er ogs\u00e5 tilg\u00e6ngelig. I Roskilde har vi ogs\u00e5 en Diamond DA42 -simulator (FNPT II).<\/p>\n<\/div><\/section><\/div>\n\n<\/div><\/div><\/div><!-- close content main div --><\/div><\/div><div id='avignon'  class='avia-section alternate_color avia-section-default avia-no-shadow  avia-bg-style-scroll  avia-builder-el-12  el_after_av_section  el_before_av_section   av-desktop-hide av-medium-hide av-small-hide av-mini-hide container_wrap sidebar_right' style=' '  ><div class='container' ><div class='template-page content  av-content-small alpha units'><div class='post-entry post-entry-type-page post-entry-17215'><div class='entry-content-wrapper clearfix'>\n<div class=\"flex_column av_one_third  flex_column_div av-zero-column-padding first  avia-builder-el-13  el_before_av_two_third  avia-builder-el-first  \" style='border-radius:0px; '><p><div  style='padding-bottom:10px; ' class='av-special-heading av-special-heading-h3    avia-builder-el-14  el_before_av_image  avia-builder-el-first  '><h3 class='av-special-heading-tag '  itemprop=\"headline\"  >Avignon<\/h3><div class='special-heading-border'><div class='special-heading-inner-border' ><\/div><\/div><\/div><br \/>\n<div  class='avia-image-container  av-styling-no-styling    avia-builder-el-15  el_after_av_heading  avia-builder-el-last  avia-align-left '  itemprop=\"image\" itemscope=\"itemscope\" itemtype=\"https:\/\/schema.org\/ImageObject\"  ><div class='avia-image-container-inner'><div class='avia-image-overlay-wrap'><img class='avia_image' src='https:\/\/temp.kansleri.fi\/wp-content\/uploads\/2019\/05\/IMG_4431-300x225.jpg' alt='' title='IMG_4431' height=\"225\" width=\"300\"  itemprop=\"thumbnailUrl\"  \/><\/div><\/div><\/div><\/p><\/div><div class=\"flex_column av_two_third  flex_column_div av-zero-column-padding   avia-builder-el-16  el_after_av_one_third  avia-builder-el-last  \" style='border-radius:0px; '><section class=\"av_textblock_section \"  itemscope=\"itemscope\" itemtype=\"https:\/\/schema.org\/CreativeWork\" ><div class='avia_textblock  '   itemprop=\"text\" ><p>Our base at\u00a0Avignon-Caumont Airport (LFMV) offers an ideal platform for hour building with over 300 days of\u00a0fair weather yearly. Ask us for current offers on aircraft rental and training. The base has an instructor available and one or more based aircraft (incl. DA40-180) permanently available throughout the year, and we additionally use it as one of our winter bases for our professional students. More courses will be offered soon.<\/p>\n<\/div><\/section><\/div>\n\n<\/div><\/div><\/div><!-- close content main div --><\/div><\/div><div id='simulator'  class='avia-section main_color avia-section-default avia-no-shadow  avia-bg-style-scroll  avia-builder-el-18  el_after_av_section  el_before_av_section   container_wrap sidebar_right' style=' '  ><div class='container' ><div class='template-page content  av-content-small alpha units'><div class='post-entry post-entry-type-page post-entry-17215'><div class='entry-content-wrapper clearfix'>\n<div class=\"flex_column av_one_third  flex_column_div av-zero-column-padding first  avia-builder-el-19  el_before_av_two_third  avia-builder-el-first  \" style='border-radius:0px; '><p><div  style='padding-bottom:10px; ' class='av-special-heading av-special-heading-h3    avia-builder-el-20  el_before_av_image  avia-builder-el-first  '><h3 class='av-special-heading-tag '  itemprop=\"headline\"  >Helsinki-Vantaa<\/h3><div class='special-heading-border'><div class='special-heading-inner-border' ><\/div><\/div><\/div><br \/>\n<div  class='avia-image-container  av-styling-no-styling    avia-builder-el-21  el_after_av_heading  avia-builder-el-last  video-image avia-align-left '  itemprop=\"image\" itemscope=\"itemscope\" itemtype=\"https:\/\/schema.org\/ImageObject\"  ><div class='avia-image-container-inner'><div class='avia-image-overlay-wrap'><a href='https:\/\/www.youtube.com\/watch?v=qjFOja0GZ0Q' class='avia_image'  ><img class='avia_image ' src='https:\/\/temp.kansleri.fi\/wp-content\/uploads\/2016\/06\/0-300x225.jpg' alt='' title=''  itemprop=\"thumbnailUrl\"  \/><\/a><\/div><\/div><\/div><\/p><\/div><div class=\"flex_column av_two_third  flex_column_div av-zero-column-padding   avia-builder-el-22  el_after_av_one_third  avia-builder-el-last  \" style='border-radius:0px; '><p><section class=\"av_textblock_section \"  itemscope=\"itemscope\" itemtype=\"https:\/\/schema.org\/CreativeWork\" ><div class='avia_textblock  '   itemprop=\"text\" ><p>Aeropole Aviapolis Training Center bruges til vor simulatortr\u00e6ning. Det er placeret p\u00e5 Helsinki-Vantaa Lufthavn (EFHK) p\u00e5 det finske luftfartsmuseums lokaler. Form\u00e5let med den skinnende Douglas DC-3, er at du vil se det fra rundk\u00f8rslen!<\/p>\n<p>Adgang med bus nr. 615 fra Helsinki centrum eller med pendeltog I og P (tag afk\u00f8rsel Nord p\u00e5 Aviapolis)..\u00a0<a href=\"https:\/\/www.hsl.fi\/en\/timetables-and-routes\/terminals\/airport-connections\">More info about public transportation<\/a>.<\/p>\n<p><a href=\"https:\/\/www.nordicchoicehotels.com\/clarion\/clarion-hotel-helsinki-airport\/\">Hotel Clarion<\/a> ligger 20 m fra den nordlige udgang fra Aviapolis-togstoppestedet. Derfra er det kun 150m til vores simulatorcenter.<\/p>\n<p>For at f\u00e5 adgang til Aviapolis eller pendle mellem Malmi lufthavn og vores Aviapolis-simulatorcenter med offentlig transport, anbefaler vi Helsinki Region Transport\u00a0<a href=\"https:\/\/www.reittiopas.fi\/en\/\">Journey Planner<\/a>. Det tager cirka 45 minutter, men reserver op til 1 time mellem Malmi og Aviapolis. Med din egen bil er det kun 15-20 min.<\/p>\n<\/div><\/section><br \/>\n<div  class='avia-button-wrap avia-button-left  avia-builder-el-24  el_after_av_textblock  avia-builder-el-last ' ><a href='https:\/\/temp.kansleri.fi\/aircraft\/#simulator'  class='avia-button   avia-icon_select-no avia-color-dark avia-size-small avia-position-left '   ><span class='avia_iconbox_title' >L\u00e6r mere om vor DA42 simulator<\/span><\/a><\/div><\/p><\/div>\n\n<\/div><\/div><\/div><!-- close content main div --><\/div><\/div><div id='tampere'  class='avia-section alternate_color avia-section-default avia-no-shadow  avia-bg-style-scroll  avia-builder-el-25  el_after_av_section  el_before_av_section   container_wrap sidebar_right' style=' '  ><div class='container' ><div class='template-page content  av-content-small alpha units'><div class='post-entry post-entry-type-page post-entry-17215'><div class='entry-content-wrapper clearfix'>\n<div class=\"flex_column av_one_third  flex_column_div av-zero-column-padding first  avia-builder-el-26  el_before_av_two_third  avia-builder-el-first  \" style='border-radius:0px; '><p><div  style='padding-bottom:10px; ' class='av-special-heading av-special-heading-h3    avia-builder-el-27  el_before_av_image  avia-builder-el-first  '><h3 class='av-special-heading-tag '  itemprop=\"headline\"  >Tampere-Pirkkala<\/h3><div class='special-heading-border'><div class='special-heading-inner-border' ><\/div><\/div><\/div><br \/>\n<div  class='avia-image-container  av-styling-no-styling    avia-builder-el-28  el_after_av_heading  avia-builder-el-last  avia-align-left '  itemprop=\"image\" itemscope=\"itemscope\" itemtype=\"https:\/\/schema.org\/ImageObject\"  ><div class='avia-image-container-inner'><div class='avia-image-overlay-wrap'><img class='avia_image' src='https:\/\/temp.kansleri.fi\/wp-content\/uploads\/2016\/06\/IMG_1416-300x225.jpeg' alt='' title='IMG_1416' height=\"225\" width=\"300\"  itemprop=\"thumbnailUrl\"  \/><\/div><\/div><\/div><\/p><\/div><div class=\"flex_column av_two_third  flex_column_div av-zero-column-padding   avia-builder-el-29  el_after_av_one_third  avia-builder-el-last  \" style='border-radius:0px; '><section class=\"av_textblock_section \"  itemscope=\"itemscope\" itemtype=\"https:\/\/schema.org\/CreativeWork\" ><div class='avia_textblock  '   itemprop=\"text\" ><p>Tampere Training Center henvender sig til den st\u00f8rre Tampere byregion. Tampere-Pirkkala Lufthavn (EFTP) vokser hurtigt som en international lufthavn og ogs\u00e5 som et luftfartstr\u00e6ningshub. Det fungerer godt fra Finland og internationalt og mindre end en times flyve v\u00e6k fra Helsinki.<\/p>\n<p>Vi har et briefing kontor til din r\u00e5dighed i Terminal 2 og fly p\u00e5 foresp\u00f8rgsel. Brug parkeringsplads P2, den er t\u00e6ttest. Aftaler ved bestilling.<\/p>\n<\/div><\/section><\/div>\n\n<\/div><\/div><\/div><!-- close content main div --><\/div><\/div><div id='tampere'  class='avia-section main_color avia-section-default avia-no-shadow  avia-bg-style-scroll  avia-builder-el-31  el_after_av_section  el_before_av_section   container_wrap sidebar_right' style=' '  ><div class='container' ><div class='template-page content  av-content-small alpha units'><div class='post-entry post-entry-type-page post-entry-17215'><div class='entry-content-wrapper clearfix'>\n<div class=\"flex_column av_one_third  flex_column_div av-zero-column-padding first  avia-builder-el-32  el_before_av_two_third  avia-builder-el-first  \" style='border-radius:0px; '><p><div  style='padding-bottom:10px; ' class='av-special-heading av-special-heading-h3    avia-builder-el-33  el_before_av_image  avia-builder-el-first  '><h3 class='av-special-heading-tag '  itemprop=\"headline\"  >Lahti-Vesivehmaa<\/h3><div class='special-heading-border'><div class='special-heading-inner-border' ><\/div><\/div><\/div><br \/>\n<div  class='avia-image-container  av-styling-no-styling    avia-builder-el-34  el_after_av_heading  avia-builder-el-last  avia-align-left '  itemprop=\"image\" itemscope=\"itemscope\" itemtype=\"https:\/\/schema.org\/ImageObject\"  ><div class='avia-image-container-inner'><div class='avia-image-overlay-wrap'><img class='avia_image' src='https:\/\/temp.kansleri.fi\/wp-content\/uploads\/2020\/04\/EFLA_before_asphalt-300x225.jpg' alt='EFLA_before_asphalt' title='EFLA_before_asphalt' height=\"225\" width=\"300\"  itemprop=\"thumbnailUrl\"  \/><\/div><\/div><\/div><\/p><\/div><div class=\"flex_column av_two_third  flex_column_div av-zero-column-padding   avia-builder-el-35  el_after_av_one_third  avia-builder-el-last  \" style='border-radius:0px; '><section class=\"av_textblock_section \"  itemscope=\"itemscope\" itemtype=\"https:\/\/schema.org\/CreativeWork\" ><div class='avia_textblock  '   itemprop=\"text\" ><p>Lahti-Vesivehmaa (EFLA) is one of our major bases for basic training and aircraft maintenance in Finland, inaugurated in May 2020. The brand new hangar and training facilities, built for purpose, represents a significant investment on Aeropole\u2019s part into the future of Lahti-Vesivehmaa as one of the Southern Finland GA hubs. The Centre provides training to private pilot level and beyond as well as aircraft rental, in addition to aircraft maintenance services.<\/p>\n<\/div><\/section><\/div>\n\n<\/div><\/div><\/div><!-- close content main div --><\/div><\/div><div id='jyvaskyla'  class='avia-section alternate_color avia-section-default avia-no-shadow  avia-bg-style-scroll  avia-builder-el-37  el_after_av_section  el_before_av_section   container_wrap sidebar_right' style=' '  ><div class='container' ><div class='template-page content  av-content-small alpha units'><div class='post-entry post-entry-type-page post-entry-17215'><div class='entry-content-wrapper clearfix'>\n<div class=\"flex_column av_one_third  flex_column_div av-zero-column-padding first  avia-builder-el-38  el_before_av_two_third  avia-builder-el-first  \" style='border-radius:0px; '><p><div  style='padding-bottom:10px; ' class='av-special-heading av-special-heading-h3    avia-builder-el-39  el_before_av_image  avia-builder-el-first  '><h3 class='av-special-heading-tag '  itemprop=\"headline\"  >Jyv\u00e4skyl\u00e4-Tikkakoski<\/h3><div class='special-heading-border'><div class='special-heading-inner-border' ><\/div><\/div><\/div><br \/>\n<div  class='avia-image-container  av-styling-no-styling    avia-builder-el-40  el_after_av_heading  avia-builder-el-last  avia-align-left '  itemprop=\"image\" itemscope=\"itemscope\" itemtype=\"https:\/\/schema.org\/ImageObject\"  ><div class='avia-image-container-inner'><div class='avia-image-overlay-wrap'><img class='avia_image' src='https:\/\/temp.kansleri.fi\/wp-content\/uploads\/2016\/06\/EFJY-300x200.jpg' alt='' title='EFJY' height=\"200\" width=\"300\"  itemprop=\"thumbnailUrl\"  \/><\/div><\/div><\/div><\/p><\/div><div class=\"flex_column av_two_third  flex_column_div av-zero-column-padding   avia-builder-el-41  el_after_av_one_third  avia-builder-el-last  \" style='border-radius:0px; '><section class=\"av_textblock_section \"  itemscope=\"itemscope\" itemtype=\"https:\/\/schema.org\/CreativeWork\" ><div class='avia_textblock  '   itemprop=\"text\" ><p>Jyv\u00e4skyl\u00e4 tr\u00e6ningscenter p\u00e5 Jyv\u00e4skyl\u00e4-Tikkakoski Lufthavn (EFJY) henvender sig til det centrale Finland. Jyv\u00e4skyl\u00e4 Lufthavn er let tilg\u00e6ngeligt med fly eller tog fra Helsinki. Vi har en briefing til din r\u00e5dighed i den administrative bygning 50 m nord for den st\u00f8rste passagerterminal. Centret er permanent bemandet og giver tr\u00e6ning op til privat pilot niveau samt flyudlejning. Aftaler ved bestilling.<\/p>\n<\/div><\/section><\/div>\n\n<\/div><\/div><\/div><!-- close content main div --><\/div><\/div><div id='kuopio'  class='avia-section main_color avia-section-default avia-no-shadow  avia-bg-style-scroll  avia-builder-el-43  el_after_av_section  avia-builder-el-last   container_wrap sidebar_right' style=' '  ><div class='container' ><div class='template-page content  av-content-small alpha units'><div class='post-entry post-entry-type-page post-entry-17215'><div class='entry-content-wrapper clearfix'>\n<div class=\"flex_column av_one_third  flex_column_div av-zero-column-padding first  avia-builder-el-44  el_before_av_two_third  avia-builder-el-first  \" style='border-radius:0px; '><p><div  style='padding-bottom:10px; ' class='av-special-heading av-special-heading-h3    avia-builder-el-45  el_before_av_image  avia-builder-el-first  '><h3 class='av-special-heading-tag '  itemprop=\"headline\"  >Kuopio Tr\u00e6ningscenter<\/h3><div class='special-heading-border'><div class='special-heading-inner-border' ><\/div><\/div><\/div><br \/>\n<div  class='avia-image-container  av-styling-no-styling    avia-builder-el-46  el_after_av_heading  avia-builder-el-last  avia-align-left '  itemprop=\"image\" itemscope=\"itemscope\" itemtype=\"https:\/\/schema.org\/ImageObject\"  ><div class='avia-image-container-inner'><div class='avia-image-overlay-wrap'><img class='avia_image' src='https:\/\/temp.kansleri.fi\/wp-content\/uploads\/2016\/06\/IMG_0974-300x225.jpeg' alt='' title='IMG_0974' height=\"225\" width=\"300\"  itemprop=\"thumbnailUrl\"  \/><\/div><\/div><\/div><\/p><\/div><div class=\"flex_column av_two_third  flex_column_div av-zero-column-padding   avia-builder-el-47  el_after_av_one_third  avia-builder-el-last  \" style='border-radius:0px; '><section class=\"av_textblock_section \"  itemscope=\"itemscope\" itemtype=\"https:\/\/schema.org\/CreativeWork\" ><div class='avia_textblock  '   itemprop=\"text\" ><p>Kuopio Tr\u00e6ning Center p\u00e5 Kuopio-Rissala Lufthavn (EFKU) er omgivet af s\u00f8er i smukke Savonia-Carelia er vores base i det \u00f8stlige Finland. Kuopio Lufthavn er let tilg\u00e6ngeligt med fly eller tog fra Helsinki. Lufthavnen har endda en vandflyver base!<\/p>\n<p>Vi har en briefing til din r\u00e5dighed i anneksbygningen 50 m fra porten til GA parkering, nord for hovedpassagerterminalen. Centret er permanent bemandet og giver tr\u00e6ning op til kommerciel og instrument pilot niveau samt flyudlejning. Aftaler ved bestilling.<\/p>\n<\/div><\/section><\/div>\n<\/div><\/div><\/div><!-- close content main div --><\/div><\/div><div id='after_section_7'  class='main_color av_default_container_wrap container_wrap sidebar_right' style=' '  ><div class='container' ><div class='template-page content  av-content-small alpha units'><div class='post-entry post-entry-type-page post-entry-17215'><div class='entry-content-wrapper clearfix'>\n","protected":false},"excerpt":{"rendered":"","protected":false},"author":1,"featured_media":0,"parent":0,"menu_order":14,"comment_status":"closed","ping_status":"closed","template":"","meta":{"footnotes":""},"class_list":["post-17215","page","type-page","status-publish","hentry"],"yoast_head":"<!-- This site is optimized with the Yoast SEO plugin v27.1.1 - https:\/\/yoast.com\/product\/yoast-seo-wordpress\/ -->\n<title>Afdelinger - Aeropole<\/title>\n<meta name=\"robots\" content=\"index, follow, max-snippet:-1, max-image-preview:large, max-video-preview:-1\" \/>\n<link rel=\"canonical\" href=\"https:\/\/temp.kansleri.fi\/da\/locations\/\" \/>\n<meta property=\"og:locale\" content=\"da_DK\" \/>\n<meta property=\"og:type\" content=\"article\" \/>\n<meta property=\"og:title\" content=\"Afdelinger - Aeropole\" \/>\n<meta property=\"og:url\" content=\"https:\/\/temp.kansleri.fi\/da\/locations\/\" \/>\n<meta property=\"og:site_name\" content=\"Aeropole\" \/>\n<meta property=\"article:modified_time\" content=\"2025-09-14T20:02:49+00:00\" \/>\n<meta name=\"twitter:card\" content=\"summary_large_image\" \/>\n<meta name=\"twitter:label1\" content=\"Estimeret l\u00e6setid\" \/>\n\t<meta name=\"twitter:data1\" content=\"9 minutter\" \/>\n<script type=\"application\/ld+json\" class=\"yoast-schema-graph\">{\"@context\":\"https:\/\/schema.org\",\"@graph\":[{\"@type\":\"WebPage\",\"@id\":\"https:\/\/temp.kansleri.fi\/da\/locations\/\",\"url\":\"https:\/\/temp.kansleri.fi\/da\/locations\/\",\"name\":\"Afdelinger - Aeropole\",\"isPartOf\":{\"@id\":\"https:\/\/temp.kansleri.fi\/#website\"},\"datePublished\":\"2016-06-25T11:39:26+00:00\",\"dateModified\":\"2025-09-14T20:02:49+00:00\",\"breadcrumb\":{\"@id\":\"https:\/\/temp.kansleri.fi\/da\/locations\/#breadcrumb\"},\"inLanguage\":\"da-DK\",\"potentialAction\":[{\"@type\":\"ReadAction\",\"target\":[\"https:\/\/temp.kansleri.fi\/da\/locations\/\"]}]},{\"@type\":\"BreadcrumbList\",\"@id\":\"https:\/\/temp.kansleri.fi\/da\/locations\/#breadcrumb\",\"itemListElement\":[{\"@type\":\"ListItem\",\"position\":1,\"name\":\"Home\",\"item\":\"https:\/\/temp.kansleri.fi\/da\/\"},{\"@type\":\"ListItem\",\"position\":2,\"name\":\"Afdelinger\"}]},{\"@type\":\"WebSite\",\"@id\":\"https:\/\/temp.kansleri.fi\/#website\",\"url\":\"https:\/\/temp.kansleri.fi\/\",\"name\":\"Aeropole\",\"description\":\"Aviation Academy, Aircraft Sales and Maintenance\",\"potentialAction\":[{\"@type\":\"SearchAction\",\"target\":{\"@type\":\"EntryPoint\",\"urlTemplate\":\"https:\/\/temp.kansleri.fi\/?s={search_term_string}\"},\"query-input\":{\"@type\":\"PropertyValueSpecification\",\"valueRequired\":true,\"valueName\":\"search_term_string\"}}],\"inLanguage\":\"da-DK\"}]}<\/script>\n<!-- \/ Yoast SEO plugin. -->","yoast_head_json":{"title":"Afdelinger - Aeropole","robots":{"index":"index","follow":"follow","max-snippet":"max-snippet:-1","max-image-preview":"max-image-preview:large","max-video-preview":"max-video-preview:-1"},"canonical":"https:\/\/temp.kansleri.fi\/da\/locations\/","og_locale":"da_DK","og_type":"article","og_title":"Afdelinger - Aeropole","og_url":"https:\/\/temp.kansleri.fi\/da\/locations\/","og_site_name":"Aeropole","article_modified_time":"2025-09-14T20:02:49+00:00","twitter_card":"summary_large_image","twitter_misc":{"Estimeret l\u00e6setid":"9 minutter"},"schema":{"@context":"https:\/\/schema.org","@graph":[{"@type":"WebPage","@id":"https:\/\/temp.kansleri.fi\/da\/locations\/","url":"https:\/\/temp.kansleri.fi\/da\/locations\/","name":"Afdelinger - Aeropole","isPartOf":{"@id":"https:\/\/temp.kansleri.fi\/#website"},"datePublished":"2016-06-25T11:39:26+00:00","dateModified":"2025-09-14T20:02:49+00:00","breadcrumb":{"@id":"https:\/\/temp.kansleri.fi\/da\/locations\/#breadcrumb"},"inLanguage":"da-DK","potentialAction":[{"@type":"ReadAction","target":["https:\/\/temp.kansleri.fi\/da\/locations\/"]}]},{"@type":"BreadcrumbList","@id":"https:\/\/temp.kansleri.fi\/da\/locations\/#breadcrumb","itemListElement":[{"@type":"ListItem","position":1,"name":"Home","item":"https:\/\/temp.kansleri.fi\/da\/"},{"@type":"ListItem","position":2,"name":"Afdelinger"}]},{"@type":"WebSite","@id":"https:\/\/temp.kansleri.fi\/#website","url":"https:\/\/temp.kansleri.fi\/","name":"Aeropole","description":"Aviation Academy, Aircraft Sales and Maintenance","potentialAction":[{"@type":"SearchAction","target":{"@type":"EntryPoint","urlTemplate":"https:\/\/temp.kansleri.fi\/?s={search_term_string}"},"query-input":{"@type":"PropertyValueSpecification","valueRequired":true,"valueName":"search_term_string"}}],"inLanguage":"da-DK"}]}},"_links":{"self":[{"href":"https:\/\/temp.kansleri.fi\/da\/wp-json\/wp\/v2\/pages\/17215","targetHints":{"allow":["GET"]}}],"collection":[{"href":"https:\/\/temp.kansleri.fi\/da\/wp-json\/wp\/v2\/pages"}],"about":[{"href":"https:\/\/temp.kansleri.fi\/da\/wp-json\/wp\/v2\/types\/page"}],"author":[{"embeddable":true,"href":"https:\/\/temp.kansleri.fi\/da\/wp-json\/wp\/v2\/users\/1"}],"replies":[{"embeddable":true,"href":"https:\/\/temp.kansleri.fi\/da\/wp-json\/wp\/v2\/comments?post=17215"}],"version-history":[{"count":61,"href":"https:\/\/temp.kansleri.fi\/da\/wp-json\/wp\/v2\/pages\/17215\/revisions"}],"predecessor-version":[{"id":29815,"href":"https:\/\/temp.kansleri.fi\/da\/wp-json\/wp\/v2\/pages\/17215\/revisions\/29815"}],"wp:attachment":[{"href":"https:\/\/temp.kansleri.fi\/da\/wp-json\/wp\/v2\/media?parent=17215"}],"curies":[{"name":"wp","href":"https:\/\/api.w.org\/{rel}","templated":true}]}}