{"id":20025,"date":"2020-07-01T10:37:49","date_gmt":"2020-07-01T10:37:49","guid":{"rendered":"https:\/\/temp.kansleri.fi\/ir-cpl-atpl-mep-ground-school-schedule\/"},"modified":"2024-10-26T16:35:01","modified_gmt":"2024-10-26T16:35:01","slug":"ir-cpl-atpl-mep-ground-school-schedule","status":"publish","type":"page","link":"https:\/\/temp.kansleri.fi\/da\/ir-cpl-atpl-mep-ground-school-schedule\/","title":{"rendered":"IR\/CPL\/ATPL\/MEP Ground School Schedule"},"content":{"rendered":"<div class=\"flex_column av_one_full  flex_column_div av-zero-column-padding first  avia-builder-el-0  el_before_av_one_half  avia-builder-el-first  \" style='border-radius:0px; '><section class=\"av_textblock_section \"  itemscope=\"itemscope\" itemtype=\"https:\/\/schema.org\/CreativeWork\" ><div class='avia_textblock  '   itemprop=\"text\" ><h1>IR\/CPL\/ATPL plan for klasseundervisning<\/h1>\n<h2><\/h2>\n<p><strong>Disse uddannelser undervises udelukkende p\u00e5 engelsk.<\/strong><\/p>\n<p>Bem\u00e6rk desuden at der er forskellige krav for at deltage i klasse undervisning til IR\/CPL\/ATPL, v\u00e6r derfor opm\u00e6rksom p\u00e5 hvilke fag du skal deltage i p\u00e5 henholdsvis ATPL \u2013 CPL \u2013 IR<\/p>\n<p>ATPL =\u00a0 Obligatorisk fag for ATPL<\/p>\n<p>CPL = Obligatorisk fag for CPL<\/p>\n<p>IR = Obligatorisk fag for IR<\/p>\n<p><em>See <a href=\"https:\/\/temp.kansleri.fi\/atpl-ground-school-schedule\/past-atpl-ground-schools\/\">past ground schools<\/a> for detailed schedule examples.<\/em><\/p>\n<\/div><\/section><\/div>\n<div class=\"flex_column av_one_half  flex_column_div av-zero-column-padding first  avia-builder-el-2  el_after_av_one_full  el_before_av_one_full  column-top-margin\" style='border-radius:0px; '><section class=\"av_textblock_section \"  itemscope=\"itemscope\" itemtype=\"https:\/\/schema.org\/CreativeWork\" ><div class='avia_textblock  '   itemprop=\"text\" ><div><\/div>\n<h4><strong>GS #3 November 18th<\/strong>\u00a0<em>\u2013<\/em>\u00a024th, 2024,\u00a0in English by telepresence<\/h4>\n<p>Detailed hours will be announced later. Reserve whole days in your calendar. The following subjects will be covered:<\/p>\n<p><em>021 &#8211; Aircraft General Knowledge (ATPL\/CPL)<\/em><\/p>\n<p><em>022 &#8211; Instrumentation (ATPL\/CPL\/IR)<\/em><\/p>\n<p><em>061 &#8211; General Navigation (ATPL\/CPL)<\/em><\/p>\n<p><em>062 &#8211; Radio Navigation (ATPL\/CPL\/IR)<\/em><\/p>\n<h2>2025<\/h2>\n<p>See the schedules for 2025 and onwards on the <a href=\"https:\/\/temp.kansleri.fi\/atpl-ground-school-schedule\/\">English version of this page<\/a>.<\/p>\n<div><\/div>\n<div><\/div>\n<\/div><\/section><\/div><div class=\"flex_column av_one_full  flex_column_div av-zero-column-padding first  avia-builder-el-4  el_after_av_one_half  avia-builder-el-last  column-top-margin\" style='border-radius:0px; '><\/div><\/p>\n","protected":false},"excerpt":{"rendered":"","protected":false},"author":1,"featured_media":0,"parent":0,"menu_order":12,"comment_status":"closed","ping_status":"closed","template":"","meta":{"footnotes":""},"class_list":["post-20025","page","type-page","status-publish","hentry"],"yoast_head":"<!-- This site is optimized with the Yoast SEO plugin v27.1.1 - https:\/\/yoast.com\/product\/yoast-seo-wordpress\/ -->\n<title>IR\/CPL\/ATPL\/MEP Ground School Schedule - Aeropole<\/title>\n<meta name=\"robots\" content=\"index, follow, max-snippet:-1, max-image-preview:large, max-video-preview:-1\" \/>\n<link rel=\"canonical\" href=\"https:\/\/temp.kansleri.fi\/da\/ir-cpl-atpl-mep-ground-school-schedule\/\" \/>\n<meta property=\"og:locale\" content=\"da_DK\" \/>\n<meta property=\"og:type\" content=\"article\" \/>\n<meta property=\"og:title\" content=\"IR\/CPL\/ATPL\/MEP Ground School Schedule - Aeropole\" \/>\n<meta property=\"og:url\" content=\"https:\/\/temp.kansleri.fi\/da\/ir-cpl-atpl-mep-ground-school-schedule\/\" \/>\n<meta property=\"og:site_name\" content=\"Aeropole\" \/>\n<meta property=\"article:modified_time\" content=\"2024-10-26T16:35:01+00:00\" \/>\n<meta name=\"twitter:card\" content=\"summary_large_image\" \/>\n<meta name=\"twitter:label1\" content=\"Estimeret l\u00e6setid\" \/>\n\t<meta name=\"twitter:data1\" content=\"2 minutter\" \/>\n<script type=\"application\/ld+json\" class=\"yoast-schema-graph\">{\"@context\":\"https:\/\/schema.org\",\"@graph\":[{\"@type\":\"WebPage\",\"@id\":\"https:\/\/temp.kansleri.fi\/da\/ir-cpl-atpl-mep-ground-school-schedule\/\",\"url\":\"https:\/\/temp.kansleri.fi\/da\/ir-cpl-atpl-mep-ground-school-schedule\/\",\"name\":\"IR\/CPL\/ATPL\/MEP Ground School Schedule - Aeropole\",\"isPartOf\":{\"@id\":\"https:\/\/temp.kansleri.fi\/#website\"},\"datePublished\":\"2020-07-01T10:37:49+00:00\",\"dateModified\":\"2024-10-26T16:35:01+00:00\",\"breadcrumb\":{\"@id\":\"https:\/\/temp.kansleri.fi\/da\/ir-cpl-atpl-mep-ground-school-schedule\/#breadcrumb\"},\"inLanguage\":\"da-DK\",\"potentialAction\":[{\"@type\":\"ReadAction\",\"target\":[\"https:\/\/temp.kansleri.fi\/da\/ir-cpl-atpl-mep-ground-school-schedule\/\"]}]},{\"@type\":\"BreadcrumbList\",\"@id\":\"https:\/\/temp.kansleri.fi\/da\/ir-cpl-atpl-mep-ground-school-schedule\/#breadcrumb\",\"itemListElement\":[{\"@type\":\"ListItem\",\"position\":1,\"name\":\"Home\",\"item\":\"https:\/\/temp.kansleri.fi\/da\/\"},{\"@type\":\"ListItem\",\"position\":2,\"name\":\"IR\/CPL\/ATPL\/MEP Ground School Schedule\"}]},{\"@type\":\"WebSite\",\"@id\":\"https:\/\/temp.kansleri.fi\/#website\",\"url\":\"https:\/\/temp.kansleri.fi\/\",\"name\":\"Aeropole\",\"description\":\"Aviation Academy, Aircraft Sales and Maintenance\",\"potentialAction\":[{\"@type\":\"SearchAction\",\"target\":{\"@type\":\"EntryPoint\",\"urlTemplate\":\"https:\/\/temp.kansleri.fi\/?s={search_term_string}\"},\"query-input\":{\"@type\":\"PropertyValueSpecification\",\"valueRequired\":true,\"valueName\":\"search_term_string\"}}],\"inLanguage\":\"da-DK\"}]}<\/script>\n<!-- \/ Yoast SEO plugin. -->","yoast_head_json":{"title":"IR\/CPL\/ATPL\/MEP Ground School Schedule - Aeropole","robots":{"index":"index","follow":"follow","max-snippet":"max-snippet:-1","max-image-preview":"max-image-preview:large","max-video-preview":"max-video-preview:-1"},"canonical":"https:\/\/temp.kansleri.fi\/da\/ir-cpl-atpl-mep-ground-school-schedule\/","og_locale":"da_DK","og_type":"article","og_title":"IR\/CPL\/ATPL\/MEP Ground School Schedule - Aeropole","og_url":"https:\/\/temp.kansleri.fi\/da\/ir-cpl-atpl-mep-ground-school-schedule\/","og_site_name":"Aeropole","article_modified_time":"2024-10-26T16:35:01+00:00","twitter_card":"summary_large_image","twitter_misc":{"Estimeret l\u00e6setid":"2 minutter"},"schema":{"@context":"https:\/\/schema.org","@graph":[{"@type":"WebPage","@id":"https:\/\/temp.kansleri.fi\/da\/ir-cpl-atpl-mep-ground-school-schedule\/","url":"https:\/\/temp.kansleri.fi\/da\/ir-cpl-atpl-mep-ground-school-schedule\/","name":"IR\/CPL\/ATPL\/MEP Ground School Schedule - Aeropole","isPartOf":{"@id":"https:\/\/temp.kansleri.fi\/#website"},"datePublished":"2020-07-01T10:37:49+00:00","dateModified":"2024-10-26T16:35:01+00:00","breadcrumb":{"@id":"https:\/\/temp.kansleri.fi\/da\/ir-cpl-atpl-mep-ground-school-schedule\/#breadcrumb"},"inLanguage":"da-DK","potentialAction":[{"@type":"ReadAction","target":["https:\/\/temp.kansleri.fi\/da\/ir-cpl-atpl-mep-ground-school-schedule\/"]}]},{"@type":"BreadcrumbList","@id":"https:\/\/temp.kansleri.fi\/da\/ir-cpl-atpl-mep-ground-school-schedule\/#breadcrumb","itemListElement":[{"@type":"ListItem","position":1,"name":"Home","item":"https:\/\/temp.kansleri.fi\/da\/"},{"@type":"ListItem","position":2,"name":"IR\/CPL\/ATPL\/MEP Ground School Schedule"}]},{"@type":"WebSite","@id":"https:\/\/temp.kansleri.fi\/#website","url":"https:\/\/temp.kansleri.fi\/","name":"Aeropole","description":"Aviation Academy, Aircraft Sales and Maintenance","potentialAction":[{"@type":"SearchAction","target":{"@type":"EntryPoint","urlTemplate":"https:\/\/temp.kansleri.fi\/?s={search_term_string}"},"query-input":{"@type":"PropertyValueSpecification","valueRequired":true,"valueName":"search_term_string"}}],"inLanguage":"da-DK"}]}},"_links":{"self":[{"href":"https:\/\/temp.kansleri.fi\/da\/wp-json\/wp\/v2\/pages\/20025","targetHints":{"allow":["GET"]}}],"collection":[{"href":"https:\/\/temp.kansleri.fi\/da\/wp-json\/wp\/v2\/pages"}],"about":[{"href":"https:\/\/temp.kansleri.fi\/da\/wp-json\/wp\/v2\/types\/page"}],"author":[{"embeddable":true,"href":"https:\/\/temp.kansleri.fi\/da\/wp-json\/wp\/v2\/users\/1"}],"replies":[{"embeddable":true,"href":"https:\/\/temp.kansleri.fi\/da\/wp-json\/wp\/v2\/comments?post=20025"}],"version-history":[{"count":30,"href":"https:\/\/temp.kansleri.fi\/da\/wp-json\/wp\/v2\/pages\/20025\/revisions"}],"predecessor-version":[{"id":27991,"href":"https:\/\/temp.kansleri.fi\/da\/wp-json\/wp\/v2\/pages\/20025\/revisions\/27991"}],"wp:attachment":[{"href":"https:\/\/temp.kansleri.fi\/da\/wp-json\/wp\/v2\/media?parent=20025"}],"curies":[{"name":"wp","href":"https:\/\/api.w.org\/{rel}","templated":true}]}}