{"id":12697,"date":"2017-04-20T11:36:38","date_gmt":"2017-04-20T08:36:38","guid":{"rendered":"http:\/\/elmoallen.name\/aeropole2\/?page_id=12697\/"},"modified":"2025-11-12T13:12:10","modified_gmt":"2025-11-12T13:12:10","slug":"yritys","status":"publish","type":"page","link":"https:\/\/temp.kansleri.fi\/fi\/yritys\/","title":{"rendered":"Aeropole yrityksen\u00e4"},"content":{"rendered":"<div  style='padding-bottom:10px; ' class='av-special-heading av-special-heading-h1    avia-builder-el-0  el_before_av_textblock  avia-builder-el-first  '><h1 class='av-special-heading-tag '  itemprop=\"headline\"  >Aeropole yrityksen\u00e4<\/h1><div class='special-heading-border'><div class='special-heading-inner-border' ><\/div><\/div><\/div>\n<section class=\"av_textblock_section \"  itemscope=\"itemscope\" itemtype=\"https:\/\/schema.org\/CreativeWork\" ><div class='avia_textblock intro-text '   itemprop=\"text\" ><p>Meill\u00e4 Aeropolella on tavoitteena tarjota sinulle erinomaista lentokoulutusta. Haluamme olla Suomen paras lentokoulu, ja lupaamme tarjota sinulle ensiluokkaista laatua niin asiakaspalvelun, koulutuksen, lentokaluston kuin henkil\u00f6st\u00f6n kokemuksenkin suhteen. Huoltoyhti\u00f6mme on erikoistunut moderneihin yleisilmailulentokoneisiin ja eritoten Diamond-lentokoneisiin, joita itsekin k\u00e4yt\u00e4mme koulutuksessamme ja joiden j\u00e4lleenmyyj\u00e4 olemme.<\/p>\n<\/div><\/section>\n<div class=\"flex_column av_one_fourth  flex_column_div av-zero-column-padding first  avia-builder-el-2  el_after_av_textblock  el_before_av_one_fourth  column-top-margin\" style='border-radius:0px; '><section class=\"av_textblock_section \"  itemscope=\"itemscope\" itemtype=\"https:\/\/schema.org\/CreativeWork\" ><div class='avia_textblock  '   itemprop=\"text\" ><h3><strong>Asiakaspalvelu<\/strong><\/h3>\n<p>Lupaamme vain sen, mihin pystymme. T\u00e4m\u00e4 tarkoittaa asiakasl\u00e4ht\u00f6isi\u00e4 ja reiluja sopimuksia, selke\u00e4\u00e4 hinnoittelua ilman yll\u00e4tyksi\u00e4 ja avointa sek\u00e4 rehellist\u00e4 yhteydenpitoa kun tilanteet muuttuvat. Koulutusaikataulut r\u00e4\u00e4t\u00e4l\u00f6id\u00e4\u00e4n Sinun tarpeidesi mukaisiksi, arkisin tai viikonloppuisin, vaikka ammattilaisymp\u00e4rist\u00f6ss\u00e4 arkip\u00e4iv\u00e4t ovatkin l\u00e4ht\u00f6kohta.<\/p>\n<p>Huoltomme tekee kaikkensa tarjotakseen ennakoitavaa ja hyvin suunniteltua palvelua, jonka tavoite on maksimoida aika jona lentokone pysyy k\u00e4ytett\u00e4viss\u00e4. Huoltomme pyrkii my\u00f6s pit\u00e4m\u00e4\u00e4n myymiemme uusien Diamond-lentokoneiden ostajat tyytyv\u00e4isin\u00e4 hoitamalla takuukorjaukset tehtaan puolesta. Ja tietysti autamme uuden Diamond-lentokoneen ostajaa valitsemaan itselleen parhaan tyypin ja mallin sopivimmalla varustuksella.<\/p>\n<\/div><\/section><\/div>\n<div class=\"flex_column av_one_fourth  flex_column_div av-zero-column-padding   avia-builder-el-4  el_after_av_one_fourth  el_before_av_one_fourth  column-top-margin\" style='border-radius:0px; '><section class=\"av_textblock_section \"  itemscope=\"itemscope\" itemtype=\"https:\/\/schema.org\/CreativeWork\" ><div class='avia_textblock  '   itemprop=\"text\" ><h3><strong>Koulutus<\/strong><\/h3>\n<p>L\u00e4hestymme koulutusta pedagogisesta n\u00e4k\u00f6kulmasta. Ty\u00f6mme on\u00a0kouluttaa asiakkaamme turvallisiksi ja varmoiksi lent\u00e4jiksi olipa heill\u00e4 t\u00e4ht\u00e4imess\u00e4 uusi harrastus tai ammatti. Meill\u00e4 on lent\u00e4j\u00e4koulutukseen tuore l\u00e4hestymistapa, johon kuuluvat pitk\u00e4lle harkitut koulutusohjelmat ja pitk\u00e4lle viedyt laadun- sek\u00e4 turvallisuudenhallintaj\u00e4rjestelm\u00e4t. Opetusk\u00e4yt\u00e4nt\u00f6mme eiv\u00e4t perustu luutuneeseen perim\u00e4tietoon, vaan koestettuihin \u201csuuren maailman\u201d koulutusohjelmiin, jotka olemme oman kokemuksemme turvin jalostaneet Pohjolan oloihimme sopivaksi \u2014 kaikki t\u00e4m\u00e4 monin paikoin ylitt\u00e4en eurooppalaisten ilmailuvaatimusten minimitason.<\/p>\n<\/div><\/section><\/div>\n<div class=\"flex_column av_one_fourth  flex_column_div av-zero-column-padding   avia-builder-el-6  el_after_av_one_fourth  el_before_av_one_fourth  column-top-margin\" style='border-radius:0px; '><section class=\"av_textblock_section \"  itemscope=\"itemscope\" itemtype=\"https:\/\/schema.org\/CreativeWork\" ><div class='avia_textblock  '   itemprop=\"text\" ><h3><strong>Moderni lentokalusto<\/strong><\/h3>\n<p>Lentokoneemme edustavat alan uusinta teknologiaa, ovat omiaan koulutusk\u00e4ytt\u00f6\u00f6n ja ovat eritt\u00e4in turvallisia. L\u00e4ht\u00f6kohtaisesti koulutamme kaikkia asiakkaitamme lasiohjaamokoneilla, mutta samalla kannustamme tilaisuuden tullen lent\u00e4m\u00e4\u00e4n my\u00f6s perinteisill\u00e4 mittareilla. Suurin osa lentokoneistamme on valmistettu 2010- ja 2020-luvuilla.<\/p>\n<\/div><\/section><\/div>\n<div class=\"flex_column av_one_fourth  flex_column_div av-zero-column-padding   avia-builder-el-8  el_after_av_one_fourth  el_before_av_section  avia-builder-el-last  column-top-margin\" style='border-radius:0px; '><section class=\"av_textblock_section \"  itemscope=\"itemscope\" itemtype=\"https:\/\/schema.org\/CreativeWork\" ><div class='avia_textblock  '   itemprop=\"text\" ><h3><strong>Lahjakkaat ammattilaisopettajat<\/strong><\/h3>\n<p>L\u00e4hes kaikilla opettajillamme on satoja ellei tuhansia lentotunteja opetuskokemusta ja useimmilla kokemusta my\u00f6s raskaasta liikenne- tai liikelent\u00e4misest\u00e4. Aeropolen opettajat ovat t\u00f6iss\u00e4 halusta opettaa, eiv\u00e4tk\u00e4 vain kartuttamassa omaa lentokokemustaan. Laadun vaaliminen on meille kaikki kaikessa. Panostamme eritoten oppituntien briefaamiseen ennen ja j\u00e4lkeen lennon. Opetuksen laatu ei kuitenkaan lep\u00e4\u00e4 vain yksitt\u00e4isten opettajiemme hartioilla, vaan sit\u00e4 vaalii my\u00f6s j\u00e4rjestelm\u00e4llinen suhtautumisemme laatuun ja oppimiseen organisaatiossamme.<\/p>\n<\/div><\/section><\/div>\n<\/div><\/div><\/div><!-- close content main div --><\/div><\/div><div id='av_section_1'  class='avia-section footer_color avia-section-default avia-no-shadow  avia-full-stretch av-parallax-section av-section-color-overlay-active avia-bg-style-parallax  avia-builder-el-10  el_after_av_one_fourth  el_before_av_heading   av-minimum-height av-minimum-height-50  container_wrap sidebar_right' style=' '  data-section-bg-repeat='stretch' data-av_minimum_height_pc='50'><div class='av-parallax' data-avia-parallax-ratio='0.3' ><div class='av-parallax-inner footer_color  avia-full-stretch' style = 'background-repeat: no-repeat; background-image: url(https:\/\/temp.kansleri.fi\/wp-content\/uploads\/2016\/06\/20150731_Aeropole_kuvat_42-1500x1000.jpg);background-attachment: scroll; background-position: top center; ' ><\/div><\/div><div class='av-section-color-overlay-wrap'><div class='av-section-color-overlay' style='opacity: 0.5; background-color: black; '><\/div><div class='container' ><div class='template-page content  av-content-small alpha units'><div class='post-entry post-entry-type-page post-entry-12697'><div class='entry-content-wrapper clearfix'>\n<div  style='padding-bottom:10px; ' class='av-special-heading av-special-heading-h1    avia-builder-el-11  el_before_av_textblock  avia-builder-el-first  '><h1 class='av-special-heading-tag '  itemprop=\"headline\"  >Keit\u00e4 olemme<\/h1><div class='special-heading-border'><div class='special-heading-inner-border' ><\/div><\/div><\/div>\n<section class=\"av_textblock_section \"  itemscope=\"itemscope\" itemtype=\"https:\/\/schema.org\/CreativeWork\" ><div class='avia_textblock  '  style='font-size:21px; '  itemprop=\"text\" ><p>Olemme t\u00e4\u00e4ll\u00e4 Sinua varten. Olemme monitaitoinen joukko ilmailun ja liike-el\u00e4m\u00e4n ammattilaisia: liikennelent\u00e4ji\u00e4, lennonopettajia, lentokoneinsin\u00f6\u00f6rej\u00e4 ja yritt\u00e4ji\u00e4. Haluamme tarjota koulutusta lentokoulussa, jossa Sinusta pidet\u00e4\u00e4n huolta. Emme varmastikaan ole halvin, mutta yrit\u00e4mme jatkuvasti olla lentokouluista paras. Haluamme opettaa Sinulle saman mit\u00e4 itse osaamme, ja tehd\u00e4 sinusta uuden j\u00e4senen lent\u00e4j\u00e4perheeseemme. Lentokonehuollossa haluamme tarjota asiakkaillemme samaa laatua kuin mit\u00e4 itse haluamme kalustomme arvon s\u00e4ilymiseksi. Asemamme Diamond-j\u00e4lleenmyyj\u00e4n\u00e4 on seurausta pitk\u00e4j\u00e4nteisest\u00e4 ty\u00f6st\u00e4 ja erikoistumisestamme Diamond-lentokoneisiin.<\/p>\n<\/div><\/section>\n<\/div><\/div><\/div><!-- close content main div --><\/div><\/div><\/div><div id='after_section_1'  class='main_color av_default_container_wrap container_wrap sidebar_right' style=' '  ><div class='container' ><div class='template-page content  av-content-small alpha units'><div class='post-entry post-entry-type-page post-entry-12697'><div class='entry-content-wrapper clearfix'>\n<div  style='padding-bottom:10px; ' class='av-special-heading av-special-heading-h1    avia-builder-el-13  el_after_av_section  el_before_av_textblock  avia-builder-el-first  '><h1 class='av-special-heading-tag '  itemprop=\"headline\"  >Perustajat<\/h1><div class='special-heading-border'><div class='special-heading-inner-border' ><\/div><\/div><\/div>\n<section class=\"av_textblock_section \"  itemscope=\"itemscope\" itemtype=\"https:\/\/schema.org\/CreativeWork\" ><div class='avia_textblock intro-text '   itemprop=\"text\" ><p>Uskomme vakaasti, ett\u00e4 ainoa tapa pysy\u00e4 parhaana on hyv\u00e4ksy\u00e4, ett\u00e4 oppiminen on jatkuva prosessi. Parhaaksi ei p\u00e4\u00e4se kuin olemalla per\u00e4\u00e4nantamaton ja jatkuvalla parantamisella. Tarkkuutemme laatuasioissa tuskin tulee kuitenkaan haittaamaan upeita lentokokemuksia, jotka odottavat sinua ilmailun parissa \u2014 p\u00e4invastoin. Pieni j\u00e4nnitys ja suuri ilo ovat erottamaton osa lent\u00e4mist\u00e4, ja lupaamme ett\u00e4 meill\u00e4 saat el\u00e4myksesi turvallisesti.<\/p>\n<\/div><\/section>\n<section class=\"av_textblock_section \"  itemscope=\"itemscope\" itemtype=\"https:\/\/schema.org\/CreativeWork\" ><div class='avia_textblock  '   itemprop=\"text\" ><p>Aeropolen perustivat vuonna 2010 Mikko Riepula ja Tuukka Takala. N\u00e4m\u00e4 kaksi ilmailualan ammattilaista p\u00e4\u00e4ttiv\u00e4t, ett\u00e4 Suomessa pystyt\u00e4\u00e4n tuottamaan ammattimaista, laadukasta\u00a0lentokoulutusta ensiluokkaisella asiakaspalvelulla. Vastaavaa ei tuntunut l\u00f6ytyv\u00e4n mist\u00e4\u00e4n:\u00a0miss\u00e4 koulutus oli hyv\u00e4\u00e4, asiakaspalvelu hiukan ontui. Miss\u00e4 asiakaspalvelu pelasi, ei koulutus ollut aivan ajan tasalla. Aeropole suunniteltiin puhtaalta p\u00f6yd\u00e4lt\u00e4 tuottamaan premium-tason lentokoulutusta alan huipputy\u00f6kaluilla ja -menetelmill\u00e4 &#8211; ja ennen kaikkea suurella syd\u00e4mell\u00e4, rakkaudesta ilmailuun. Aeropole ei ole mik\u00e4 tahansa lentokoulu. Se on Sinun lentokoulusi.<\/p>\n<p>Melko pian lentokoulun kasvaessa jouduimme toteamaan ett\u00e4 riitt\u00e4v\u00e4n ja tarpeeksi hyv\u00e4laatuisen huoltopalvelun varmistamiseksi oli parasta perustaa oma erillinen huoltoyhti\u00f6ns\u00e4, joka erikoistuu moderneihin yleisilmailukoneisiin ja erityisesti Diamondeihin. Aeropole Aircraft Maintenance Oy on alusta asti tarjonnut huoltopalvelua my\u00f6s konsernin ulkopuolisille asiakkaille, joiden osuus huoltomme kokonaisvolyymist\u00e4 on vain kasvanut vuosien saatossa.<\/p>\n<\/div><\/section>\n<\/div><\/div><\/div><!-- close content main div --><\/div><\/div><div id='av_section_2'  class='avia-section alternate_color avia-section-default avia-no-shadow  avia-bg-style-scroll  avia-builder-el-16  el_after_av_textblock  el_before_av_section   container_wrap sidebar_right' style=' '  ><div class='container' ><div class='template-page content  av-content-small alpha units'><div class='post-entry post-entry-type-page post-entry-12697'><div class='entry-content-wrapper clearfix'>\n<div class=\"flex_column av_one_fourth  flex_column_div first  avia-builder-el-17  el_before_av_one_fourth  avia-builder-el-first  \" style='padding:0.85em 0px 0px 0px ; border-radius:0px; '><div  class='avia-image-container  av-styling-no-styling    avia-builder-el-18  avia-builder-el-no-sibling  avia-align-center '  itemprop=\"image\" itemscope=\"itemscope\" itemtype=\"https:\/\/schema.org\/ImageObject\"  ><div class='avia-image-container-inner'><div class='avia-image-overlay-wrap'><img class='avia_image' src='https:\/\/temp.kansleri.fi\/wp-content\/uploads\/2016\/06\/Mikko-300x200.jpg' alt='' title='mikko' height=\"200\" width=\"300\"  itemprop=\"thumbnailUrl\"  \/><\/div><\/div><\/div><\/div><div class=\"flex_column av_one_fourth  avia-full-contain flex_column_div av-zero-column-padding   avia-builder-el-19  el_after_av_one_fourth  el_before_av_one_fourth  \" style='border-radius:0px; '><section class=\"av_textblock_section \"  itemscope=\"itemscope\" itemtype=\"https:\/\/schema.org\/CreativeWork\" ><div class='avia_textblock  '   itemprop=\"text\" ><p><strong>Mikko Riepula<\/strong>\u00a0on pitk\u00e4n linjan\u00a0yritt\u00e4j\u00e4.\u00a0Kauppatieteiden tohtori, diplomi-insin\u00f6\u00f6ri ja ilmailusta innostunut lennonopettaja, Mikko toimii Aeropolen toimitusjohtajana sek\u00e4 my\u00f6s osaltaan lennonopettajana Suomen, Tanskan ja Ranskan toimipisteill\u00e4mme.\u00a0Tarkkuus ja herkk\u00e4\u00a0bisnesvainu tekev\u00e4t Mikosta oivan ruorimiehen Aeropolen ohjaamisessa kasvuun.<\/p>\n<\/div><\/section><\/div><div class=\"flex_column av_one_fourth  flex_column_div   avia-builder-el-21  el_after_av_one_fourth  el_before_av_one_fourth  \" style='padding:0.85em 0px 0px 0px ; border-radius:0px; '><div  class='avia-image-container  av-styling-no-styling    avia-builder-el-22  avia-builder-el-no-sibling  avia-align-center '  itemprop=\"image\" itemscope=\"itemscope\" itemtype=\"https:\/\/schema.org\/ImageObject\"  ><div class='avia-image-container-inner'><div class='avia-image-overlay-wrap'><img class='avia_image' src='https:\/\/temp.kansleri.fi\/wp-content\/uploads\/2017\/04\/r015-d924-aeropole-MR7_1809-300x200.jpg' alt='' title='r015-d924-aeropole-MR7_1809' height=\"200\" width=\"300\"  itemprop=\"thumbnailUrl\"  \/><\/div><\/div><\/div><\/div><div class=\"flex_column av_one_fourth  flex_column_div av-zero-column-padding   avia-builder-el-23  el_after_av_one_fourth  avia-builder-el-last  \" style='border-radius:0px; '><section class=\"av_textblock_section \"  itemscope=\"itemscope\" itemtype=\"https:\/\/schema.org\/CreativeWork\" ><div class='avia_textblock  '   itemprop=\"text\" ><p><strong>Tuukka Takala<\/strong>\u00a0on liikennelent\u00e4j\u00e4 ja lennonopettaja, joka on lent\u00e4nyt isoja ja pieni\u00e4 lentokoneita viidell\u00e4 mantereella. Koulutukseltaan h\u00e4n\u00a0on lentokonetekniikan\u00a0diplomi-insin\u00f6\u00f6ri,\u00a0mutta lent\u00e4minen ja lennonopettaminen ovat l\u00e4hinn\u00e4 Tuukan syd\u00e4nt\u00e4. Tuukan erityisosaaminen piilee lentoturvallisuuden ja ilmailuorganisaatioiden hallinnassa sek\u00e4 tietysti itse lentokoulutuksessa.<\/p>\n<\/div><\/section><\/div>\n\n<\/div><\/div><\/div><!-- close content main div --><\/div><\/div><div id='approvals'  class='avia-section main_color avia-section-default avia-no-shadow  avia-bg-style-scroll  avia-builder-el-25  el_after_av_section  avia-builder-el-last   container_wrap sidebar_right' style=' '  ><div class='container' ><div class='template-page content  av-content-small alpha units'><div class='post-entry post-entry-type-page post-entry-12697'><div class='entry-content-wrapper clearfix'>\n<div class=\"flex_column av_one_half  flex_column_div av-zero-column-padding first  avia-builder-el-26  el_before_av_one_half  avia-builder-el-first  \" style='border-radius:0px; '><article  class=\"iconbox iconbox_left    avia-builder-el-27  avia-builder-el-no-sibling  \"  itemscope=\"itemscope\" itemtype=\"https:\/\/schema.org\/CreativeWork\" ><div class=\"iconbox_content\"><header class=\"entry-content-header\"><div class=\"iconbox_icon heading-color \" aria-hidden='true' data-av_icon='\ue84d' data-av_iconfont='entypo-fontello'  ><\/div><h3 class='iconbox_content_title  '  itemprop=\"headline\"  >Hyv\u00e4ksynn\u00e4t<\/h3><\/header><div class='iconbox_content_container  '  itemprop=\"text\"  ><p><a href=\"http:\/\/temp.kansleri.fi\/wp-content\/uploads\/2025\/11\/Aeropole-FI.ATO_.2016-Training-Course-Approval-703802-071125.pdf\">EASA ATO Certificate FI.ATO.2016<\/a>\u2013 Suomen liikenteen turvallisuusviraston (Traficom) my\u00f6nt\u00e4m\u00e4 hyv\u00e4ksytyn koulutusorganisaation (Approved Training Organisation, ATO) toimilupa.<\/p>\n<p><a href=\"http:\/\/temp.kansleri.fi\/wp-content\/uploads\/2024\/12\/FI.CAO_.0002-Approval-Certificate-Rev-1-2024-Oct.pdf\">EASA Maintenance Organisation Approval FI.CAO.0002<\/a> \u2013 Suomen liikenteen turvallisuusviraston (Traficom) my\u00f6nt\u00e4m\u00e4 hyv\u00e4ksytyn huolto-organisaation toimilupa.<\/p>\n<p><a href=\"http:\/\/temp.kansleri.fi\/wp-content\/uploads\/2024\/12\/FI-3A-342-FSTD-qualification-certificate-and-specification-2018-05-08.pdf\">EASA FNPT II (FI-3A-342) Qualification Certificate<\/a> \u2013 Vantaalla sijaitsevan lennonharjoittelulaitteen (FNPT II) hyv\u00e4ksynt\u00e4todistus.<\/p>\n<p><a href=\"http:\/\/temp.kansleri.fi\/wp-content\/uploads\/2025\/05\/FI-3A-343-FSTD-qualification-certificate-and-specification-2025-05-23.pdf\">EASA FNPT II (FI-3A-343) Qualification Certificate<\/a> \u2013 K\u00f6\u00f6penhaminan Roskildessa sijaitsevan lennonharjoittelulaitteen (FNPT II) hyv\u00e4ksynt\u00e4todistus.<\/p>\n<\/div><\/div><footer class=\"entry-footer\"><\/footer><\/article><\/div><div class=\"flex_column av_one_half  flex_column_div av-zero-column-padding   avia-builder-el-28  el_after_av_one_half  avia-builder-el-last  \" style='border-radius:0px; '><article  class=\"iconbox iconbox_left    avia-builder-el-29  avia-builder-el-no-sibling  \"  itemscope=\"itemscope\" itemtype=\"https:\/\/schema.org\/CreativeWork\" ><div class=\"iconbox_content\"><header class=\"entry-content-header\"><div class=\"iconbox_icon heading-color \" aria-hidden='true' data-av_icon='\ue8d3' data-av_iconfont='entypo-fontello'  ><\/div><h3 class='iconbox_content_title  '  itemprop=\"headline\"  >Rekisterit<\/h3><\/header><div class='iconbox_content_container  '  itemprop=\"text\"  ><p><a href=\"http:\/\/temp.kansleri.fi\/wp-content\/uploads\/2011\/10\/Rekisteriseloste-Aeropole-Oy.pdf\">Data protection description<\/a> (henkil\u00f6tietorekisteriseloste)<\/p>\n<\/div><\/div><footer class=\"entry-footer\"><\/footer><\/article><\/div><\/div><\/div><\/div><!-- close content main div --><\/div><\/div><div id='after_section_3'  class='main_color av_default_container_wrap container_wrap sidebar_right' style=' '  ><div class='container' ><div class='template-page content  av-content-small alpha units'><div class='post-entry post-entry-type-page post-entry-12697'><div class='entry-content-wrapper clearfix'>\n","protected":false},"excerpt":{"rendered":"","protected":false},"author":2,"featured_media":0,"parent":0,"menu_order":7,"comment_status":"closed","ping_status":"closed","template":"","meta":{"footnotes":""},"class_list":["post-12697","page","type-page","status-publish","hentry"],"yoast_head":"<!-- This site is optimized with the Yoast SEO plugin v27.1.1 - https:\/\/yoast.com\/product\/yoast-seo-wordpress\/ -->\n<title>Aeropole yrityksen\u00e4 - Olemme t\u00e4\u00e4ll\u00e4 Sinua varten - Aeropole<\/title>\n<meta name=\"description\" content=\"Aeropole lupaa tarjota sinulle ensiluokkaista laatua niin asiakaspalvelun, koulutuksen, lentokaluston kuin henkil\u00f6st\u00f6n kokemuksenkin suhteen.\" \/>\n<meta name=\"robots\" content=\"index, follow, max-snippet:-1, max-image-preview:large, max-video-preview:-1\" \/>\n<link rel=\"canonical\" href=\"https:\/\/temp.kansleri.fi\/fi\/yritys\/\" \/>\n<meta property=\"og:locale\" content=\"fi_FI\" \/>\n<meta property=\"og:type\" content=\"article\" \/>\n<meta property=\"og:title\" content=\"Aeropole yrityksen\u00e4 - Olemme t\u00e4\u00e4ll\u00e4 Sinua varten - Aeropole\" \/>\n<meta property=\"og:description\" content=\"Aeropole lupaa tarjota sinulle ensiluokkaista laatua niin asiakaspalvelun, koulutuksen, lentokaluston kuin henkil\u00f6st\u00f6n kokemuksenkin suhteen.\" \/>\n<meta property=\"og:url\" content=\"https:\/\/temp.kansleri.fi\/fi\/yritys\/\" \/>\n<meta property=\"og:site_name\" content=\"Aeropole\" \/>\n<meta property=\"article:modified_time\" content=\"2025-11-12T13:12:10+00:00\" \/>\n<meta name=\"twitter:card\" content=\"summary_large_image\" \/>\n<meta name=\"twitter:label1\" content=\"Arvioitu lukuaika\" \/>\n\t<meta name=\"twitter:data1\" content=\"6 minuuttia\" \/>\n<script type=\"application\/ld+json\" class=\"yoast-schema-graph\">{\"@context\":\"https:\/\/schema.org\",\"@graph\":[{\"@type\":\"WebPage\",\"@id\":\"https:\/\/temp.kansleri.fi\/fi\/yritys\/\",\"url\":\"https:\/\/temp.kansleri.fi\/fi\/yritys\/\",\"name\":\"Aeropole yrityksen\u00e4 - Olemme t\u00e4\u00e4ll\u00e4 Sinua varten - Aeropole\",\"isPartOf\":{\"@id\":\"https:\/\/temp.kansleri.fi\/#website\"},\"datePublished\":\"2017-04-20T08:36:38+00:00\",\"dateModified\":\"2025-11-12T13:12:10+00:00\",\"description\":\"Aeropole lupaa tarjota sinulle ensiluokkaista laatua niin asiakaspalvelun, koulutuksen, lentokaluston kuin henkil\u00f6st\u00f6n kokemuksenkin suhteen.\",\"breadcrumb\":{\"@id\":\"https:\/\/temp.kansleri.fi\/fi\/yritys\/#breadcrumb\"},\"inLanguage\":\"fi\",\"potentialAction\":[{\"@type\":\"ReadAction\",\"target\":[\"https:\/\/temp.kansleri.fi\/fi\/yritys\/\"]}]},{\"@type\":\"BreadcrumbList\",\"@id\":\"https:\/\/temp.kansleri.fi\/fi\/yritys\/#breadcrumb\",\"itemListElement\":[{\"@type\":\"ListItem\",\"position\":1,\"name\":\"Home\",\"item\":\"https:\/\/temp.kansleri.fi\/fi\/\"},{\"@type\":\"ListItem\",\"position\":2,\"name\":\"Aeropole yrityksen\u00e4\"}]},{\"@type\":\"WebSite\",\"@id\":\"https:\/\/temp.kansleri.fi\/#website\",\"url\":\"https:\/\/temp.kansleri.fi\/\",\"name\":\"Aeropole\",\"description\":\"Aviation Academy, Aircraft Sales and Maintenance\",\"potentialAction\":[{\"@type\":\"SearchAction\",\"target\":{\"@type\":\"EntryPoint\",\"urlTemplate\":\"https:\/\/temp.kansleri.fi\/?s={search_term_string}\"},\"query-input\":{\"@type\":\"PropertyValueSpecification\",\"valueRequired\":true,\"valueName\":\"search_term_string\"}}],\"inLanguage\":\"fi\"}]}<\/script>\n<!-- \/ Yoast SEO plugin. -->","yoast_head_json":{"title":"Aeropole yrityksen\u00e4 - Olemme t\u00e4\u00e4ll\u00e4 Sinua varten - Aeropole","description":"Aeropole lupaa tarjota sinulle ensiluokkaista laatua niin asiakaspalvelun, koulutuksen, lentokaluston kuin henkil\u00f6st\u00f6n kokemuksenkin suhteen.","robots":{"index":"index","follow":"follow","max-snippet":"max-snippet:-1","max-image-preview":"max-image-preview:large","max-video-preview":"max-video-preview:-1"},"canonical":"https:\/\/temp.kansleri.fi\/fi\/yritys\/","og_locale":"fi_FI","og_type":"article","og_title":"Aeropole yrityksen\u00e4 - Olemme t\u00e4\u00e4ll\u00e4 Sinua varten - Aeropole","og_description":"Aeropole lupaa tarjota sinulle ensiluokkaista laatua niin asiakaspalvelun, koulutuksen, lentokaluston kuin henkil\u00f6st\u00f6n kokemuksenkin suhteen.","og_url":"https:\/\/temp.kansleri.fi\/fi\/yritys\/","og_site_name":"Aeropole","article_modified_time":"2025-11-12T13:12:10+00:00","twitter_card":"summary_large_image","twitter_misc":{"Arvioitu lukuaika":"6 minuuttia"},"schema":{"@context":"https:\/\/schema.org","@graph":[{"@type":"WebPage","@id":"https:\/\/temp.kansleri.fi\/fi\/yritys\/","url":"https:\/\/temp.kansleri.fi\/fi\/yritys\/","name":"Aeropole yrityksen\u00e4 - Olemme t\u00e4\u00e4ll\u00e4 Sinua varten - Aeropole","isPartOf":{"@id":"https:\/\/temp.kansleri.fi\/#website"},"datePublished":"2017-04-20T08:36:38+00:00","dateModified":"2025-11-12T13:12:10+00:00","description":"Aeropole lupaa tarjota sinulle ensiluokkaista laatua niin asiakaspalvelun, koulutuksen, lentokaluston kuin henkil\u00f6st\u00f6n kokemuksenkin suhteen.","breadcrumb":{"@id":"https:\/\/temp.kansleri.fi\/fi\/yritys\/#breadcrumb"},"inLanguage":"fi","potentialAction":[{"@type":"ReadAction","target":["https:\/\/temp.kansleri.fi\/fi\/yritys\/"]}]},{"@type":"BreadcrumbList","@id":"https:\/\/temp.kansleri.fi\/fi\/yritys\/#breadcrumb","itemListElement":[{"@type":"ListItem","position":1,"name":"Home","item":"https:\/\/temp.kansleri.fi\/fi\/"},{"@type":"ListItem","position":2,"name":"Aeropole yrityksen\u00e4"}]},{"@type":"WebSite","@id":"https:\/\/temp.kansleri.fi\/#website","url":"https:\/\/temp.kansleri.fi\/","name":"Aeropole","description":"Aviation Academy, Aircraft Sales and Maintenance","potentialAction":[{"@type":"SearchAction","target":{"@type":"EntryPoint","urlTemplate":"https:\/\/temp.kansleri.fi\/?s={search_term_string}"},"query-input":{"@type":"PropertyValueSpecification","valueRequired":true,"valueName":"search_term_string"}}],"inLanguage":"fi"}]}},"_links":{"self":[{"href":"https:\/\/temp.kansleri.fi\/fi\/wp-json\/wp\/v2\/pages\/12697","targetHints":{"allow":["GET"]}}],"collection":[{"href":"https:\/\/temp.kansleri.fi\/fi\/wp-json\/wp\/v2\/pages"}],"about":[{"href":"https:\/\/temp.kansleri.fi\/fi\/wp-json\/wp\/v2\/types\/page"}],"author":[{"embeddable":true,"href":"https:\/\/temp.kansleri.fi\/fi\/wp-json\/wp\/v2\/users\/2"}],"replies":[{"embeddable":true,"href":"https:\/\/temp.kansleri.fi\/fi\/wp-json\/wp\/v2\/comments?post=12697"}],"version-history":[{"count":36,"href":"https:\/\/temp.kansleri.fi\/fi\/wp-json\/wp\/v2\/pages\/12697\/revisions"}],"predecessor-version":[{"id":30098,"href":"https:\/\/temp.kansleri.fi\/fi\/wp-json\/wp\/v2\/pages\/12697\/revisions\/30098"}],"wp:attachment":[{"href":"https:\/\/temp.kansleri.fi\/fi\/wp-json\/wp\/v2\/media?parent=12697"}],"curies":[{"name":"wp","href":"https:\/\/api.w.org\/{rel}","templated":true}]}}