{"id":12712,"date":"2016-06-25T12:04:12","date_gmt":"2016-06-25T09:04:12","guid":{"rendered":"http:\/\/elmoallen.name\/aeropole2\/?page_id=12712\/"},"modified":"2025-09-14T20:01:23","modified_gmt":"2025-09-14T20:01:23","slug":"yhteystiedot","status":"publish","type":"page","link":"https:\/\/temp.kansleri.fi\/fi\/yhteystiedot\/","title":{"rendered":"Ota yhteytt\u00e4"},"content":{"rendered":"<div id='contact-header'  class='avia-section alternate_color avia-section-default avia-no-shadow  avia-bg-style-scroll  avia-builder-el-0  el_before_av_section  avia-builder-el-first   container_wrap sidebar_right' style=' '  ><div class='container' ><main  role=\"main\" itemprop=\"mainContentOfPage\"  class='template-page content  av-content-small alpha units'><div class='post-entry post-entry-type-page post-entry-12712'><div class='entry-content-wrapper clearfix'>\n<div  style='padding-bottom:20px; ' class='av-special-heading av-special-heading-h1  blockquote modern-quote modern-centered  avia-builder-el-1  el_before_av_codeblock  avia-builder-el-first  '><h1 class='av-special-heading-tag '  itemprop=\"headline\"  >Ota yhteytt\u00e4<\/h1><div class='special-heading-border'><div class='special-heading-inner-border' ><\/div><\/div><\/div>\n\n<div class=\"flex_column av_one_third  flex_column_div av-zero-column-padding first  avia-builder-el-3  el_after_av_codeblock  el_before_av_one_third  \" style='border-radius:0px; '><p><span  class=\"av_font_icon avia_animate_when_visible avia-icon-animate  av-icon-style-  av-no-color avia-icon-pos-center \" style=\"\"><span class='av-icon-char' style='font-size:40px;line-height:40px;' aria-hidden='true' data-av_icon='\ue844' data-av_iconfont='entypo-fontello' ><\/span><\/span><br \/>\n<div  style='padding-bottom:10px; ' class='av-special-heading av-special-heading-h3  blockquote modern-quote modern-centered  avia-builder-el-5  el_after_av_font_icon  el_before_av_button  '><h3 class='av-special-heading-tag '  itemprop=\"headline\"  >L\u00e4het\u00e4 viesti<\/h3><div class='special-heading-border'><div class='special-heading-inner-border' ><\/div><\/div><\/div><br \/>\n<div  class='avia-button-wrap avia-button-center  avia-builder-el-6  el_after_av_heading  avia-builder-el-last  expandable-form-open' ><a href='#expandable-form'  class='avia-button   avia-icon_select-no avia-color-dark avia-size-small avia-position-center '   ><span class='avia_iconbox_title' >Siirry kirjoittamaan<\/span><\/a><\/div><\/p><\/div><div class=\"flex_column av_one_third  flex_column_div av-zero-column-padding   avia-builder-el-7  el_after_av_one_third  el_before_av_one_third  \" style='border-radius:0px; '><p><span  class=\"av_font_icon avia_animate_when_visible avia-icon-animate  av-icon-style-  av-no-color avia-icon-pos-center \" style=\"\"><span class='av-icon-char' style='font-size:40px;line-height:40px;' aria-hidden='true' data-av_icon='\ue8ac' data-av_iconfont='entypo-fontello' ><\/span><\/span><br \/>\n<div  style='padding-bottom:10px; ' class='av-special-heading av-special-heading-h3  blockquote modern-quote modern-centered  avia-builder-el-9  el_after_av_font_icon  el_before_av_textblock  '><h3 class='av-special-heading-tag '  itemprop=\"headline\"  >Soita<\/h3><div class='special-heading-border'><div class='special-heading-inner-border' ><\/div><\/div><\/div><br \/>\n<section class=\"av_textblock_section \"  itemscope=\"itemscope\" itemtype=\"https:\/\/schema.org\/CreativeWork\" ><div class='avia_textblock  '   itemprop=\"text\" ><h3 style=\"text-align: center;\">+358 9 5627 4600<\/h3>\n<p style=\"text-align: center;\">Parhaiten tavoitat meid\u00e4t arkip\u00e4ivisin toimistoaikaan.<\/p>\n<\/div><\/section><\/p><\/div><div class=\"flex_column av_one_third  flex_column_div av-zero-column-padding   avia-builder-el-11  el_after_av_one_third  el_before_av_hr  \" style='border-radius:0px; '><p><span  class=\"av_font_icon avia_animate_when_visible avia-icon-animate  av-icon-style-  av-no-color avia-icon-pos-center \" style=\"\"><span class='av-icon-char' style='font-size:40px;line-height:40px;' aria-hidden='true' data-av_icon='\ue805' data-av_iconfont='entypo-fontello' ><\/span><\/span><br \/>\n<div  style='padding-bottom:10px; ' class='av-special-heading av-special-heading-h3  blockquote modern-quote modern-centered  avia-builder-el-13  el_after_av_font_icon  el_before_av_textblock  '><h3 class='av-special-heading-tag '  itemprop=\"headline\"  >Email<\/h3><div class='special-heading-border'><div class='special-heading-inner-border' ><\/div><\/div><\/div><br \/>\n<section class=\"av_textblock_section \"  itemscope=\"itemscope\" itemtype=\"https:\/\/schema.org\/CreativeWork\" ><div class='avia_textblock  '   itemprop=\"text\" ><p style=\"text-align: center;\">info@temp.kansleri.fi<\/p>\n<\/div><\/section><\/p><\/div><div   class='hr hr-default   avia-builder-el-15  el_after_av_one_third  el_before_av_two_fifth '><span class='hr-inner ' ><span class='hr-inner-style'><\/span><\/span><\/div>\n<div class=\"flex_column av_two_fifth  flex_column_div av-zero-column-padding first  avia-builder-el-16  el_after_av_hr  el_before_av_three_fifth  \" style='border-radius:0px; '><section class=\"av_textblock_section \"  itemscope=\"itemscope\" itemtype=\"https:\/\/schema.org\/CreativeWork\" ><div class='avia_textblock  '   itemprop=\"text\" ><h4>Postiosoite<\/h4>\n<p>Aeropole Oy<br \/>\nTeknobulevardi 3-5<br \/>\n01530 Vantaa<br \/>\nFinland<\/p>\n<\/div><\/section><br \/>\n<section class=\"av_textblock_section \"  itemscope=\"itemscope\" itemtype=\"https:\/\/schema.org\/CreativeWork\" ><div class='avia_textblock  '   itemprop=\"text\" ><h4>Pankkiyhteys asiakkaille (Aeropole Oy)<\/h4>\n<table class=\"table-noborder\">\n<tbody>\n<tr>\n<td>IBAN<\/td>\n<td>FI77 1309 3000 2073 40<\/td>\n<\/tr>\n<tr>\n<td>BIC<\/td>\n<td>NDEAFIHH<\/td>\n<\/tr>\n<\/tbody>\n<\/table>\n<\/div><\/section><\/p><\/div><div class=\"flex_column av_three_fifth  flex_column_div av-zero-column-padding   avia-builder-el-19  el_after_av_two_fifth  el_before_av_one_full  \" style='border-radius:0px; '><section class=\"av_textblock_section \"  itemscope=\"itemscope\" itemtype=\"https:\/\/schema.org\/CreativeWork\" ><div class='avia_textblock  '   itemprop=\"text\" ><h4>Laskutustiedot<\/h4>\n<table class=\"table-noborder\">\n<tbody>\n<tr>\n<td>Yritys<\/td>\n<td>Aeropole Oy<\/td>\n<td>Aeropole Aircraft Maintenance Oy<\/td>\n<\/tr>\n<tr>\n<td>Y-tunnus<\/td>\n<td>1615863-8<\/td>\n<td>2858212-9<\/td>\n<\/tr>\n<tr>\n<td>EU VAT ID<\/td>\n<td>FI16158638<\/td>\n<td>FI28582129<\/td>\n<\/tr>\n<tr>\n<td>Verkkolaskutusosoite<\/td>\n<td>003716158638<\/td>\n<td>003728582129<\/td>\n<\/tr>\n<tr>\n<td>V\u00e4litt\u00e4j\u00e4<\/td>\n<td>Maventa<\/td>\n<td>Maventa<\/td>\n<\/tr>\n<tr>\n<td>V\u00e4litt\u00e4j\u00e4tunnus<\/td>\n<td>003721291126<\/td>\n<td>003721291126<\/td>\n<\/tr>\n<\/tbody>\n<\/table>\n<\/div><\/section><\/div><div class=\"flex_column av_one_full  flex_column_div av-zero-column-padding first  avia-builder-el-21  el_after_av_three_fifth  avia-builder-el-last  \" style='border-radius:0px; '><p><section class=\"av_textblock_section \"  itemscope=\"itemscope\" itemtype=\"https:\/\/schema.org\/CreativeWork\" ><div class='avia_textblock  '   itemprop=\"text\" ><p>L\u00e4het\u00e4 meille viesti k\u00e4ytt\u00e4m\u00e4ll\u00e4 alla olevaa lomaketta<\/p>\n<\/div><\/section><br \/>\n<\/p><\/div>\n\n<\/div><\/div><\/main><!-- close content main element --><\/div><\/div><div id='av_section_2'  class='avia-section main_color avia-section-default avia-no-shadow  avia-bg-style-scroll  avia-builder-el-24  el_after_av_section  avia-builder-el-last   container_wrap sidebar_right' style=' '  ><div class='container' ><div class='template-page content  av-content-small alpha units'><div class='post-entry post-entry-type-page post-entry-12712'><div class='entry-content-wrapper clearfix'>\n<div class=\"flex_column av_one_full  flex_column_div av-zero-column-padding first  avia-builder-el-25  el_before_av_one_third  avia-builder-el-first  \" style='margin-top:50px; margin-bottom:50px; border-radius:0px; '><p><div  style='padding-bottom:0px; ' class='av-special-heading av-special-heading-h1  blockquote modern-quote modern-centered  avia-builder-el-26  el_before_av_button  avia-builder-el-first  '><h1 class='av-special-heading-tag '  itemprop=\"headline\"  >Toimipisteet<\/h1><div class='special-heading-border'><div class='special-heading-inner-border' ><\/div><\/div><\/div><br \/>\n<div  class='avia-button-wrap avia-button-center  avia-builder-el-27  el_after_av_heading  el_before_av_textblock ' ><a href='https:\/\/temp.kansleri.fi\/locations\/'  class='avia-button   avia-icon_select-no avia-color-dark avia-size-small avia-position-center '   ><span class='avia_iconbox_title' >Lue lis\u00e4\u00e4 toimipisteist\u00e4mme<\/span><\/a><\/div><br \/>\n<section class=\"av_textblock_section \"  itemscope=\"itemscope\" itemtype=\"https:\/\/schema.org\/CreativeWork\" ><div class='avia_textblock intro-text '   itemprop=\"text\" ><p>Pyyd\u00e4mme teit\u00e4 sopimaan tapaamisen etuk\u00e4teen. Olet tervetullut tapaamaan meit\u00e4 mihin tahansa toimipisteeseemme \u2013 <a class=\"expandable-form-open\" href=\"#expandable-form\">ota vain yhteytt\u00e4 ensin<\/a>!<\/p>\n<\/div><\/section><\/p><\/div><div class=\"flex_column av_one_third  flex_column_div av-zero-column-padding first  avia-builder-el-29  el_after_av_one_full  el_before_av_one_third  column-top-margin\" style='border-radius:0px; '><p><div  style='padding-bottom:0px; ' class='av-special-heading av-special-heading-h4    avia-builder-el-30  el_before_av_textblock  avia-builder-el-first  '><h4 class='av-special-heading-tag '  itemprop=\"headline\"  >Tampere Training Centre (EFTP)<\/h4><div class='special-heading-border'><div class='special-heading-inner-border' ><\/div><\/div><\/div><br \/>\n<section class=\"av_textblock_section \"  itemscope=\"itemscope\" itemtype=\"https:\/\/schema.org\/CreativeWork\" ><div class='avia_textblock location-maplink '   itemprop=\"text\" ><p><a href=\"https:\/\/www.google.fi\/maps\/place\/Varikontie+14,+33960+Pirkkala\/@61.4216478,23.6161581,17z\/data=!3m1!4b1!4m5!3m4!1s0x468edbd06e11d08f:0x482969e9da238e7!8m2!3d61.4216478!4d23.6183521\">Tampere-Pirkkalan lentoasema<br \/>\nTerminaali 2<br \/>\nVarikontie 14<br \/>\n33960 Pirkkala<br \/>\nFinland<\/a><\/p>\n<\/div><\/section><br \/>\n<section class=\"av_textblock_section \"  itemscope=\"itemscope\" itemtype=\"https:\/\/schema.org\/CreativeWork\" ><div class='avia_textblock  '   itemprop=\"text\" ><p>Toimistomme on avoinna ma\u2013pe klo 9\u201317. Muina aikoina pyyd\u00e4mme sopimaan tapaamisen.<\/p>\n<p>Jotta voimme tarjota parasta mahdollista r\u00e4\u00e4t\u00e4l\u00f6ity\u00e4 palvelua sek\u00e4 asiantuntemusta juuri sinulle, toivomme ett\u00e4 sovit tapaamisen etuk\u00e4teen.<\/p>\n<\/div><\/section><\/p><\/div><div class=\"flex_column av_one_third  flex_column_div av-zero-column-padding   avia-builder-el-33  el_after_av_one_third  el_before_av_one_third  column-top-margin\" style='border-radius:0px; '><p><div  style='padding-bottom:0px; ' class='av-special-heading av-special-heading-h4    avia-builder-el-34  el_before_av_textblock  avia-builder-el-first  '><h4 class='av-special-heading-tag '  itemprop=\"headline\"  >Lahti (EFLA) Maintenance <span class='special_amp'>&amp;<\/span> Training Centre<\/h4><div class='special-heading-border'><div class='special-heading-inner-border' ><\/div><\/div><\/div><br \/>\n<section class=\"av_textblock_section \"  itemscope=\"itemscope\" itemtype=\"https:\/\/schema.org\/CreativeWork\" ><div class='avia_textblock location-maplink '   itemprop=\"text\" ><p><a href=\"https:\/\/www.google.com\/maps\/place\/Aeropole+Aircraft+Maintenance+Oy\/@61.14902,25.6940822,16.99z\/data=!4m8!1m2!2m1!1slentotie+170,+17130+vesivehmaa!3m4!1s0x0:0xe9d23319f8c4d587!8m2!3d61.1490425!4d25.6962799\">Aeropole Hangar<br \/>\nLentotie 170<br \/>\n17130 Vesivehmaa<\/a><\/p>\n<\/div><\/section><br \/>\n<section class=\"av_textblock_section \"  itemscope=\"itemscope\" itemtype=\"https:\/\/schema.org\/CreativeWork\" ><div class='avia_textblock  '   itemprop=\"text\" ><p>Lahti-Vesivehmaa on viimeisin lis\u00e4ys kasvavaan huolto- ja koulutusverkostoomme. Lahti-Vesivehmaan lentokent\u00e4lle olemme rakentaneet uuden, \u00a0noin 800 neli\u00f6n hallin, joka on varta vasten suunniteltu vastaamaan tarpeisiimme sek\u00e4 huolto- ett\u00e4 koulutustoiminnan osalta.<\/p>\n<p>Tervetuloa tutustumaan laadukkaisiin palveluihimme my\u00f6s t\u00e4ll\u00e4 uusimmalla toimipisteell\u00e4mme! Olemme avoinna ma-pe klo 08.00-16.15, mutta parhaan palvelun takaamiseksi suosittelemme, ett\u00e4 sovitte tapaamisen etuk\u00e4teen.<\/p>\n<\/div><\/section><\/p><\/div><div class=\"flex_column av_one_third  flex_column_div av-zero-column-padding   avia-builder-el-37  el_after_av_one_third  el_before_av_one_third  column-top-margin\" style='border-radius:0px; '><p><div  style='padding-bottom:0px; ' class='av-special-heading av-special-heading-h4    avia-builder-el-38  el_before_av_textblock  avia-builder-el-first  '><h4 class='av-special-heading-tag '  itemprop=\"headline\"  >Aviapolis Training Centre, Vantaa (EFHK)<\/h4><div class='special-heading-border'><div class='special-heading-inner-border' ><\/div><\/div><\/div><br \/>\n<section class=\"av_textblock_section \"  itemscope=\"itemscope\" itemtype=\"https:\/\/schema.org\/CreativeWork\" ><div class='avia_textblock location-maplink '   itemprop=\"text\" ><p><a href=\"https:\/\/www.google.com\/maps\/place\/Karhum\u00e4entie+12,+01530+Vantaa\/@60.3043777,24.9589742,16.91z\/data=!4m13!1m7!3m6!1s0x468df8129bedc20d:0xffaeb5af5e491b52!2sKarhum\u00e4entie+12,+01530+Vantaa!3b1!8m2!3d60.3040037!4d24.9610686!3m4!1s0x468df8129bedc20d:0xffaeb5af5e491b52!8m2!3d60.3040037!4d24.9610686\">Karhum\u00e4entie 12<br \/>\n01530 Vantaa<br \/>\nFinland<\/a><\/p>\n<\/div><\/section><br \/>\n<section class=\"av_textblock_section \"  itemscope=\"itemscope\" itemtype=\"https:\/\/schema.org\/CreativeWork\" ><div class='avia_textblock  '   itemprop=\"text\" ><p>Simulaattorikoulutuskeskus Helsinki-Vantaan lentokent\u00e4n alueella (Aviapolis), aivan juna-aseman vieress\u00e4 ja kivenheiton p\u00e4\u00e4ss\u00e4 hallinnollisesta p\u00e4\u00e4konttoristamme Technopoliksessa. Saapuessasi junalla k\u00e4yt\u00e4 Aviapoliksen maanalaisen juna-aseman pohjoista ulostuloa, niin k\u00e4velymatka maan pinnalla on en\u00e4\u00e4 noin 100 m.<\/p>\n<\/div><\/section><\/p><\/div><div class='flex_column_table av-equal-height-column-flextable -flextable' style='margin-top:0px; margin-bottom:50px; '><div class=\"flex_column av_one_third  flex_column_table_cell av-equal-height-column av-align-top av-zero-column-padding first  avia-builder-el-41  el_after_av_one_third  el_before_av_one_third  column-top-margin\" style='border-radius:0px; '><p><div  style='padding-bottom:10px; ' class='av-special-heading av-special-heading-h4    avia-builder-el-42  el_before_av_textblock  avia-builder-el-first  '><h4 class='av-special-heading-tag '  itemprop=\"headline\"  >Jyv\u00e4skyl\u00e4 Training Centre (EFJY)<\/h4><div class='special-heading-border'><div class='special-heading-inner-border' ><\/div><\/div><\/div><br \/>\n<section class=\"av_textblock_section \"  itemscope=\"itemscope\" itemtype=\"https:\/\/schema.org\/CreativeWork\" ><div class='avia_textblock location-maplink '   itemprop=\"text\" ><p><a href=\"https:\/\/www.google.fi\/maps\/place\/Aeropole+Oy+(Flight+Training)+at+Jyv\u00e4skyl\u00e4-Tikkakoski,+EFJY\/@62.4037626,25.6780302,505m\/data=!3m2!1e3!4b1!4m5!3m4!1s0x4685a0e32ee595b7:0x8ccabc4cb123d19a!8m2!3d62.4037601!4d25.6802189\">Jyv\u00e4skyl\u00e4n lentoasema<br \/>\nLentoasemantie 70<br \/>\n41160 Tikkakoski<br \/>\nFinland<\/a><\/p>\n<\/div><\/section><br \/>\n<section class=\"av_textblock_section \"  itemscope=\"itemscope\" itemtype=\"https:\/\/schema.org\/CreativeWork\" ><div class='avia_textblock  '   itemprop=\"text\" ><p>Toimistomme sijaitsee hallintorakennuksessa 50 m oikealle matkustajaterminaalista. Jyv\u00e4skyl\u00e4-Tikkakosken lentoasemalla tarjoamme teoriakurssiasiakkaillemme my\u00f6s mahdollisuuden Traficomin viranomaiskokeiden suorittamiseen.<\/p>\n<\/div><\/section><\/p><\/div><div class='av-flex-placeholder'><\/div><div class=\"flex_column av_one_third  flex_column_table_cell av-equal-height-column av-align-top av-zero-column-padding   avia-builder-el-45  el_after_av_one_third  avia-builder-el-last  column-top-margin\" style='border-radius:0px; '><p><div  style='padding-bottom:0px; ' class='av-special-heading av-special-heading-h4    avia-builder-el-46  el_before_av_textblock  avia-builder-el-first  '><h4 class='av-special-heading-tag '  itemprop=\"headline\"  >Roskilde Training Centre (EKRK)<\/h4><div class='special-heading-border'><div class='special-heading-inner-border' ><\/div><\/div><\/div><br \/>\n<section class=\"av_textblock_section \"  itemscope=\"itemscope\" itemtype=\"https:\/\/schema.org\/CreativeWork\" ><div class='avia_textblock location-maplink '   itemprop=\"text\" ><p><a href=\"https:\/\/www.google.fi\/maps\/place\/Aeropole+Denmark+ApS+(Flight+Training,+Aircraft+Sales)+at+Copenhagen-Roskilde\/@55.5932431,12.1279026,17z\/data=!3m1!4b1!4m5!3m4!1s0x4652f52f072d5619:0x1f22994e4527d9f3!8m2!3d55.5932431!4d12.1300913\">Roskilde Airport<br \/>\nHangarvej E 14<br \/>\n4000 Roskilde<br \/>\nDenmark<br \/>\n<\/a><\/p>\n<\/div><\/section><br \/>\n<section class=\"av_textblock_section \"  itemscope=\"itemscope\" itemtype=\"https:\/\/schema.org\/CreativeWork\" ><div class='avia_textblock location-maplink '   itemprop=\"text\" ><p>P\u00e4\u00e4kallonpaikkamme Tanskassa. Roskilde on K\u00f6\u00f6penhaminan kakkoskentt\u00e4 ja Pohjoismaiden merkitt\u00e4vin yleisilmailukentt\u00e4. Roskilde toimii erinomaisena mittarilentokoulutuspaikkana erilaisine mittaril\u00e4hestymisineen ja simulaattoreineen. Se tarjoaa monipuolisen ja virke\u00e4n koulutusymp\u00e4rist\u00f6n, jonka rinnalla Suomen vilkkaimmatkin lentoasemat kalpenevat.<\/p>\n<\/div><\/section><\/p><\/div><\/div><!--close column table wrapper. Autoclose: 1 --><\/div><\/div><\/div><!-- close content main div --><\/div><\/div><div id='after_section_2'  class='main_color av_default_container_wrap container_wrap sidebar_right' style=' '  ><div class='container' ><div class='template-page content  av-content-small alpha units'><div class='post-entry post-entry-type-page post-entry-12712'><div class='entry-content-wrapper clearfix'>\n","protected":false},"excerpt":{"rendered":"","protected":false},"author":1,"featured_media":0,"parent":0,"menu_order":8,"comment_status":"closed","ping_status":"closed","template":"","meta":{"footnotes":""},"class_list":["post-12712","page","type-page","status-publish","hentry"],"yoast_head":"<!-- This site is optimized with the Yoast SEO plugin v27.1.1 - https:\/\/yoast.com\/product\/yoast-seo-wordpress\/ -->\n<title>Ota yhteytt\u00e4 - Aeropole<\/title>\n<meta name=\"robots\" content=\"index, follow, max-snippet:-1, max-image-preview:large, max-video-preview:-1\" \/>\n<link rel=\"canonical\" href=\"https:\/\/temp.kansleri.fi\/fi\/yhteystiedot\/\" \/>\n<meta property=\"og:locale\" content=\"fi_FI\" \/>\n<meta property=\"og:type\" content=\"article\" \/>\n<meta property=\"og:title\" content=\"Ota yhteytt\u00e4 - Aeropole\" \/>\n<meta property=\"og:url\" content=\"https:\/\/temp.kansleri.fi\/fi\/yhteystiedot\/\" \/>\n<meta property=\"og:site_name\" content=\"Aeropole\" \/>\n<meta property=\"article:modified_time\" content=\"2025-09-14T20:01:23+00:00\" \/>\n<meta name=\"twitter:card\" content=\"summary_large_image\" \/>\n<meta name=\"twitter:label1\" content=\"Arvioitu lukuaika\" \/>\n\t<meta name=\"twitter:data1\" content=\"6 minuuttia\" \/>\n<script type=\"application\/ld+json\" class=\"yoast-schema-graph\">{\"@context\":\"https:\/\/schema.org\",\"@graph\":[{\"@type\":\"WebPage\",\"@id\":\"https:\/\/temp.kansleri.fi\/fi\/yhteystiedot\/\",\"url\":\"https:\/\/temp.kansleri.fi\/fi\/yhteystiedot\/\",\"name\":\"Ota yhteytt\u00e4 - Aeropole\",\"isPartOf\":{\"@id\":\"https:\/\/temp.kansleri.fi\/#website\"},\"datePublished\":\"2016-06-25T09:04:12+00:00\",\"dateModified\":\"2025-09-14T20:01:23+00:00\",\"breadcrumb\":{\"@id\":\"https:\/\/temp.kansleri.fi\/fi\/yhteystiedot\/#breadcrumb\"},\"inLanguage\":\"fi\",\"potentialAction\":[{\"@type\":\"ReadAction\",\"target\":[\"https:\/\/temp.kansleri.fi\/fi\/yhteystiedot\/\"]}]},{\"@type\":\"BreadcrumbList\",\"@id\":\"https:\/\/temp.kansleri.fi\/fi\/yhteystiedot\/#breadcrumb\",\"itemListElement\":[{\"@type\":\"ListItem\",\"position\":1,\"name\":\"Home\",\"item\":\"https:\/\/temp.kansleri.fi\/fi\/\"},{\"@type\":\"ListItem\",\"position\":2,\"name\":\"Ota yhteytt\u00e4\"}]},{\"@type\":\"WebSite\",\"@id\":\"https:\/\/temp.kansleri.fi\/#website\",\"url\":\"https:\/\/temp.kansleri.fi\/\",\"name\":\"Aeropole\",\"description\":\"Aviation Academy, Aircraft Sales and Maintenance\",\"potentialAction\":[{\"@type\":\"SearchAction\",\"target\":{\"@type\":\"EntryPoint\",\"urlTemplate\":\"https:\/\/temp.kansleri.fi\/?s={search_term_string}\"},\"query-input\":{\"@type\":\"PropertyValueSpecification\",\"valueRequired\":true,\"valueName\":\"search_term_string\"}}],\"inLanguage\":\"fi\"}]}<\/script>\n<!-- \/ Yoast SEO plugin. -->","yoast_head_json":{"title":"Ota yhteytt\u00e4 - Aeropole","robots":{"index":"index","follow":"follow","max-snippet":"max-snippet:-1","max-image-preview":"max-image-preview:large","max-video-preview":"max-video-preview:-1"},"canonical":"https:\/\/temp.kansleri.fi\/fi\/yhteystiedot\/","og_locale":"fi_FI","og_type":"article","og_title":"Ota yhteytt\u00e4 - Aeropole","og_url":"https:\/\/temp.kansleri.fi\/fi\/yhteystiedot\/","og_site_name":"Aeropole","article_modified_time":"2025-09-14T20:01:23+00:00","twitter_card":"summary_large_image","twitter_misc":{"Arvioitu lukuaika":"6 minuuttia"},"schema":{"@context":"https:\/\/schema.org","@graph":[{"@type":"WebPage","@id":"https:\/\/temp.kansleri.fi\/fi\/yhteystiedot\/","url":"https:\/\/temp.kansleri.fi\/fi\/yhteystiedot\/","name":"Ota yhteytt\u00e4 - Aeropole","isPartOf":{"@id":"https:\/\/temp.kansleri.fi\/#website"},"datePublished":"2016-06-25T09:04:12+00:00","dateModified":"2025-09-14T20:01:23+00:00","breadcrumb":{"@id":"https:\/\/temp.kansleri.fi\/fi\/yhteystiedot\/#breadcrumb"},"inLanguage":"fi","potentialAction":[{"@type":"ReadAction","target":["https:\/\/temp.kansleri.fi\/fi\/yhteystiedot\/"]}]},{"@type":"BreadcrumbList","@id":"https:\/\/temp.kansleri.fi\/fi\/yhteystiedot\/#breadcrumb","itemListElement":[{"@type":"ListItem","position":1,"name":"Home","item":"https:\/\/temp.kansleri.fi\/fi\/"},{"@type":"ListItem","position":2,"name":"Ota yhteytt\u00e4"}]},{"@type":"WebSite","@id":"https:\/\/temp.kansleri.fi\/#website","url":"https:\/\/temp.kansleri.fi\/","name":"Aeropole","description":"Aviation Academy, Aircraft Sales and Maintenance","potentialAction":[{"@type":"SearchAction","target":{"@type":"EntryPoint","urlTemplate":"https:\/\/temp.kansleri.fi\/?s={search_term_string}"},"query-input":{"@type":"PropertyValueSpecification","valueRequired":true,"valueName":"search_term_string"}}],"inLanguage":"fi"}]}},"_links":{"self":[{"href":"https:\/\/temp.kansleri.fi\/fi\/wp-json\/wp\/v2\/pages\/12712","targetHints":{"allow":["GET"]}}],"collection":[{"href":"https:\/\/temp.kansleri.fi\/fi\/wp-json\/wp\/v2\/pages"}],"about":[{"href":"https:\/\/temp.kansleri.fi\/fi\/wp-json\/wp\/v2\/types\/page"}],"author":[{"embeddable":true,"href":"https:\/\/temp.kansleri.fi\/fi\/wp-json\/wp\/v2\/users\/1"}],"replies":[{"embeddable":true,"href":"https:\/\/temp.kansleri.fi\/fi\/wp-json\/wp\/v2\/comments?post=12712"}],"version-history":[{"count":31,"href":"https:\/\/temp.kansleri.fi\/fi\/wp-json\/wp\/v2\/pages\/12712\/revisions"}],"predecessor-version":[{"id":29811,"href":"https:\/\/temp.kansleri.fi\/fi\/wp-json\/wp\/v2\/pages\/12712\/revisions\/29811"}],"wp:attachment":[{"href":"https:\/\/temp.kansleri.fi\/fi\/wp-json\/wp\/v2\/media?parent=12712"}],"curies":[{"name":"wp","href":"https:\/\/api.w.org\/{rel}","templated":true}]}}