{"id":12753,"date":"2016-12-01T10:48:30","date_gmt":"2016-12-01T10:48:30","guid":{"rendered":"http:\/\/elmoallen.name\/aeropole2\/atpl-ground-school-schedule\/"},"modified":"2024-12-03T10:14:01","modified_gmt":"2024-12-03T10:14:01","slug":"atpl-ground-school-schedule","status":"publish","type":"page","link":"https:\/\/temp.kansleri.fi\/fi\/atpl-ground-school-schedule\/","title":{"rendered":"IR\/CPL\/ATPL\/MEP Ground School Schedule"},"content":{"rendered":"<div class=\"flex_column av_one_full  flex_column_div av-zero-column-padding first  avia-builder-el-0  el_before_av_one_half  avia-builder-el-first  \" style='border-radius:0px; '><section class=\"av_textblock_section \"  itemscope=\"itemscope\" itemtype=\"https:\/\/schema.org\/CreativeWork\" ><div class='avia_textblock  '   itemprop=\"text\" ><h1><strong>IR\/CPL\/ATPL\/MEP-L\u00c4HIOPETUSJAKSOJEN AJANKOHDAT<\/strong><\/h1>\n<h3>+ A-UPRT and PBN<\/h3>\n<p>Tarjoamme monipuolisesti ilmailun teoriakursseja. Olipa tavoitteenasi liikennelent\u00e4j\u00e4n lupakirjaan t\u00e4ht\u00e4\u00e4v\u00e4n teoriakurssin suorittaminen tai osaamisesi t\u00e4ydent\u00e4minen esimerkiksi A-UPRT-kurssilla, voit luottaa meihin. Sivun alareunasta l\u00f6yd\u00e4t seuraavien MEP- ja A-UPRT-kurssien teoriaosuuksien aikataulut.<\/p>\n<p><strong>Ota seurantaan <a href=\"http:\/\/www.facebook.com\/aeropole\">Facebook-sivumme<\/a> ja tilaa <a href=\"https:\/\/us3.list-manage.com\/subscribe?u=12de0e38f3fd09db6c627d76d&amp;id=efa5225f09\">uutiskirjeemme<\/a>, jotta saat ensimm\u00e4isen\u00e4 tiedon tulevista teoriakursseista.<\/strong><\/p>\n<h2><\/h2>\n<\/div><\/section><\/div>\n<div class=\"flex_column av_one_half  flex_column_div av-zero-column-padding first  avia-builder-el-2  el_after_av_one_full  el_before_av_one_half  column-top-margin\" style='border-radius:0px; '><section class=\"av_textblock_section \"  itemscope=\"itemscope\" itemtype=\"https:\/\/schema.org\/CreativeWork\" ><div class='avia_textblock  '   itemprop=\"text\" ><p><em>Eri lupakirjoihin ja kelpuutuksiin t\u00e4ht\u00e4\u00e4vill\u00e4 kursseilla on eri tunti- ja aihevaatimukset, joten tarkastathan, mitk\u00e4 aiheet (aineet) kuuluvat juuri sinun opintoihisi.<\/em><\/p>\n<p><em>ATPL = Pakollinen ATPL-kurssilla<\/em><\/p>\n<p><em>CPL = Pakollinen CPL-kurssilla<\/em><\/p>\n<p><em>IR = Pakollinen IR-kurssilla<\/em><\/p>\n<p><em>Vaikka olisit vain IR-kurssilla, saat toki tulla kuunteluoppilaaksi my\u00f6s muiden kuin pakollisten IR-aineiden tunneille. <\/em><\/p>\n<p><em>Menneiden l\u00e4hiopetusjaksojen tarkempia aikatauluja on s\u00e4ilytetty esimerkin vuoksi <a href=\"https:\/\/temp.kansleri.fi\/atpl-ground-school-schedule\/past-atpl-ground-schools\/\">t\u00e4\u00e4ll\u00e4<\/a>. P\u00e4iv\u00e4kohtaiset aikataulut tarkentuvat yleens\u00e4 2-3 viikkoa ennen ilmoitettua ajankohtaa.<\/em><\/p>\n<\/div><\/section><\/div>\n<div class=\"flex_column av_one_half  flex_column_div av-zero-column-padding   avia-builder-el-4  el_after_av_one_half  el_before_av_one_full  column-top-margin\" style='border-radius:0px; '><section class=\"av_textblock_section \"  itemscope=\"itemscope\" itemtype=\"https:\/\/schema.org\/CreativeWork\" ><div class='avia_textblock  '   itemprop=\"text\" ><p>Huomaa, ett\u00e4 oppimateriaalit ovat englanniksi ja siten riitt\u00e4v\u00e4 englannin kielen taito vaaditaan. Jos sek\u00e4 opettaja ett\u00e4 kaikki osallistujat puhuvat suomen kielt\u00e4 syntyper\u00e4isell\u00e4 tasolla, Ground School -opetus annetaan suomeksi &#8212; l\u00e4hes poikkeuksetta Ground School -teoriaopettajamme ovat suomalaisia &#8212; mutta silloinkin terminologia ja kalvomateriaali on pitk\u00e4lti englanniksi.<\/p>\n<p>Ks. lis\u00e4huomioita ja t\u00e4ydellisempi tuleva aikataulu <a href=\"https:\/\/temp.kansleri.fi\/atpl-ground-school-schedule\/\">englanninkielisell\u00e4 sivulla<\/a>.<\/p>\n<\/div><\/section><\/div>\n<div class=\"flex_column av_one_full  flex_column_div av-zero-column-padding first  avia-builder-el-6  el_after_av_one_half  el_before_av_one_full  column-top-margin\" style='border-radius:0px; '><section class=\"av_textblock_section \"  itemscope=\"itemscope\" itemtype=\"https:\/\/schema.org\/CreativeWork\" ><div class='avia_textblock  '   itemprop=\"text\" ><h2>2025<\/h2>\n<p>Ks. vuoden 2025 aikataulut <a href=\"https:\/\/temp.kansleri.fi\/atpl-ground-school-schedule\/\">englanninkielisell\u00e4 sivulla<\/a>.<\/p>\n<\/div><\/section><\/div><div class=\"flex_column av_one_full  flex_column_div av-zero-column-padding first  avia-builder-el-8  el_after_av_one_full  avia-builder-el-last  column-top-margin\" style='border-radius:0px; '><section class=\"av_textblock_section \"  itemscope=\"itemscope\" itemtype=\"https:\/\/schema.org\/CreativeWork\" ><div class='avia_textblock  '   itemprop=\"text\" ><h4>A-UPRT-teoria<\/h4>\n<p><i>Seuraavan A-UPRT-teoriakurssin aikataulu julkaistaan pian. Seuraa my\u00f6s nettisivujemme uutisosiota!<\/i><\/p>\n<h4><strong>MEP-teoria<\/strong><\/h4>\n<p><i>Seuraavan MEP-teoriakurssin aikataulu julkaistaan pian. Seuraa my\u00f6s nettisivujemme uutisosiota!<\/i><\/p>\n<\/div><\/section><\/div><\/p>\n","protected":false},"excerpt":{"rendered":"","protected":false},"author":1,"featured_media":0,"parent":0,"menu_order":12,"comment_status":"closed","ping_status":"closed","template":"","meta":{"footnotes":""},"class_list":["post-12753","page","type-page","status-publish","hentry"],"yoast_head":"<!-- This site is optimized with the Yoast SEO plugin v27.1.1 - https:\/\/yoast.com\/product\/yoast-seo-wordpress\/ -->\n<title>IR\/CPL\/ATPL\/MEP Ground School Schedule - Aeropole<\/title>\n<meta name=\"robots\" content=\"index, follow, max-snippet:-1, max-image-preview:large, max-video-preview:-1\" \/>\n<link rel=\"canonical\" href=\"https:\/\/temp.kansleri.fi\/fi\/atpl-ground-school-schedule\/\" \/>\n<meta property=\"og:locale\" content=\"fi_FI\" \/>\n<meta property=\"og:type\" content=\"article\" \/>\n<meta property=\"og:title\" content=\"IR\/CPL\/ATPL\/MEP Ground School Schedule - Aeropole\" \/>\n<meta property=\"og:url\" content=\"https:\/\/temp.kansleri.fi\/fi\/atpl-ground-school-schedule\/\" \/>\n<meta property=\"og:site_name\" content=\"Aeropole\" \/>\n<meta property=\"article:modified_time\" content=\"2024-12-03T10:14:01+00:00\" \/>\n<meta name=\"twitter:card\" content=\"summary_large_image\" \/>\n<meta name=\"twitter:label1\" content=\"Arvioitu lukuaika\" \/>\n\t<meta name=\"twitter:data1\" content=\"2 minuuttia\" \/>\n<script type=\"application\/ld+json\" class=\"yoast-schema-graph\">{\"@context\":\"https:\/\/schema.org\",\"@graph\":[{\"@type\":\"WebPage\",\"@id\":\"https:\/\/temp.kansleri.fi\/fi\/atpl-ground-school-schedule\/\",\"url\":\"https:\/\/temp.kansleri.fi\/fi\/atpl-ground-school-schedule\/\",\"name\":\"IR\/CPL\/ATPL\/MEP Ground School Schedule - Aeropole\",\"isPartOf\":{\"@id\":\"https:\/\/temp.kansleri.fi\/#website\"},\"datePublished\":\"2016-12-01T10:48:30+00:00\",\"dateModified\":\"2024-12-03T10:14:01+00:00\",\"breadcrumb\":{\"@id\":\"https:\/\/temp.kansleri.fi\/fi\/atpl-ground-school-schedule\/#breadcrumb\"},\"inLanguage\":\"fi\",\"potentialAction\":[{\"@type\":\"ReadAction\",\"target\":[\"https:\/\/temp.kansleri.fi\/fi\/atpl-ground-school-schedule\/\"]}]},{\"@type\":\"BreadcrumbList\",\"@id\":\"https:\/\/temp.kansleri.fi\/fi\/atpl-ground-school-schedule\/#breadcrumb\",\"itemListElement\":[{\"@type\":\"ListItem\",\"position\":1,\"name\":\"Home\",\"item\":\"https:\/\/temp.kansleri.fi\/fi\/\"},{\"@type\":\"ListItem\",\"position\":2,\"name\":\"IR\/CPL\/ATPL\/MEP Ground School Schedule\"}]},{\"@type\":\"WebSite\",\"@id\":\"https:\/\/temp.kansleri.fi\/#website\",\"url\":\"https:\/\/temp.kansleri.fi\/\",\"name\":\"Aeropole\",\"description\":\"Aviation Academy, Aircraft Sales and Maintenance\",\"potentialAction\":[{\"@type\":\"SearchAction\",\"target\":{\"@type\":\"EntryPoint\",\"urlTemplate\":\"https:\/\/temp.kansleri.fi\/?s={search_term_string}\"},\"query-input\":{\"@type\":\"PropertyValueSpecification\",\"valueRequired\":true,\"valueName\":\"search_term_string\"}}],\"inLanguage\":\"fi\"}]}<\/script>\n<!-- \/ Yoast SEO plugin. -->","yoast_head_json":{"title":"IR\/CPL\/ATPL\/MEP Ground School Schedule - Aeropole","robots":{"index":"index","follow":"follow","max-snippet":"max-snippet:-1","max-image-preview":"max-image-preview:large","max-video-preview":"max-video-preview:-1"},"canonical":"https:\/\/temp.kansleri.fi\/fi\/atpl-ground-school-schedule\/","og_locale":"fi_FI","og_type":"article","og_title":"IR\/CPL\/ATPL\/MEP Ground School Schedule - Aeropole","og_url":"https:\/\/temp.kansleri.fi\/fi\/atpl-ground-school-schedule\/","og_site_name":"Aeropole","article_modified_time":"2024-12-03T10:14:01+00:00","twitter_card":"summary_large_image","twitter_misc":{"Arvioitu lukuaika":"2 minuuttia"},"schema":{"@context":"https:\/\/schema.org","@graph":[{"@type":"WebPage","@id":"https:\/\/temp.kansleri.fi\/fi\/atpl-ground-school-schedule\/","url":"https:\/\/temp.kansleri.fi\/fi\/atpl-ground-school-schedule\/","name":"IR\/CPL\/ATPL\/MEP Ground School Schedule - Aeropole","isPartOf":{"@id":"https:\/\/temp.kansleri.fi\/#website"},"datePublished":"2016-12-01T10:48:30+00:00","dateModified":"2024-12-03T10:14:01+00:00","breadcrumb":{"@id":"https:\/\/temp.kansleri.fi\/fi\/atpl-ground-school-schedule\/#breadcrumb"},"inLanguage":"fi","potentialAction":[{"@type":"ReadAction","target":["https:\/\/temp.kansleri.fi\/fi\/atpl-ground-school-schedule\/"]}]},{"@type":"BreadcrumbList","@id":"https:\/\/temp.kansleri.fi\/fi\/atpl-ground-school-schedule\/#breadcrumb","itemListElement":[{"@type":"ListItem","position":1,"name":"Home","item":"https:\/\/temp.kansleri.fi\/fi\/"},{"@type":"ListItem","position":2,"name":"IR\/CPL\/ATPL\/MEP Ground School Schedule"}]},{"@type":"WebSite","@id":"https:\/\/temp.kansleri.fi\/#website","url":"https:\/\/temp.kansleri.fi\/","name":"Aeropole","description":"Aviation Academy, Aircraft Sales and Maintenance","potentialAction":[{"@type":"SearchAction","target":{"@type":"EntryPoint","urlTemplate":"https:\/\/temp.kansleri.fi\/?s={search_term_string}"},"query-input":{"@type":"PropertyValueSpecification","valueRequired":true,"valueName":"search_term_string"}}],"inLanguage":"fi"}]}},"_links":{"self":[{"href":"https:\/\/temp.kansleri.fi\/fi\/wp-json\/wp\/v2\/pages\/12753","targetHints":{"allow":["GET"]}}],"collection":[{"href":"https:\/\/temp.kansleri.fi\/fi\/wp-json\/wp\/v2\/pages"}],"about":[{"href":"https:\/\/temp.kansleri.fi\/fi\/wp-json\/wp\/v2\/types\/page"}],"author":[{"embeddable":true,"href":"https:\/\/temp.kansleri.fi\/fi\/wp-json\/wp\/v2\/users\/1"}],"replies":[{"embeddable":true,"href":"https:\/\/temp.kansleri.fi\/fi\/wp-json\/wp\/v2\/comments?post=12753"}],"version-history":[{"count":181,"href":"https:\/\/temp.kansleri.fi\/fi\/wp-json\/wp\/v2\/pages\/12753\/revisions"}],"predecessor-version":[{"id":28116,"href":"https:\/\/temp.kansleri.fi\/fi\/wp-json\/wp\/v2\/pages\/12753\/revisions\/28116"}],"wp:attachment":[{"href":"https:\/\/temp.kansleri.fi\/fi\/wp-json\/wp\/v2\/media?parent=12753"}],"curies":[{"name":"wp","href":"https:\/\/api.w.org\/{rel}","templated":true}]}}