{"id":12859,"date":"2016-10-28T14:46:39","date_gmt":"2016-10-28T14:46:39","guid":{"rendered":"http:\/\/elmoallen.name\/aeropole2\/?page_id=12859\/"},"modified":"2017-07-16T19:04:43","modified_gmt":"2017-07-16T19:04:43","slug":"ammattilento-opetuksen-moduulit","status":"publish","type":"page","link":"https:\/\/temp.kansleri.fi\/fi\/ammattilento-opetuksen-moduulit\/","title":{"rendered":"Ammattilento-opetuksen moduulit"},"content":{"rendered":"<div  style='padding-bottom:10px; ' class='av-special-heading av-special-heading-h1    avia-builder-el-0  el_before_av_textblock  avia-builder-el-first  '><h1 class='av-special-heading-tag '  itemprop=\"headline\"  >Ammattilento-opetuksen moduulit<\/h1><div class='special-heading-border'><div class='special-heading-inner-border' ><\/div><\/div><\/div>\n<section class=\"av_textblock_section \"  itemscope=\"itemscope\" itemtype=\"https:\/\/schema.org\/CreativeWork\" ><div class='avia_textblock intro-text '   itemprop=\"text\" ><p>Tarjoamme ammattilento-opetusta niin r\u00e4\u00e4t\u00e4l\u00f6ityin\u00e4 moduulikursseina frozen ATPL -tasolle asti kuin kokonaisena koulutusohjelmana.<\/p>\n<\/div><\/section>\n<section class=\"av_textblock_section \"  itemscope=\"itemscope\" itemtype=\"https:\/\/schema.org\/CreativeWork\" ><div class='avia_textblock  '   itemprop=\"text\" ><p>Kaikki ammattilent\u00e4j\u00e4n koulutusohjelmamme moduulit voi opiskella my\u00f6s erillisen\u00e4 koulutuksena. Tarjoamme sek\u00e4 teoriaopetuksen ett\u00e4 lento-opetuksen moduulit, jotka voit hankkia erikseen tai koko pakettina. Kaikki teoriakurssimme ovat et\u00e4opetukseen perustuvia. Voimme r\u00e4\u00e4t\u00e4l\u00f6id\u00e4 sinulle my\u00f6s oman kokonaisuuden, jos sinulla jo on yksityislent\u00e4j\u00e4n lupakirja (PPL) ja lentokokemusta. Voit tehd\u00e4 itsellesi oman polun ammattilent\u00e4j\u00e4ksi. Kysy meilt\u00e4 lis\u00e4\u00e4 esitietovaatimuksista.<\/p>\n<\/div><\/section>\n<div  class='avia-icon-list-container   avia-builder-el-3  el_after_av_textblock  avia-builder-el-last '><ul class='avia-icon-list avia-icon-list-left av-iconlist-big avia_animate_when_almost_visible avia-iconlist-animate'>\n<li><a href='https:\/\/temp.kansleri.fi\/fi\/liikennelentaja\/#atpl-course-contents' title='Tutustu ATPL-moduulien sis\u00e4lt\u00f6\u00f6n'   class='iconlist_icon  avia-font-entypo-fontello'><span class='iconlist-char ' aria-hidden='true' data-av_icon='\ue8a5' data-av_iconfont='entypo-fontello'><\/span><\/a><article class=\"article-icon-entry \"  itemscope=\"itemscope\" itemtype=\"https:\/\/schema.org\/CreativeWork\" ><div class='iconlist_content_wrap'><header class=\"entry-content-header\"><h4 class='av_iconlist_title iconlist_title   '  itemprop=\"headline\"  ><a href='https:\/\/temp.kansleri.fi\/fi\/liikennelentaja\/#atpl-course-contents' title='Tutustu ATPL-moduulien sis\u00e4lt\u00f6\u00f6n'>Tutustu ATPL-moduulien sis\u00e4lt\u00f6\u00f6n<\/a><\/h4><\/header><div class='iconlist_content  '  itemprop=\"text\"  ><p>Koko koulutusohjelma ilman aiempaa lentokokemusta. J\u00e4rjest\u00e4mme kaikki opinnot ansiolent\u00e4j\u00e4ksi asti.<\/p>\n<\/div><\/div><footer class=\"entry-footer\"><\/footer><\/article><div class='iconlist-timeline'><\/div><\/li>\n<li><a href='https:\/\/temp.kansleri.fi\/fi\/items\/ircplatpl-theories\/' title='IR\/CPL\/ATPL-teoriat'   class='iconlist_icon  avia-font-entypo-fontello'><span class='iconlist-char ' aria-hidden='true' data-av_icon='\ue84f' data-av_iconfont='entypo-fontello'><\/span><\/a><article class=\"article-icon-entry \"  itemscope=\"itemscope\" itemtype=\"https:\/\/schema.org\/CreativeWork\" ><div class='iconlist_content_wrap'><header class=\"entry-content-header\"><h4 class='av_iconlist_title iconlist_title   '  itemprop=\"headline\"  ><a href='https:\/\/temp.kansleri.fi\/fi\/items\/ircplatpl-theories\/' title='IR\/CPL\/ATPL-teoriat'>IR\/CPL\/ATPL-teoriat<\/a><\/h4><\/header><div class='iconlist_content  '  itemprop=\"text\"  ><p>Tutustu et\u00e4opiskeltaviin teoriakursseihimme.<\/p>\n<\/div><\/div><footer class=\"entry-footer\"><\/footer><\/article><div class='iconlist-timeline'><\/div><\/li>\n<li><a href='https:\/\/temp.kansleri.fi\/fi\/atpl-ground-school-schedule\/' title='IR\/CPL\/ATPL-l\u00e4hiopetuksen aikataulut'   class='iconlist_icon  avia-font-entypo-fontello'><span class='iconlist-char ' aria-hidden='true' data-av_icon='\ue85b' data-av_iconfont='entypo-fontello'><\/span><\/a><article class=\"article-icon-entry \"  itemscope=\"itemscope\" itemtype=\"https:\/\/schema.org\/CreativeWork\" ><div class='iconlist_content_wrap'><header class=\"entry-content-header\"><h4 class='av_iconlist_title iconlist_title   '  itemprop=\"headline\"  ><a href='https:\/\/temp.kansleri.fi\/fi\/atpl-ground-school-schedule\/' title='IR\/CPL\/ATPL-l\u00e4hiopetuksen aikataulut'>IR\/CPL\/ATPL-l\u00e4hiopetuksen aikataulut<\/a><\/h4><\/header><div class='iconlist_content  '  itemprop=\"text\"  ><p>Aikataulut l\u00e4hiopetukseen, joka j\u00e4rjestet\u00e4\u00e4n et\u00e4opiskelun p\u00e4\u00e4tteeksi.<\/p>\n<\/div><\/div><footer class=\"entry-footer\"><\/footer><\/article><div class='iconlist-timeline'><\/div><\/li>\n<li><a href='https:\/\/temp.kansleri.fi\/fi\/atpl-esivaatimukset\/' title='Esivaatimukset IR- ja CPL-kursseillemme'   class='iconlist_icon  avia-font-entypo-fontello'><span class='iconlist-char ' aria-hidden='true' data-av_icon='\ue812' data-av_iconfont='entypo-fontello'><\/span><\/a><article class=\"article-icon-entry \"  itemscope=\"itemscope\" itemtype=\"https:\/\/schema.org\/CreativeWork\" ><div class='iconlist_content_wrap'><header class=\"entry-content-header\"><h4 class='av_iconlist_title iconlist_title   '  itemprop=\"headline\"  ><a href='https:\/\/temp.kansleri.fi\/fi\/atpl-esivaatimukset\/' title='Esivaatimukset IR- ja CPL-kursseillemme'>Esivaatimukset IR- ja CPL-kursseillemme<\/a><\/h4><\/header><div class='iconlist_content  '  itemprop=\"text\"  ><p>Vaadittu kokemus ja lupakirjat ammattilento-opetuksen moduuleihin.<\/p>\n<\/div><\/div><footer class=\"entry-footer\"><\/footer><\/article><div class='iconlist-timeline'><\/div><\/li>\n<li><a href='https:\/\/temp.kansleri.fi\/fi\/hinnasto\/' title='Kurssimoduulien hinnat'   class='iconlist_icon  avia-font-entypo-fontello'><span class='iconlist-char ' aria-hidden='true' data-av_icon='\ue859' data-av_iconfont='entypo-fontello'><\/span><\/a><article class=\"article-icon-entry \"  itemscope=\"itemscope\" itemtype=\"https:\/\/schema.org\/CreativeWork\" ><div class='iconlist_content_wrap'><header class=\"entry-content-header\"><h4 class='av_iconlist_title iconlist_title   '  itemprop=\"headline\"  ><a href='https:\/\/temp.kansleri.fi\/fi\/hinnasto\/' title='Kurssimoduulien hinnat'>Kurssimoduulien hinnat<\/a><\/h4><\/header><div class='iconlist_content  '  itemprop=\"text\"  ><p>Katso lista kaikkien kurssimoduulien hinnoista.<\/p>\n<\/div><\/div><footer class=\"entry-footer\"><\/footer><\/article><div class='iconlist-timeline'><\/div><\/li>\n<\/ul><\/div>\n","protected":false},"excerpt":{"rendered":"","protected":false},"author":1,"featured_media":0,"parent":0,"menu_order":20,"comment_status":"closed","ping_status":"closed","template":"","meta":{"footnotes":""},"class_list":["post-12859","page","type-page","status-publish","hentry"],"yoast_head":"<!-- This site is optimized with the Yoast SEO plugin v27.1.1 - https:\/\/yoast.com\/product\/yoast-seo-wordpress\/ -->\n<title>Ammattilento-opetuksen moduulit - Aeropole<\/title>\n<meta name=\"robots\" content=\"index, follow, max-snippet:-1, max-image-preview:large, max-video-preview:-1\" \/>\n<link rel=\"canonical\" href=\"https:\/\/temp.kansleri.fi\/fi\/ammattilento-opetuksen-moduulit\/\" \/>\n<meta property=\"og:locale\" content=\"fi_FI\" \/>\n<meta property=\"og:type\" content=\"article\" \/>\n<meta property=\"og:title\" content=\"Ammattilento-opetuksen moduulit - Aeropole\" \/>\n<meta property=\"og:url\" content=\"https:\/\/temp.kansleri.fi\/fi\/ammattilento-opetuksen-moduulit\/\" \/>\n<meta property=\"og:site_name\" content=\"Aeropole\" \/>\n<meta property=\"article:modified_time\" content=\"2017-07-16T19:04:43+00:00\" \/>\n<meta name=\"twitter:card\" content=\"summary_large_image\" \/>\n<meta name=\"twitter:label1\" content=\"Arvioitu lukuaika\" \/>\n\t<meta name=\"twitter:data1\" content=\"2 minuuttia\" \/>\n<script type=\"application\/ld+json\" class=\"yoast-schema-graph\">{\"@context\":\"https:\/\/schema.org\",\"@graph\":[{\"@type\":\"WebPage\",\"@id\":\"https:\/\/temp.kansleri.fi\/fi\/ammattilento-opetuksen-moduulit\/\",\"url\":\"https:\/\/temp.kansleri.fi\/fi\/ammattilento-opetuksen-moduulit\/\",\"name\":\"Ammattilento-opetuksen moduulit - Aeropole\",\"isPartOf\":{\"@id\":\"https:\/\/temp.kansleri.fi\/#website\"},\"datePublished\":\"2016-10-28T14:46:39+00:00\",\"dateModified\":\"2017-07-16T19:04:43+00:00\",\"breadcrumb\":{\"@id\":\"https:\/\/temp.kansleri.fi\/fi\/ammattilento-opetuksen-moduulit\/#breadcrumb\"},\"inLanguage\":\"fi\",\"potentialAction\":[{\"@type\":\"ReadAction\",\"target\":[\"https:\/\/temp.kansleri.fi\/fi\/ammattilento-opetuksen-moduulit\/\"]}]},{\"@type\":\"BreadcrumbList\",\"@id\":\"https:\/\/temp.kansleri.fi\/fi\/ammattilento-opetuksen-moduulit\/#breadcrumb\",\"itemListElement\":[{\"@type\":\"ListItem\",\"position\":1,\"name\":\"Home\",\"item\":\"https:\/\/temp.kansleri.fi\/fi\/\"},{\"@type\":\"ListItem\",\"position\":2,\"name\":\"Ammattilento-opetuksen moduulit\"}]},{\"@type\":\"WebSite\",\"@id\":\"https:\/\/temp.kansleri.fi\/#website\",\"url\":\"https:\/\/temp.kansleri.fi\/\",\"name\":\"Aeropole\",\"description\":\"Aviation Academy, Aircraft Sales and Maintenance\",\"potentialAction\":[{\"@type\":\"SearchAction\",\"target\":{\"@type\":\"EntryPoint\",\"urlTemplate\":\"https:\/\/temp.kansleri.fi\/?s={search_term_string}\"},\"query-input\":{\"@type\":\"PropertyValueSpecification\",\"valueRequired\":true,\"valueName\":\"search_term_string\"}}],\"inLanguage\":\"fi\"}]}<\/script>\n<!-- \/ Yoast SEO plugin. -->","yoast_head_json":{"title":"Ammattilento-opetuksen moduulit - Aeropole","robots":{"index":"index","follow":"follow","max-snippet":"max-snippet:-1","max-image-preview":"max-image-preview:large","max-video-preview":"max-video-preview:-1"},"canonical":"https:\/\/temp.kansleri.fi\/fi\/ammattilento-opetuksen-moduulit\/","og_locale":"fi_FI","og_type":"article","og_title":"Ammattilento-opetuksen moduulit - Aeropole","og_url":"https:\/\/temp.kansleri.fi\/fi\/ammattilento-opetuksen-moduulit\/","og_site_name":"Aeropole","article_modified_time":"2017-07-16T19:04:43+00:00","twitter_card":"summary_large_image","twitter_misc":{"Arvioitu lukuaika":"2 minuuttia"},"schema":{"@context":"https:\/\/schema.org","@graph":[{"@type":"WebPage","@id":"https:\/\/temp.kansleri.fi\/fi\/ammattilento-opetuksen-moduulit\/","url":"https:\/\/temp.kansleri.fi\/fi\/ammattilento-opetuksen-moduulit\/","name":"Ammattilento-opetuksen moduulit - Aeropole","isPartOf":{"@id":"https:\/\/temp.kansleri.fi\/#website"},"datePublished":"2016-10-28T14:46:39+00:00","dateModified":"2017-07-16T19:04:43+00:00","breadcrumb":{"@id":"https:\/\/temp.kansleri.fi\/fi\/ammattilento-opetuksen-moduulit\/#breadcrumb"},"inLanguage":"fi","potentialAction":[{"@type":"ReadAction","target":["https:\/\/temp.kansleri.fi\/fi\/ammattilento-opetuksen-moduulit\/"]}]},{"@type":"BreadcrumbList","@id":"https:\/\/temp.kansleri.fi\/fi\/ammattilento-opetuksen-moduulit\/#breadcrumb","itemListElement":[{"@type":"ListItem","position":1,"name":"Home","item":"https:\/\/temp.kansleri.fi\/fi\/"},{"@type":"ListItem","position":2,"name":"Ammattilento-opetuksen moduulit"}]},{"@type":"WebSite","@id":"https:\/\/temp.kansleri.fi\/#website","url":"https:\/\/temp.kansleri.fi\/","name":"Aeropole","description":"Aviation Academy, Aircraft Sales and Maintenance","potentialAction":[{"@type":"SearchAction","target":{"@type":"EntryPoint","urlTemplate":"https:\/\/temp.kansleri.fi\/?s={search_term_string}"},"query-input":{"@type":"PropertyValueSpecification","valueRequired":true,"valueName":"search_term_string"}}],"inLanguage":"fi"}]}},"_links":{"self":[{"href":"https:\/\/temp.kansleri.fi\/fi\/wp-json\/wp\/v2\/pages\/12859","targetHints":{"allow":["GET"]}}],"collection":[{"href":"https:\/\/temp.kansleri.fi\/fi\/wp-json\/wp\/v2\/pages"}],"about":[{"href":"https:\/\/temp.kansleri.fi\/fi\/wp-json\/wp\/v2\/types\/page"}],"author":[{"embeddable":true,"href":"https:\/\/temp.kansleri.fi\/fi\/wp-json\/wp\/v2\/users\/1"}],"replies":[{"embeddable":true,"href":"https:\/\/temp.kansleri.fi\/fi\/wp-json\/wp\/v2\/comments?post=12859"}],"version-history":[{"count":8,"href":"https:\/\/temp.kansleri.fi\/fi\/wp-json\/wp\/v2\/pages\/12859\/revisions"}],"predecessor-version":[{"id":14131,"href":"https:\/\/temp.kansleri.fi\/fi\/wp-json\/wp\/v2\/pages\/12859\/revisions\/14131"}],"wp:attachment":[{"href":"https:\/\/temp.kansleri.fi\/fi\/wp-json\/wp\/v2\/media?parent=12859"}],"curies":[{"name":"wp","href":"https:\/\/api.w.org\/{rel}","templated":true}]}}