{"id":14608,"date":"2017-10-26T07:37:47","date_gmt":"2017-10-26T07:37:47","guid":{"rendered":"https:\/\/temp.kansleri.fi\/?page_id=14608\/"},"modified":"2024-01-08T15:47:53","modified_gmt":"2024-01-08T15:47:53","slug":"testimonials","status":"publish","type":"page","link":"https:\/\/temp.kansleri.fi\/fi\/testimonials\/","title":{"rendered":"Ty\u00f6llistyminen"},"content":{"rendered":"<div id='av_section_1'  class='avia-section main_color avia-section-default avia-no-shadow  av-parallax-section av-section-color-overlay-active avia-bg-style-parallax  avia-builder-el-0  el_before_av_portfolio  avia-builder-el-first   av-minimum-height av-minimum-height-50  container_wrap sidebar_right' style='background-color: #ffffff;  '  data-section-bg-repeat='no-repeat' data-av_minimum_height_pc='50'><div class='av-parallax' data-avia-parallax-ratio='0.3' ><div class='av-parallax-inner main_color  avia-full-stretch' style = 'background-color: #ffffff; background-repeat: no-repeat; background-image: url(https:\/\/temp.kansleri.fi\/wp-content\/uploads\/2017\/10\/Aeropole2017_all_2-1.jpg);background-attachment: scroll; background-position: center center; ' ><\/div><\/div><div class='av-section-color-overlay-wrap'><div class='av-section-color-overlay' style='opacity: 0.7; background-color: #000000; '><\/div><div class='container' ><main  role=\"main\" itemprop=\"mainContentOfPage\"  class='template-page content  av-content-small alpha units'><div class='post-entry post-entry-type-page post-entry-14608'><div class='entry-content-wrapper clearfix'>\n<div  style='padding-bottom:10px; color:#ffffff;' class='av-special-heading av-special-heading-h1 custom-color-heading   avia-builder-el-1  el_before_av_textblock  avia-builder-el-first  '><h1 class='av-special-heading-tag '  itemprop=\"headline\"  >Aeropolen lent\u00e4j\u00e4t<\/h1><div class='special-heading-border'><div class='special-heading-inner-border' style='border-color:#ffffff'><\/div><\/div><\/div>\n<section class=\"av_textblock_section \"  itemscope=\"itemscope\" itemtype=\"https:\/\/schema.org\/CreativeWork\" ><div class='avia_textblock  av_inherit_color '  style='font-size:21px; color:#ffffff; '  itemprop=\"text\" ><p style=\"text-align: center;\">Olemme ylpeit\u00e4 oppilaistamme \u2013 heist\u00e4 l\u00e4hes kaikki ovat ty\u00f6llistyneet unelma-ammattiinsa. T\u00e4\u00e4lt\u00e4 l\u00f6yd\u00e4t esimerkkej\u00e4 siit\u00e4, mihin heist\u00e4 jotkut p\u00e4\u00e4tyiv\u00e4t ty\u00f6skentelem\u00e4\u00e4n koulutuksensa j\u00e4lkeen. Osa heist\u00e4 ty\u00f6skentelee my\u00f6s lennonopettajana Aeropolella tukien sinun kasvuasi ilmailun ammattilaiseksi.<\/p>\n<\/div><\/section>\n<div  id=\"av-sc-portfolio-1\"  class=\"av-portfolio-grid-sorting-container\"><div class='sort_width_container  av-sort-yes' data-portfolio-id='1' ><div id='js_sort_items' ><div class='sort_by_cat hidden '><a href=\"#\" data-filter=\"all_sort\" class=\"all_sort_button active_sort\"><span class=\"inner_sort_button\"><span>All<\/span><small class=\"av-cat-count\"> 11 <\/small><\/span><\/a><span class='text-sep testimonials-fi_sort_sep'>\/<\/span><a href=\"#\" data-filter=\"testimonials-fi_sort\" class=\"testimonials-fi_sort_button\" ><span class=\"inner_sort_button\"><span>Testimonials FI<\/span><small class='av-cat-count'> 11 <\/small><\/span><\/a><\/div><\/div><\/div><div  class=' grid-sort-container isotope   no_margin-container with-excerpt-container grid-total-odd grid-col-4 grid-links-' data-portfolio-id='1'><div data-ajax-id='24429' class=' grid-entry flex_column isotope-item all_sort no_margin post-entry post-entry-24429 grid-entry-overview grid-loop-1 grid-parity-odd  testimonials-fi_sort  av_one_fourth first default_av_fullwidth '><article class='main_color inner-entry'  itemscope=\"itemscope\" itemtype=\"https:\/\/schema.org\/CreativeWork\" ><a href='https:\/\/temp.kansleri.fi\/fi\/items\/waltteri-harkonen\/' title='Waltteri H\u00e4rk\u00f6nen'  data-rel='grid-1' class='grid-image avia-hover-fx'><img decoding=\"async\" width=\"260\" height=\"185\" src=\"https:\/\/temp.kansleri.fi\/wp-content\/uploads\/2022\/06\/image0-2-e1655038069187-260x185.jpeg\" class=\"attachment-portfolio_small size-portfolio_small wp-post-image\" alt=\"\" \/><\/a><div class='grid-content'><div class='avia-arrow'><\/div><header class=\"entry-content-header\"><h3 class='grid-entry-title entry-title '  itemprop=\"headline\" ><a href='https:\/\/temp.kansleri.fi\/fi\/items\/waltteri-harkonen\/' title='Waltteri H\u00e4rk\u00f6nen'>Waltteri H\u00e4rk\u00f6nen<\/a><\/h3><\/header><\/div><footer class=\"entry-footer\"><\/footer><\/article><\/div><div data-ajax-id='24012' class=' grid-entry flex_column isotope-item all_sort no_margin post-entry post-entry-24012 grid-entry-overview grid-loop-2 grid-parity-even  testimonials-fi_sort  av_one_fourth  default_av_fullwidth '><article class='main_color inner-entry'  itemscope=\"itemscope\" itemtype=\"https:\/\/schema.org\/CreativeWork\" ><a href='https:\/\/temp.kansleri.fi\/fi\/items\/riku-olenius\/' title='Riku Olenius'  data-rel='grid-1' class='grid-image avia-hover-fx'><img decoding=\"async\" width=\"260\" height=\"185\" src=\"https:\/\/temp.kansleri.fi\/wp-content\/uploads\/2022\/04\/Zadar-approach-4Riku-Olenius-260x185.jpg\" class=\"attachment-portfolio_small size-portfolio_small wp-post-image\" alt=\"\" \/><\/a><div class='grid-content'><div class='avia-arrow'><\/div><header class=\"entry-content-header\"><h3 class='grid-entry-title entry-title '  itemprop=\"headline\" ><a href='https:\/\/temp.kansleri.fi\/fi\/items\/riku-olenius\/' title='Riku Olenius'>Riku Olenius<\/a><\/h3><\/header><\/div><footer class=\"entry-footer\"><\/footer><\/article><\/div><div data-ajax-id='23571' class=' grid-entry flex_column isotope-item all_sort no_margin post-entry post-entry-23571 grid-entry-overview grid-loop-3 grid-parity-odd  testimonials-fi_sort  av_one_fourth  default_av_fullwidth '><article class='main_color inner-entry'  itemscope=\"itemscope\" itemtype=\"https:\/\/schema.org\/CreativeWork\" ><a href='https:\/\/temp.kansleri.fi\/fi\/items\/alexey-tikhomirov\/' title='Alexey Tikhomirov'  data-rel='grid-1' class='grid-image avia-hover-fx'><img decoding=\"async\" width=\"260\" height=\"185\" src=\"https:\/\/temp.kansleri.fi\/wp-content\/uploads\/2021\/12\/unnamed-1-e1639069599677-260x185.jpg\" class=\"attachment-portfolio_small size-portfolio_small wp-post-image\" alt=\"\" \/><\/a><div class='grid-content'><div class='avia-arrow'><\/div><header class=\"entry-content-header\"><h3 class='grid-entry-title entry-title '  itemprop=\"headline\" ><a href='https:\/\/temp.kansleri.fi\/fi\/items\/alexey-tikhomirov\/' title='Alexey Tikhomirov'>Alexey Tikhomirov<\/a><\/h3><\/header><\/div><footer class=\"entry-footer\"><\/footer><\/article><\/div><div data-ajax-id='23532' class=' grid-entry flex_column isotope-item all_sort no_margin post-entry post-entry-23532 grid-entry-overview grid-loop-4 grid-parity-even  testimonials-fi_sort  av_one_fourth  default_av_fullwidth '><article class='main_color inner-entry'  itemscope=\"itemscope\" itemtype=\"https:\/\/schema.org\/CreativeWork\" ><a href='https:\/\/temp.kansleri.fi\/fi\/items\/leandro-di-vincenzo\/' title='Leandro Di Vincenzo'  data-rel='grid-1' class='grid-image avia-hover-fx'><img decoding=\"async\" width=\"260\" height=\"185\" src=\"https:\/\/temp.kansleri.fi\/wp-content\/uploads\/2021\/12\/1-260x185.jpeg\" class=\"attachment-portfolio_small size-portfolio_small wp-post-image\" alt=\"\" \/><\/a><div class='grid-content'><div class='avia-arrow'><\/div><header class=\"entry-content-header\"><h3 class='grid-entry-title entry-title '  itemprop=\"headline\" ><a href='https:\/\/temp.kansleri.fi\/fi\/items\/leandro-di-vincenzo\/' title='Leandro Di Vincenzo'>Leandro Di Vincenzo<\/a><\/h3><\/header><\/div><footer class=\"entry-footer\"><\/footer><\/article><\/div><div data-ajax-id='22867' class=' grid-entry flex_column isotope-item all_sort no_margin post-entry post-entry-22867 grid-entry-overview grid-loop-5 grid-parity-odd  testimonials-fi_sort  av_one_fourth first default_av_fullwidth '><article class='main_color inner-entry'  itemscope=\"itemscope\" itemtype=\"https:\/\/schema.org\/CreativeWork\" ><a href='https:\/\/temp.kansleri.fi\/fi\/items\/bart-kulach\/' title='Bart Kulach'  data-rel='grid-1' class='grid-image avia-hover-fx'><img decoding=\"async\" width=\"260\" height=\"185\" src=\"https:\/\/temp.kansleri.fi\/wp-content\/uploads\/2021\/09\/image0-2-260x185.jpeg\" class=\"attachment-portfolio_small size-portfolio_small wp-post-image\" alt=\"\" \/><\/a><div class='grid-content'><div class='avia-arrow'><\/div><header class=\"entry-content-header\"><h3 class='grid-entry-title entry-title '  itemprop=\"headline\" ><a href='https:\/\/temp.kansleri.fi\/fi\/items\/bart-kulach\/' title='Bart Kulach'>Bart Kulach<\/a><\/h3><\/header><\/div><footer class=\"entry-footer\"><\/footer><\/article><\/div><div data-ajax-id='21625' class=' grid-entry flex_column isotope-item all_sort no_margin post-entry post-entry-21625 grid-entry-overview grid-loop-6 grid-parity-even  testimonials-fi_sort  av_one_fourth  default_av_fullwidth '><article class='main_color inner-entry'  itemscope=\"itemscope\" itemtype=\"https:\/\/schema.org\/CreativeWork\" ><a href='https:\/\/temp.kansleri.fi\/fi\/items\/gabriel-archanjo\/' title='Gabriel Archanjo'  data-rel='grid-1' class='grid-image avia-hover-fx'><img decoding=\"async\" width=\"260\" height=\"185\" src=\"https:\/\/temp.kansleri.fi\/wp-content\/uploads\/2020\/12\/dcb64fcc-4b47-4b99-8681-746b3224f755-2-e1630656280170-260x185.jpg\" class=\"attachment-portfolio_small size-portfolio_small wp-post-image\" alt=\"\" \/><\/a><div class='grid-content'><div class='avia-arrow'><\/div><header class=\"entry-content-header\"><h3 class='grid-entry-title entry-title '  itemprop=\"headline\" ><a href='https:\/\/temp.kansleri.fi\/fi\/items\/gabriel-archanjo\/' title='Gabriel Archanjo'>Gabriel Archanjo<\/a><\/h3><\/header><\/div><footer class=\"entry-footer\"><\/footer><\/article><\/div><div data-ajax-id='21538' class=' grid-entry flex_column isotope-item all_sort no_margin post-entry post-entry-21538 grid-entry-overview grid-loop-7 grid-parity-odd  testimonials-fi_sort  av_one_fourth  default_av_fullwidth '><article class='main_color inner-entry'  itemscope=\"itemscope\" itemtype=\"https:\/\/schema.org\/CreativeWork\" ><a href='https:\/\/temp.kansleri.fi\/fi\/items\/miikka-vesamaki\/' title='Miikka Vesam\u00e4ki'  data-rel='grid-1' class='grid-image avia-hover-fx'><img decoding=\"async\" width=\"260\" height=\"185\" src=\"https:\/\/temp.kansleri.fi\/wp-content\/uploads\/2020\/11\/f49725b9-c727-4978-a123-e8faed53d79f-260x185.jpg\" class=\"attachment-portfolio_small size-portfolio_small wp-post-image\" alt=\"\" \/><\/a><div class='grid-content'><div class='avia-arrow'><\/div><header class=\"entry-content-header\"><h3 class='grid-entry-title entry-title '  itemprop=\"headline\" ><a href='https:\/\/temp.kansleri.fi\/fi\/items\/miikka-vesamaki\/' title='Miikka Vesam\u00e4ki'>Miikka Vesam\u00e4ki<\/a><\/h3><\/header><\/div><footer class=\"entry-footer\"><\/footer><\/article><\/div><div data-ajax-id='21534' class=' grid-entry flex_column isotope-item all_sort no_margin post-entry post-entry-21534 grid-entry-overview grid-loop-8 grid-parity-even  testimonials-fi_sort  av_one_fourth  default_av_fullwidth '><article class='main_color inner-entry'  itemscope=\"itemscope\" itemtype=\"https:\/\/schema.org\/CreativeWork\" ><a href='https:\/\/temp.kansleri.fi\/fi\/items\/mikko-autio\/' title='Mikko Autio'  data-rel='grid-1' class='grid-image avia-hover-fx'><img decoding=\"async\" width=\"260\" height=\"185\" src=\"https:\/\/temp.kansleri.fi\/wp-content\/uploads\/2016\/06\/Mikko-Autio-260x185.png\" class=\"attachment-portfolio_small size-portfolio_small wp-post-image\" alt=\"\" \/><\/a><div class='grid-content'><div class='avia-arrow'><\/div><header class=\"entry-content-header\"><h3 class='grid-entry-title entry-title '  itemprop=\"headline\" ><a href='https:\/\/temp.kansleri.fi\/fi\/items\/mikko-autio\/' title='Mikko Autio'>Mikko Autio<\/a><\/h3><\/header><\/div><footer class=\"entry-footer\"><\/footer><\/article><\/div><div data-ajax-id='21516' class=' grid-entry flex_column isotope-item all_sort no_margin post-entry post-entry-21516 grid-entry-overview grid-loop-9 grid-parity-odd  testimonials-fi_sort  av_one_fourth first default_av_fullwidth '><article class='main_color inner-entry'  itemscope=\"itemscope\" itemtype=\"https:\/\/schema.org\/CreativeWork\" ><a href='https:\/\/temp.kansleri.fi\/fi\/items\/peter-ekholm\/' title='Peter Ekholm'  data-rel='grid-1' class='grid-image avia-hover-fx'><img decoding=\"async\" width=\"260\" height=\"185\" src=\"https:\/\/temp.kansleri.fi\/wp-content\/uploads\/2016\/06\/PeterEkholm-square-260x185.jpg\" class=\"attachment-portfolio_small size-portfolio_small wp-post-image\" alt=\"\" \/><\/a><div class='grid-content'><div class='avia-arrow'><\/div><header class=\"entry-content-header\"><h3 class='grid-entry-title entry-title '  itemprop=\"headline\" ><a href='https:\/\/temp.kansleri.fi\/fi\/items\/peter-ekholm\/' title='Peter Ekholm'>Peter Ekholm<\/a><\/h3><\/header><\/div><footer class=\"entry-footer\"><\/footer><\/article><\/div><div data-ajax-id='21530' class=' grid-entry flex_column isotope-item all_sort no_margin post-entry post-entry-21530 grid-entry-overview grid-loop-10 grid-parity-even  testimonials-fi_sort  av_one_fourth  default_av_fullwidth '><article class='main_color inner-entry'  itemscope=\"itemscope\" itemtype=\"https:\/\/schema.org\/CreativeWork\" ><a href='https:\/\/temp.kansleri.fi\/fi\/items\/olli-talso\/' title='Olli Talso'  data-rel='grid-1' class='grid-image avia-hover-fx'><img decoding=\"async\" width=\"260\" height=\"185\" src=\"https:\/\/temp.kansleri.fi\/wp-content\/uploads\/2016\/06\/Olli-Talso21-260x185.jpg\" class=\"attachment-portfolio_small size-portfolio_small wp-post-image\" alt=\"\" \/><\/a><div class='grid-content'><div class='avia-arrow'><\/div><header class=\"entry-content-header\"><h3 class='grid-entry-title entry-title '  itemprop=\"headline\" ><a href='https:\/\/temp.kansleri.fi\/fi\/items\/olli-talso\/' title='Olli Talso'>Olli Talso<\/a><\/h3><\/header><\/div><footer class=\"entry-footer\"><\/footer><\/article><\/div><div data-ajax-id='21525' class=' grid-entry flex_column isotope-item all_sort no_margin post-entry post-entry-21525 grid-entry-overview grid-loop-11 grid-parity-odd  post-entry-last  testimonials-fi_sort  av_one_fourth  default_av_fullwidth '><article class='main_color inner-entry'  itemscope=\"itemscope\" itemtype=\"https:\/\/schema.org\/CreativeWork\" ><a href='https:\/\/temp.kansleri.fi\/fi\/items\/tomi-jaaskelainen\/' title='Tomi J\u00e4\u00e4skel\u00e4inen'  data-rel='grid-1' class='grid-image avia-hover-fx'><img decoding=\"async\" width=\"260\" height=\"185\" src=\"https:\/\/temp.kansleri.fi\/wp-content\/uploads\/2016\/06\/TomiJaaskelainen-square-260x185.jpg\" class=\"attachment-portfolio_small size-portfolio_small wp-post-image\" alt=\"\" \/><\/a><div class='grid-content'><div class='avia-arrow'><\/div><header class=\"entry-content-header\"><h3 class='grid-entry-title entry-title '  itemprop=\"headline\" ><a href='https:\/\/temp.kansleri.fi\/fi\/items\/tomi-jaaskelainen\/' title='Tomi J\u00e4\u00e4skel\u00e4inen'>Tomi J\u00e4\u00e4skel\u00e4inen<\/a><\/h3><\/header><\/div><footer class=\"entry-footer\"><\/footer><\/article><\/div><\/div><\/div>   <!--   class=\"av-portfolio-grid-sorting-container\"  --><\/p>\n<div   data-autoplay='true'  data-interval='3'  data-animation='slide'  class='avia-logo-element-container av-border-deactivate avia-logo-slider avia-content-slider avia-smallarrow-slider avia-content-slider-active noHover avia-content-slider1 avia-content-slider-odd  avia-builder-el-4  el_after_av_portfolio  avia-builder-el-no-sibling  ' ><div class='avia-smallarrow-slider-heading  no-logo-slider-navigation  no-logo-slider-heading '><\/div><div class='avia-content-slider-inner'><div class='slide-entry-wrap' ><div data-avia-tooltip=\"Finnair\" class='slide-entry flex_column no_margin post-entry slide-entry-overview slide-loop-1 slide-parity-odd  av_one_third first real-thumbnail'><a href='http:\/\/www.finnair.com' data-rel='slide-1' class='slide-image' title=''  ><img decoding=\"async\" width=\"1470\" height=\"216\" src=\"https:\/\/temp.kansleri.fi\/wp-content\/uploads\/2022\/02\/Finnair1.png\" class=\"attachment-no scaling size-no scaling\" alt=\"\" srcset=\"https:\/\/temp.kansleri.fi\/wp-content\/uploads\/2022\/02\/Finnair1.png 1470w, https:\/\/temp.kansleri.fi\/wp-content\/uploads\/2022\/02\/Finnair1-300x44.png 300w, https:\/\/temp.kansleri.fi\/wp-content\/uploads\/2022\/02\/Finnair1-1030x151.png 1030w, https:\/\/temp.kansleri.fi\/wp-content\/uploads\/2022\/02\/Finnair1-768x113.png 768w, https:\/\/temp.kansleri.fi\/wp-content\/uploads\/2022\/02\/Finnair1-705x104.png 705w\" sizes=\"(max-width: 1470px) 100vw, 1470px\" \/><\/a><\/div><div data-avia-tooltip=\"Nordic Regional Airlines\" class='slide-entry flex_column no_margin post-entry slide-entry-overview slide-loop-2 slide-parity-even  av_one_third  real-thumbnail'><a href='http:\/\/www.flynorra.fi' data-rel='slide-1' class='slide-image' title='' target=\"_blank\" rel=\"noopener\"><img decoding=\"async\" width=\"1470\" height=\"216\" src=\"https:\/\/temp.kansleri.fi\/wp-content\/uploads\/2022\/02\/Norra1.png\" class=\"attachment-no scaling size-no scaling\" alt=\"\" srcset=\"https:\/\/temp.kansleri.fi\/wp-content\/uploads\/2022\/02\/Norra1.png 1470w, https:\/\/temp.kansleri.fi\/wp-content\/uploads\/2022\/02\/Norra1-300x44.png 300w, https:\/\/temp.kansleri.fi\/wp-content\/uploads\/2022\/02\/Norra1-1030x151.png 1030w, https:\/\/temp.kansleri.fi\/wp-content\/uploads\/2022\/02\/Norra1-768x113.png 768w, https:\/\/temp.kansleri.fi\/wp-content\/uploads\/2022\/02\/Norra1-705x104.png 705w\" sizes=\"(max-width: 1470px) 100vw, 1470px\" \/><\/a><\/div><div data-avia-tooltip=\"Cityjet\" class='slide-entry flex_column no_margin post-entry slide-entry-overview slide-loop-3 slide-parity-odd  av_one_third  real-thumbnail'><a href='http:\/\/www.cityjet.com' data-rel='slide-1' class='slide-image' title='' target=\"_blank\" rel=\"noopener\"><img decoding=\"async\" width=\"1470\" height=\"216\" src=\"https:\/\/temp.kansleri.fi\/wp-content\/uploads\/2022\/02\/Cityjet1.png\" class=\"attachment-no scaling size-no scaling\" alt=\"\" srcset=\"https:\/\/temp.kansleri.fi\/wp-content\/uploads\/2022\/02\/Cityjet1.png 1470w, https:\/\/temp.kansleri.fi\/wp-content\/uploads\/2022\/02\/Cityjet1-300x44.png 300w, https:\/\/temp.kansleri.fi\/wp-content\/uploads\/2022\/02\/Cityjet1-1030x151.png 1030w, https:\/\/temp.kansleri.fi\/wp-content\/uploads\/2022\/02\/Cityjet1-768x113.png 768w, https:\/\/temp.kansleri.fi\/wp-content\/uploads\/2022\/02\/Cityjet1-705x104.png 705w\" sizes=\"(max-width: 1470px) 100vw, 1470px\" \/><\/a><\/div><\/div><div class='slide-entry-wrap' ><div data-avia-tooltip=\"Ryanair\" class='slide-entry flex_column no_margin post-entry slide-entry-overview slide-loop-4 slide-parity-odd  av_one_third first real-thumbnail'><a href='https:\/\/careers.ryanair.com' data-rel='slide-1' class='slide-image' title='' target=\"_blank\" rel=\"noopener\"><img decoding=\"async\" width=\"1470\" height=\"216\" src=\"https:\/\/temp.kansleri.fi\/wp-content\/uploads\/2022\/02\/Ryanair1.png\" class=\"attachment-no scaling size-no scaling\" alt=\"\" srcset=\"https:\/\/temp.kansleri.fi\/wp-content\/uploads\/2022\/02\/Ryanair1.png 1470w, https:\/\/temp.kansleri.fi\/wp-content\/uploads\/2022\/02\/Ryanair1-300x44.png 300w, https:\/\/temp.kansleri.fi\/wp-content\/uploads\/2022\/02\/Ryanair1-1030x151.png 1030w, https:\/\/temp.kansleri.fi\/wp-content\/uploads\/2022\/02\/Ryanair1-768x113.png 768w, https:\/\/temp.kansleri.fi\/wp-content\/uploads\/2022\/02\/Ryanair1-705x104.png 705w\" sizes=\"(max-width: 1470px) 100vw, 1470px\" \/><\/a><\/div><div data-avia-tooltip=\"Norwegian\" class='slide-entry flex_column no_margin post-entry slide-entry-overview slide-loop-5 slide-parity-even  av_one_third  real-thumbnail'><a href='http:\/\/careers.norwegian.com' data-rel='slide-1' class='slide-image' title='' target=\"_blank\" rel=\"noopener\"><img decoding=\"async\" width=\"1470\" height=\"216\" src=\"https:\/\/temp.kansleri.fi\/wp-content\/uploads\/2022\/02\/Norwegian1.png\" class=\"attachment-no scaling size-no scaling\" alt=\"\" srcset=\"https:\/\/temp.kansleri.fi\/wp-content\/uploads\/2022\/02\/Norwegian1.png 1470w, https:\/\/temp.kansleri.fi\/wp-content\/uploads\/2022\/02\/Norwegian1-300x44.png 300w, https:\/\/temp.kansleri.fi\/wp-content\/uploads\/2022\/02\/Norwegian1-1030x151.png 1030w, https:\/\/temp.kansleri.fi\/wp-content\/uploads\/2022\/02\/Norwegian1-768x113.png 768w, https:\/\/temp.kansleri.fi\/wp-content\/uploads\/2022\/02\/Norwegian1-705x104.png 705w\" sizes=\"(max-width: 1470px) 100vw, 1470px\" \/><\/a><\/div><div data-avia-tooltip=\"Aeropole \" class='slide-entry flex_column no_margin post-entry slide-entry-overview slide-loop-6 slide-parity-odd  post-entry-last  av_one_third  real-thumbnail'><a href='\/?page_id=224' data-rel='slide-1' class='slide-image' title=''  ><img decoding=\"async\" width=\"1470\" height=\"224\" src=\"https:\/\/temp.kansleri.fi\/wp-content\/uploads\/2022\/02\/Aeropole2.png\" class=\"attachment-no scaling size-no scaling\" alt=\"\" srcset=\"https:\/\/temp.kansleri.fi\/wp-content\/uploads\/2022\/02\/Aeropole2.png 1470w, https:\/\/temp.kansleri.fi\/wp-content\/uploads\/2022\/02\/Aeropole2-300x46.png 300w, https:\/\/temp.kansleri.fi\/wp-content\/uploads\/2022\/02\/Aeropole2-1030x157.png 1030w, https:\/\/temp.kansleri.fi\/wp-content\/uploads\/2022\/02\/Aeropole2-768x117.png 768w, https:\/\/temp.kansleri.fi\/wp-content\/uploads\/2022\/02\/Aeropole2-705x107.png 705w\" sizes=\"(max-width: 1470px) 100vw, 1470px\" \/><\/a><\/div><\/div><\/div><\/div>\n","protected":false},"excerpt":{"rendered":"","protected":false},"author":2,"featured_media":0,"parent":0,"menu_order":0,"comment_status":"closed","ping_status":"closed","template":"","meta":{"footnotes":""},"class_list":["post-14608","page","type-page","status-publish","hentry"],"yoast_head":"<!-- This site is optimized with the Yoast SEO plugin v27.1.1 - https:\/\/yoast.com\/product\/yoast-seo-wordpress\/ -->\n<title>Ty\u00f6llistyminen - Aeropole<\/title>\n<meta name=\"robots\" content=\"index, follow, max-snippet:-1, max-image-preview:large, max-video-preview:-1\" \/>\n<link rel=\"canonical\" href=\"https:\/\/temp.kansleri.fi\/fi\/testimonials\/\" \/>\n<meta property=\"og:locale\" content=\"fi_FI\" \/>\n<meta property=\"og:type\" content=\"article\" \/>\n<meta property=\"og:title\" content=\"Ty\u00f6llistyminen - Aeropole\" \/>\n<meta property=\"og:url\" content=\"https:\/\/temp.kansleri.fi\/fi\/testimonials\/\" \/>\n<meta property=\"og:site_name\" content=\"Aeropole\" \/>\n<meta property=\"article:modified_time\" content=\"2024-01-08T15:47:53+00:00\" \/>\n<meta name=\"twitter:card\" content=\"summary_large_image\" \/>\n<meta name=\"twitter:label1\" content=\"Arvioitu lukuaika\" \/>\n\t<meta name=\"twitter:data1\" content=\"1 minuutti\" \/>\n<script type=\"application\/ld+json\" class=\"yoast-schema-graph\">{\"@context\":\"https:\/\/schema.org\",\"@graph\":[{\"@type\":\"WebPage\",\"@id\":\"https:\/\/temp.kansleri.fi\/fi\/testimonials\/\",\"url\":\"https:\/\/temp.kansleri.fi\/fi\/testimonials\/\",\"name\":\"Ty\u00f6llistyminen - Aeropole\",\"isPartOf\":{\"@id\":\"https:\/\/temp.kansleri.fi\/#website\"},\"datePublished\":\"2017-10-26T07:37:47+00:00\",\"dateModified\":\"2024-01-08T15:47:53+00:00\",\"breadcrumb\":{\"@id\":\"https:\/\/temp.kansleri.fi\/fi\/testimonials\/#breadcrumb\"},\"inLanguage\":\"fi\",\"potentialAction\":[{\"@type\":\"ReadAction\",\"target\":[\"https:\/\/temp.kansleri.fi\/fi\/testimonials\/\"]}]},{\"@type\":\"BreadcrumbList\",\"@id\":\"https:\/\/temp.kansleri.fi\/fi\/testimonials\/#breadcrumb\",\"itemListElement\":[{\"@type\":\"ListItem\",\"position\":1,\"name\":\"Home\",\"item\":\"https:\/\/temp.kansleri.fi\/fi\/\"},{\"@type\":\"ListItem\",\"position\":2,\"name\":\"Ty\u00f6llistyminen\"}]},{\"@type\":\"WebSite\",\"@id\":\"https:\/\/temp.kansleri.fi\/#website\",\"url\":\"https:\/\/temp.kansleri.fi\/\",\"name\":\"Aeropole\",\"description\":\"Aviation Academy, Aircraft Sales and Maintenance\",\"potentialAction\":[{\"@type\":\"SearchAction\",\"target\":{\"@type\":\"EntryPoint\",\"urlTemplate\":\"https:\/\/temp.kansleri.fi\/?s={search_term_string}\"},\"query-input\":{\"@type\":\"PropertyValueSpecification\",\"valueRequired\":true,\"valueName\":\"search_term_string\"}}],\"inLanguage\":\"fi\"}]}<\/script>\n<!-- \/ Yoast SEO plugin. -->","yoast_head_json":{"title":"Ty\u00f6llistyminen - Aeropole","robots":{"index":"index","follow":"follow","max-snippet":"max-snippet:-1","max-image-preview":"max-image-preview:large","max-video-preview":"max-video-preview:-1"},"canonical":"https:\/\/temp.kansleri.fi\/fi\/testimonials\/","og_locale":"fi_FI","og_type":"article","og_title":"Ty\u00f6llistyminen - Aeropole","og_url":"https:\/\/temp.kansleri.fi\/fi\/testimonials\/","og_site_name":"Aeropole","article_modified_time":"2024-01-08T15:47:53+00:00","twitter_card":"summary_large_image","twitter_misc":{"Arvioitu lukuaika":"1 minuutti"},"schema":{"@context":"https:\/\/schema.org","@graph":[{"@type":"WebPage","@id":"https:\/\/temp.kansleri.fi\/fi\/testimonials\/","url":"https:\/\/temp.kansleri.fi\/fi\/testimonials\/","name":"Ty\u00f6llistyminen - Aeropole","isPartOf":{"@id":"https:\/\/temp.kansleri.fi\/#website"},"datePublished":"2017-10-26T07:37:47+00:00","dateModified":"2024-01-08T15:47:53+00:00","breadcrumb":{"@id":"https:\/\/temp.kansleri.fi\/fi\/testimonials\/#breadcrumb"},"inLanguage":"fi","potentialAction":[{"@type":"ReadAction","target":["https:\/\/temp.kansleri.fi\/fi\/testimonials\/"]}]},{"@type":"BreadcrumbList","@id":"https:\/\/temp.kansleri.fi\/fi\/testimonials\/#breadcrumb","itemListElement":[{"@type":"ListItem","position":1,"name":"Home","item":"https:\/\/temp.kansleri.fi\/fi\/"},{"@type":"ListItem","position":2,"name":"Ty\u00f6llistyminen"}]},{"@type":"WebSite","@id":"https:\/\/temp.kansleri.fi\/#website","url":"https:\/\/temp.kansleri.fi\/","name":"Aeropole","description":"Aviation Academy, Aircraft Sales and Maintenance","potentialAction":[{"@type":"SearchAction","target":{"@type":"EntryPoint","urlTemplate":"https:\/\/temp.kansleri.fi\/?s={search_term_string}"},"query-input":{"@type":"PropertyValueSpecification","valueRequired":true,"valueName":"search_term_string"}}],"inLanguage":"fi"}]}},"_links":{"self":[{"href":"https:\/\/temp.kansleri.fi\/fi\/wp-json\/wp\/v2\/pages\/14608","targetHints":{"allow":["GET"]}}],"collection":[{"href":"https:\/\/temp.kansleri.fi\/fi\/wp-json\/wp\/v2\/pages"}],"about":[{"href":"https:\/\/temp.kansleri.fi\/fi\/wp-json\/wp\/v2\/types\/page"}],"author":[{"embeddable":true,"href":"https:\/\/temp.kansleri.fi\/fi\/wp-json\/wp\/v2\/users\/2"}],"replies":[{"embeddable":true,"href":"https:\/\/temp.kansleri.fi\/fi\/wp-json\/wp\/v2\/comments?post=14608"}],"version-history":[{"count":24,"href":"https:\/\/temp.kansleri.fi\/fi\/wp-json\/wp\/v2\/pages\/14608\/revisions"}],"predecessor-version":[{"id":26266,"href":"https:\/\/temp.kansleri.fi\/fi\/wp-json\/wp\/v2\/pages\/14608\/revisions\/26266"}],"wp:attachment":[{"href":"https:\/\/temp.kansleri.fi\/fi\/wp-json\/wp\/v2\/media?parent=14608"}],"curies":[{"name":"wp","href":"https:\/\/api.w.org\/{rel}","templated":true}]}}