{"id":14954,"date":"2018-01-12T14:00:40","date_gmt":"2018-01-12T14:00:40","guid":{"rendered":"https:\/\/temp.kansleri.fi\/maintenance\/"},"modified":"2025-05-18T17:09:34","modified_gmt":"2025-05-18T17:09:34","slug":"maintenance","status":"publish","type":"page","link":"https:\/\/temp.kansleri.fi\/fi\/maintenance\/","title":{"rendered":"Aeropole Aircraft Maintenance"},"content":{"rendered":"<div  style='padding-bottom:10px; color:#000000;' class='av-special-heading av-special-heading-h1 custom-color-heading   avia-builder-el-0  el_before_av_textblock  avia-builder-el-first  '><h1 class='av-special-heading-tag '  itemprop=\"headline\"  >Pid\u00e4mme huolen lentokoneesta ja sen omistajasta.<\/h1><div class='special-heading-border'><div class='special-heading-inner-border' style='border-color:#000000'><\/div><\/div><\/div>\n<section class=\"av_textblock_section \"  itemscope=\"itemscope\" itemtype=\"https:\/\/schema.org\/CreativeWork\" ><div class='avia_textblock  '  style='font-size:21px; '  itemprop=\"text\" ><p style=\"text-align: center;\">Aeropole Aircraft Maintenance on uuden ajan lentokonehuoltamo ja -korjaamo ja Suomen ainoa valtuutettu Diamond Service Center, Austro Service Center sek\u00e4 Continental Diesel Service Center. Meilt\u00e4 saat ensiluokkaisen kokemuksen sek\u00e4 itsellesi ett\u00e4 koneellesi.<\/p>\n<\/div><\/section>\n<\/div><\/div><\/div><!-- close content main div --><\/div><\/div><div id='av_section_1'  class='avia-section footer_color avia-section-default avia-no-shadow  av-parallax-section avia-bg-style-parallax  avia-builder-el-2  el_after_av_textblock  el_before_av_one_half   av-minimum-height av-minimum-height-50  container_wrap sidebar_right' style=' '  data-section-bg-repeat='no-repeat' data-av_minimum_height_pc='50'><div class='av-parallax' data-avia-parallax-ratio='0.3' ><div class='av-parallax-inner footer_color  avia-full-stretch' style = 'background-repeat: no-repeat; background-image: url(https:\/\/temp.kansleri.fi\/wp-content\/uploads\/2018\/01\/csm_gallery_manufacturing_process_11_e9acfb6690-1030x687.jpg);background-attachment: scroll; background-position: bottom center; ' ><\/div><\/div><div class='container' ><div class='template-page content  av-content-small alpha units'><div class='post-entry post-entry-type-page post-entry-14954'><div class='entry-content-wrapper clearfix'><\/div><\/div><\/div><!-- close content main div --><\/div><\/div><div id='after_section_1'  class='main_color av_default_container_wrap container_wrap sidebar_right' style=' '  ><div class='container' ><div class='template-page content  av-content-small alpha units'><div class='post-entry post-entry-type-page post-entry-14954'><div class='entry-content-wrapper clearfix'>\n<div class=\"flex_column av_one_half  flex_column_div av-zero-column-padding first  avia-builder-el-3  el_after_av_section  el_before_av_one_half  avia-builder-el-first  \" style='border-radius:0px; '><p><section class=\"av_textblock_section \"  itemscope=\"itemscope\" itemtype=\"https:\/\/schema.org\/CreativeWork\" ><div class='avia_textblock  '  style='font-size:16px; '  itemprop=\"text\" ><p>Aeropole Aircraft Maintenance tarjoaa lentokonekorjaamopalveluita Lahti-Vesivehmaalla (EFLA) sek\u00e4 Tampere-Pirkkalassa (EFTP\/TMP). Haluamme tarjota Pohjoismaiden laadukkainta korjaamopalvelua yleisilmailijoille, Aeropolen ensiluokkaisella asiakaspalvelulla. Aeropole on Diamond Aircraft Industries GmbH:n j\u00e4lleenmyyj\u00e4 Suomessa, Ruotsissa ja Tanskassa, ja tarjoamme my\u00f6s muille lentokonetyypeille <a href=\"https:\/\/temp.kansleri.fi\/fi\/executive\/\" target=\"_blank\" rel=\"noopener\">hankinta- ja huolintapalveluita.<\/a>\u00a0Olemme Suomen ainoa <a href=\"https:\/\/www.diamondaircraft.com\/en\/service-and-support\/service-center-locations\/\">Diamond Service Center<\/a>, Austro Engine Service Center sek\u00e4 Continental Diesel Service Center, eli t\u00e4yden palvelun Diamondin merkkihuolto. Tuo koneesi osaaviin k\u00e4siin!<\/p>\n<\/div><\/section><br \/>\n<article  class=\"iconbox iconbox_left    avia-builder-el-5  el_after_av_textblock  el_before_av_button  \"  itemscope=\"itemscope\" itemtype=\"https:\/\/schema.org\/CreativeWork\" ><div class=\"iconbox_content\"><header class=\"entry-content-header\"><div class=\"iconbox_icon heading-color \" aria-hidden='true' data-av_icon='\ue82b' data-av_iconfont='entypo-fontello'  style='background-color:#e8e8e8; ' ><\/div><h3 class='iconbox_content_title  '  itemprop=\"headline\"  >Maintenance Organisation Approval<\/h3><\/header><div class='iconbox_content_container  '  itemprop=\"text\"  ><p>Aeropole Aircraft Maintenance Oy:n korjaamotoimilupa <a href=\"http:\/\/temp.kansleri.fi\/wp-content\/uploads\/2024\/10\/Easa-Form-3-toimilupa-AAM-FI.CAO_.0002.pdf\">FI.CAO.0002<\/a><\/p>\n<\/div><\/div><footer class=\"entry-footer\"><\/footer><\/article><br \/>\n<div  class='avia-button-wrap avia-button-center  avia-builder-el-6  el_after_av_icon_box  el_before_av_textblock ' ><a href='https:\/\/temp.kansleri.fi\/fi\/yhteystiedot\/'  class='avia-button   avia-icon_select-yes-left-icon avia-color-dark avia-size-small avia-position-center '  target=\"_blank\"   ><span class='avia_button_icon avia_button_icon_left ' aria-hidden='true' data-av_icon='\ue8b7' data-av_iconfont='entypo-fontello'><\/span><span class='avia_iconbox_title' >Ota yhteytt\u00e4 ja pyyd\u00e4 huoltotarjousta<\/span><\/a><\/div><br \/>\n<section class=\"av_textblock_section \"  itemscope=\"itemscope\" itemtype=\"https:\/\/schema.org\/CreativeWork\" ><div class='avia_textblock  '   itemprop=\"text\" ><p>Ja toki huoltomme palvelee mielell\u00e4\u00e4n my\u00f6s seuraavien lentokoneiden omistajia: Cirrus, Cessna, Piper, Vulcanair, Maule, Tecnam jne. Vaikka erikoistummekin teknisesti kehittyneempien lentokoneiden (Diamond ja Cirrus, tyypillisesti Garmin-avioniikalla) huoltamiseen ja korjaamiseen, tarjoamme korjaamopalveluja yleisimpiin muihinkin lentokonemerkkeihin, kokoluokassa Cessna Caravaniin asti.<\/p>\n<\/div><\/section><\/p><\/div>\n<div class=\"flex_column av_one_half  flex_column_div av-zero-column-padding   avia-builder-el-8  el_after_av_one_half  el_before_av_partner  \" style='border-radius:0px; '><div  class='avia-icon-list-container   avia-builder-el-9  avia-builder-el-no-sibling '><ul class='avia-icon-list avia-icon-list-left av-iconlist-big avia_animate_when_almost_visible avia-iconlist-animate'>\n<li><div  class='iconlist_icon  avia-font-entypo-fontello'><span class='iconlist-char ' aria-hidden='true' data-av_icon='\ue821' data-av_iconfont='entypo-fontello'><\/span><\/div><article class=\"article-icon-entry \"  itemscope=\"itemscope\" itemtype=\"https:\/\/schema.org\/CreativeWork\" ><div class='iconlist_content_wrap'><header class=\"entry-content-header\"><h4 class='av_iconlist_title iconlist_title   '  itemprop=\"headline\"   style='font-size:18px; '>Lentokonehalli<\/h4><\/header><div class='iconlist_content  '  itemprop=\"text\"  ><p>Tarjoamme laadukasta ja l\u00e4mmitetty\u00e4 hallitilaa lentokoneesi suojaksi Lahti-Vesivehmaan (EFLA) ja Tampere-Pirkkalan (EFTP) lentokentill\u00e4. (Hallitilaa on my\u00f6s tarjolla Tanskan Aalborgissa, EKYT).<\/p>\n<\/div><\/div><footer class=\"entry-footer\"><\/footer><\/article><div class='iconlist-timeline'><\/div><\/li>\n<li><div  class='iconlist_icon  avia-font-entypo-fontello'><span class='iconlist-char ' aria-hidden='true' data-av_icon='\ue856' data-av_iconfont='entypo-fontello'><\/span><\/div><article class=\"article-icon-entry \"  itemscope=\"itemscope\" itemtype=\"https:\/\/schema.org\/CreativeWork\" ><div class='iconlist_content_wrap'><header class=\"entry-content-header\"><h4 class='av_iconlist_title iconlist_title   '  itemprop=\"headline\"   style='font-size:18px; '>Korjaamo ja huolto<\/h4><\/header><div class='iconlist_content  '  itemprop=\"text\"  ><p>Lentokonekorjaamo- ja huoltopalvelut (alle 2730 kg yksi- ja kaksimoottoriset m\u00e4nt\u00e4moottorilentokoneet sek\u00e4 Cessna Caravan -potkuriturbiini)<\/p>\n<\/div><\/div><footer class=\"entry-footer\"><\/footer><\/article><div class='iconlist-timeline'><\/div><\/li>\n<li><div  class='iconlist_icon  avia-font-entypo-fontello'><span class='iconlist-char ' aria-hidden='true' data-av_icon='\ue8c6' data-av_iconfont='entypo-fontello'><\/span><\/div><article class=\"article-icon-entry \"  itemscope=\"itemscope\" itemtype=\"https:\/\/schema.org\/CreativeWork\" ><div class='iconlist_content_wrap'><header class=\"entry-content-header\"><h4 class='av_iconlist_title iconlist_title   '  itemprop=\"headline\"   style='font-size:18px; '>Jatkuva lentokelpoisuus<\/h4><\/header><div class='iconlist_content  '  itemprop=\"text\"  ><p>Jatkuvan lentokelpoisuuden hallintapalvelut (ns. CAMO-palvelu) sek\u00e4 lentokelpoisuuden tarkastustodistukset (ARC).<\/p>\n<\/div><\/div><footer class=\"entry-footer\"><\/footer><\/article><div class='iconlist-timeline'><\/div><\/li>\n<li><div  class='iconlist_icon  avia-font-entypo-fontello'><span class='iconlist-char ' aria-hidden='true' data-av_icon='\ue8d7' data-av_iconfont='entypo-fontello'><\/span><\/div><article class=\"article-icon-entry \"  itemscope=\"itemscope\" itemtype=\"https:\/\/schema.org\/CreativeWork\" ><div class='iconlist_content_wrap'><header class=\"entry-content-header\"><h4 class='av_iconlist_title iconlist_title   '  itemprop=\"headline\"   style='font-size:18px; '>Lentokoneiden myynti<\/h4><\/header><div class='iconlist_content  '  itemprop=\"text\"  ><p>Lentokonemyynti, hankinta- ja hallintapalvelut (<a href=\"https:\/\/temp.kansleri.fi\/fi\/executive\/\">Aeropole Executive<\/a>). Aeropole on Diamondien virallinen j\u00e4lleenmyyj\u00e4 Suomessa, Ruotsissa ja Tanskassa.<\/p>\n<\/div><\/div><footer class=\"entry-footer\"><\/footer><\/article><div class='iconlist-timeline'><\/div><\/li>\n<\/ul><\/div><\/div>\n<div   data-autoplay='false'  data-interval='5'  data-animation='slide'  class='avia-logo-element-container av-border-deactivate avia-logo-slider avia-content-slider avia-smallarrow-slider avia-content-slider-active noHover avia-content-slider1 avia-content-slider-odd  avia-builder-el-10  el_after_av_one_half  el_before_av_one_full  ' ><div class='avia-smallarrow-slider-heading  no-logo-slider-heading '><div class='new-special-heading'>&nbsp;<\/div><div class='avia-slideshow-arrows avia-slideshow-controls'><a href='#prev' class='prev-slide' aria-hidden='true' data-av_icon='\ue87c' data-av_iconfont='entypo-fontello'>Previous<\/a><a href='#next' class='next-slide' aria-hidden='true' data-av_icon='\ue87d' data-av_iconfont='entypo-fontello'>Next<\/a><\/div><\/div><div class='avia-content-slider-inner'><div class='slide-entry-wrap' ><div  class='slide-entry flex_column no_margin post-entry slide-entry-overview slide-loop-1 slide-parity-odd  av_one_third first real-thumbnail'><span class='av-partner-fake-img' style='padding-bottom:26.511134676564%; background-image:url(https:\/\/temp.kansleri.fi\/wp-content\/uploads\/2025\/05\/Austro-Engine-logo.jpg);'><\/span><\/div><div data-avia-tooltip=\"Continental Diesel\" class='slide-entry flex_column no_margin post-entry slide-entry-overview slide-loop-2 slide-parity-even  av_one_third  real-thumbnail'><span class='av-partner-fake-img' style='padding-bottom:26.511134676564%; background-image:url(https:\/\/temp.kansleri.fi\/wp-content\/uploads\/2024\/10\/continental-aerospace-technologies-logo.png);'><\/span><\/div><div  class='slide-entry flex_column no_margin post-entry slide-entry-overview slide-loop-3 slide-parity-odd  av_one_third  real-thumbnail'><span class='av-partner-fake-img' style='padding-bottom:26.511134676564%; background-image:url(https:\/\/temp.kansleri.fi\/wp-content\/uploads\/2020\/08\/Diamond_Service_Center-1500x430-1.png);'><\/span><\/div><\/div><div class='slide-entry-wrap' ><div  class='slide-entry flex_column no_margin post-entry slide-entry-overview slide-loop-4 slide-parity-odd  post-entry-last  av_one_third first real-thumbnail'><span class='av-partner-fake-img' style='padding-bottom:26.511134676564%; background-image:url(https:\/\/temp.kansleri.fi\/wp-content\/uploads\/2020\/08\/Aeroshell_1500x430_1.png);'><\/span><\/div><\/div><\/div><\/div>\n<div class=\"flex_column av_one_full  flex_column_div av-zero-column-padding first  avia-builder-el-11  el_after_av_partner  el_before_av_one_full  \" style='border-radius:0px; '><div  style='padding-bottom:10px; ' class='av-special-heading av-special-heading-h2  blockquote modern-quote modern-centered  avia-builder-el-12  avia-builder-el-no-sibling  '><h2 class='av-special-heading-tag '  itemprop=\"headline\"  >Koneesi on ammattitaitoisissa k\u00e4siss\u00e4. <\/h2><div class='special-heading-border'><div class='special-heading-inner-border' ><\/div><\/div><\/div><\/div>\n<div class=\"flex_column av_one_full  flex_column_div av-zero-column-padding first  avia-builder-el-13  el_after_av_one_full  avia-builder-el-last  column-top-margin\" style='border-radius:0px; '><\/div>\n","protected":false},"excerpt":{"rendered":"","protected":false},"author":2,"featured_media":0,"parent":0,"menu_order":0,"comment_status":"closed","ping_status":"closed","template":"","meta":{"footnotes":""},"class_list":["post-14954","page","type-page","status-publish","hentry"],"yoast_head":"<!-- This site is optimized with the Yoast SEO plugin v27.1.1 - https:\/\/yoast.com\/product\/yoast-seo-wordpress\/ -->\n<title>Aeropole Aircraft Maintenance - Aeropole<\/title>\n<meta name=\"description\" content=\"Aeropole Aircraft Maintenance on uuden ajan lentokonehuoltamo ja -korjaamo ja valtuutettu Diamond Service Center.\" \/>\n<meta name=\"robots\" content=\"index, follow, max-snippet:-1, max-image-preview:large, max-video-preview:-1\" \/>\n<link rel=\"canonical\" href=\"https:\/\/temp.kansleri.fi\/fi\/maintenance\/\" \/>\n<meta property=\"og:locale\" content=\"fi_FI\" \/>\n<meta property=\"og:type\" content=\"article\" \/>\n<meta property=\"og:title\" content=\"Aeropole Aircraft Maintenance - Aeropole\" \/>\n<meta property=\"og:description\" content=\"Aeropole Aircraft Maintenance on uuden ajan lentokonehuoltamo ja -korjaamo ja valtuutettu Diamond Service Center.\" \/>\n<meta property=\"og:url\" content=\"https:\/\/temp.kansleri.fi\/fi\/maintenance\/\" \/>\n<meta property=\"og:site_name\" content=\"Aeropole\" \/>\n<meta property=\"article:modified_time\" content=\"2025-05-18T17:09:34+00:00\" \/>\n<meta name=\"twitter:card\" content=\"summary_large_image\" \/>\n<meta name=\"twitter:label1\" content=\"Arvioitu lukuaika\" \/>\n\t<meta name=\"twitter:data1\" content=\"3 minuuttia\" \/>\n<script type=\"application\/ld+json\" class=\"yoast-schema-graph\">{\"@context\":\"https:\/\/schema.org\",\"@graph\":[{\"@type\":\"WebPage\",\"@id\":\"https:\/\/temp.kansleri.fi\/fi\/maintenance\/\",\"url\":\"https:\/\/temp.kansleri.fi\/fi\/maintenance\/\",\"name\":\"Aeropole Aircraft Maintenance - Aeropole\",\"isPartOf\":{\"@id\":\"https:\/\/temp.kansleri.fi\/#website\"},\"datePublished\":\"2018-01-12T14:00:40+00:00\",\"dateModified\":\"2025-05-18T17:09:34+00:00\",\"description\":\"Aeropole Aircraft Maintenance on uuden ajan lentokonehuoltamo ja -korjaamo ja valtuutettu Diamond Service Center.\",\"breadcrumb\":{\"@id\":\"https:\/\/temp.kansleri.fi\/fi\/maintenance\/#breadcrumb\"},\"inLanguage\":\"fi\",\"potentialAction\":[{\"@type\":\"ReadAction\",\"target\":[\"https:\/\/temp.kansleri.fi\/fi\/maintenance\/\"]}]},{\"@type\":\"BreadcrumbList\",\"@id\":\"https:\/\/temp.kansleri.fi\/fi\/maintenance\/#breadcrumb\",\"itemListElement\":[{\"@type\":\"ListItem\",\"position\":1,\"name\":\"Home\",\"item\":\"https:\/\/temp.kansleri.fi\/fi\/\"},{\"@type\":\"ListItem\",\"position\":2,\"name\":\"Aeropole Aircraft Maintenance\"}]},{\"@type\":\"WebSite\",\"@id\":\"https:\/\/temp.kansleri.fi\/#website\",\"url\":\"https:\/\/temp.kansleri.fi\/\",\"name\":\"Aeropole\",\"description\":\"Aviation Academy, Aircraft Sales and Maintenance\",\"potentialAction\":[{\"@type\":\"SearchAction\",\"target\":{\"@type\":\"EntryPoint\",\"urlTemplate\":\"https:\/\/temp.kansleri.fi\/?s={search_term_string}\"},\"query-input\":{\"@type\":\"PropertyValueSpecification\",\"valueRequired\":true,\"valueName\":\"search_term_string\"}}],\"inLanguage\":\"fi\"}]}<\/script>\n<!-- \/ Yoast SEO plugin. -->","yoast_head_json":{"title":"Aeropole Aircraft Maintenance - Aeropole","description":"Aeropole Aircraft Maintenance on uuden ajan lentokonehuoltamo ja -korjaamo ja valtuutettu Diamond Service Center.","robots":{"index":"index","follow":"follow","max-snippet":"max-snippet:-1","max-image-preview":"max-image-preview:large","max-video-preview":"max-video-preview:-1"},"canonical":"https:\/\/temp.kansleri.fi\/fi\/maintenance\/","og_locale":"fi_FI","og_type":"article","og_title":"Aeropole Aircraft Maintenance - Aeropole","og_description":"Aeropole Aircraft Maintenance on uuden ajan lentokonehuoltamo ja -korjaamo ja valtuutettu Diamond Service Center.","og_url":"https:\/\/temp.kansleri.fi\/fi\/maintenance\/","og_site_name":"Aeropole","article_modified_time":"2025-05-18T17:09:34+00:00","twitter_card":"summary_large_image","twitter_misc":{"Arvioitu lukuaika":"3 minuuttia"},"schema":{"@context":"https:\/\/schema.org","@graph":[{"@type":"WebPage","@id":"https:\/\/temp.kansleri.fi\/fi\/maintenance\/","url":"https:\/\/temp.kansleri.fi\/fi\/maintenance\/","name":"Aeropole Aircraft Maintenance - Aeropole","isPartOf":{"@id":"https:\/\/temp.kansleri.fi\/#website"},"datePublished":"2018-01-12T14:00:40+00:00","dateModified":"2025-05-18T17:09:34+00:00","description":"Aeropole Aircraft Maintenance on uuden ajan lentokonehuoltamo ja -korjaamo ja valtuutettu Diamond Service Center.","breadcrumb":{"@id":"https:\/\/temp.kansleri.fi\/fi\/maintenance\/#breadcrumb"},"inLanguage":"fi","potentialAction":[{"@type":"ReadAction","target":["https:\/\/temp.kansleri.fi\/fi\/maintenance\/"]}]},{"@type":"BreadcrumbList","@id":"https:\/\/temp.kansleri.fi\/fi\/maintenance\/#breadcrumb","itemListElement":[{"@type":"ListItem","position":1,"name":"Home","item":"https:\/\/temp.kansleri.fi\/fi\/"},{"@type":"ListItem","position":2,"name":"Aeropole Aircraft Maintenance"}]},{"@type":"WebSite","@id":"https:\/\/temp.kansleri.fi\/#website","url":"https:\/\/temp.kansleri.fi\/","name":"Aeropole","description":"Aviation Academy, Aircraft Sales and Maintenance","potentialAction":[{"@type":"SearchAction","target":{"@type":"EntryPoint","urlTemplate":"https:\/\/temp.kansleri.fi\/?s={search_term_string}"},"query-input":{"@type":"PropertyValueSpecification","valueRequired":true,"valueName":"search_term_string"}}],"inLanguage":"fi"}]}},"_links":{"self":[{"href":"https:\/\/temp.kansleri.fi\/fi\/wp-json\/wp\/v2\/pages\/14954","targetHints":{"allow":["GET"]}}],"collection":[{"href":"https:\/\/temp.kansleri.fi\/fi\/wp-json\/wp\/v2\/pages"}],"about":[{"href":"https:\/\/temp.kansleri.fi\/fi\/wp-json\/wp\/v2\/types\/page"}],"author":[{"embeddable":true,"href":"https:\/\/temp.kansleri.fi\/fi\/wp-json\/wp\/v2\/users\/2"}],"replies":[{"embeddable":true,"href":"https:\/\/temp.kansleri.fi\/fi\/wp-json\/wp\/v2\/comments?post=14954"}],"version-history":[{"count":32,"href":"https:\/\/temp.kansleri.fi\/fi\/wp-json\/wp\/v2\/pages\/14954\/revisions"}],"predecessor-version":[{"id":29155,"href":"https:\/\/temp.kansleri.fi\/fi\/wp-json\/wp\/v2\/pages\/14954\/revisions\/29155"}],"wp:attachment":[{"href":"https:\/\/temp.kansleri.fi\/fi\/wp-json\/wp\/v2\/media?parent=14954"}],"curies":[{"name":"wp","href":"https:\/\/api.w.org\/{rel}","templated":true}]}}