{"id":17175,"date":"2016-10-06T01:06:57","date_gmt":"2016-10-06T01:06:57","guid":{"rendered":"https:\/\/temp.kansleri.fi\/join-us\/"},"modified":"2022-08-11T07:11:26","modified_gmt":"2022-08-11T07:11:26","slug":"join-us","status":"publish","type":"page","link":"https:\/\/temp.kansleri.fi\/fi\/join-us\/","title":{"rendered":"Tule meille t\u00f6ihin"},"content":{"rendered":"<div class=\"flex_column av_one_full  flex_column_div av-zero-column-padding first  avia-builder-el-0  el_before_av_textblock  avia-builder-el-first  \" style='border-radius:0px; '><p><div  style='padding-bottom:10px; ' class='av-special-heading av-special-heading-h1    avia-builder-el-1  el_before_av_button  avia-builder-el-first  '><h1 class='av-special-heading-tag '  itemprop=\"headline\"  >Tule meille t\u00f6ihin!<\/h1><div class='special-heading-border'><div class='special-heading-inner-border' ><\/div><\/div><\/div><br \/>\n<div  class='avia-button-wrap avia-button-center  avia-builder-el-2  el_after_av_heading  avia-builder-el-last ' ><a href='mailto:recruitment@temp.kansleri.fi' class='avia-button   avia-icon_select-yes-right-icon avia-color-dark avia-size-small avia-position-center ' target=\"_blank\" rel=\"noopener\"><span class='avia_iconbox_title' >Hae nyt<\/span><span class='avia_button_icon avia_button_icon_right' aria-hidden='true' data-av_icon='\ue8b7' data-av_iconfont='entypo-fontello'><\/span><\/a><\/div><\/p><\/div>\n<section class=\"av_textblock_section \"  itemscope=\"itemscope\" itemtype=\"https:\/\/schema.org\/CreativeWork\" ><div class='avia_textblock intro-text '   itemprop=\"text\" ><p style=\"text-align: center;\">Me Aeropolella etsimme jatkuvasti motivoituneita yksil\u00f6it\u00e4 kasvavaan organisaatioomme. Nyt on tilaisuutesi liitty\u00e4 ammattilaisten unelmatiimiin!<\/p>\n<p style=\"text-align: center;\">L\u00e4het\u00e4 CV ja anomuksesi mieluiten englanniksi osoitteella\u00a0<a href=\"mailto:recruitment@temp.kansleri.fi\">recruitment@temp.kansleri.fi<\/a>.<\/p>\n<p style=\"text-align: center;\">Pahoittelemme ettemme hakemusten suuren m\u00e4\u00e4r\u00e4n vuoksi aina ehdi v\u00e4ltt\u00e4m\u00e4tt\u00e4 vastaamaan jokaiselle hakijalle henkil\u00f6kohtaisesti. Tarvekin vaihtelee eik\u00e4 paikkoja aina saada t\u00e4ytetty\u00e4 toivotussa aikataulussa. Jos edellisest\u00e4 hakemuksen l\u00e4hett\u00e4misest\u00e4si on kulunut jo useita kuukausia ja olet edelleen k\u00e4ytett\u00e4viss\u00e4, kannattaa siis l\u00e4hett\u00e4\u00e4 uusi viesti ja muistuttaa tilanteestasi.<\/p>\n<p style=\"text-align: center;\">Olemme asiakaspalveluyritys, joten tulevan ty\u00f6ntekij\u00e4n omatoimisuus ja palveluasenne palkitaan my\u00f6s ty\u00f6nhaussa!<\/p>\n<\/div><\/section>\n<\/div><\/div><\/div><!-- close content main div --><\/div><\/div><div id='av_section_1'  class='avia-section main_color avia-section-default avia-no-shadow  av-parallax-section avia-bg-style-parallax  avia-builder-el-4  el_after_av_textblock  el_before_av_section   av-minimum-height av-minimum-height-50  container_wrap sidebar_right' style=' '  data-section-bg-repeat='no-repeat' data-av_minimum_height_pc='50'><div class='av-parallax' data-avia-parallax-ratio='0.3' ><div class='av-parallax-inner main_color  avia-full-stretch' style = 'background-repeat: no-repeat; background-image: url(https:\/\/temp.kansleri.fi\/wp-content\/uploads\/2017\/07\/11782501_1164535613562717_7365183104789110071_o-1500x630.jpg);background-attachment: scroll; background-position: center center; ' ><\/div><\/div><div class='container' ><div class='template-page content  av-content-small alpha units'><div class='post-entry post-entry-type-page post-entry-17175'><div class='entry-content-wrapper clearfix'>\n<\/div><\/div><\/div><!-- close content main div --><\/div><\/div><div id='av_section_2'  class='avia-section alternate_color avia-section-default avia-no-shadow  avia-bg-style-scroll  avia-builder-el-5  el_after_av_section  avia-builder-el-last   container_wrap sidebar_right' style=' '  ><div class='container' ><div class='template-page content  av-content-small alpha units'><div class='post-entry post-entry-type-page post-entry-17175'><div class='entry-content-wrapper clearfix'>\n<section class=\"av_textblock_section \"  itemscope=\"itemscope\" itemtype=\"https:\/\/schema.org\/CreativeWork\" ><div class='avia_textblock  '   itemprop=\"text\" ><p style=\"text-align: center;\"><em>Avoimet\u00a0paikat vaihtelevat maittain ja paikoittain. Ks. ilmoitusteksti ja halutessasi esim. Tanskaan kurkkaa tanskankielist\u00e4 sivua.<\/em><\/p>\n<\/div><\/section>\n<div   data-autoplay=''  data-interval='5'  data-animation='fade'  data-show_slide_delay='90'  class='avia-content-slider avia-content-grid-active avia-content-slider1 avia-content-slider-odd  avia-builder-el-7  el_after_av_textblock  avia-builder-el-last  noimg '  itemscope=\"itemscope\" itemtype=\"https:\/\/schema.org\/Blog\" ><div class='avia-content-slider-inner'><div class='slide-entry-wrap'><article class='slide-entry flex_column  post-entry post-entry-22755 slide-entry-overview slide-loop-1 slide-parity-odd  av_one_third first fake-thumbnail'  itemscope=\"itemscope\" itemtype=\"https:\/\/schema.org\/CreativeWork\" ><a href='https:\/\/temp.kansleri.fi\/fi\/items\/part-66-lentokonemekaanikko-efla\/' data-rel='slide-1' class='slide-image' title='Lentokonemekaanikko, Part-66 (B1.2) EFLA'><span class=' fallback-post-type-icon' aria-hidden='true' data-av_icon='\ue836' data-av_iconfont='entypo-fontello'><\/span><span class='slider-fallback-image'><\/span><\/a><div class='slide-content'><header class=\"entry-content-header\"><h3 class='slide-entry-title entry-title '  itemprop=\"headline\" ><a href='https:\/\/temp.kansleri.fi\/fi\/items\/part-66-lentokonemekaanikko-efla\/' title='Lentokonemekaanikko, Part-66 (B1.2) EFLA'>Lentokonemekaanikko, Part-66 (B1.2) EFLA<\/a><\/h3><span class=\"av-vertical-delimiter\"><\/span><\/header><div class='slide-meta'><time class='slide-meta-time updated'  itemprop=\"datePublished\" datetime=\"2025-03-21T10:37:10+00:00\" >21 maaliskuun, 2025<\/time><\/div><div class='slide-entry-excerpt entry-content'  itemprop=\"text\" >Lentokonemekaanikko, Part-66 B1.2 (Lahti-Vesivehmaa)\r\n21.03.2025.\r\n\r\nHaemme\u2026<\/div><\/div><footer class=\"entry-footer\"><\/footer><span class='hidden'>\n\t\t\t\t<span class='av-structured-data'  itemprop=\"image\" itemscope=\"itemscope\" itemtype=\"https:\/\/schema.org\/ImageObject\" >\n\t\t\t\t\t\t<span itemprop='url'>http:\/\/temp.kansleri.fi\/wp-content\/uploads\/2016\/07\/logo-white@2x.png<\/span>\n\t\t\t\t\t\t<span itemprop='height'>0<\/span>\n\t\t\t\t\t\t<span itemprop='width'>0<\/span>\n\t\t\t\t<\/span>\n\t\t\t\t<span class='av-structured-data'  itemprop=\"publisher\" itemtype=\"https:\/\/schema.org\/Organization\" itemscope=\"itemscope\" >\n\t\t\t\t\t\t<span itemprop='name'>mikko<\/span>\n\t\t\t\t\t\t<span itemprop='logo' itemscope itemtype='https:\/\/schema.org\/ImageObject'>\n\t\t\t\t\t\t\t<span itemprop='url'>http:\/\/temp.kansleri.fi\/wp-content\/uploads\/2016\/07\/logo-white@2x.png<\/span>\n\t\t\t\t\t\t <\/span>\n\t\t\t\t<\/span><span class='av-structured-data'  itemprop=\"author\" itemscope=\"itemscope\" itemtype=\"https:\/\/schema.org\/Person\" ><span itemprop='name'>mikko<\/span><\/span><span class='av-structured-data'  itemprop=\"datePublished\" datetime=\"2016-10-06T01:06:57+00:00\" >2025-03-21 10:37:10<\/span><span class='av-structured-data'  itemprop=\"dateModified\" itemtype=\"https:\/\/schema.org\/dateModified\" >2025-03-21 16:10:42<\/span><span class='av-structured-data'  itemprop=\"mainEntityOfPage\" itemtype=\"https:\/\/schema.org\/mainEntityOfPage\" ><span itemprop='name'>Lentokonemekaanikko, Part-66 (B1.2) EFLA<\/span><\/span><\/span><\/article><article class='slide-entry flex_column  post-entry post-entry-17710 slide-entry-overview slide-loop-2 slide-parity-even  av_one_third  fake-thumbnail'  itemscope=\"itemscope\" itemtype=\"https:\/\/schema.org\/CreativeWork\" ><a href='https:\/\/temp.kansleri.fi\/fi\/items\/aircraft-mechanic-eftp\/' data-rel='slide-1' class='slide-image' title='Lentokonemekaanikko, Part-66 (B1.2) EFTP'><span class=' fallback-post-type-icon' aria-hidden='true' data-av_icon='\ue836' data-av_iconfont='entypo-fontello'><\/span><span class='slider-fallback-image'><\/span><\/a><div class='slide-content'><header class=\"entry-content-header\"><h3 class='slide-entry-title entry-title '  itemprop=\"headline\" ><a href='https:\/\/temp.kansleri.fi\/fi\/items\/aircraft-mechanic-eftp\/' title='Lentokonemekaanikko, Part-66 (B1.2) EFTP'>Lentokonemekaanikko, Part-66 (B1.2) EFTP<\/a><\/h3><span class=\"av-vertical-delimiter\"><\/span><\/header><div class='slide-meta'><time class='slide-meta-time updated'  itemprop=\"datePublished\" datetime=\"2025-03-21T09:25:58+00:00\" >21 maaliskuun, 2025<\/time><\/div><div class='slide-entry-excerpt entry-content'  itemprop=\"text\" >Lentokonemekaanikko (Tampere-Pirkkala)\r\n21.03.2025.\r\n\r\nHaemme\u2026<\/div><\/div><footer class=\"entry-footer\"><\/footer><span class='hidden'>\n\t\t\t\t<span class='av-structured-data'  itemprop=\"image\" itemscope=\"itemscope\" itemtype=\"https:\/\/schema.org\/ImageObject\" >\n\t\t\t\t\t\t<span itemprop='url'>http:\/\/temp.kansleri.fi\/wp-content\/uploads\/2016\/07\/logo-white@2x.png<\/span>\n\t\t\t\t\t\t<span itemprop='height'>0<\/span>\n\t\t\t\t\t\t<span itemprop='width'>0<\/span>\n\t\t\t\t<\/span>\n\t\t\t\t<span class='av-structured-data'  itemprop=\"publisher\" itemtype=\"https:\/\/schema.org\/Organization\" itemscope=\"itemscope\" >\n\t\t\t\t\t\t<span itemprop='name'>Tapio Kauranen<\/span>\n\t\t\t\t\t\t<span itemprop='logo' itemscope itemtype='https:\/\/schema.org\/ImageObject'>\n\t\t\t\t\t\t\t<span itemprop='url'>http:\/\/temp.kansleri.fi\/wp-content\/uploads\/2016\/07\/logo-white@2x.png<\/span>\n\t\t\t\t\t\t <\/span>\n\t\t\t\t<\/span><span class='av-structured-data'  itemprop=\"author\" itemscope=\"itemscope\" itemtype=\"https:\/\/schema.org\/Person\" ><span itemprop='name'>Tapio Kauranen<\/span><\/span><span class='av-structured-data'  itemprop=\"datePublished\" datetime=\"2016-10-06T01:06:57+00:00\" >2025-03-21 09:25:58<\/span><span class='av-structured-data'  itemprop=\"dateModified\" itemtype=\"https:\/\/schema.org\/dateModified\" >2025-03-21 16:10:00<\/span><span class='av-structured-data'  itemprop=\"mainEntityOfPage\" itemtype=\"https:\/\/schema.org\/mainEntityOfPage\" ><span itemprop='name'>Lentokonemekaanikko, Part-66 (B1.2) EFTP<\/span><\/span><\/span><\/article><article class='slide-entry flex_column  post-entry post-entry-17700 slide-entry-overview slide-loop-3 slide-parity-odd  post-entry-last  av_one_third  fake-thumbnail'  itemscope=\"itemscope\" itemtype=\"https:\/\/schema.org\/CreativeWork\" ><a href='https:\/\/temp.kansleri.fi\/fi\/items\/flight-instructors-all-locations\/' data-rel='slide-1' class='slide-image' title='Flight Instructors (All Locations)'><span class=' fallback-post-type-icon' aria-hidden='true' data-av_icon='\ue836' data-av_iconfont='entypo-fontello'><\/span><span class='slider-fallback-image'><\/span><\/a><div class='slide-content'><header class=\"entry-content-header\"><h3 class='slide-entry-title entry-title '  itemprop=\"headline\" ><a href='https:\/\/temp.kansleri.fi\/fi\/items\/flight-instructors-all-locations\/' title='Flight Instructors (All Locations)'>Flight Instructors (All Locations)<\/a><\/h3><span class=\"av-vertical-delimiter\"><\/span><\/header><div class='slide-meta'><time class='slide-meta-time updated'  itemprop=\"datePublished\" datetime=\"2025-03-20T09:23:21+00:00\" >20 maaliskuun, 2025<\/time><\/div><div class='slide-entry-excerpt entry-content'  itemprop=\"text\" >Flight Instructors (All Locations)\r\nTimes change fast and while\u2026<\/div><\/div><footer class=\"entry-footer\"><\/footer><span class='hidden'>\n\t\t\t\t<span class='av-structured-data'  itemprop=\"image\" itemscope=\"itemscope\" itemtype=\"https:\/\/schema.org\/ImageObject\" >\n\t\t\t\t\t\t<span itemprop='url'>http:\/\/temp.kansleri.fi\/wp-content\/uploads\/2016\/07\/logo-white@2x.png<\/span>\n\t\t\t\t\t\t<span itemprop='height'>0<\/span>\n\t\t\t\t\t\t<span itemprop='width'>0<\/span>\n\t\t\t\t<\/span>\n\t\t\t\t<span class='av-structured-data'  itemprop=\"publisher\" itemtype=\"https:\/\/schema.org\/Organization\" itemscope=\"itemscope\" >\n\t\t\t\t\t\t<span itemprop='name'>Tapio Kauranen<\/span>\n\t\t\t\t\t\t<span itemprop='logo' itemscope itemtype='https:\/\/schema.org\/ImageObject'>\n\t\t\t\t\t\t\t<span itemprop='url'>http:\/\/temp.kansleri.fi\/wp-content\/uploads\/2016\/07\/logo-white@2x.png<\/span>\n\t\t\t\t\t\t <\/span>\n\t\t\t\t<\/span><span class='av-structured-data'  itemprop=\"author\" itemscope=\"itemscope\" itemtype=\"https:\/\/schema.org\/Person\" ><span itemprop='name'>Tapio Kauranen<\/span><\/span><span class='av-structured-data'  itemprop=\"datePublished\" datetime=\"2016-10-06T01:06:57+00:00\" >2025-03-20 09:23:21<\/span><span class='av-structured-data'  itemprop=\"dateModified\" itemtype=\"https:\/\/schema.org\/dateModified\" >2025-03-21 16:00:04<\/span><span class='av-structured-data'  itemprop=\"mainEntityOfPage\" itemtype=\"https:\/\/schema.org\/mainEntityOfPage\" ><span itemprop='name'>Flight Instructors (All Locations)<\/span><\/span><\/span><\/article><\/div><\/div><\/div>\n<\/div><\/div><\/div><!-- close content main div --><\/div><\/div><div id='after_section_2'  class='main_color av_default_container_wrap container_wrap sidebar_right' style=' '  ><div class='container' ><div class='template-page content  av-content-small alpha units'><div class='post-entry post-entry-type-page post-entry-17175'><div class='entry-content-wrapper clearfix'>\n","protected":false},"excerpt":{"rendered":"","protected":false},"author":1,"featured_media":0,"parent":0,"menu_order":13,"comment_status":"closed","ping_status":"closed","template":"","meta":{"footnotes":""},"class_list":["post-17175","page","type-page","status-publish","hentry"],"yoast_head":"<!-- This site is optimized with the Yoast SEO plugin v27.1.1 - https:\/\/yoast.com\/product\/yoast-seo-wordpress\/ -->\n<title>Tule meille t\u00f6ihin - Aeropole<\/title>\n<meta name=\"robots\" content=\"index, follow, max-snippet:-1, max-image-preview:large, max-video-preview:-1\" \/>\n<link rel=\"canonical\" href=\"https:\/\/temp.kansleri.fi\/fi\/join-us\/\" \/>\n<meta property=\"og:locale\" content=\"fi_FI\" \/>\n<meta property=\"og:type\" content=\"article\" \/>\n<meta property=\"og:title\" content=\"Tule meille t\u00f6ihin - Aeropole\" \/>\n<meta property=\"og:url\" content=\"https:\/\/temp.kansleri.fi\/fi\/join-us\/\" \/>\n<meta property=\"og:site_name\" content=\"Aeropole\" \/>\n<meta property=\"article:modified_time\" content=\"2022-08-11T07:11:26+00:00\" \/>\n<meta name=\"twitter:card\" content=\"summary_large_image\" \/>\n<meta name=\"twitter:label1\" content=\"Arvioitu lukuaika\" \/>\n\t<meta name=\"twitter:data1\" content=\"3 minuuttia\" \/>\n<script type=\"application\/ld+json\" class=\"yoast-schema-graph\">{\"@context\":\"https:\/\/schema.org\",\"@graph\":[{\"@type\":\"WebPage\",\"@id\":\"https:\/\/temp.kansleri.fi\/fi\/join-us\/\",\"url\":\"https:\/\/temp.kansleri.fi\/fi\/join-us\/\",\"name\":\"Tule meille t\u00f6ihin - Aeropole\",\"isPartOf\":{\"@id\":\"https:\/\/temp.kansleri.fi\/#website\"},\"datePublished\":\"2016-10-06T01:06:57+00:00\",\"dateModified\":\"2022-08-11T07:11:26+00:00\",\"breadcrumb\":{\"@id\":\"https:\/\/temp.kansleri.fi\/fi\/join-us\/#breadcrumb\"},\"inLanguage\":\"fi\",\"potentialAction\":[{\"@type\":\"ReadAction\",\"target\":[\"https:\/\/temp.kansleri.fi\/fi\/join-us\/\"]}]},{\"@type\":\"BreadcrumbList\",\"@id\":\"https:\/\/temp.kansleri.fi\/fi\/join-us\/#breadcrumb\",\"itemListElement\":[{\"@type\":\"ListItem\",\"position\":1,\"name\":\"Home\",\"item\":\"https:\/\/temp.kansleri.fi\/fi\/\"},{\"@type\":\"ListItem\",\"position\":2,\"name\":\"Tule meille t\u00f6ihin\"}]},{\"@type\":\"WebSite\",\"@id\":\"https:\/\/temp.kansleri.fi\/#website\",\"url\":\"https:\/\/temp.kansleri.fi\/\",\"name\":\"Aeropole\",\"description\":\"Aviation Academy, Aircraft Sales and Maintenance\",\"potentialAction\":[{\"@type\":\"SearchAction\",\"target\":{\"@type\":\"EntryPoint\",\"urlTemplate\":\"https:\/\/temp.kansleri.fi\/?s={search_term_string}\"},\"query-input\":{\"@type\":\"PropertyValueSpecification\",\"valueRequired\":true,\"valueName\":\"search_term_string\"}}],\"inLanguage\":\"fi\"}]}<\/script>\n<!-- \/ Yoast SEO plugin. -->","yoast_head_json":{"title":"Tule meille t\u00f6ihin - Aeropole","robots":{"index":"index","follow":"follow","max-snippet":"max-snippet:-1","max-image-preview":"max-image-preview:large","max-video-preview":"max-video-preview:-1"},"canonical":"https:\/\/temp.kansleri.fi\/fi\/join-us\/","og_locale":"fi_FI","og_type":"article","og_title":"Tule meille t\u00f6ihin - Aeropole","og_url":"https:\/\/temp.kansleri.fi\/fi\/join-us\/","og_site_name":"Aeropole","article_modified_time":"2022-08-11T07:11:26+00:00","twitter_card":"summary_large_image","twitter_misc":{"Arvioitu lukuaika":"3 minuuttia"},"schema":{"@context":"https:\/\/schema.org","@graph":[{"@type":"WebPage","@id":"https:\/\/temp.kansleri.fi\/fi\/join-us\/","url":"https:\/\/temp.kansleri.fi\/fi\/join-us\/","name":"Tule meille t\u00f6ihin - Aeropole","isPartOf":{"@id":"https:\/\/temp.kansleri.fi\/#website"},"datePublished":"2016-10-06T01:06:57+00:00","dateModified":"2022-08-11T07:11:26+00:00","breadcrumb":{"@id":"https:\/\/temp.kansleri.fi\/fi\/join-us\/#breadcrumb"},"inLanguage":"fi","potentialAction":[{"@type":"ReadAction","target":["https:\/\/temp.kansleri.fi\/fi\/join-us\/"]}]},{"@type":"BreadcrumbList","@id":"https:\/\/temp.kansleri.fi\/fi\/join-us\/#breadcrumb","itemListElement":[{"@type":"ListItem","position":1,"name":"Home","item":"https:\/\/temp.kansleri.fi\/fi\/"},{"@type":"ListItem","position":2,"name":"Tule meille t\u00f6ihin"}]},{"@type":"WebSite","@id":"https:\/\/temp.kansleri.fi\/#website","url":"https:\/\/temp.kansleri.fi\/","name":"Aeropole","description":"Aviation Academy, Aircraft Sales and Maintenance","potentialAction":[{"@type":"SearchAction","target":{"@type":"EntryPoint","urlTemplate":"https:\/\/temp.kansleri.fi\/?s={search_term_string}"},"query-input":{"@type":"PropertyValueSpecification","valueRequired":true,"valueName":"search_term_string"}}],"inLanguage":"fi"}]}},"_links":{"self":[{"href":"https:\/\/temp.kansleri.fi\/fi\/wp-json\/wp\/v2\/pages\/17175","targetHints":{"allow":["GET"]}}],"collection":[{"href":"https:\/\/temp.kansleri.fi\/fi\/wp-json\/wp\/v2\/pages"}],"about":[{"href":"https:\/\/temp.kansleri.fi\/fi\/wp-json\/wp\/v2\/types\/page"}],"author":[{"embeddable":true,"href":"https:\/\/temp.kansleri.fi\/fi\/wp-json\/wp\/v2\/users\/1"}],"replies":[{"embeddable":true,"href":"https:\/\/temp.kansleri.fi\/fi\/wp-json\/wp\/v2\/comments?post=17175"}],"version-history":[{"count":18,"href":"https:\/\/temp.kansleri.fi\/fi\/wp-json\/wp\/v2\/pages\/17175\/revisions"}],"predecessor-version":[{"id":25901,"href":"https:\/\/temp.kansleri.fi\/fi\/wp-json\/wp\/v2\/pages\/17175\/revisions\/25901"}],"wp:attachment":[{"href":"https:\/\/temp.kansleri.fi\/fi\/wp-json\/wp\/v2\/media?parent=17175"}],"curies":[{"name":"wp","href":"https:\/\/api.w.org\/{rel}","templated":true}]}}