{"id":17232,"date":"2018-11-01T14:46:35","date_gmt":"2018-11-01T14:46:35","guid":{"rendered":"https:\/\/temp.kansleri.fi\/pre-owned\/"},"modified":"2026-02-11T12:27:37","modified_gmt":"2026-02-11T12:27:37","slug":"pre-owned","status":"publish","type":"page","link":"https:\/\/temp.kansleri.fi\/fi\/pre-owned\/","title":{"rendered":"K\u00e4ytettyjen lentokoneiden myynti"},"content":{"rendered":"<div id='fullscreen_slider_1'  class='avia-fullscreen-slider main_color   avia-builder-el-0  el_before_av_textblock  avia-builder-el-first   container_wrap sidebar_right' style=' '  ><a href='#next-section' title='' class='scroll-down-link av-control-default' aria-hidden='true' data-av_icon='\ue877' data-av_iconfont='entypo-fontello'><\/a><div   data-size='extra_large'  data-lightbox_size='large'  data-animation='slide'  data-conditional_play=''  data-ids='11528'  data-video_counter='0'  data-autoplay='false'  data-bg_slider='true'  data-slide_height='100'  data-handle='av_fullscreen'  data-interval='5'  data-class=' '  data-el_id=''  data-css_id='fullscreen_slider_1'  data-scroll_down='aviaTBscroll_down'  data-control_layout='av-control-default'  data-custom_markup=''  data-perma_caption=''  data-autoplay_stopper=''  data-image_attachment=''  data-min_height='0px'  data-stretch=''  data-default-height='100'  class='avia-slideshow avia-slideshow-1 av-slider-scroll-down-active av-control-default av-default-height-applied avia-slideshow-extra_large av_fullscreen   avia-slide-slider '  itemprop=\"image\" itemscope=\"itemscope\" itemtype=\"https:\/\/schema.org\/ImageObject\" ><ul class='avia-slideshow-inner ' style='padding-bottom: 65.126050420168%;' ><li style='background-position:center center;' data-img-url='https:\/\/temp.kansleri.fi\/wp-content\/uploads\/2016\/11\/down_4512_3808_2480_100_300_06-small.jpg' class=' av-single-slide slide-1 ' ><div data-rel='slideshow-1' class='avia-slide-wrap '   ><div class = \"caption_fullwidth av-slideshow-caption caption_center\"><div class = \"container caption_container\"><div class = \"slideshow_caption\"><div class = \"slideshow_inner_caption\"><div class = \"slideshow_align_caption\"><h2  class='avia-caption-title  '  itemprop=\"name\" >T\u00e4ll\u00e4 hetkell\u00e4 myyt\u00e4v\u00e4n\u00e4<\/h2><\/div><\/div><\/div><\/div><\/div><div class='av-section-color-overlay' style='opacity: 0.4; background-color: #000000; '><\/div><\/div><\/li><\/ul><\/div><\/div><div id='after_full_slider_1'  class='main_color av_default_container_wrap container_wrap sidebar_right' style=' '  ><div class='container' ><div class='template-page content  av-content-small alpha units'><div class='post-entry post-entry-type-page post-entry-17232'><div class='entry-content-wrapper clearfix'>\n<section class=\"av_textblock_section \"  itemscope=\"itemscope\" itemtype=\"https:\/\/schema.org\/CreativeWork\" ><div class='avia_textblock  '   itemprop=\"text\" ><p>Myymme ja v\u00e4lit\u00e4mme my\u00f6s k\u00e4ytettyj\u00e4 lentokoneita. T\u00e4ll\u00e4 sivustolla mainostamamme ilma-alukset ovat joko suoraan Aeropolen omistuksessa tai asiakkaamme puolesta myyntitoimeksiannolla kaupan. Jos etsit uudenkarheaa Diamond-lentokonetta, l\u00f6yd\u00e4t tarjolla olevat mallit <a href=\"https:\/\/temp.kansleri.fi\/fi\/lentokoneet\/\">t\u00e4\u00e4lt\u00e4<\/a>.<\/p>\n<p>Jos kaipaat lentokonetta, jota juuri nyt ei ole listattuna alla, ota silti yhteytt\u00e4! Verkostomme kautta voi sellainen l\u00f6yty\u00e4 kenties nopeammin kuin arvaatkaan. Alla n\u00e4kyv\u00e4ss\u00e4 listauksessa ei my\u00f6sk\u00e4\u00e4n v\u00e4ltt\u00e4m\u00e4tt\u00e4 n\u00e4y kaikki t\u00e4ll\u00e4 hetkell\u00e4 myynniss\u00e4 olevat lentokoneet.<\/p>\n<\/div><\/section>\n<div  class='avia-button-wrap avia-button-center  avia-builder-el-2  el_after_av_textblock  el_before_av_masonry_entries  avia-builder-el-last ' ><a href='https:\/\/temp.kansleri.fi\/fi\/yhteystiedot\/'  class='avia-button   avia-icon_select-yes-left-icon avia-color-custom avia-size-small avia-position-center '  style='background-color:#e5053a; border-color:#e5053a; color:#ffffff; ' ><span class='avia_button_icon avia_button_icon_left ' aria-hidden='true' data-av_icon='\ue83b' data-av_iconfont='entypo-fontello'><\/span><span class='avia_iconbox_title' >Ota yhteytt\u00e4 lentokonemyyntiimme!<\/span><\/a><\/div>\n<div id='av-masonry-1' class='av-masonry courses-masonry noHover av-fixed-size av-1px-gap av-hover-overlay-active av-masonry-animation-active av-masonry-col-flexible av-caption-always av-caption-style-    '  ><div class='av-masonry-container isotope av-js-disabled ' ><div class='av-masonry-entry isotope-item av-masonry-item-no-image all_sort pre-owned-fi_sort  deal-pending-pre-owned-fi_sort  sold-pre-owned-fi-2_sort  sold-pre-owned-fi_sort '><\/div><a href=\"https:\/\/temp.kansleri.fi\/fi\/items\/62-187\/\" id='av-masonry-1-item-30386' data-av-masonry-item='30386' class='av-masonry-entry isotope-item post-30386 portfolio type-portfolio status-publish has-post-thumbnail hentry tag-da62-fi portfolio_entries-pre-owned-fi all_sort pre-owned-fi_sort  av-masonry-item-with-image av-grid-img' title=\"IMG_6804\"  itemscope=\"itemscope\" itemtype=\"https:\/\/schema.org\/CreativeWork\" ><div class='av-inner-masonry-sizer'><\/div><figure class='av-inner-masonry main_color'><div class=\"av-masonry-outerimage-container\"><div class=\"av-masonry-image-container\" style=\"background-image: url(https:\/\/temp.kansleri.fi\/wp-content\/uploads\/2026\/02\/IMG_6804-705x529.jpeg);\" title=\"IMG_6804\" ><\/div><\/div><figcaption class='av-inner-masonry-content site-background'><div class='av-inner-masonry-content-pos'><div class='av-inner-masonry-content-pos-content'><div class='avia-arrow'><\/div><h3 class='av-masonry-entry-title entry-title '  itemprop=\"headline\" >DA62 year 2022, 62.187, 5 seats with Aircon. Price Lowered!<\/h3><\/div><\/div><\/figcaption><\/figure><\/a><!--end av-masonry entry--><a href=\"https:\/\/temp.kansleri.fi\/fi\/items\/40-n576\/\" id='av-masonry-1-item-29909' data-av-masonry-item='29909' class='av-masonry-entry isotope-item post-29909 portfolio type-portfolio status-publish has-post-thumbnail hentry tag-da40-fi tag-g1000-nxi tag-gfc700-fi portfolio_entries-deal-pending-pre-owned-fi portfolio_entries-pre-owned-fi all_sort deal-pending-pre-owned-fi_sort  pre-owned-fi_sort  av-masonry-item-with-image av-grid-img' title=\"IMG_6295\"  itemscope=\"itemscope\" itemtype=\"https:\/\/schema.org\/CreativeWork\" ><div class='av-inner-masonry-sizer'><\/div><figure class='av-inner-masonry main_color'><div class=\"av-masonry-outerimage-container\"><div class=\"av-masonry-image-container\" style=\"background-image: url(https:\/\/temp.kansleri.fi\/wp-content\/uploads\/2025\/10\/IMG_6295-705x529.jpeg);\" title=\"IMG_6295\" ><\/div><\/div><figcaption class='av-inner-masonry-content site-background'><div class='av-inner-masonry-content-pos'><div class='av-inner-masonry-content-pos-content'><div class='avia-arrow'><\/div><h3 class='av-masonry-entry-title entry-title '  itemprop=\"headline\" >DA40NG year 2022 40.N576 (NXi)<\/h3><\/div><\/div><\/figcaption><\/figure><\/a><!--end av-masonry entry--><a href=\"https:\/\/temp.kansleri.fi\/fi\/items\/c0334\/\" id='av-masonry-1-item-29162' data-av-masonry-item='29162' class='av-masonry-entry isotope-item post-29162 portfolio type-portfolio status-publish has-post-thumbnail hentry tag-da20-fi tag-da20-c1-fi portfolio_entries-deal-pending-pre-owned-fi portfolio_entries-pre-owned-fi all_sort deal-pending-pre-owned-fi_sort  pre-owned-fi_sort  av-masonry-item-with-image av-grid-img' title=\"IMG_5902\"  itemscope=\"itemscope\" itemtype=\"https:\/\/schema.org\/CreativeWork\" ><div class='av-inner-masonry-sizer'><\/div><figure class='av-inner-masonry main_color'><div class=\"av-masonry-outerimage-container\"><div class=\"av-masonry-image-container\" style=\"background-image: url(https:\/\/temp.kansleri.fi\/wp-content\/uploads\/2025\/05\/IMG_5902-705x529.jpg);\" title=\"IMG_5902\" ><\/div><\/div><figcaption class='av-inner-masonry-content site-background'><div class='av-inner-masonry-content-pos'><div class='av-inner-masonry-content-pos-content'><div class='avia-arrow'><\/div><h3 class='av-masonry-entry-title entry-title '  itemprop=\"headline\" >DA20-C1 year 2005, C0334, traditional panel<\/h3><\/div><\/div><\/figcaption><\/figure><\/a><!--end av-masonry entry--><a href=\"https:\/\/temp.kansleri.fi\/fi\/items\/42-n423\/\" id='av-masonry-1-item-28311' data-av-masonry-item='28311' class='av-masonry-entry isotope-item post-28311 portfolio type-portfolio status-publish has-post-thumbnail hentry tag-da42-fi tag-da42ng-fi portfolio_entries-deal-pending-pre-owned-fi portfolio_entries-pre-owned-fi all_sort deal-pending-pre-owned-fi_sort  pre-owned-fi_sort  av-masonry-item-with-image av-grid-img' title=\"IMG_4620\"  itemscope=\"itemscope\" itemtype=\"https:\/\/schema.org\/CreativeWork\" ><div class='av-inner-masonry-sizer'><\/div><figure class='av-inner-masonry main_color'><div class=\"av-masonry-outerimage-container\"><div class=\"av-masonry-image-container\" style=\"background-image: url(https:\/\/temp.kansleri.fi\/wp-content\/uploads\/2025\/01\/IMG_4620-705x529.jpg);\" title=\"IMG_4620\" ><\/div><\/div><figcaption class='av-inner-masonry-content site-background'><div class='av-inner-masonry-content-pos'><div class='av-inner-masonry-content-pos-content'><div class='avia-arrow'><\/div><h3 class='av-masonry-entry-title entry-title '  itemprop=\"headline\" >DA42-VI year 2021, 42.N423. Clean sheet!<\/h3><\/div><\/div><\/figcaption><\/figure><\/a><!--end av-masonry entry--><a href=\"https:\/\/temp.kansleri.fi\/fi\/items\/42-n384\/\" id='av-masonry-1-item-27470' data-av-masonry-item='27470' class='av-masonry-entry isotope-item post-27470 portfolio type-portfolio status-publish has-post-thumbnail hentry tag-da42-fi tag-da42ng-fi portfolio_entries-deal-pending-pre-owned-fi portfolio_entries-pre-owned-fi all_sort deal-pending-pre-owned-fi_sort  pre-owned-fi_sort  av-masonry-item-with-image av-grid-img' title=\"IMG_4074\"  itemscope=\"itemscope\" itemtype=\"https:\/\/schema.org\/CreativeWork\" ><div class='av-inner-masonry-sizer'><\/div><figure class='av-inner-masonry main_color'><div class=\"av-masonry-outerimage-container\"><div class=\"av-masonry-image-container\" style=\"background-image: url(https:\/\/temp.kansleri.fi\/wp-content\/uploads\/2024\/10\/IMG_4074-705x529.jpg);\" title=\"IMG_4074\" ><\/div><\/div><figcaption class='av-inner-masonry-content site-background'><div class='av-inner-masonry-content-pos'><div class='av-inner-masonry-content-pos-content'><div class='avia-arrow'><\/div><h3 class='av-masonry-entry-title entry-title '  itemprop=\"headline\" >DA42-VI year 2019, 42.N384. Clean sheet!<\/h3><\/div><\/div><\/figcaption><\/figure><\/a><!--end av-masonry entry--><a href=\"https:\/\/temp.kansleri.fi\/fi\/items\/62-281\/\" id='av-masonry-1-item-28706' data-av-masonry-item='28706' class='av-masonry-entry isotope-item post-28706 portfolio type-portfolio status-publish has-post-thumbnail hentry tag-da62-fi portfolio_entries-pre-owned-fi portfolio_entries-sold-pre-owned-fi-2 portfolio_entries-sold-pre-owned-fi all_sort pre-owned-fi_sort  sold-pre-owned-fi-2_sort  sold-pre-owned-fi_sort  av-masonry-item-with-image av-grid-img' title=\"IMG_9595\"  itemscope=\"itemscope\" itemtype=\"https:\/\/schema.org\/CreativeWork\" ><div class='av-inner-masonry-sizer'><\/div><figure class='av-inner-masonry main_color'><div class=\"av-masonry-outerimage-container\"><div class=\"av-masonry-image-container\" style=\"background-image: url(https:\/\/temp.kansleri.fi\/wp-content\/uploads\/2025\/04\/IMG_9595-705x529.jpg);\" title=\"IMG_9595\" ><\/div><\/div><figcaption class='av-inner-masonry-content site-background'><div class='av-inner-masonry-content-pos'><div class='av-inner-masonry-content-pos-content'><div class='avia-arrow'><\/div><h3 class='av-masonry-entry-title entry-title '  itemprop=\"headline\" >DA62 year 2024, 62.281. Full Options, Better Than New?<\/h3><\/div><\/div><\/figcaption><\/figure><\/a><!--end av-masonry entry--><a href=\"https:\/\/temp.kansleri.fi\/fi\/items\/da20-c1-c0597\/\" id='av-masonry-1-item-27458' data-av-masonry-item='27458' class='av-masonry-entry isotope-item post-27458 portfolio type-portfolio status-publish has-post-thumbnail hentry tag-da20-fi tag-da20-c1-fi tag-g500-fi portfolio_entries-pre-owned-fi portfolio_entries-sold-pre-owned-fi-2 portfolio_entries-sold-pre-owned-fi all_sort pre-owned-fi_sort  sold-pre-owned-fi-2_sort  sold-pre-owned-fi_sort  av-masonry-item-with-image av-grid-img' title=\"KAW exterior front\"  itemscope=\"itemscope\" itemtype=\"https:\/\/schema.org\/CreativeWork\" ><div class='av-inner-masonry-sizer'><\/div><figure class='av-inner-masonry main_color'><div class=\"av-masonry-outerimage-container\"><div class=\"av-masonry-image-container\" style=\"background-image: url(https:\/\/temp.kansleri.fi\/wp-content\/uploads\/2024\/10\/KAW-exterior-front-705x529.jpg);\" title=\"KAW exterior front\" ><\/div><\/div><figcaption class='av-inner-masonry-content site-background'><div class='av-inner-masonry-content-pos'><div class='av-inner-masonry-content-pos-content'><div class='avia-arrow'><\/div><h3 class='av-masonry-entry-title entry-title '  itemprop=\"headline\" >DA20-C1 &#8221;Eclipse&#8221; year 2011: G500 w\/ SVT, WAAS<\/h3><\/div><\/div><\/figcaption><\/figure><\/a><!--end av-masonry entry--><a href=\"https:\/\/temp.kansleri.fi\/fi\/items\/da40ng-year-2018-40-n371-nxi\/\" id='av-masonry-1-item-26631' data-av-masonry-item='26631' class='av-masonry-entry isotope-item post-26631 portfolio type-portfolio status-publish has-post-thumbnail hentry tag-da40-fi tag-g1000-fi tag-gfc700-fi portfolio_entries-pre-owned-fi portfolio_entries-sold-pre-owned-fi all_sort pre-owned-fi_sort  sold-pre-owned-fi_sort  av-masonry-item-with-image av-grid-img' title=\"Interior TF-KFJ\"  itemscope=\"itemscope\" itemtype=\"https:\/\/schema.org\/CreativeWork\" ><div class='av-inner-masonry-sizer'><\/div><figure class='av-inner-masonry main_color'><div class=\"av-masonry-outerimage-container\"><div class=\"av-masonry-image-container\" style=\"background-image: url(https:\/\/temp.kansleri.fi\/wp-content\/uploads\/2024\/02\/Interior-TF-KFJ-578x705.jpg);\" title=\"Interior TF-KFJ\" ><\/div><\/div><figcaption class='av-inner-masonry-content site-background'><div class='av-inner-masonry-content-pos'><div class='av-inner-masonry-content-pos-content'><div class='avia-arrow'><\/div><h3 class='av-masonry-entry-title entry-title '  itemprop=\"headline\" >DA40NG year 2018, 40.N371 (NXi)<\/h3><\/div><\/div><\/figcaption><\/figure><\/a><!--end av-masonry entry--><a href=\"https:\/\/temp.kansleri.fi\/fi\/items\/da20-c1-c0561\/\" id='av-masonry-1-item-26508' data-av-masonry-item='26508' class='av-masonry-entry isotope-item post-26508 portfolio type-portfolio status-publish has-post-thumbnail hentry tag-da20-fi tag-da20-c1-fi tag-g500-fi portfolio_entries-pre-owned-fi portfolio_entries-sold-pre-owned-fi-2 portfolio_entries-sold-pre-owned-fi all_sort pre-owned-fi_sort  sold-pre-owned-fi-2_sort  sold-pre-owned-fi_sort  av-masonry-item-with-image av-grid-img' title=\"IMG_0730\"  itemscope=\"itemscope\" itemtype=\"https:\/\/schema.org\/CreativeWork\" ><div class='av-inner-masonry-sizer'><\/div><figure class='av-inner-masonry main_color'><div class=\"av-masonry-outerimage-container\"><div class=\"av-masonry-image-container\" style=\"background-image: url(https:\/\/temp.kansleri.fi\/wp-content\/uploads\/2024\/02\/IMG_0730-2-705x529.jpg);\" title=\"IMG_0730\" ><\/div><\/div><figcaption class='av-inner-masonry-content site-background'><div class='av-inner-masonry-content-pos'><div class='av-inner-masonry-content-pos-content'><div class='avia-arrow'><\/div><h3 class='av-masonry-entry-title entry-title '  itemprop=\"headline\" >DA20-C1 &#8221;Eclipse&#8221; year 2010: G500 w\/ SVT, WAAS<\/h3><\/div><\/div><\/figcaption><\/figure><\/a><!--end av-masonry entry--><a href=\"https:\/\/temp.kansleri.fi\/fi\/items\/da42ng-42-047\/\" id='av-masonry-1-item-26299' data-av-masonry-item='26299' class='av-masonry-entry isotope-item post-26299 portfolio type-portfolio status-publish has-post-thumbnail hentry tag-da42-fi tag-da42ng-fi portfolio_entries-pre-owned-fi portfolio_entries-sold-pre-owned-fi-2 all_sort pre-owned-fi_sort  sold-pre-owned-fi-2_sort  av-masonry-item-with-image av-grid-img' title=\"IMG_1496\"  itemscope=\"itemscope\" itemtype=\"https:\/\/schema.org\/CreativeWork\" ><div class='av-inner-masonry-sizer'><\/div><figure class='av-inner-masonry main_color'><div class=\"av-masonry-outerimage-container\"><div class=\"av-masonry-image-container\" style=\"background-image: url(https:\/\/temp.kansleri.fi\/wp-content\/uploads\/2024\/01\/IMG_1496-705x529.jpg);\" title=\"IMG_1496\" ><\/div><\/div><figcaption class='av-inner-masonry-content site-background'><div class='av-inner-masonry-content-pos'><div class='av-inner-masonry-content-pos-content'><div class='avia-arrow'><\/div><h3 class='av-masonry-entry-title entry-title '  itemprop=\"headline\" >DA42NG year 2005, 42.047, well-equipped!<\/h3><\/div><\/div><\/figcaption><\/figure><\/a><!--end av-masonry entry--><a href=\"https:\/\/temp.kansleri.fi\/fi\/items\/da42ng-42-n018\/\" id='av-masonry-1-item-24107' data-av-masonry-item='24107' class='av-masonry-entry isotope-item post-24107 portfolio type-portfolio status-publish has-post-thumbnail hentry tag-da42-fi tag-da42ng-fi portfolio_entries-pre-owned-fi portfolio_entries-sold-pre-owned-fi all_sort pre-owned-fi_sort  sold-pre-owned-fi_sort  av-masonry-item-with-image av-grid-img' title=\"IMG_1965\"  itemscope=\"itemscope\" itemtype=\"https:\/\/schema.org\/CreativeWork\" ><div class='av-inner-masonry-sizer'><\/div><figure class='av-inner-masonry main_color'><div class=\"av-masonry-outerimage-container\"><div class=\"av-masonry-image-container\" style=\"background-image: url(https:\/\/temp.kansleri.fi\/wp-content\/uploads\/2022\/04\/IMG_1965-705x529.jpg);\" title=\"IMG_1965\" ><\/div><\/div><figcaption class='av-inner-masonry-content site-background'><div class='av-inner-masonry-content-pos'><div class='av-inner-masonry-content-pos-content'><div class='avia-arrow'><\/div><h3 class='av-masonry-entry-title entry-title '  itemprop=\"headline\" >DA42NG year 2009, 42.N018. Genuine NG!<\/h3><\/div><\/div><\/figcaption><\/figure><\/a><!--end av-masonry entry--><a href=\"https:\/\/temp.kansleri.fi\/fi\/items\/da40ng-40-n004\/\" id='av-masonry-1-item-25044' data-av-masonry-item='25044' class='av-masonry-entry isotope-item post-25044 portfolio type-portfolio status-publish has-post-thumbnail hentry tag-da40-fi tag-g1000-fi tag-gfc700-fi portfolio_entries-pre-owned-fi portfolio_entries-sold-pre-owned-fi all_sort pre-owned-fi_sort  sold-pre-owned-fi_sort  av-masonry-item-with-image av-grid-img' title=\"IMG_2615\"  itemscope=\"itemscope\" itemtype=\"https:\/\/schema.org\/CreativeWork\" ><div class='av-inner-masonry-sizer'><\/div><figure class='av-inner-masonry main_color'><div class=\"av-masonry-outerimage-container\"><div class=\"av-masonry-image-container\" style=\"background-image: url(https:\/\/temp.kansleri.fi\/wp-content\/uploads\/2022\/07\/IMG_2615-705x529.jpg);\" title=\"IMG_2615\" ><\/div><\/div><figcaption class='av-inner-masonry-content site-background'><div class='av-inner-masonry-content-pos'><div class='av-inner-masonry-content-pos-content'><div class='avia-arrow'><\/div><h3 class='av-masonry-entry-title entry-title '  itemprop=\"headline\" >DA40NG, year 2010, 40.N004<\/h3><\/div><\/div><\/figcaption><\/figure><\/a><!--end av-masonry entry--><\/div><div class='av-masonry-pagination av-masonry-pagination-pagination'><nav class='pagination'><span class='pagination-meta'>Page 1 of 2<\/span><span class='current'>1<\/span><a href='https:\/\/temp.kansleri.fi\/fi\/wp-json\/wp\/v2\/pages\/17232\/page\/2\/' class='inactive next_page' >2<\/a><\/nav>\n<\/div><\/div>\n","protected":false},"excerpt":{"rendered":"","protected":false},"author":3,"featured_media":0,"parent":0,"menu_order":0,"comment_status":"closed","ping_status":"closed","template":"","meta":{"footnotes":""},"class_list":["post-17232","page","type-page","status-publish","hentry"],"yoast_head":"<!-- This site is optimized with the Yoast SEO plugin v27.1.1 - https:\/\/yoast.com\/product\/yoast-seo-wordpress\/ -->\n<title>K\u00e4ytettyjen lentokoneiden myynti - Aeropole<\/title>\n<meta name=\"robots\" content=\"index, follow, max-snippet:-1, max-image-preview:large, max-video-preview:-1\" \/>\n<link rel=\"canonical\" href=\"https:\/\/temp.kansleri.fi\/fi\/pre-owned\/\" \/>\n<meta property=\"og:locale\" content=\"fi_FI\" \/>\n<meta property=\"og:type\" content=\"article\" \/>\n<meta property=\"og:title\" content=\"K\u00e4ytettyjen lentokoneiden myynti - Aeropole\" \/>\n<meta property=\"og:url\" content=\"https:\/\/temp.kansleri.fi\/fi\/pre-owned\/\" \/>\n<meta property=\"og:site_name\" content=\"Aeropole\" \/>\n<meta property=\"article:modified_time\" content=\"2026-02-11T12:27:37+00:00\" \/>\n<meta name=\"twitter:card\" content=\"summary_large_image\" \/>\n<meta name=\"twitter:label1\" content=\"Arvioitu lukuaika\" \/>\n\t<meta name=\"twitter:data1\" content=\"1 minuutti\" \/>\n<script type=\"application\/ld+json\" class=\"yoast-schema-graph\">{\"@context\":\"https:\/\/schema.org\",\"@graph\":[{\"@type\":\"WebPage\",\"@id\":\"https:\/\/temp.kansleri.fi\/fi\/pre-owned\/\",\"url\":\"https:\/\/temp.kansleri.fi\/fi\/pre-owned\/\",\"name\":\"K\u00e4ytettyjen lentokoneiden myynti - Aeropole\",\"isPartOf\":{\"@id\":\"https:\/\/temp.kansleri.fi\/#website\"},\"datePublished\":\"2018-11-01T14:46:35+00:00\",\"dateModified\":\"2026-02-11T12:27:37+00:00\",\"breadcrumb\":{\"@id\":\"https:\/\/temp.kansleri.fi\/fi\/pre-owned\/#breadcrumb\"},\"inLanguage\":\"fi\",\"potentialAction\":[{\"@type\":\"ReadAction\",\"target\":[\"https:\/\/temp.kansleri.fi\/fi\/pre-owned\/\"]}]},{\"@type\":\"BreadcrumbList\",\"@id\":\"https:\/\/temp.kansleri.fi\/fi\/pre-owned\/#breadcrumb\",\"itemListElement\":[{\"@type\":\"ListItem\",\"position\":1,\"name\":\"Home\",\"item\":\"https:\/\/temp.kansleri.fi\/fi\/\"},{\"@type\":\"ListItem\",\"position\":2,\"name\":\"K\u00e4ytettyjen lentokoneiden myynti\"}]},{\"@type\":\"WebSite\",\"@id\":\"https:\/\/temp.kansleri.fi\/#website\",\"url\":\"https:\/\/temp.kansleri.fi\/\",\"name\":\"Aeropole\",\"description\":\"Aviation Academy, Aircraft Sales and Maintenance\",\"potentialAction\":[{\"@type\":\"SearchAction\",\"target\":{\"@type\":\"EntryPoint\",\"urlTemplate\":\"https:\/\/temp.kansleri.fi\/?s={search_term_string}\"},\"query-input\":{\"@type\":\"PropertyValueSpecification\",\"valueRequired\":true,\"valueName\":\"search_term_string\"}}],\"inLanguage\":\"fi\"}]}<\/script>\n<!-- \/ Yoast SEO plugin. -->","yoast_head_json":{"title":"K\u00e4ytettyjen lentokoneiden myynti - Aeropole","robots":{"index":"index","follow":"follow","max-snippet":"max-snippet:-1","max-image-preview":"max-image-preview:large","max-video-preview":"max-video-preview:-1"},"canonical":"https:\/\/temp.kansleri.fi\/fi\/pre-owned\/","og_locale":"fi_FI","og_type":"article","og_title":"K\u00e4ytettyjen lentokoneiden myynti - Aeropole","og_url":"https:\/\/temp.kansleri.fi\/fi\/pre-owned\/","og_site_name":"Aeropole","article_modified_time":"2026-02-11T12:27:37+00:00","twitter_card":"summary_large_image","twitter_misc":{"Arvioitu lukuaika":"1 minuutti"},"schema":{"@context":"https:\/\/schema.org","@graph":[{"@type":"WebPage","@id":"https:\/\/temp.kansleri.fi\/fi\/pre-owned\/","url":"https:\/\/temp.kansleri.fi\/fi\/pre-owned\/","name":"K\u00e4ytettyjen lentokoneiden myynti - Aeropole","isPartOf":{"@id":"https:\/\/temp.kansleri.fi\/#website"},"datePublished":"2018-11-01T14:46:35+00:00","dateModified":"2026-02-11T12:27:37+00:00","breadcrumb":{"@id":"https:\/\/temp.kansleri.fi\/fi\/pre-owned\/#breadcrumb"},"inLanguage":"fi","potentialAction":[{"@type":"ReadAction","target":["https:\/\/temp.kansleri.fi\/fi\/pre-owned\/"]}]},{"@type":"BreadcrumbList","@id":"https:\/\/temp.kansleri.fi\/fi\/pre-owned\/#breadcrumb","itemListElement":[{"@type":"ListItem","position":1,"name":"Home","item":"https:\/\/temp.kansleri.fi\/fi\/"},{"@type":"ListItem","position":2,"name":"K\u00e4ytettyjen lentokoneiden myynti"}]},{"@type":"WebSite","@id":"https:\/\/temp.kansleri.fi\/#website","url":"https:\/\/temp.kansleri.fi\/","name":"Aeropole","description":"Aviation Academy, Aircraft Sales and Maintenance","potentialAction":[{"@type":"SearchAction","target":{"@type":"EntryPoint","urlTemplate":"https:\/\/temp.kansleri.fi\/?s={search_term_string}"},"query-input":{"@type":"PropertyValueSpecification","valueRequired":true,"valueName":"search_term_string"}}],"inLanguage":"fi"}]}},"_links":{"self":[{"href":"https:\/\/temp.kansleri.fi\/fi\/wp-json\/wp\/v2\/pages\/17232","targetHints":{"allow":["GET"]}}],"collection":[{"href":"https:\/\/temp.kansleri.fi\/fi\/wp-json\/wp\/v2\/pages"}],"about":[{"href":"https:\/\/temp.kansleri.fi\/fi\/wp-json\/wp\/v2\/types\/page"}],"author":[{"embeddable":true,"href":"https:\/\/temp.kansleri.fi\/fi\/wp-json\/wp\/v2\/users\/3"}],"replies":[{"embeddable":true,"href":"https:\/\/temp.kansleri.fi\/fi\/wp-json\/wp\/v2\/comments?post=17232"}],"version-history":[{"count":9,"href":"https:\/\/temp.kansleri.fi\/fi\/wp-json\/wp\/v2\/pages\/17232\/revisions"}],"predecessor-version":[{"id":30373,"href":"https:\/\/temp.kansleri.fi\/fi\/wp-json\/wp\/v2\/pages\/17232\/revisions\/30373"}],"wp:attachment":[{"href":"https:\/\/temp.kansleri.fi\/fi\/wp-json\/wp\/v2\/media?parent=17232"}],"curies":[{"name":"wp","href":"https:\/\/api.w.org\/{rel}","templated":true}]}}